{"id":101,"date":"2018-07-17T07:08:17","date_gmt":"2018-07-17T07:08:17","guid":{"rendered":"http:\/\/www.solarwall.com\/?page_id=101"},"modified":"2025-04-05T11:44:15","modified_gmt":"2025-04-05T15:44:15","slug":"multi-residential","status":"publish","type":"page","link":"https:\/\/www.solarwall.com\/es\/industries\/multi-residential\/","title":{"rendered":"Multi-Residential"},"content":{"rendered":"<p>[vc_row full_width=\u00bbstretch_row_content_no_spaces\u00bb][vc_column][rev_slider_vc alias=\u00bbcondo-apartments\u00bb][\/vc_column][\/vc_row][vc_row el_class=\u00bbrow-spacing-up\u00bb][vc_column width=\u00bb2\/3&#8243;][vc_column_text el_class=\u00bbf-size18&#8243;]<\/p>\n<h3>Ven a casa con Solarwall<\/h3>\n<p>La mayor\u00eda de las normativas requieren que las \u00e1reas comunes y los pasillos en multi-residenciales (condominios, apartamentos, residencias para personas mayores) est\u00e9n continuamente ventilados y presurizados para cumplir con la normative de incendio. Calentar este volumen de aire con los medios convencionales resulta muy caro, por lo que los sistemas SolarWall lo est\u00e1n utilizando muchos propietarios de vivienda y constructores en sus edificios.<\/p>\n<p>Los sistemas SolarWall se utilizan de forma rutinaria en la remodelaci\u00f3n de edificios ya existentes, como la mejora de la envolvente en edificios antiguos que tienen un deterioro ya localizado, infiltraci\u00f3n de aire y da\u00f1os por humedad. Esto es muy normal en los edificios de ladrillo que han pasado por varias d\u00e9cadas de ciclos de congelaci\u00f3n \/ descongelaci\u00f3n. En las aplicaciones de modernizaci\u00f3n, la calefacci\u00f3n SolarWall es una de las pocas tecnolog\u00edas que se puede integrar f\u00e1cilmente en edificios de gran altura donde se duplica como en el revestimiento exterior, adem\u00e1s de generar energ\u00eda t\u00e9rmica durante los pr\u00f3ximos 30 a\u00f1os.<\/p>\n<p>Los sistemas SolarWall se han aplicado en una variedad de configuraciones arquitect\u00f3nicas diferentes para nuevos condominios y apartamentos, donde a d\u00eda de hoy representan la mejor tecnolog\u00eda para la calefacci\u00f3n limpia<\/p>\n<p>Los edificios equipados con SolarWall tambi\u00e9n pueden coger mucho m\u00e1s aire fresco a un precio inferior, \u00a1ayudando a crear un ambiente interior feliz y saludable para todos los residentes![\/vc_column_text][\/vc_column][vc_column width=\u00bb1\/3&#8243;][vc_widget_sidebar sidebar_id=\u00bbsidebar-ind\u00bb][\/vc_column][\/vc_row][vc_row full_width=\u00bbstretch_row\u00bb el_class=\u00bbrow-spacing review-bgcurve\u00bb css=\u00bb.vc_custom_1540357187421{background-image: url(https:\/\/www.solarwall.com\/wp-content\/uploads\/2018\/10\/Multi-Residential-shutterstock_559051795.jpg?id=1085) !important;background-position: center !important;background-repeat: no-repeat !important;background-size: cover !important;}\u00bb][vc_column][vc_column_text el_class=\u00bbsp-testimonial-free-wrapper\u00bb]<span class=\"top-tag-content\">cr\u00edtica destacada<\/span><\/p>\n<div class=\"tfree-client-testimonial\">\n<p class=\"tfree-testimonial-content\">This system works!We are saving money because the gas heaters haven\u2019t been on.<\/p>\n<h4 class=\"tfree-client-name\">Windsor Housing Authority<\/h4>\n<\/div>\n<p>[\/vc_column_text][\/vc_column][\/vc_row][vc_row full_width=\u00bbstretch_row\u00bb el_class=\u00bbrow-spacing\u00bb css=\u00bb.vc_custom_1531904945590{background-color: #ebebeb !important;}\u00bb][vc_column][vc_widget_sidebar sidebar_id=\u00bbquote-widget\u00bb el_class=\u00bbtext-center f-size18&#8243;][\/vc_column][\/vc_row][vc_row el_class=\u00bbmembers-area-footer\u00bb][vc_column width=\u00bb1\/2&#8243;][vc_custom_heading text=\u00bbMiembros de\u00bb font_container=\u00bbtag:h4|text_align:center|color:%23000000&#8243; use_theme_fonts=\u00bbyes\u00bb][vc_gallery type=\u00bbimage_grid\u00bb images=\u00bb135,139,140&#8243; img_size=\u00bbfull\u00bb onclick=\u00bb\u00bb][\/vc_column][vc_column width=\u00bb1\/2&#8243;][vc_custom_heading text=\u00bbCertificaciones\u00bb font_container=\u00bbtag:h4|text_align:center|color:%23000000&#8243; use_theme_fonts=\u00bbyes\u00bb][vc_gallery type=\u00bbimage_grid\u00bb images=\u00bb137,136,138,141&#8243; img_size=\u00bbfull\u00bb onclick=\u00bb\u00bb][\/vc_column][\/vc_row]<\/p>","protected":false},"excerpt":{"rendered":"<p>[vc_row full_width=\u00bbstretch_row_content_no_spaces\u00bb][vc_column][rev_slider_vc alias=\u00bbcondo-apartments\u00bb][\/vc_column][\/vc_row][vc_row el_class=\u00bbrow-spacing-up\u00bb][vc_column width=\u00bb2\/3&#8243;][vc_column_text el_class=\u00bbf-size18&#8243;] Ven a casa con Solarwall La mayor\u00eda de las normativas requieren que las \u00e1reas comunes y los pasillos en multi-residenciales (condominios, apartamentos, residencias para personas mayores) est\u00e9n continuamente ventilados y presurizados para cumplir con la normative de incendio. Calentar este volumen de aire con los medios convencionales resulta muy &hellip; <\/p>\n<p class=\"link-more\"><a href=\"https:\/\/www.solarwall.com\/es\/industries\/multi-residential\/\" class=\"more-link\">Continue reading<span class=\"screen-reader-text\"> \u00abMulti-Residential\u00bb<\/span><\/a><\/p>\n","protected":false},"author":1,"featured_media":0,"parent":39,"menu_order":0,"comment_status":"closed","ping_status":"closed","template":"full-wdith.php","meta":{"footnotes":""},"class_list":["post-101","page","type-page","status-publish","hentry"],"yoast_head":"<!-- This site is optimized with the Yoast SEO plugin v24.8.1 - https:\/\/yoast.com\/wordpress\/plugins\/seo\/ -->\n<title>Multi-Residencial - SolarWall<\/title>\n<meta name=\"description\" content=\"La tecnolog\u00eda SolarWall se utiliza en condominios y apartamentos, ya que reduce el consumo de energ\u00eda del edificio y aumenta el valor de las propiedades.\" \/>\n<meta name=\"robots\" content=\"index, follow, max-snippet:-1, max-image-preview:large, max-video-preview:-1\" \/>\n<link rel=\"canonical\" href=\"https:\/\/www.solarwall.com\/es\/industries\/multi-residential\/\" \/>\n<meta property=\"og:locale\" content=\"es_ES\" \/>\n<meta property=\"og:type\" content=\"article\" \/>\n<meta property=\"og:title\" content=\"[:en]Multi-Residential - SolarWall[:es]Multi-Residencial - SolarWall[:fr]Multi-r\u00e9sidentiel - SolarWall[:]\" \/>\n<meta property=\"og:description\" content=\"{:en}SolarWall technology is used in condominiums and apartments as it reduces the building&#039;s energy consumption and increases property values.{:es}La tecnolog\u00eda SolarWall se utiliza en condominios y apartamentos, ya que reduce el consumo de energ\u00eda del edificio y aumenta el valor de las propiedades.{:fr}La technologie SolarWall est utilis\u00e9e dans les copropri\u00e9t\u00e9s et les appartements car elle r\u00e9duit la consommation d&#039;\u00e9nergie du b\u00e2timent et augmente la valeur des propri\u00e9t\u00e9s.{:}\" \/>\n<meta property=\"og:url\" content=\"https:\/\/www.solarwall.com\/industries\/multi-residential\/\" \/>\n<meta property=\"og:site_name\" content=\"SolarWall\" \/>\n<meta property=\"article:modified_time\" content=\"2025-04-05T15:44:15+00:00\" \/>\n<meta name=\"twitter:card\" content=\"summary_large_image\" \/>\n<meta name=\"twitter:label1\" content=\"Tiempo de lectura\" \/>\n\t<meta name=\"twitter:data1\" content=\"7 minutos\" \/>\n<script type=\"application\/ld+json\" class=\"yoast-schema-graph\">{\"@context\":\"https:\/\/schema.org\",\"@graph\":[{\"@type\":\"WebPage\",\"@id\":\"https:\/\/www.solarwall.com\/industries\/multi-residential\/\",\"url\":\"https:\/\/www.solarwall.com\/industries\/multi-residential\/\",\"name\":\"[:en]Multi-Residential - SolarWall[:es]Multi-Residencial - SolarWall[:fr]Multi-r\u00e9sidentiel - SolarWall[:]\",\"isPartOf\":{\"@id\":\"https:\/\/www.solarwall.com\/#website\"},\"datePublished\":\"2018-07-17T07:08:17+00:00\",\"dateModified\":\"2025-04-05T15:44:15+00:00\",\"description\":\"{:en}SolarWall technology is used in condominiums and apartments as it reduces the building's energy consumption and increases property values.{:es}La tecnolog\u00eda SolarWall se utiliza en condominios y apartamentos, ya que reduce el consumo de energ\u00eda del edificio y aumenta el valor de las propiedades.{:fr}La technologie SolarWall est utilis\u00e9e dans les copropri\u00e9t\u00e9s et les appartements car elle r\u00e9duit la consommation d'\u00e9nergie du b\u00e2timent et augmente la valeur des propri\u00e9t\u00e9s.{:}\",\"breadcrumb\":{\"@id\":\"https:\/\/www.solarwall.com\/industries\/multi-residential\/#breadcrumb\"},\"inLanguage\":\"es\",\"potentialAction\":[{\"@type\":\"ReadAction\",\"target\":[\"https:\/\/www.solarwall.com\/industries\/multi-residential\/\"]}]},{\"@type\":\"BreadcrumbList\",\"@id\":\"https:\/\/www.solarwall.com\/industries\/multi-residential\/#breadcrumb\",\"itemListElement\":[{\"@type\":\"ListItem\",\"position\":1,\"name\":\"Home\",\"item\":\"https:\/\/www.solarwall.com\/\"},{\"@type\":\"ListItem\",\"position\":2,\"name\":\"Industries\",\"item\":\"https:\/\/www.solarwall.com\/industries\/\"},{\"@type\":\"ListItem\",\"position\":3,\"name\":\"Multi-Residential\"}]},{\"@type\":\"WebSite\",\"@id\":\"https:\/\/www.solarwall.com\/#website\",\"url\":\"https:\/\/www.solarwall.com\/\",\"name\":\"SolarWall\",\"description\":\"\",\"publisher\":{\"@id\":\"https:\/\/www.solarwall.com\/#organization\"},\"potentialAction\":[{\"@type\":\"SearchAction\",\"target\":{\"@type\":\"EntryPoint\",\"urlTemplate\":\"https:\/\/www.solarwall.com\/?s={search_term_string}\"},\"query-input\":{\"@type\":\"PropertyValueSpecification\",\"valueRequired\":true,\"valueName\":\"search_term_string\"}}],\"inLanguage\":\"es\"},{\"@type\":\"Organization\",\"@id\":\"https:\/\/www.solarwall.com\/#organization\",\"name\":\"SolarWall\",\"url\":\"https:\/\/www.solarwall.com\/\",\"logo\":{\"@type\":\"ImageObject\",\"inLanguage\":\"es\",\"@id\":\"https:\/\/www.solarwall.com\/#\/schema\/logo\/image\/\",\"url\":\"https:\/\/www.solarwall.com\/wp-content\/uploads\/2018\/07\/logo.png\",\"contentUrl\":\"https:\/\/www.solarwall.com\/wp-content\/uploads\/2018\/07\/logo.png\",\"width\":215,\"height\":105,\"caption\":\"SolarWall\"},\"image\":{\"@id\":\"https:\/\/www.solarwall.com\/#\/schema\/logo\/image\/\"}}]}<\/script>\n<!-- \/ Yoast SEO plugin. -->","yoast_head_json":{"title":"Multi-Residencial - SolarWall","description":"La tecnolog\u00eda SolarWall se utiliza en condominios y apartamentos, ya que reduce el consumo de energ\u00eda del edificio y aumenta el valor de las propiedades.","robots":{"index":"index","follow":"follow","max-snippet":"max-snippet:-1","max-image-preview":"max-image-preview:large","max-video-preview":"max-video-preview:-1"},"canonical":"https:\/\/www.solarwall.com\/es\/industries\/multi-residential\/","og_locale":"es_ES","og_type":"article","og_title":"[:en]Multi-Residential - SolarWall[:es]Multi-Residencial - SolarWall[:fr]Multi-r\u00e9sidentiel - SolarWall[:]","og_description":"{:en}SolarWall technology is used in condominiums and apartments as it reduces the building's energy consumption and increases property values.{:es}La tecnolog\u00eda SolarWall se utiliza en condominios y apartamentos, ya que reduce el consumo de energ\u00eda del edificio y aumenta el valor de las propiedades.{:fr}La technologie SolarWall est utilis\u00e9e dans les copropri\u00e9t\u00e9s et les appartements car elle r\u00e9duit la consommation d'\u00e9nergie du b\u00e2timent et augmente la valeur des propri\u00e9t\u00e9s.{:}","og_url":"https:\/\/www.solarwall.com\/industries\/multi-residential\/","og_site_name":"SolarWall","article_modified_time":"2025-04-05T15:44:15+00:00","twitter_card":"summary_large_image","twitter_misc":{"Tiempo de lectura":"7 minutos"},"schema":{"@context":"https:\/\/schema.org","@graph":[{"@type":"WebPage","@id":"https:\/\/www.solarwall.com\/industries\/multi-residential\/","url":"https:\/\/www.solarwall.com\/industries\/multi-residential\/","name":"[:en]Multi-Residential - SolarWall[:es]Multi-Residencial - SolarWall[:fr]Multi-r\u00e9sidentiel - SolarWall[:]","isPartOf":{"@id":"https:\/\/www.solarwall.com\/#website"},"datePublished":"2018-07-17T07:08:17+00:00","dateModified":"2025-04-05T15:44:15+00:00","description":"{:en}SolarWall technology is used in condominiums and apartments as it reduces the building's energy consumption and increases property values.{:es}La tecnolog\u00eda SolarWall se utiliza en condominios y apartamentos, ya que reduce el consumo de energ\u00eda del edificio y aumenta el valor de las propiedades.{:fr}La technologie SolarWall est utilis\u00e9e dans les copropri\u00e9t\u00e9s et les appartements car elle r\u00e9duit la consommation d'\u00e9nergie du b\u00e2timent et augmente la valeur des propri\u00e9t\u00e9s.{:}","breadcrumb":{"@id":"https:\/\/www.solarwall.com\/industries\/multi-residential\/#breadcrumb"},"inLanguage":"es","potentialAction":[{"@type":"ReadAction","target":["https:\/\/www.solarwall.com\/industries\/multi-residential\/"]}]},{"@type":"BreadcrumbList","@id":"https:\/\/www.solarwall.com\/industries\/multi-residential\/#breadcrumb","itemListElement":[{"@type":"ListItem","position":1,"name":"Home","item":"https:\/\/www.solarwall.com\/"},{"@type":"ListItem","position":2,"name":"Industries","item":"https:\/\/www.solarwall.com\/industries\/"},{"@type":"ListItem","position":3,"name":"Multi-Residential"}]},{"@type":"WebSite","@id":"https:\/\/www.solarwall.com\/#website","url":"https:\/\/www.solarwall.com\/","name":"SolarWall","description":"","publisher":{"@id":"https:\/\/www.solarwall.com\/#organization"},"potentialAction":[{"@type":"SearchAction","target":{"@type":"EntryPoint","urlTemplate":"https:\/\/www.solarwall.com\/?s={search_term_string}"},"query-input":{"@type":"PropertyValueSpecification","valueRequired":true,"valueName":"search_term_string"}}],"inLanguage":"es"},{"@type":"Organization","@id":"https:\/\/www.solarwall.com\/#organization","name":"SolarWall","url":"https:\/\/www.solarwall.com\/","logo":{"@type":"ImageObject","inLanguage":"es","@id":"https:\/\/www.solarwall.com\/#\/schema\/logo\/image\/","url":"https:\/\/www.solarwall.com\/wp-content\/uploads\/2018\/07\/logo.png","contentUrl":"https:\/\/www.solarwall.com\/wp-content\/uploads\/2018\/07\/logo.png","width":215,"height":105,"caption":"SolarWall"},"image":{"@id":"https:\/\/www.solarwall.com\/#\/schema\/logo\/image\/"}}]}},"_links":{"self":[{"href":"https:\/\/www.solarwall.com\/es\/wp-json\/wp\/v2\/pages\/101","targetHints":{"allow":["GET"]}}],"collection":[{"href":"https:\/\/www.solarwall.com\/es\/wp-json\/wp\/v2\/pages"}],"about":[{"href":"https:\/\/www.solarwall.com\/es\/wp-json\/wp\/v2\/types\/page"}],"author":[{"embeddable":true,"href":"https:\/\/www.solarwall.com\/es\/wp-json\/wp\/v2\/users\/1"}],"replies":[{"embeddable":true,"href":"https:\/\/www.solarwall.com\/es\/wp-json\/wp\/v2\/comments?post=101"}],"version-history":[{"count":6,"href":"https:\/\/www.solarwall.com\/es\/wp-json\/wp\/v2\/pages\/101\/revisions"}],"predecessor-version":[{"id":1967,"href":"https:\/\/www.solarwall.com\/es\/wp-json\/wp\/v2\/pages\/101\/revisions\/1967"}],"up":[{"embeddable":true,"href":"https:\/\/www.solarwall.com\/es\/wp-json\/wp\/v2\/pages\/39"}],"wp:attachment":[{"href":"https:\/\/www.solarwall.com\/es\/wp-json\/wp\/v2\/media?parent=101"}],"curies":[{"name":"wp","href":"https:\/\/api.w.org\/{rel}","templated":true}]}}