{"id":103,"date":"2018-07-17T07:08:41","date_gmt":"2018-07-17T07:08:41","guid":{"rendered":"http:\/\/www.solarwall.com\/?page_id=103"},"modified":"2025-04-05T11:45:50","modified_gmt":"2025-04-05T15:45:50","slug":"educational","status":"publish","type":"page","link":"https:\/\/www.solarwall.com\/es\/industries\/educational\/","title":{"rendered":"Educational"},"content":{"rendered":"<p>[vc_row full_width=\u00bbstretch_row_content_no_spaces\u00bb][vc_column][rev_slider_vc alias=\u00bbhigh-schools\u00bb][\/vc_column][\/vc_row][vc_row el_class=\u00bbrow-spacing-up\u00bb][vc_column width=\u00bb2\/3&#8243;][vc_column_text el_class=\u00bbf-size18&#8243;]<\/p>\n<h3>SolarWall<sup>\u00ae<\/sup> Simple as A,B,C<\/h3>\n<p>Al precalentar el aire exterior, la calefacci\u00f3n SolarWall ahorra en gastos de calefacci\u00f3n y contribuye a los objetivos de energ\u00eda limpia. Esta tecnolog\u00eda tambi\u00e9n reduce el coste de mantener el suministro de aire fresco del edificio, que es esencial en las instalaciones educativas. Cuando el flujo de aire y la ventilaci\u00f3n est\u00e1 por debajo de los niveles \u00f3ptimos, los estudiantes pueden sentirse lentos y sin atenci\u00f3n, \u00a1y no tiene nada que ver con el calibre del contenido de la clase! Los colegios deben tener 15 cfm (25 m3 \/ h) de flujo de aire por alumno, lo que significa que se debe dejar entrar aire fresco continuamente. En cualquier clima donde sea necesario el consumo de calefacci\u00f3n, el acondicionamiento de grandes vol\u00famenes de aire es muy caro, pero SolarWall puedeayudar sustancialmente. Y el resultado es que las escuelas obtienen un flujo de aire fresco y bueno a bajo precio, y los estudiantes se mantienen m\u00e1s centrados.<\/p>\n<p>Mostrar las mejores tecnolog\u00edas solares tambi\u00e9n tiene un importante valor educativo. Muchas juntas escolares, de colegios y universidades reconocen que la instalaci\u00f3n de estos sistemas de energ\u00eda limpia en los propios centros sirve como una herramienta educativa para instruir a los estudiantes sobre las tecnolog\u00edas de energ\u00eda renovable que se son una tendencia al alza. Cuando se instala un sistema de calefacci\u00f3n SolarWall en una escuela, se brinda a los estudiantes una manera pr\u00e1ctica de ver c\u00f3mo se puede reducir el uso de energ\u00eda convencional y se les da a los maestros una excelente herramienta para ense\u00f1arles.<\/p>\n<p>En resumen, la elecci\u00f3n de instalar un sistema de calefacci\u00f3n SolarWall es un gran ejemplo para los estudiantes y proporciona una herramienta de ense\u00f1anza \u00fanica al mismo tiempo que ayuda a crear un entorno m\u00e1s saludable y lleno de energ\u00eda.[\/vc_column_text][\/vc_column][vc_column width=\u00bb1\/3&#8243;][vc_widget_sidebar sidebar_id=\u00bbsidebar-ind\u00bb][\/vc_column][\/vc_row][vc_row full_width=\u00bbstretch_row\u00bb el_class=\u00bbrow-spacing review-bgcurve\u00bb css=\u00bb.vc_custom_1532941472334{background-image: url(https:\/\/www.solarwall.com\/wp-content\/uploads\/2018\/07\/school-review-bg.jpg?id=260) !important;background-position: center !important;background-repeat: no-repeat !important;background-size: cover !important;}\u00bb][vc_column][vc_column_text el_class=\u00bbsp-testimonial-free-wrapper\u00bb]<span class=\"top-tag-content\">cr\u00edtica destacada<\/span><\/p>\n<div class=\"tfree-client-testimonial\">\n<p class=\"tfree-testimonial-content\">Knowing that we\u2019re doing something [for the environment] is important. Teachers use it in their energy units. When the kids go outside and look at the SolarWall, they\u2019re surprised that something as plain and simple as that can do what it does. The students that know it\u2019s there are proud of it.<\/p>\n<h4 class=\"tfree-client-name\">School Principal, Weledeh Catholic School, Northwest Territories<\/h4>\n<\/div>\n<p>[\/vc_column_text][\/vc_column][\/vc_row][vc_row full_width=\u00bbstretch_row\u00bb el_class=\u00bbrow-spacing\u00bb css=\u00bb.vc_custom_1531904945590{background-color: #ebebeb !important;}\u00bb][vc_column][vc_widget_sidebar sidebar_id=\u00bbquote-widget\u00bb el_class=\u00bbtext-center f-size18&#8243;][\/vc_column][\/vc_row][vc_row el_class=\u00bbmembers-area-footer\u00bb][vc_column width=\u00bb1\/2&#8243;][vc_custom_heading text=\u00bbMiembros de\u00bb font_container=\u00bbtag:h4|text_align:center|color:%23000000&#8243; use_theme_fonts=\u00bbyes\u00bb][vc_gallery type=\u00bbimage_grid\u00bb images=\u00bb135,139,140&#8243; img_size=\u00bbfull\u00bb onclick=\u00bb\u00bb][\/vc_column][vc_column width=\u00bb1\/2&#8243;][vc_custom_heading text=\u00bbCertificaciones\u00bb font_container=\u00bbtag:h4|text_align:center|color:%23000000&#8243; use_theme_fonts=\u00bbyes\u00bb][vc_gallery type=\u00bbimage_grid\u00bb images=\u00bb137,136,138,141&#8243; img_size=\u00bbfull\u00bb onclick=\u00bb\u00bb][\/vc_column][\/vc_row]<\/p>","protected":false},"excerpt":{"rendered":"<p>[vc_row full_width=\u00bbstretch_row_content_no_spaces\u00bb][vc_column][rev_slider_vc alias=\u00bbhigh-schools\u00bb][\/vc_column][\/vc_row][vc_row el_class=\u00bbrow-spacing-up\u00bb][vc_column width=\u00bb2\/3&#8243;][vc_column_text el_class=\u00bbf-size18&#8243;] SolarWall\u00ae Simple as A,B,C Al precalentar el aire exterior, la calefacci\u00f3n SolarWall ahorra en gastos de calefacci\u00f3n y contribuye a los objetivos de energ\u00eda limpia. Esta tecnolog\u00eda tambi\u00e9n reduce el coste de mantener el suministro de aire fresco del edificio, que es esencial en las instalaciones educativas. Cuando el &hellip; <\/p>\n<p class=\"link-more\"><a href=\"https:\/\/www.solarwall.com\/es\/industries\/educational\/\" class=\"more-link\">Continue reading<span class=\"screen-reader-text\"> \u00abEducational\u00bb<\/span><\/a><\/p>\n","protected":false},"author":1,"featured_media":0,"parent":39,"menu_order":0,"comment_status":"closed","ping_status":"closed","template":"full-wdith.php","meta":{"footnotes":""},"class_list":["post-103","page","type-page","status-publish","hentry"],"yoast_head":"<!-- This site is optimized with the Yoast SEO plugin v24.8.1 - https:\/\/yoast.com\/wordpress\/plugins\/seo\/ -->\n<title>Educativo - SolarWall<\/title>\n<meta name=\"description\" content=\"Los sistemas SolarWall se utilizan en escuelas primarias, secundarias, universidades y reducen el carbono y garantizan un alto nivel de calidad del aire interior.\" \/>\n<meta name=\"robots\" content=\"index, follow, max-snippet:-1, max-image-preview:large, max-video-preview:-1\" \/>\n<link rel=\"canonical\" href=\"https:\/\/www.solarwall.com\/es\/industries\/educational\/\" \/>\n<meta property=\"og:locale\" content=\"es_ES\" \/>\n<meta property=\"og:type\" content=\"article\" \/>\n<meta property=\"og:title\" content=\"[:en]Educational - SolarWall[:es]Educativo - SolarWall[:fr]\u00c9ducatif - SolarWall[:]\" \/>\n<meta property=\"og:description\" content=\"{:en}SolarWall systems are used in elementary schools, high schools, colleges and reduce the carbon and guarantee a high level of indoor air quality.{:es}Los sistemas SolarWall se utilizan en escuelas primarias, secundarias, universidades y reducen el carbono y garantizan un alto nivel de calidad del aire interior.{:fr}Les syst\u00e8mes SolarWall sont utilis\u00e9s dans les \u00e9coles \u00e9l\u00e9mentaires, les lyc\u00e9es, les coll\u00e8ges et r\u00e9duisent le carbone et garantissent un niveau \u00e9lev\u00e9 de qualit\u00e9 de l&#039;air int\u00e9rieur.{:}\" \/>\n<meta property=\"og:url\" content=\"https:\/\/www.solarwall.com\/industries\/educational\/\" \/>\n<meta property=\"og:site_name\" content=\"SolarWall\" \/>\n<meta property=\"article:modified_time\" content=\"2025-04-05T15:45:50+00:00\" \/>\n<meta name=\"twitter:card\" content=\"summary_large_image\" \/>\n<meta name=\"twitter:label1\" content=\"Tiempo de lectura\" \/>\n\t<meta name=\"twitter:data1\" content=\"8 minutos\" \/>\n<script type=\"application\/ld+json\" class=\"yoast-schema-graph\">{\"@context\":\"https:\/\/schema.org\",\"@graph\":[{\"@type\":\"WebPage\",\"@id\":\"https:\/\/www.solarwall.com\/industries\/educational\/\",\"url\":\"https:\/\/www.solarwall.com\/industries\/educational\/\",\"name\":\"[:en]Educational - SolarWall[:es]Educativo - SolarWall[:fr]\u00c9ducatif - SolarWall[:]\",\"isPartOf\":{\"@id\":\"https:\/\/www.solarwall.com\/#website\"},\"datePublished\":\"2018-07-17T07:08:41+00:00\",\"dateModified\":\"2025-04-05T15:45:50+00:00\",\"description\":\"{:en}SolarWall systems are used in elementary schools, high schools, colleges and reduce the carbon and guarantee a high level of indoor air quality.{:es}Los sistemas SolarWall se utilizan en escuelas primarias, secundarias, universidades y reducen el carbono y garantizan un alto nivel de calidad del aire interior.{:fr}Les syst\u00e8mes SolarWall sont utilis\u00e9s dans les \u00e9coles \u00e9l\u00e9mentaires, les lyc\u00e9es, les coll\u00e8ges et r\u00e9duisent le carbone et garantissent un niveau \u00e9lev\u00e9 de qualit\u00e9 de l'air int\u00e9rieur.{:}\",\"breadcrumb\":{\"@id\":\"https:\/\/www.solarwall.com\/industries\/educational\/#breadcrumb\"},\"inLanguage\":\"es\",\"potentialAction\":[{\"@type\":\"ReadAction\",\"target\":[\"https:\/\/www.solarwall.com\/industries\/educational\/\"]}]},{\"@type\":\"BreadcrumbList\",\"@id\":\"https:\/\/www.solarwall.com\/industries\/educational\/#breadcrumb\",\"itemListElement\":[{\"@type\":\"ListItem\",\"position\":1,\"name\":\"Home\",\"item\":\"https:\/\/www.solarwall.com\/\"},{\"@type\":\"ListItem\",\"position\":2,\"name\":\"Industries\",\"item\":\"https:\/\/www.solarwall.com\/industries\/\"},{\"@type\":\"ListItem\",\"position\":3,\"name\":\"Educational\"}]},{\"@type\":\"WebSite\",\"@id\":\"https:\/\/www.solarwall.com\/#website\",\"url\":\"https:\/\/www.solarwall.com\/\",\"name\":\"SolarWall\",\"description\":\"\",\"publisher\":{\"@id\":\"https:\/\/www.solarwall.com\/#organization\"},\"potentialAction\":[{\"@type\":\"SearchAction\",\"target\":{\"@type\":\"EntryPoint\",\"urlTemplate\":\"https:\/\/www.solarwall.com\/?s={search_term_string}\"},\"query-input\":{\"@type\":\"PropertyValueSpecification\",\"valueRequired\":true,\"valueName\":\"search_term_string\"}}],\"inLanguage\":\"es\"},{\"@type\":\"Organization\",\"@id\":\"https:\/\/www.solarwall.com\/#organization\",\"name\":\"SolarWall\",\"url\":\"https:\/\/www.solarwall.com\/\",\"logo\":{\"@type\":\"ImageObject\",\"inLanguage\":\"es\",\"@id\":\"https:\/\/www.solarwall.com\/#\/schema\/logo\/image\/\",\"url\":\"https:\/\/www.solarwall.com\/wp-content\/uploads\/2018\/07\/logo.png\",\"contentUrl\":\"https:\/\/www.solarwall.com\/wp-content\/uploads\/2018\/07\/logo.png\",\"width\":215,\"height\":105,\"caption\":\"SolarWall\"},\"image\":{\"@id\":\"https:\/\/www.solarwall.com\/#\/schema\/logo\/image\/\"}}]}<\/script>\n<!-- \/ Yoast SEO plugin. -->","yoast_head_json":{"title":"Educativo - SolarWall","description":"Los sistemas SolarWall se utilizan en escuelas primarias, secundarias, universidades y reducen el carbono y garantizan un alto nivel de calidad del aire interior.","robots":{"index":"index","follow":"follow","max-snippet":"max-snippet:-1","max-image-preview":"max-image-preview:large","max-video-preview":"max-video-preview:-1"},"canonical":"https:\/\/www.solarwall.com\/es\/industries\/educational\/","og_locale":"es_ES","og_type":"article","og_title":"[:en]Educational - SolarWall[:es]Educativo - SolarWall[:fr]\u00c9ducatif - SolarWall[:]","og_description":"{:en}SolarWall systems are used in elementary schools, high schools, colleges and reduce the carbon and guarantee a high level of indoor air quality.{:es}Los sistemas SolarWall se utilizan en escuelas primarias, secundarias, universidades y reducen el carbono y garantizan un alto nivel de calidad del aire interior.{:fr}Les syst\u00e8mes SolarWall sont utilis\u00e9s dans les \u00e9coles \u00e9l\u00e9mentaires, les lyc\u00e9es, les coll\u00e8ges et r\u00e9duisent le carbone et garantissent un niveau \u00e9lev\u00e9 de qualit\u00e9 de l'air int\u00e9rieur.{:}","og_url":"https:\/\/www.solarwall.com\/industries\/educational\/","og_site_name":"SolarWall","article_modified_time":"2025-04-05T15:45:50+00:00","twitter_card":"summary_large_image","twitter_misc":{"Tiempo de lectura":"8 minutos"},"schema":{"@context":"https:\/\/schema.org","@graph":[{"@type":"WebPage","@id":"https:\/\/www.solarwall.com\/industries\/educational\/","url":"https:\/\/www.solarwall.com\/industries\/educational\/","name":"[:en]Educational - SolarWall[:es]Educativo - SolarWall[:fr]\u00c9ducatif - SolarWall[:]","isPartOf":{"@id":"https:\/\/www.solarwall.com\/#website"},"datePublished":"2018-07-17T07:08:41+00:00","dateModified":"2025-04-05T15:45:50+00:00","description":"{:en}SolarWall systems are used in elementary schools, high schools, colleges and reduce the carbon and guarantee a high level of indoor air quality.{:es}Los sistemas SolarWall se utilizan en escuelas primarias, secundarias, universidades y reducen el carbono y garantizan un alto nivel de calidad del aire interior.{:fr}Les syst\u00e8mes SolarWall sont utilis\u00e9s dans les \u00e9coles \u00e9l\u00e9mentaires, les lyc\u00e9es, les coll\u00e8ges et r\u00e9duisent le carbone et garantissent un niveau \u00e9lev\u00e9 de qualit\u00e9 de l'air int\u00e9rieur.{:}","breadcrumb":{"@id":"https:\/\/www.solarwall.com\/industries\/educational\/#breadcrumb"},"inLanguage":"es","potentialAction":[{"@type":"ReadAction","target":["https:\/\/www.solarwall.com\/industries\/educational\/"]}]},{"@type":"BreadcrumbList","@id":"https:\/\/www.solarwall.com\/industries\/educational\/#breadcrumb","itemListElement":[{"@type":"ListItem","position":1,"name":"Home","item":"https:\/\/www.solarwall.com\/"},{"@type":"ListItem","position":2,"name":"Industries","item":"https:\/\/www.solarwall.com\/industries\/"},{"@type":"ListItem","position":3,"name":"Educational"}]},{"@type":"WebSite","@id":"https:\/\/www.solarwall.com\/#website","url":"https:\/\/www.solarwall.com\/","name":"SolarWall","description":"","publisher":{"@id":"https:\/\/www.solarwall.com\/#organization"},"potentialAction":[{"@type":"SearchAction","target":{"@type":"EntryPoint","urlTemplate":"https:\/\/www.solarwall.com\/?s={search_term_string}"},"query-input":{"@type":"PropertyValueSpecification","valueRequired":true,"valueName":"search_term_string"}}],"inLanguage":"es"},{"@type":"Organization","@id":"https:\/\/www.solarwall.com\/#organization","name":"SolarWall","url":"https:\/\/www.solarwall.com\/","logo":{"@type":"ImageObject","inLanguage":"es","@id":"https:\/\/www.solarwall.com\/#\/schema\/logo\/image\/","url":"https:\/\/www.solarwall.com\/wp-content\/uploads\/2018\/07\/logo.png","contentUrl":"https:\/\/www.solarwall.com\/wp-content\/uploads\/2018\/07\/logo.png","width":215,"height":105,"caption":"SolarWall"},"image":{"@id":"https:\/\/www.solarwall.com\/#\/schema\/logo\/image\/"}}]}},"_links":{"self":[{"href":"https:\/\/www.solarwall.com\/es\/wp-json\/wp\/v2\/pages\/103","targetHints":{"allow":["GET"]}}],"collection":[{"href":"https:\/\/www.solarwall.com\/es\/wp-json\/wp\/v2\/pages"}],"about":[{"href":"https:\/\/www.solarwall.com\/es\/wp-json\/wp\/v2\/types\/page"}],"author":[{"embeddable":true,"href":"https:\/\/www.solarwall.com\/es\/wp-json\/wp\/v2\/users\/1"}],"replies":[{"embeddable":true,"href":"https:\/\/www.solarwall.com\/es\/wp-json\/wp\/v2\/comments?post=103"}],"version-history":[{"count":9,"href":"https:\/\/www.solarwall.com\/es\/wp-json\/wp\/v2\/pages\/103\/revisions"}],"predecessor-version":[{"id":1969,"href":"https:\/\/www.solarwall.com\/es\/wp-json\/wp\/v2\/pages\/103\/revisions\/1969"}],"up":[{"embeddable":true,"href":"https:\/\/www.solarwall.com\/es\/wp-json\/wp\/v2\/pages\/39"}],"wp:attachment":[{"href":"https:\/\/www.solarwall.com\/es\/wp-json\/wp\/v2\/media?parent=103"}],"curies":[{"name":"wp","href":"https:\/\/api.w.org\/{rel}","templated":true}]}}