{"id":222,"date":"2018-07-20T05:10:49","date_gmt":"2018-07-20T05:10:49","guid":{"rendered":"http:\/\/www.solarwall.com\/?page_id=222"},"modified":"2025-04-05T11:48:19","modified_gmt":"2025-04-05T15:48:19","slug":"livestock","status":"publish","type":"page","link":"https:\/\/www.solarwall.com\/es\/industries\/livestock\/","title":{"rendered":"Livestock"},"content":{"rendered":"<p>[vc_row full_width=\u00bbstretch_row_content_no_spaces\u00bb][vc_column][rev_slider_vc alias=\u00bblivestock\u00bb][\/vc_column][\/vc_row][vc_row el_class=\u00bbrow-spacing-up\u00bb][vc_column width=\u00bb2\/3&#8243;][vc_column_text el_class=\u00bbf-size18&#8243;]<\/p>\n<h3>Granjas con calefacci\u00f3n solar<\/h3>\n<p>La tecnolog\u00eda SolarWall se integra f\u00e1cilmente en los sistemas convencionales de ventilaci\u00f3n del ganado y precalienta el aire entrante hasta 27 \u00b0 C por encima de la temperatura ambiente en estas aplicaciones. Los sistemas SolarWall introducir\u00e1n el aire a 18 m3\/h\/m2 . (Ventilaci\u00f3n m\u00ednima)<\/p>\n<p>En las granjas de pollos, SolarWall puede dise\u00f1arse para introducir los requisitos m\u00ednimos de ventilaci\u00f3n en los meses de invierno, primavera y oto\u00f1o, as\u00ed como las primeras dos semanas en verano para el per\u00edodo de incubaci\u00f3n. Para los pollos, las temperaturas interiores comienzan normalmente alrededor de 32 \u00b0 C durante el per\u00edodo de incubaci\u00f3n y se reducen gradualmente alrededor de 22 \u00b0 C a medida que los pollos crecen. Esto significa que lss granjas de pollo (as\u00ed como otras formas de ganado) pueden necesitar calor hasta 10 meses al a\u00f1o. En estas aplicaciones, SolarWall garantiza la disminuci\u00f3n del uso del combustible tradicional hasta en un 30%. Esta reducci\u00f3n sustancial y continua en los gastos operativos mejora la rentabilidady muestra por qu\u00e9 esta tecnolog\u00eda se ha utilizado muy amenudo en el campo de los pollos y cerdos.<\/p>\n<p>Adem\u00e1s, los productores de pollos han obtenido beneficios adicionales a la ventilaci\u00f3n solar, en t\u00e9rminos de disminuci\u00f3n de la mortandad debido a la mejora de la calidad interior del aire. Adem\u00e1s, las corrientes de aire fr\u00edo se eliminan porque el sistema de metal SolarWall proporciona un deflector adicional que detiene el viento fr\u00edo entrante.<\/p>\n<p>La tecnolog\u00eda SolarWall tambi\u00e9n es \u00fatil para eliminar la humedad y para secarlos despu\u00e9s de una profunda limpieza.[\/vc_column_text][\/vc_column][vc_column width=\u00bb1\/3&#8243;][vc_widget_sidebar sidebar_id=\u00bbsidebar-ind\u00bb][\/vc_column][\/vc_row][vc_row full_width=\u00bbstretch_row\u00bb el_class=\u00bbrow-spacing review-bgcurve\u00bb css=\u00bb.vc_custom_1540357454120{background-image: url(https:\/\/www.solarwall.com\/wp-content\/uploads\/2018\/10\/Livestock-shutterstock_548279158.jpg?id=1093) !important;background-position: center !important;background-repeat: no-repeat !important;background-size: cover !important;}\u00bb][vc_column][vc_column_text el_class=\u00bbsp-testimonial-free-wrapper\u00bb]<span class=\"top-tag-content\">cr\u00edtica destacada<\/span><\/p>\n<div class=\"tfree-client-testimonial\">\n<p class=\"tfree-testimonial-content\">There\u2019s start-up cost to installing a solar thermal wall, just like there is for any other type of building material. After that, from the perspective of your monthly power bill, you\u2019re effectively locked in at a low rate for the life of your building.<\/p>\n<h4 class=\"tfree-client-name\">Trent Sundgaard, Sundgaard Poultry Farm Ltd, Alberta<\/h4>\n<\/div>\n<p>[\/vc_column_text][\/vc_column][\/vc_row][vc_row full_width=\u00bbstretch_row\u00bb el_class=\u00bbrow-spacing\u00bb css=\u00bb.vc_custom_1531904945590{background-color: #ebebeb !important;}\u00bb][vc_column][vc_widget_sidebar sidebar_id=\u00bbquote-widget\u00bb el_class=\u00bbtext-center f-size18&#8243;][\/vc_column][\/vc_row][vc_row el_class=\u00bbmembers-area-footer\u00bb][vc_column width=\u00bb1\/2&#8243;][vc_custom_heading text=\u00bbMiembros de\u00bb font_container=\u00bbtag:h4|text_align:center|color:%23000000&#8243; use_theme_fonts=\u00bbyes\u00bb][vc_gallery type=\u00bbimage_grid\u00bb images=\u00bb135,139,140&#8243; img_size=\u00bbfull\u00bb onclick=\u00bb\u00bb][\/vc_column][vc_column width=\u00bb1\/2&#8243;][vc_custom_heading text=\u00bbCertificaciones\u00bb font_container=\u00bbtag:h4|text_align:center|color:%23000000&#8243; use_theme_fonts=\u00bbyes\u00bb][vc_gallery type=\u00bbimage_grid\u00bb images=\u00bb137,136,138,141&#8243; img_size=\u00bbfull\u00bb onclick=\u00bb\u00bb][\/vc_column][\/vc_row]<\/p>","protected":false},"excerpt":{"rendered":"<p>[vc_row full_width=\u00bbstretch_row_content_no_spaces\u00bb][vc_column][rev_slider_vc alias=\u00bblivestock\u00bb][\/vc_column][\/vc_row][vc_row el_class=\u00bbrow-spacing-up\u00bb][vc_column width=\u00bb2\/3&#8243;][vc_column_text el_class=\u00bbf-size18&#8243;] Granjas con calefacci\u00f3n solar La tecnolog\u00eda SolarWall se integra f\u00e1cilmente en los sistemas convencionales de ventilaci\u00f3n del ganado y precalienta el aire entrante hasta 27 \u00b0 C por encima de la temperatura ambiente en estas aplicaciones. Los sistemas SolarWall introducir\u00e1n el aire a 18 m3\/h\/m2 . (Ventilaci\u00f3n m\u00ednima) En &hellip; <\/p>\n<p class=\"link-more\"><a href=\"https:\/\/www.solarwall.com\/es\/industries\/livestock\/\" class=\"more-link\">Continue reading<span class=\"screen-reader-text\"> \u00abLivestock\u00bb<\/span><\/a><\/p>\n","protected":false},"author":1,"featured_media":0,"parent":39,"menu_order":0,"comment_status":"closed","ping_status":"closed","template":"full-wdith.php","meta":{"footnotes":""},"class_list":["post-222","page","type-page","status-publish","hentry"],"yoast_head":"<!-- This site is optimized with the Yoast SEO plugin v24.8.1 - https:\/\/yoast.com\/wordpress\/plugins\/seo\/ -->\n<title>Ganader\u00eda - SolarWall<\/title>\n<meta name=\"description\" content=\"La tecnolog\u00eda SolarWall se integra f\u00e1cilmente en los sistemas convencionales de ventilaci\u00f3n de ganado y se ha utilizado para la ventilaci\u00f3n de aves de corral, ventilaci\u00f3n de cerdos y mucho m\u00e1s.\" \/>\n<meta name=\"robots\" content=\"index, follow, max-snippet:-1, max-image-preview:large, max-video-preview:-1\" \/>\n<link rel=\"canonical\" href=\"https:\/\/www.solarwall.com\/es\/industries\/livestock\/\" \/>\n<meta property=\"og:locale\" content=\"es_ES\" \/>\n<meta property=\"og:type\" content=\"article\" \/>\n<meta property=\"og:title\" content=\"[:en]Livestock - SolarWall[:es]Ganader\u00eda - SolarWall[:fr]B\u00e9tail - SolarWall[:]\" \/>\n<meta property=\"og:description\" content=\"{:en}SolarWall technology is easily integrated into conventional livestock ventilation systems and has been used for poultry ventilation, hog ventilation, and much more.{:es}La tecnolog\u00eda SolarWall se integra f\u00e1cilmente en los sistemas convencionales de ventilaci\u00f3n de ganado y se ha utilizado para la ventilaci\u00f3n de aves de corral, ventilaci\u00f3n de cerdos y mucho m\u00e1s.{:fr}La technologie SolarWall s&#039;int\u00e8gre facilement dans les syst\u00e8mes de ventilation conventionnels du b\u00e9tail et a \u00e9t\u00e9 utilis\u00e9e pour la ventilation des volailles, la ventilation des porcs et bien plus encore.{:}\" \/>\n<meta property=\"og:url\" content=\"https:\/\/www.solarwall.com\/industries\/livestock\/\" \/>\n<meta property=\"og:site_name\" content=\"SolarWall\" \/>\n<meta property=\"article:modified_time\" content=\"2025-04-05T15:48:19+00:00\" \/>\n<meta name=\"twitter:card\" content=\"summary_large_image\" \/>\n<meta name=\"twitter:label1\" content=\"Tiempo de lectura\" \/>\n\t<meta name=\"twitter:data1\" content=\"8 minutos\" \/>\n<script type=\"application\/ld+json\" class=\"yoast-schema-graph\">{\"@context\":\"https:\/\/schema.org\",\"@graph\":[{\"@type\":\"WebPage\",\"@id\":\"https:\/\/www.solarwall.com\/industries\/livestock\/\",\"url\":\"https:\/\/www.solarwall.com\/industries\/livestock\/\",\"name\":\"[:en]Livestock - SolarWall[:es]Ganader\u00eda - SolarWall[:fr]B\u00e9tail - SolarWall[:]\",\"isPartOf\":{\"@id\":\"https:\/\/www.solarwall.com\/#website\"},\"datePublished\":\"2018-07-20T05:10:49+00:00\",\"dateModified\":\"2025-04-05T15:48:19+00:00\",\"description\":\"{:en}SolarWall technology is easily integrated into conventional livestock ventilation systems and has been used for poultry ventilation, hog ventilation, and much more.{:es}La tecnolog\u00eda SolarWall se integra f\u00e1cilmente en los sistemas convencionales de ventilaci\u00f3n de ganado y se ha utilizado para la ventilaci\u00f3n de aves de corral, ventilaci\u00f3n de cerdos y mucho m\u00e1s.{:fr}La technologie SolarWall s'int\u00e8gre facilement dans les syst\u00e8mes de ventilation conventionnels du b\u00e9tail et a \u00e9t\u00e9 utilis\u00e9e pour la ventilation des volailles, la ventilation des porcs et bien plus encore.{:}\",\"breadcrumb\":{\"@id\":\"https:\/\/www.solarwall.com\/industries\/livestock\/#breadcrumb\"},\"inLanguage\":\"es\",\"potentialAction\":[{\"@type\":\"ReadAction\",\"target\":[\"https:\/\/www.solarwall.com\/industries\/livestock\/\"]}]},{\"@type\":\"BreadcrumbList\",\"@id\":\"https:\/\/www.solarwall.com\/industries\/livestock\/#breadcrumb\",\"itemListElement\":[{\"@type\":\"ListItem\",\"position\":1,\"name\":\"Home\",\"item\":\"https:\/\/www.solarwall.com\/\"},{\"@type\":\"ListItem\",\"position\":2,\"name\":\"Industries\",\"item\":\"https:\/\/www.solarwall.com\/industries\/\"},{\"@type\":\"ListItem\",\"position\":3,\"name\":\"Livestock\"}]},{\"@type\":\"WebSite\",\"@id\":\"https:\/\/www.solarwall.com\/#website\",\"url\":\"https:\/\/www.solarwall.com\/\",\"name\":\"SolarWall\",\"description\":\"\",\"publisher\":{\"@id\":\"https:\/\/www.solarwall.com\/#organization\"},\"potentialAction\":[{\"@type\":\"SearchAction\",\"target\":{\"@type\":\"EntryPoint\",\"urlTemplate\":\"https:\/\/www.solarwall.com\/?s={search_term_string}\"},\"query-input\":{\"@type\":\"PropertyValueSpecification\",\"valueRequired\":true,\"valueName\":\"search_term_string\"}}],\"inLanguage\":\"es\"},{\"@type\":\"Organization\",\"@id\":\"https:\/\/www.solarwall.com\/#organization\",\"name\":\"SolarWall\",\"url\":\"https:\/\/www.solarwall.com\/\",\"logo\":{\"@type\":\"ImageObject\",\"inLanguage\":\"es\",\"@id\":\"https:\/\/www.solarwall.com\/#\/schema\/logo\/image\/\",\"url\":\"https:\/\/www.solarwall.com\/wp-content\/uploads\/2018\/07\/logo.png\",\"contentUrl\":\"https:\/\/www.solarwall.com\/wp-content\/uploads\/2018\/07\/logo.png\",\"width\":215,\"height\":105,\"caption\":\"SolarWall\"},\"image\":{\"@id\":\"https:\/\/www.solarwall.com\/#\/schema\/logo\/image\/\"}}]}<\/script>\n<!-- \/ Yoast SEO plugin. -->","yoast_head_json":{"title":"Ganader\u00eda - SolarWall","description":"La tecnolog\u00eda SolarWall se integra f\u00e1cilmente en los sistemas convencionales de ventilaci\u00f3n de ganado y se ha utilizado para la ventilaci\u00f3n de aves de corral, ventilaci\u00f3n de cerdos y mucho m\u00e1s.","robots":{"index":"index","follow":"follow","max-snippet":"max-snippet:-1","max-image-preview":"max-image-preview:large","max-video-preview":"max-video-preview:-1"},"canonical":"https:\/\/www.solarwall.com\/es\/industries\/livestock\/","og_locale":"es_ES","og_type":"article","og_title":"[:en]Livestock - SolarWall[:es]Ganader\u00eda - SolarWall[:fr]B\u00e9tail - SolarWall[:]","og_description":"{:en}SolarWall technology is easily integrated into conventional livestock ventilation systems and has been used for poultry ventilation, hog ventilation, and much more.{:es}La tecnolog\u00eda SolarWall se integra f\u00e1cilmente en los sistemas convencionales de ventilaci\u00f3n de ganado y se ha utilizado para la ventilaci\u00f3n de aves de corral, ventilaci\u00f3n de cerdos y mucho m\u00e1s.{:fr}La technologie SolarWall s'int\u00e8gre facilement dans les syst\u00e8mes de ventilation conventionnels du b\u00e9tail et a \u00e9t\u00e9 utilis\u00e9e pour la ventilation des volailles, la ventilation des porcs et bien plus encore.{:}","og_url":"https:\/\/www.solarwall.com\/industries\/livestock\/","og_site_name":"SolarWall","article_modified_time":"2025-04-05T15:48:19+00:00","twitter_card":"summary_large_image","twitter_misc":{"Tiempo de lectura":"8 minutos"},"schema":{"@context":"https:\/\/schema.org","@graph":[{"@type":"WebPage","@id":"https:\/\/www.solarwall.com\/industries\/livestock\/","url":"https:\/\/www.solarwall.com\/industries\/livestock\/","name":"[:en]Livestock - SolarWall[:es]Ganader\u00eda - SolarWall[:fr]B\u00e9tail - SolarWall[:]","isPartOf":{"@id":"https:\/\/www.solarwall.com\/#website"},"datePublished":"2018-07-20T05:10:49+00:00","dateModified":"2025-04-05T15:48:19+00:00","description":"{:en}SolarWall technology is easily integrated into conventional livestock ventilation systems and has been used for poultry ventilation, hog ventilation, and much more.{:es}La tecnolog\u00eda SolarWall se integra f\u00e1cilmente en los sistemas convencionales de ventilaci\u00f3n de ganado y se ha utilizado para la ventilaci\u00f3n de aves de corral, ventilaci\u00f3n de cerdos y mucho m\u00e1s.{:fr}La technologie SolarWall s'int\u00e8gre facilement dans les syst\u00e8mes de ventilation conventionnels du b\u00e9tail et a \u00e9t\u00e9 utilis\u00e9e pour la ventilation des volailles, la ventilation des porcs et bien plus encore.{:}","breadcrumb":{"@id":"https:\/\/www.solarwall.com\/industries\/livestock\/#breadcrumb"},"inLanguage":"es","potentialAction":[{"@type":"ReadAction","target":["https:\/\/www.solarwall.com\/industries\/livestock\/"]}]},{"@type":"BreadcrumbList","@id":"https:\/\/www.solarwall.com\/industries\/livestock\/#breadcrumb","itemListElement":[{"@type":"ListItem","position":1,"name":"Home","item":"https:\/\/www.solarwall.com\/"},{"@type":"ListItem","position":2,"name":"Industries","item":"https:\/\/www.solarwall.com\/industries\/"},{"@type":"ListItem","position":3,"name":"Livestock"}]},{"@type":"WebSite","@id":"https:\/\/www.solarwall.com\/#website","url":"https:\/\/www.solarwall.com\/","name":"SolarWall","description":"","publisher":{"@id":"https:\/\/www.solarwall.com\/#organization"},"potentialAction":[{"@type":"SearchAction","target":{"@type":"EntryPoint","urlTemplate":"https:\/\/www.solarwall.com\/?s={search_term_string}"},"query-input":{"@type":"PropertyValueSpecification","valueRequired":true,"valueName":"search_term_string"}}],"inLanguage":"es"},{"@type":"Organization","@id":"https:\/\/www.solarwall.com\/#organization","name":"SolarWall","url":"https:\/\/www.solarwall.com\/","logo":{"@type":"ImageObject","inLanguage":"es","@id":"https:\/\/www.solarwall.com\/#\/schema\/logo\/image\/","url":"https:\/\/www.solarwall.com\/wp-content\/uploads\/2018\/07\/logo.png","contentUrl":"https:\/\/www.solarwall.com\/wp-content\/uploads\/2018\/07\/logo.png","width":215,"height":105,"caption":"SolarWall"},"image":{"@id":"https:\/\/www.solarwall.com\/#\/schema\/logo\/image\/"}}]}},"_links":{"self":[{"href":"https:\/\/www.solarwall.com\/es\/wp-json\/wp\/v2\/pages\/222","targetHints":{"allow":["GET"]}}],"collection":[{"href":"https:\/\/www.solarwall.com\/es\/wp-json\/wp\/v2\/pages"}],"about":[{"href":"https:\/\/www.solarwall.com\/es\/wp-json\/wp\/v2\/types\/page"}],"author":[{"embeddable":true,"href":"https:\/\/www.solarwall.com\/es\/wp-json\/wp\/v2\/users\/1"}],"replies":[{"embeddable":true,"href":"https:\/\/www.solarwall.com\/es\/wp-json\/wp\/v2\/comments?post=222"}],"version-history":[{"count":5,"href":"https:\/\/www.solarwall.com\/es\/wp-json\/wp\/v2\/pages\/222\/revisions"}],"predecessor-version":[{"id":1975,"href":"https:\/\/www.solarwall.com\/es\/wp-json\/wp\/v2\/pages\/222\/revisions\/1975"}],"up":[{"embeddable":true,"href":"https:\/\/www.solarwall.com\/es\/wp-json\/wp\/v2\/pages\/39"}],"wp:attachment":[{"href":"https:\/\/www.solarwall.com\/es\/wp-json\/wp\/v2\/media?parent=222"}],"curies":[{"name":"wp","href":"https:\/\/api.w.org\/{rel}","templated":true}]}}