{"id":272,"date":"2018-07-20T06:57:11","date_gmt":"2018-07-20T06:57:11","guid":{"rendered":"http:\/\/www.solarwall.com\/?page_id=272"},"modified":"2025-04-05T11:46:01","modified_gmt":"2025-04-05T15:46:01","slug":"institutional","status":"publish","type":"page","link":"https:\/\/www.solarwall.com\/es\/industries\/institutional\/","title":{"rendered":"Institutional"},"content":{"rendered":"<p>[vc_row full_width=\u00bbstretch_row_content_no_spaces\u00bb][vc_column][rev_slider_vc alias=\u00bbcommunity-centers\u00bb][\/vc_column][\/vc_row][vc_row el_class=\u00bbrow-spacing-up\u00bb][vc_column width=\u00bb2\/3&#8243;][vc_column_text el_class=\u00bbf-size18&#8243;]<\/p>\n<h3>Liderazgo ecol\u00f3gico<\/h3>\n<p>Todos los gobiernos son propietarios de edificios, y esto les brinda la oportunidad de reducir los gastos de energ\u00eda dentro de su jurisdicci\u00f3n y \u00abpredicar con el ejemplo\u00bb en t\u00e9rminos de desplazar las emisiones de CO2. Dado que casi el 50% del uso de energ\u00eda mundial, en el sector de la construcci\u00f3n, se utiliza para consumo de calefacci\u00f3n, cualquier estrategia integral para promover la reducci\u00f3n de la energ\u00eda y el carbono debe incluirse en directivas. Esto es algo que se puede lograr f\u00e1cilmente con la tecnolog\u00eda SolarWall, que calienta el aire de ventilaci\u00f3n entrante procedente del exterior al mismo tiempo que reduce la carga en el sistema de calefacci\u00f3n convencional.<\/p>\n<p>Los sistemas SolarWall<sup>\u00ae<\/sup> se utilizan en una variedad de edificios institucionales, incluidos; Hospitales, colegios, centros comunitarios, piscinas cubiertas, bibliotecas, talleres de mantenimiento de veh\u00edculos y autobuses, comisar\u00edas y servicios de emergencia, plantas de tratamiento de aguas y residuos, ayuntamientos, oficinas, juzgados y otros complejos municipales.[\/vc_column_text][\/vc_column][vc_column width=\u00bb1\/3&#8243;][vc_widget_sidebar sidebar_id=\u00bbsidebar-ind\u00bb][\/vc_column][\/vc_row][vc_row full_width=\u00bbstretch_row\u00bb el_class=\u00bbrow-spacing review-bgcurve\u00bb css=\u00bb.vc_custom_1540357047593{background-image: url(https:\/\/www.solarwall.com\/wp-content\/uploads\/2018\/10\/Institutional-shutterstock_521095564.jpg?id=1079) !important;background-position: center !important;background-repeat: no-repeat !important;background-size: cover !important;}\u00bb][vc_column][vc_column_text el_class=\u00bbsp-testimonial-free-wrapper\u00bb]<span class=\"top-tag-content\">cr\u00edtica destacada<\/span><\/p>\n<div class=\"tfree-client-testimonial\">\n<p class=\"tfree-testimonial-content\">Municipalities are in it for the long term. It\u2019s a good investment for government funded agencies. A lot of agencies\u2019 mechanical systems are beyond their life expectancies and this is a good opportunity to easily tie in renewable savings with modern equipment. This [SolarWall] project shows that we are trying to be leaders in the renewable energy field.<\/p>\n<h4 class=\"tfree-client-name\">Robert Bisson, Governor of Manitoba Housing Authority<\/h4>\n<\/div>\n<p>[\/vc_column_text][\/vc_column][\/vc_row][vc_row full_width=\u00bbstretch_row\u00bb el_class=\u00bbrow-spacing\u00bb css=\u00bb.vc_custom_1531904945590{background-color: #ebebeb !important;}\u00bb][vc_column][vc_widget_sidebar sidebar_id=\u00bbquote-widget\u00bb el_class=\u00bbtext-center f-size18&#8243;][\/vc_column][\/vc_row][vc_row el_class=\u00bbmembers-area-footer\u00bb][vc_column width=\u00bb1\/2&#8243;][vc_custom_heading text=\u00bbMiembros de\u00bb font_container=\u00bbtag:h4|text_align:center|color:%23000000&#8243; use_theme_fonts=\u00bbyes\u00bb][vc_gallery type=\u00bbimage_grid\u00bb images=\u00bb135,139,140&#8243; img_size=\u00bbfull\u00bb onclick=\u00bb\u00bb][\/vc_column][vc_column width=\u00bb1\/2&#8243;][vc_custom_heading text=\u00bbCertificaciones\u00bb font_container=\u00bbtag:h4|text_align:center|color:%23000000&#8243; use_theme_fonts=\u00bbyes\u00bb][vc_gallery type=\u00bbimage_grid\u00bb images=\u00bb137,136,138,141&#8243; img_size=\u00bbfull\u00bb onclick=\u00bb\u00bb][\/vc_column][\/vc_row]<\/p>","protected":false},"excerpt":{"rendered":"<p>[vc_row full_width=\u00bbstretch_row_content_no_spaces\u00bb][vc_column][rev_slider_vc alias=\u00bbcommunity-centers\u00bb][\/vc_column][\/vc_row][vc_row el_class=\u00bbrow-spacing-up\u00bb][vc_column width=\u00bb2\/3&#8243;][vc_column_text el_class=\u00bbf-size18&#8243;] Liderazgo ecol\u00f3gico Todos los gobiernos son propietarios de edificios, y esto les brinda la oportunidad de reducir los gastos de energ\u00eda dentro de su jurisdicci\u00f3n y \u00abpredicar con el ejemplo\u00bb en t\u00e9rminos de desplazar las emisiones de CO2. Dado que casi el 50% del uso de energ\u00eda mundial, en &hellip; <\/p>\n<p class=\"link-more\"><a href=\"https:\/\/www.solarwall.com\/es\/industries\/institutional\/\" class=\"more-link\">Continue reading<span class=\"screen-reader-text\"> \u00abInstitutional\u00bb<\/span><\/a><\/p>\n","protected":false},"author":1,"featured_media":0,"parent":39,"menu_order":0,"comment_status":"closed","ping_status":"closed","template":"full-wdith.php","meta":{"footnotes":""},"class_list":["post-272","page","type-page","status-publish","hentry"],"yoast_head":"<!-- This site is optimized with the Yoast SEO plugin v24.8.1 - https:\/\/yoast.com\/wordpress\/plugins\/seo\/ -->\n<title>Institucional - SolarWall<\/title>\n<meta name=\"description\" content=\"Los sistemas SolarWall se utilizan en cientos de municipios de todo el mundo. Se utiliza en la construcci\u00f3n de servicios policiales y de emergencia, autoridades de vivienda, piscinas cubiertas y mucho m\u00e1s.\" \/>\n<meta name=\"robots\" content=\"index, follow, max-snippet:-1, max-image-preview:large, max-video-preview:-1\" \/>\n<link rel=\"canonical\" href=\"https:\/\/www.solarwall.com\/es\/industries\/institutional\/\" \/>\n<meta property=\"og:locale\" content=\"es_ES\" \/>\n<meta property=\"og:type\" content=\"article\" \/>\n<meta property=\"og:title\" content=\"[:en]Institutional - SolarWall[:es]Institucional - SolarWall[:fr]Institutionnel - SolarWall[:]\" \/>\n<meta property=\"og:description\" content=\"{:en}SolarWall systems are used in hundreds of municipalities around the world. Used in police and emergency services building, housing authorities, indoor pools, and much more.{:es}Los sistemas SolarWall se utilizan en cientos de municipios de todo el mundo. Se utiliza en la construcci\u00f3n de servicios policiales y de emergencia, autoridades de vivienda, piscinas cubiertas y mucho m\u00e1s.{:fr}Les syst\u00e8mes SolarWall sont utilis\u00e9s dans des centaines de municipalit\u00e9s \u00e0 travers le monde. Utilis\u00e9 dans les b\u00e2timents de la police et des services d&#039;urgence, les autorit\u00e9s charg\u00e9es du logement, les piscines couvertes et bien plus encore.{:}\" \/>\n<meta property=\"og:url\" content=\"https:\/\/www.solarwall.com\/industries\/institutional\/\" \/>\n<meta property=\"og:site_name\" content=\"SolarWall\" \/>\n<meta property=\"article:modified_time\" content=\"2025-04-05T15:46:01+00:00\" \/>\n<meta name=\"twitter:card\" content=\"summary_large_image\" \/>\n<meta name=\"twitter:label1\" content=\"Tiempo de lectura\" \/>\n\t<meta name=\"twitter:data1\" content=\"6 minutos\" \/>\n<script type=\"application\/ld+json\" class=\"yoast-schema-graph\">{\"@context\":\"https:\/\/schema.org\",\"@graph\":[{\"@type\":\"WebPage\",\"@id\":\"https:\/\/www.solarwall.com\/industries\/institutional\/\",\"url\":\"https:\/\/www.solarwall.com\/industries\/institutional\/\",\"name\":\"[:en]Institutional - SolarWall[:es]Institucional - SolarWall[:fr]Institutionnel - SolarWall[:]\",\"isPartOf\":{\"@id\":\"https:\/\/www.solarwall.com\/#website\"},\"datePublished\":\"2018-07-20T06:57:11+00:00\",\"dateModified\":\"2025-04-05T15:46:01+00:00\",\"description\":\"{:en}SolarWall systems are used in hundreds of municipalities around the world. Used in police and emergency services building, housing authorities, indoor pools, and much more.{:es}Los sistemas SolarWall se utilizan en cientos de municipios de todo el mundo. Se utiliza en la construcci\u00f3n de servicios policiales y de emergencia, autoridades de vivienda, piscinas cubiertas y mucho m\u00e1s.{:fr}Les syst\u00e8mes SolarWall sont utilis\u00e9s dans des centaines de municipalit\u00e9s \u00e0 travers le monde. Utilis\u00e9 dans les b\u00e2timents de la police et des services d'urgence, les autorit\u00e9s charg\u00e9es du logement, les piscines couvertes et bien plus encore.{:}\",\"breadcrumb\":{\"@id\":\"https:\/\/www.solarwall.com\/industries\/institutional\/#breadcrumb\"},\"inLanguage\":\"es\",\"potentialAction\":[{\"@type\":\"ReadAction\",\"target\":[\"https:\/\/www.solarwall.com\/industries\/institutional\/\"]}]},{\"@type\":\"BreadcrumbList\",\"@id\":\"https:\/\/www.solarwall.com\/industries\/institutional\/#breadcrumb\",\"itemListElement\":[{\"@type\":\"ListItem\",\"position\":1,\"name\":\"Home\",\"item\":\"https:\/\/www.solarwall.com\/\"},{\"@type\":\"ListItem\",\"position\":2,\"name\":\"Industries\",\"item\":\"https:\/\/www.solarwall.com\/industries\/\"},{\"@type\":\"ListItem\",\"position\":3,\"name\":\"Institutional\"}]},{\"@type\":\"WebSite\",\"@id\":\"https:\/\/www.solarwall.com\/#website\",\"url\":\"https:\/\/www.solarwall.com\/\",\"name\":\"SolarWall\",\"description\":\"\",\"publisher\":{\"@id\":\"https:\/\/www.solarwall.com\/#organization\"},\"potentialAction\":[{\"@type\":\"SearchAction\",\"target\":{\"@type\":\"EntryPoint\",\"urlTemplate\":\"https:\/\/www.solarwall.com\/?s={search_term_string}\"},\"query-input\":{\"@type\":\"PropertyValueSpecification\",\"valueRequired\":true,\"valueName\":\"search_term_string\"}}],\"inLanguage\":\"es\"},{\"@type\":\"Organization\",\"@id\":\"https:\/\/www.solarwall.com\/#organization\",\"name\":\"SolarWall\",\"url\":\"https:\/\/www.solarwall.com\/\",\"logo\":{\"@type\":\"ImageObject\",\"inLanguage\":\"es\",\"@id\":\"https:\/\/www.solarwall.com\/#\/schema\/logo\/image\/\",\"url\":\"https:\/\/www.solarwall.com\/wp-content\/uploads\/2018\/07\/logo.png\",\"contentUrl\":\"https:\/\/www.solarwall.com\/wp-content\/uploads\/2018\/07\/logo.png\",\"width\":215,\"height\":105,\"caption\":\"SolarWall\"},\"image\":{\"@id\":\"https:\/\/www.solarwall.com\/#\/schema\/logo\/image\/\"}}]}<\/script>\n<!-- \/ Yoast SEO plugin. -->","yoast_head_json":{"title":"Institucional - SolarWall","description":"Los sistemas SolarWall se utilizan en cientos de municipios de todo el mundo. Se utiliza en la construcci\u00f3n de servicios policiales y de emergencia, autoridades de vivienda, piscinas cubiertas y mucho m\u00e1s.","robots":{"index":"index","follow":"follow","max-snippet":"max-snippet:-1","max-image-preview":"max-image-preview:large","max-video-preview":"max-video-preview:-1"},"canonical":"https:\/\/www.solarwall.com\/es\/industries\/institutional\/","og_locale":"es_ES","og_type":"article","og_title":"[:en]Institutional - SolarWall[:es]Institucional - SolarWall[:fr]Institutionnel - SolarWall[:]","og_description":"{:en}SolarWall systems are used in hundreds of municipalities around the world. Used in police and emergency services building, housing authorities, indoor pools, and much more.{:es}Los sistemas SolarWall se utilizan en cientos de municipios de todo el mundo. Se utiliza en la construcci\u00f3n de servicios policiales y de emergencia, autoridades de vivienda, piscinas cubiertas y mucho m\u00e1s.{:fr}Les syst\u00e8mes SolarWall sont utilis\u00e9s dans des centaines de municipalit\u00e9s \u00e0 travers le monde. Utilis\u00e9 dans les b\u00e2timents de la police et des services d'urgence, les autorit\u00e9s charg\u00e9es du logement, les piscines couvertes et bien plus encore.{:}","og_url":"https:\/\/www.solarwall.com\/industries\/institutional\/","og_site_name":"SolarWall","article_modified_time":"2025-04-05T15:46:01+00:00","twitter_card":"summary_large_image","twitter_misc":{"Tiempo de lectura":"6 minutos"},"schema":{"@context":"https:\/\/schema.org","@graph":[{"@type":"WebPage","@id":"https:\/\/www.solarwall.com\/industries\/institutional\/","url":"https:\/\/www.solarwall.com\/industries\/institutional\/","name":"[:en]Institutional - SolarWall[:es]Institucional - SolarWall[:fr]Institutionnel - SolarWall[:]","isPartOf":{"@id":"https:\/\/www.solarwall.com\/#website"},"datePublished":"2018-07-20T06:57:11+00:00","dateModified":"2025-04-05T15:46:01+00:00","description":"{:en}SolarWall systems are used in hundreds of municipalities around the world. Used in police and emergency services building, housing authorities, indoor pools, and much more.{:es}Los sistemas SolarWall se utilizan en cientos de municipios de todo el mundo. Se utiliza en la construcci\u00f3n de servicios policiales y de emergencia, autoridades de vivienda, piscinas cubiertas y mucho m\u00e1s.{:fr}Les syst\u00e8mes SolarWall sont utilis\u00e9s dans des centaines de municipalit\u00e9s \u00e0 travers le monde. Utilis\u00e9 dans les b\u00e2timents de la police et des services d'urgence, les autorit\u00e9s charg\u00e9es du logement, les piscines couvertes et bien plus encore.{:}","breadcrumb":{"@id":"https:\/\/www.solarwall.com\/industries\/institutional\/#breadcrumb"},"inLanguage":"es","potentialAction":[{"@type":"ReadAction","target":["https:\/\/www.solarwall.com\/industries\/institutional\/"]}]},{"@type":"BreadcrumbList","@id":"https:\/\/www.solarwall.com\/industries\/institutional\/#breadcrumb","itemListElement":[{"@type":"ListItem","position":1,"name":"Home","item":"https:\/\/www.solarwall.com\/"},{"@type":"ListItem","position":2,"name":"Industries","item":"https:\/\/www.solarwall.com\/industries\/"},{"@type":"ListItem","position":3,"name":"Institutional"}]},{"@type":"WebSite","@id":"https:\/\/www.solarwall.com\/#website","url":"https:\/\/www.solarwall.com\/","name":"SolarWall","description":"","publisher":{"@id":"https:\/\/www.solarwall.com\/#organization"},"potentialAction":[{"@type":"SearchAction","target":{"@type":"EntryPoint","urlTemplate":"https:\/\/www.solarwall.com\/?s={search_term_string}"},"query-input":{"@type":"PropertyValueSpecification","valueRequired":true,"valueName":"search_term_string"}}],"inLanguage":"es"},{"@type":"Organization","@id":"https:\/\/www.solarwall.com\/#organization","name":"SolarWall","url":"https:\/\/www.solarwall.com\/","logo":{"@type":"ImageObject","inLanguage":"es","@id":"https:\/\/www.solarwall.com\/#\/schema\/logo\/image\/","url":"https:\/\/www.solarwall.com\/wp-content\/uploads\/2018\/07\/logo.png","contentUrl":"https:\/\/www.solarwall.com\/wp-content\/uploads\/2018\/07\/logo.png","width":215,"height":105,"caption":"SolarWall"},"image":{"@id":"https:\/\/www.solarwall.com\/#\/schema\/logo\/image\/"}}]}},"_links":{"self":[{"href":"https:\/\/www.solarwall.com\/es\/wp-json\/wp\/v2\/pages\/272","targetHints":{"allow":["GET"]}}],"collection":[{"href":"https:\/\/www.solarwall.com\/es\/wp-json\/wp\/v2\/pages"}],"about":[{"href":"https:\/\/www.solarwall.com\/es\/wp-json\/wp\/v2\/types\/page"}],"author":[{"embeddable":true,"href":"https:\/\/www.solarwall.com\/es\/wp-json\/wp\/v2\/users\/1"}],"replies":[{"embeddable":true,"href":"https:\/\/www.solarwall.com\/es\/wp-json\/wp\/v2\/comments?post=272"}],"version-history":[{"count":7,"href":"https:\/\/www.solarwall.com\/es\/wp-json\/wp\/v2\/pages\/272\/revisions"}],"predecessor-version":[{"id":1970,"href":"https:\/\/www.solarwall.com\/es\/wp-json\/wp\/v2\/pages\/272\/revisions\/1970"}],"up":[{"embeddable":true,"href":"https:\/\/www.solarwall.com\/es\/wp-json\/wp\/v2\/pages\/39"}],"wp:attachment":[{"href":"https:\/\/www.solarwall.com\/es\/wp-json\/wp\/v2\/media?parent=272"}],"curies":[{"name":"wp","href":"https:\/\/api.w.org\/{rel}","templated":true}]}}