{"id":277,"date":"2018-07-20T06:59:49","date_gmt":"2018-07-20T06:59:49","guid":{"rendered":"http:\/\/www.solarwall.com\/?page_id=277"},"modified":"2025-04-05T11:46:57","modified_gmt":"2025-04-05T15:46:57","slug":"military","status":"publish","type":"page","link":"https:\/\/www.solarwall.com\/es\/industries\/military\/","title":{"rendered":"Military"},"content":{"rendered":"<p>[vc_row full_width=\u00bbstretch_row_content_no_spaces\u00bb][vc_column][rev_slider_vc alias=\u00bbmilitary\u00bb][\/vc_column][\/vc_row][vc_row el_class=\u00bbrow-spacing-up\u00bb][vc_column width=\u00bb2\/3&#8243;][vc_column_text el_class=\u00bbf-size18&#8243;]<\/p>\n<h3>Seguridad Energ\u00e9tica y Resiliencia con SolarWall<\/h3>\n<p>Cientos de edificios de agencias gubernamentales y militares han alcanzado, con la aplicaci\u00f3n de las soluciones SolarWall, los objetivos federales de reducci\u00f3n de energ\u00eda y las iniciativas de Net Zero Energy. En climas de calefacci\u00f3n, el espacio interior y la calefacci\u00f3n mediante ventilaci\u00f3n pueden representar la mitad del consumo de energ\u00eda de muchos edificios. Los sistemas SolarWall abordan esta importante demanda de energ\u00eda y son una tecnolog\u00eda probada, confiable e integrada en edificios que reduce los gastos de calefacci\u00f3n y las emisiones de gases de efecto invernadero.<\/p>\n<p>Los sistemas SolarWall<sup>\u00ae<\/sup> se han integrado en cientos de hangares militares, instalaciones de mantenimiento de veh\u00edculos, centros log\u00edsticos, gimnasios, almacenes, dep\u00f3sitos, centros de preparaci\u00f3n, centros de apoyo de capacitaci\u00f3n, plantas de tratamiento de agua e instalaciones de almacenamiento de materiales peligrosos. Los sistemas SolarWall garantizan un suministro seguro de energ\u00eda t\u00e9rmica, tanto en edificios de nueva construcci\u00f3n como en las aplicaciones de remodelizaci\u00f3n.[\/vc_column_text][\/vc_column][vc_column width=\u00bb1\/3&#8243;][vc_widget_sidebar sidebar_id=\u00bbsidebar-ind\u00bb][\/vc_column][\/vc_row][vc_row full_width=\u00bbstretch_row\u00bb el_class=\u00bbrow-spacing review-bgcurve\u00bb css=\u00bb.vc_custom_1540357246384{background-image: url(https:\/\/www.solarwall.com\/wp-content\/uploads\/2018\/10\/Military-shutterstock_539247439.jpg?id=1087) !important;background-position: center !important;background-repeat: no-repeat !important;background-size: cover !important;}\u00bb][vc_column][vc_column_text el_class=\u00bbsp-testimonial-free-wrapper\u00bb]<span class=\"top-tag-content\">cr\u00edtica destacada<\/span><\/p>\n<div class=\"tfree-client-testimonial\">\n<p class=\"tfree-testimonial-content\">I put them anywhere I can find a spot. Mainly, SolarWallsare on large metal buildings like hangars or the hazmat building\u2026If it&#8217;s 30 degrees outside, we&#8217;ll get 80 degrees discharged to the building\u2026<br \/>\n(Along with) renewable energy, which is part of (the Army&#8217;s energy) philosophy, is to protect the environment, reduce global warming and reduce our reliance on fossil fuels. That reliance on foreign oil gets us into trouble.<\/p>\n<h4 class=\"tfree-client-name\">Steve Rowley, Public Works Energy Manager at Fort Drum, NY<\/h4>\n<\/div>\n<p>[\/vc_column_text][\/vc_column][\/vc_row][vc_row full_width=\u00bbstretch_row\u00bb el_class=\u00bbrow-spacing\u00bb css=\u00bb.vc_custom_1531904945590{background-color: #ebebeb !important;}\u00bb][vc_column][vc_widget_sidebar sidebar_id=\u00bbquote-widget\u00bb el_class=\u00bbtext-center f-size18&#8243;][\/vc_column][\/vc_row][vc_row el_class=\u00bbmembers-area-footer\u00bb][vc_column width=\u00bb1\/2&#8243;][vc_custom_heading text=\u00bbMiembros de\u00bb font_container=\u00bbtag:h4|text_align:center|color:%23000000&#8243; use_theme_fonts=\u00bbyes\u00bb][vc_gallery type=\u00bbimage_grid\u00bb images=\u00bb135,139,140&#8243; img_size=\u00bbfull\u00bb onclick=\u00bb\u00bb][\/vc_column][vc_column width=\u00bb1\/2&#8243;][vc_custom_heading text=\u00bbCertificaciones\u00bb font_container=\u00bbtag:h4|text_align:center|color:%23000000&#8243; use_theme_fonts=\u00bbyes\u00bb][vc_gallery type=\u00bbimage_grid\u00bb images=\u00bb137,136,138,141&#8243; img_size=\u00bbfull\u00bb onclick=\u00bb\u00bb][\/vc_column][\/vc_row]<\/p>","protected":false},"excerpt":{"rendered":"<p>[vc_row full_width=\u00bbstretch_row_content_no_spaces\u00bb][vc_column][rev_slider_vc alias=\u00bbmilitary\u00bb][\/vc_column][\/vc_row][vc_row el_class=\u00bbrow-spacing-up\u00bb][vc_column width=\u00bb2\/3&#8243;][vc_column_text el_class=\u00bbf-size18&#8243;] Seguridad Energ\u00e9tica y Resiliencia con SolarWall Cientos de edificios de agencias gubernamentales y militares han alcanzado, con la aplicaci\u00f3n de las soluciones SolarWall, los objetivos federales de reducci\u00f3n de energ\u00eda y las iniciativas de Net Zero Energy. En climas de calefacci\u00f3n, el espacio interior y la calefacci\u00f3n mediante ventilaci\u00f3n &hellip; <\/p>\n<p class=\"link-more\"><a href=\"https:\/\/www.solarwall.com\/es\/industries\/military\/\" class=\"more-link\">Continue reading<span class=\"screen-reader-text\"> \u00abMilitary\u00bb<\/span><\/a><\/p>\n","protected":false},"author":1,"featured_media":0,"parent":39,"menu_order":0,"comment_status":"closed","ping_status":"closed","template":"full-wdith.php","meta":{"footnotes":""},"class_list":["post-277","page","type-page","status-publish","hentry"],"yoast_head":"<!-- This site is optimized with the Yoast SEO plugin v24.8.1 - https:\/\/yoast.com\/wordpress\/plugins\/seo\/ -->\n<title>Militar - SolarWall<\/title>\n<meta name=\"description\" content=\"Los sistemas SolarWall son ampliamente utilizados en todo el ej\u00e9rcito de los Estados Unidos por el Ej\u00e9rcito, la Fuerza A\u00e9rea, y se han integrado en los dep\u00f3sitos, dep\u00f3sitos y planes de tratamiento de agua.\" \/>\n<meta name=\"robots\" content=\"index, follow, max-snippet:-1, max-image-preview:large, max-video-preview:-1\" \/>\n<link rel=\"canonical\" href=\"https:\/\/www.solarwall.com\/es\/industries\/military\/\" \/>\n<meta property=\"og:locale\" content=\"es_ES\" \/>\n<meta property=\"og:type\" content=\"article\" \/>\n<meta property=\"og:title\" content=\"[:en]Military - SolarWall[:es]Militar - SolarWall[:fr]Militaire - SolarWall[:]\" \/>\n<meta property=\"og:description\" content=\"{:en}SolarWall systems are extensively used across United States Military by the Army, Air Force, and have been integrated into the warehouses, depots, and water treatment plans.{:es}Los sistemas SolarWall son ampliamente utilizados en todo el ej\u00e9rcito de los Estados Unidos por el Ej\u00e9rcito, la Fuerza A\u00e9rea, y se han integrado en los dep\u00f3sitos, dep\u00f3sitos y planes de tratamiento de agua.{:fr}Les syst\u00e8mes SolarWall sont largement utilis\u00e9s dans l&#039;arm\u00e9e am\u00e9ricaine par l&#039;arm\u00e9e de l&#039;air et l&#039;arm\u00e9e de l&#039;air et ont \u00e9t\u00e9 int\u00e9gr\u00e9s dans les entrep\u00f4ts, les d\u00e9p\u00f4ts et les plans de traitement de l&#039;eau.{:}\" \/>\n<meta property=\"og:url\" content=\"https:\/\/www.solarwall.com\/industries\/military\/\" \/>\n<meta property=\"og:site_name\" content=\"SolarWall\" \/>\n<meta property=\"article:modified_time\" content=\"2025-04-05T15:46:57+00:00\" \/>\n<meta name=\"twitter:card\" content=\"summary_large_image\" \/>\n<meta name=\"twitter:label1\" content=\"Tiempo de lectura\" \/>\n\t<meta name=\"twitter:data1\" content=\"7 minutos\" \/>\n<script type=\"application\/ld+json\" class=\"yoast-schema-graph\">{\"@context\":\"https:\/\/schema.org\",\"@graph\":[{\"@type\":\"WebPage\",\"@id\":\"https:\/\/www.solarwall.com\/industries\/military\/\",\"url\":\"https:\/\/www.solarwall.com\/industries\/military\/\",\"name\":\"[:en]Military - SolarWall[:es]Militar - SolarWall[:fr]Militaire - SolarWall[:]\",\"isPartOf\":{\"@id\":\"https:\/\/www.solarwall.com\/#website\"},\"datePublished\":\"2018-07-20T06:59:49+00:00\",\"dateModified\":\"2025-04-05T15:46:57+00:00\",\"description\":\"{:en}SolarWall systems are extensively used across United States Military by the Army, Air Force, and have been integrated into the warehouses, depots, and water treatment plans.{:es}Los sistemas SolarWall son ampliamente utilizados en todo el ej\u00e9rcito de los Estados Unidos por el Ej\u00e9rcito, la Fuerza A\u00e9rea, y se han integrado en los dep\u00f3sitos, dep\u00f3sitos y planes de tratamiento de agua.{:fr}Les syst\u00e8mes SolarWall sont largement utilis\u00e9s dans l'arm\u00e9e am\u00e9ricaine par l'arm\u00e9e de l'air et l'arm\u00e9e de l'air et ont \u00e9t\u00e9 int\u00e9gr\u00e9s dans les entrep\u00f4ts, les d\u00e9p\u00f4ts et les plans de traitement de l'eau.{:}\",\"breadcrumb\":{\"@id\":\"https:\/\/www.solarwall.com\/industries\/military\/#breadcrumb\"},\"inLanguage\":\"es\",\"potentialAction\":[{\"@type\":\"ReadAction\",\"target\":[\"https:\/\/www.solarwall.com\/industries\/military\/\"]}]},{\"@type\":\"BreadcrumbList\",\"@id\":\"https:\/\/www.solarwall.com\/industries\/military\/#breadcrumb\",\"itemListElement\":[{\"@type\":\"ListItem\",\"position\":1,\"name\":\"Home\",\"item\":\"https:\/\/www.solarwall.com\/\"},{\"@type\":\"ListItem\",\"position\":2,\"name\":\"Industries\",\"item\":\"https:\/\/www.solarwall.com\/industries\/\"},{\"@type\":\"ListItem\",\"position\":3,\"name\":\"Military\"}]},{\"@type\":\"WebSite\",\"@id\":\"https:\/\/www.solarwall.com\/#website\",\"url\":\"https:\/\/www.solarwall.com\/\",\"name\":\"SolarWall\",\"description\":\"\",\"publisher\":{\"@id\":\"https:\/\/www.solarwall.com\/#organization\"},\"potentialAction\":[{\"@type\":\"SearchAction\",\"target\":{\"@type\":\"EntryPoint\",\"urlTemplate\":\"https:\/\/www.solarwall.com\/?s={search_term_string}\"},\"query-input\":{\"@type\":\"PropertyValueSpecification\",\"valueRequired\":true,\"valueName\":\"search_term_string\"}}],\"inLanguage\":\"es\"},{\"@type\":\"Organization\",\"@id\":\"https:\/\/www.solarwall.com\/#organization\",\"name\":\"SolarWall\",\"url\":\"https:\/\/www.solarwall.com\/\",\"logo\":{\"@type\":\"ImageObject\",\"inLanguage\":\"es\",\"@id\":\"https:\/\/www.solarwall.com\/#\/schema\/logo\/image\/\",\"url\":\"https:\/\/www.solarwall.com\/wp-content\/uploads\/2018\/07\/logo.png\",\"contentUrl\":\"https:\/\/www.solarwall.com\/wp-content\/uploads\/2018\/07\/logo.png\",\"width\":215,\"height\":105,\"caption\":\"SolarWall\"},\"image\":{\"@id\":\"https:\/\/www.solarwall.com\/#\/schema\/logo\/image\/\"}}]}<\/script>\n<!-- \/ Yoast SEO plugin. -->","yoast_head_json":{"title":"Militar - SolarWall","description":"Los sistemas SolarWall son ampliamente utilizados en todo el ej\u00e9rcito de los Estados Unidos por el Ej\u00e9rcito, la Fuerza A\u00e9rea, y se han integrado en los dep\u00f3sitos, dep\u00f3sitos y planes de tratamiento de agua.","robots":{"index":"index","follow":"follow","max-snippet":"max-snippet:-1","max-image-preview":"max-image-preview:large","max-video-preview":"max-video-preview:-1"},"canonical":"https:\/\/www.solarwall.com\/es\/industries\/military\/","og_locale":"es_ES","og_type":"article","og_title":"[:en]Military - SolarWall[:es]Militar - SolarWall[:fr]Militaire - SolarWall[:]","og_description":"{:en}SolarWall systems are extensively used across United States Military by the Army, Air Force, and have been integrated into the warehouses, depots, and water treatment plans.{:es}Los sistemas SolarWall son ampliamente utilizados en todo el ej\u00e9rcito de los Estados Unidos por el Ej\u00e9rcito, la Fuerza A\u00e9rea, y se han integrado en los dep\u00f3sitos, dep\u00f3sitos y planes de tratamiento de agua.{:fr}Les syst\u00e8mes SolarWall sont largement utilis\u00e9s dans l'arm\u00e9e am\u00e9ricaine par l'arm\u00e9e de l'air et l'arm\u00e9e de l'air et ont \u00e9t\u00e9 int\u00e9gr\u00e9s dans les entrep\u00f4ts, les d\u00e9p\u00f4ts et les plans de traitement de l'eau.{:}","og_url":"https:\/\/www.solarwall.com\/industries\/military\/","og_site_name":"SolarWall","article_modified_time":"2025-04-05T15:46:57+00:00","twitter_card":"summary_large_image","twitter_misc":{"Tiempo de lectura":"7 minutos"},"schema":{"@context":"https:\/\/schema.org","@graph":[{"@type":"WebPage","@id":"https:\/\/www.solarwall.com\/industries\/military\/","url":"https:\/\/www.solarwall.com\/industries\/military\/","name":"[:en]Military - SolarWall[:es]Militar - SolarWall[:fr]Militaire - SolarWall[:]","isPartOf":{"@id":"https:\/\/www.solarwall.com\/#website"},"datePublished":"2018-07-20T06:59:49+00:00","dateModified":"2025-04-05T15:46:57+00:00","description":"{:en}SolarWall systems are extensively used across United States Military by the Army, Air Force, and have been integrated into the warehouses, depots, and water treatment plans.{:es}Los sistemas SolarWall son ampliamente utilizados en todo el ej\u00e9rcito de los Estados Unidos por el Ej\u00e9rcito, la Fuerza A\u00e9rea, y se han integrado en los dep\u00f3sitos, dep\u00f3sitos y planes de tratamiento de agua.{:fr}Les syst\u00e8mes SolarWall sont largement utilis\u00e9s dans l'arm\u00e9e am\u00e9ricaine par l'arm\u00e9e de l'air et l'arm\u00e9e de l'air et ont \u00e9t\u00e9 int\u00e9gr\u00e9s dans les entrep\u00f4ts, les d\u00e9p\u00f4ts et les plans de traitement de l'eau.{:}","breadcrumb":{"@id":"https:\/\/www.solarwall.com\/industries\/military\/#breadcrumb"},"inLanguage":"es","potentialAction":[{"@type":"ReadAction","target":["https:\/\/www.solarwall.com\/industries\/military\/"]}]},{"@type":"BreadcrumbList","@id":"https:\/\/www.solarwall.com\/industries\/military\/#breadcrumb","itemListElement":[{"@type":"ListItem","position":1,"name":"Home","item":"https:\/\/www.solarwall.com\/"},{"@type":"ListItem","position":2,"name":"Industries","item":"https:\/\/www.solarwall.com\/industries\/"},{"@type":"ListItem","position":3,"name":"Military"}]},{"@type":"WebSite","@id":"https:\/\/www.solarwall.com\/#website","url":"https:\/\/www.solarwall.com\/","name":"SolarWall","description":"","publisher":{"@id":"https:\/\/www.solarwall.com\/#organization"},"potentialAction":[{"@type":"SearchAction","target":{"@type":"EntryPoint","urlTemplate":"https:\/\/www.solarwall.com\/?s={search_term_string}"},"query-input":{"@type":"PropertyValueSpecification","valueRequired":true,"valueName":"search_term_string"}}],"inLanguage":"es"},{"@type":"Organization","@id":"https:\/\/www.solarwall.com\/#organization","name":"SolarWall","url":"https:\/\/www.solarwall.com\/","logo":{"@type":"ImageObject","inLanguage":"es","@id":"https:\/\/www.solarwall.com\/#\/schema\/logo\/image\/","url":"https:\/\/www.solarwall.com\/wp-content\/uploads\/2018\/07\/logo.png","contentUrl":"https:\/\/www.solarwall.com\/wp-content\/uploads\/2018\/07\/logo.png","width":215,"height":105,"caption":"SolarWall"},"image":{"@id":"https:\/\/www.solarwall.com\/#\/schema\/logo\/image\/"}}]}},"_links":{"self":[{"href":"https:\/\/www.solarwall.com\/es\/wp-json\/wp\/v2\/pages\/277","targetHints":{"allow":["GET"]}}],"collection":[{"href":"https:\/\/www.solarwall.com\/es\/wp-json\/wp\/v2\/pages"}],"about":[{"href":"https:\/\/www.solarwall.com\/es\/wp-json\/wp\/v2\/types\/page"}],"author":[{"embeddable":true,"href":"https:\/\/www.solarwall.com\/es\/wp-json\/wp\/v2\/users\/1"}],"replies":[{"embeddable":true,"href":"https:\/\/www.solarwall.com\/es\/wp-json\/wp\/v2\/comments?post=277"}],"version-history":[{"count":6,"href":"https:\/\/www.solarwall.com\/es\/wp-json\/wp\/v2\/pages\/277\/revisions"}],"predecessor-version":[{"id":1972,"href":"https:\/\/www.solarwall.com\/es\/wp-json\/wp\/v2\/pages\/277\/revisions\/1972"}],"up":[{"embeddable":true,"href":"https:\/\/www.solarwall.com\/es\/wp-json\/wp\/v2\/pages\/39"}],"wp:attachment":[{"href":"https:\/\/www.solarwall.com\/es\/wp-json\/wp\/v2\/media?parent=277"}],"curies":[{"name":"wp","href":"https:\/\/api.w.org\/{rel}","templated":true}]}}