{"id":324,"date":"2018-07-23T10:44:39","date_gmt":"2018-07-23T10:44:39","guid":{"rendered":"http:\/\/www.solarwall.com\/?page_id=324"},"modified":"2025-04-05T11:52:05","modified_gmt":"2025-04-05T15:52:05","slug":"architectural-versatility","status":"publish","type":"page","link":"https:\/\/www.solarwall.com\/es\/why-solarwall\/architectural-versatility\/","title":{"rendered":"Architectural Versatility"},"content":{"rendered":"<p>[vc_row full_width=\u00bbstretch_row_content_no_spaces\u00bb][vc_column][rev_slider_vc alias=\u00bbarchitectural-versatility\u00bb][\/vc_column][\/vc_row][vc_row el_class=\u00bbrow-spacing-up\u00bb][vc_column width=\u00bb2\/3&#8243;][vc_column_text el_class=\u00bbf-size18&#8243;]<\/p>\n<h3>SolarWall<sup>\u00ae<\/sup> para la versatilidad arquitect\u00f3nica<\/h3>\n<p>La tecnolog\u00eda SolarWall<sup>\u00ae<\/sup> es muy vers\u00e1til desde el punto de vista arquitect\u00f3nico y puede dise\u00f1arse y moldearse en una variedad de colores y perfiles para aumentar la envolvente del edificio y generar energ\u00eda. SolarWall se ha utilizado en proyectos de arquitectura en todo el mundo con un historial constante de resultados exitosos y dise\u00f1os llamativos; algunos se integran a la perfecci\u00f3n en la envolvente del edificio y otros est\u00e1n curvados o en \u00e1ngulo para lograr la apariencia deseada.<\/p>\n<p>La tecnolog\u00eda SolarWall debido a su flexibilidad de dise\u00f1o, facilidad de integraci\u00f3n y aplicabilidad a los diversos est\u00e1ndares de construcci\u00f3n ecol\u00f3gica, es apoyada por los arquitectos que desean utilizar energ\u00eda renovable. El resultado final es sinfin de edificios LEED premiados donde el sistema SolarWall HA SIDO un componente vital para el \u00e9xito del proyecto.[\/vc_column_text][\/vc_column][vc_column width=\u00bb1\/3&#8243;][vc_widget_sidebar sidebar_id=\u00bbsidebar-ind\u00bb][\/vc_column][\/vc_row][vc_row full_width=\u00bbstretch_row\u00bb el_class=\u00bbrow-spacing review-bgcurve\u00bb css=\u00bb.vc_custom_1535090165494{background-image: url(https:\/\/www.solarwall.com\/wp-content\/uploads\/2018\/08\/architect-figure-largebg.jpg?id=782) !important;background-position: center !important;background-repeat: no-repeat !important;background-size: cover !important;}\u00bb][vc_column][vc_column_text el_class=\u00bbsp-testimonial-free-wrapper\u00bb]<span class=\"top-tag-content\">cr\u00edtica destacada<\/span><\/p>\n<div class=\"tfree-client-testimonial\">\n<p class=\"tfree-testimonial-content\">\u201cLa integraci\u00f3n de Solarwall en una fachada dificil es una indicaci\u00f3n de la versatilidad y adaptabilidad del producto. El detalle no es m\u00e1s dif\u00edcil que cualquier producto de revestimiento met\u00e1lico y los beneficios son extraordinarios, dados los detalles de la instalaci\u00f3n y los ideales operativos presentados por Solarwall.<br \/>\nLa asimilaci\u00f3n de la fachada Solarwall dentro del lenguaje arquitect\u00f3nico del proyecto es un alivio positivo para otras tecnolog\u00edas solares que tienden a abrumar las limitaciones de dise\u00f1o y presupuesto que la mayor\u00eda de los proyectos deben respetar. Y dado que debemos proporcionar un revestimiento al ensamblaje de la pared exterior, el hecho de que Solarwall proporcione un revestimiento \u00abfuncional\u00bb hace que esta elecci\u00f3n sea una decisi\u00f3n f\u00e1cil y responsable.\u201d<\/p>\n<h4 class=\"tfree-client-name\">Carol Kleinfeldt, directora de KMA Architects<\/h4>\n<\/div>\n<p>[\/vc_column_text][\/vc_column][\/vc_row][vc_row full_width=\u00bbstretch_row\u00bb el_class=\u00bbrow-spacing\u00bb css=\u00bb.vc_custom_1531904945590{background-color: #ebebeb !important;}\u00bb][vc_column][vc_widget_sidebar sidebar_id=\u00bbquote-widget\u00bb el_class=\u00bbtext-center f-size18&#8243;][\/vc_column][\/vc_row][vc_row el_class=\u00bbmembers-area-footer\u00bb][vc_column width=\u00bb1\/2&#8243;][vc_custom_heading text=\u00bbMiembros de\u00bb font_container=\u00bbtag:h4|text_align:center|color:%23000000&#8243; use_theme_fonts=\u00bbyes\u00bb][vc_gallery type=\u00bbimage_grid\u00bb images=\u00bb135,139,140&#8243; img_size=\u00bbfull\u00bb onclick=\u00bb\u00bb][\/vc_column][vc_column width=\u00bb1\/2&#8243;][vc_custom_heading text=\u00bbCertificaciones\u00bb font_container=\u00bbtag:h4|text_align:center|color:%23000000&#8243; use_theme_fonts=\u00bbyes\u00bb][vc_gallery type=\u00bbimage_grid\u00bb images=\u00bb137,136,138,141&#8243; img_size=\u00bbfull\u00bb onclick=\u00bb\u00bb][\/vc_column][\/vc_row]<\/p>","protected":false},"excerpt":{"rendered":"<p>[vc_row full_width=\u00bbstretch_row_content_no_spaces\u00bb][vc_column][rev_slider_vc alias=\u00bbarchitectural-versatility\u00bb][\/vc_column][\/vc_row][vc_row el_class=\u00bbrow-spacing-up\u00bb][vc_column width=\u00bb2\/3&#8243;][vc_column_text el_class=\u00bbf-size18&#8243;] SolarWall\u00ae para la versatilidad arquitect\u00f3nica La tecnolog\u00eda SolarWall\u00ae es muy vers\u00e1til desde el punto de vista arquitect\u00f3nico y puede dise\u00f1arse y moldearse en una variedad de colores y perfiles para aumentar la envolvente del edificio y generar energ\u00eda. SolarWall se ha utilizado en proyectos de arquitectura en todo el &hellip; <\/p>\n<p class=\"link-more\"><a href=\"https:\/\/www.solarwall.com\/es\/why-solarwall\/architectural-versatility\/\" class=\"more-link\">Continue reading<span class=\"screen-reader-text\"> \u00abArchitectural Versatility\u00bb<\/span><\/a><\/p>\n","protected":false},"author":1,"featured_media":0,"parent":41,"menu_order":0,"comment_status":"closed","ping_status":"closed","template":"full-wdith.php","meta":{"footnotes":""},"class_list":["post-324","page","type-page","status-publish","hentry"],"yoast_head":"<!-- This site is optimized with the Yoast SEO plugin v24.8.1 - https:\/\/yoast.com\/wordpress\/plugins\/seo\/ -->\n<title>Versatilidad arquitect\u00f3nica - SolarWall<\/title>\n<meta name=\"description\" content=\"La tecnolog\u00eda SolarWall es muy vers\u00e1til arquitect\u00f3nicamente y la demandan los arquitectos que desean utilizar energ\u00eda renovable.\" \/>\n<meta name=\"robots\" content=\"index, follow, max-snippet:-1, max-image-preview:large, max-video-preview:-1\" \/>\n<link rel=\"canonical\" href=\"https:\/\/www.solarwall.com\/es\/why-solarwall\/architectural-versatility\/\" \/>\n<meta property=\"og:locale\" content=\"es_ES\" \/>\n<meta property=\"og:type\" content=\"article\" \/>\n<meta property=\"og:title\" content=\"[:en]Architectural Versatility - SolarWall[:es]Versatilidad arquitect\u00f3nica - SolarWall[:fr]Polyvalence architecturale - SolarWall[:]\" \/>\n<meta property=\"og:description\" content=\"{:en}SolarWall technology is very architecturally versatile and is demanded by architects who want to use renewable energy.{:es}La tecnolog\u00eda SolarWall es muy vers\u00e1til arquitect\u00f3nicamente y la demandan los arquitectos que desean utilizar energ\u00eda renovable.{:fr}La technologie SolarWall est tr\u00e8s polyvalente sur le plan architectural et est demand\u00e9e par les architectes qui souhaitent utiliser des \u00e9nergies renouvelables.{:}\" \/>\n<meta property=\"og:url\" content=\"https:\/\/www.solarwall.com\/why-solarwall\/architectural-versatility\/\" \/>\n<meta property=\"og:site_name\" content=\"SolarWall\" \/>\n<meta property=\"article:modified_time\" content=\"2025-04-05T15:52:05+00:00\" \/>\n<meta name=\"twitter:card\" content=\"summary_large_image\" \/>\n<meta name=\"twitter:label1\" content=\"Tiempo de lectura\" \/>\n\t<meta name=\"twitter:data1\" content=\"7 minutos\" \/>\n<script type=\"application\/ld+json\" class=\"yoast-schema-graph\">{\"@context\":\"https:\/\/schema.org\",\"@graph\":[{\"@type\":\"WebPage\",\"@id\":\"https:\/\/www.solarwall.com\/why-solarwall\/architectural-versatility\/\",\"url\":\"https:\/\/www.solarwall.com\/why-solarwall\/architectural-versatility\/\",\"name\":\"[:en]Architectural Versatility - SolarWall[:es]Versatilidad arquitect\u00f3nica - SolarWall[:fr]Polyvalence architecturale - SolarWall[:]\",\"isPartOf\":{\"@id\":\"https:\/\/www.solarwall.com\/#website\"},\"datePublished\":\"2018-07-23T10:44:39+00:00\",\"dateModified\":\"2025-04-05T15:52:05+00:00\",\"description\":\"{:en}SolarWall technology is very architecturally versatile and is demanded by architects who want to use renewable energy.{:es}La tecnolog\u00eda SolarWall es muy vers\u00e1til arquitect\u00f3nicamente y la demandan los arquitectos que desean utilizar energ\u00eda renovable.{:fr}La technologie SolarWall est tr\u00e8s polyvalente sur le plan architectural et est demand\u00e9e par les architectes qui souhaitent utiliser des \u00e9nergies renouvelables.{:}\",\"breadcrumb\":{\"@id\":\"https:\/\/www.solarwall.com\/why-solarwall\/architectural-versatility\/#breadcrumb\"},\"inLanguage\":\"es\",\"potentialAction\":[{\"@type\":\"ReadAction\",\"target\":[\"https:\/\/www.solarwall.com\/why-solarwall\/architectural-versatility\/\"]}]},{\"@type\":\"BreadcrumbList\",\"@id\":\"https:\/\/www.solarwall.com\/why-solarwall\/architectural-versatility\/#breadcrumb\",\"itemListElement\":[{\"@type\":\"ListItem\",\"position\":1,\"name\":\"Home\",\"item\":\"https:\/\/www.solarwall.com\/\"},{\"@type\":\"ListItem\",\"position\":2,\"name\":\"Why Solarwall\",\"item\":\"https:\/\/www.solarwall.com\/why-solarwall\/\"},{\"@type\":\"ListItem\",\"position\":3,\"name\":\"Architectural Versatility\"}]},{\"@type\":\"WebSite\",\"@id\":\"https:\/\/www.solarwall.com\/#website\",\"url\":\"https:\/\/www.solarwall.com\/\",\"name\":\"SolarWall\",\"description\":\"\",\"publisher\":{\"@id\":\"https:\/\/www.solarwall.com\/#organization\"},\"potentialAction\":[{\"@type\":\"SearchAction\",\"target\":{\"@type\":\"EntryPoint\",\"urlTemplate\":\"https:\/\/www.solarwall.com\/?s={search_term_string}\"},\"query-input\":{\"@type\":\"PropertyValueSpecification\",\"valueRequired\":true,\"valueName\":\"search_term_string\"}}],\"inLanguage\":\"es\"},{\"@type\":\"Organization\",\"@id\":\"https:\/\/www.solarwall.com\/#organization\",\"name\":\"SolarWall\",\"url\":\"https:\/\/www.solarwall.com\/\",\"logo\":{\"@type\":\"ImageObject\",\"inLanguage\":\"es\",\"@id\":\"https:\/\/www.solarwall.com\/#\/schema\/logo\/image\/\",\"url\":\"https:\/\/www.solarwall.com\/wp-content\/uploads\/2018\/07\/logo.png\",\"contentUrl\":\"https:\/\/www.solarwall.com\/wp-content\/uploads\/2018\/07\/logo.png\",\"width\":215,\"height\":105,\"caption\":\"SolarWall\"},\"image\":{\"@id\":\"https:\/\/www.solarwall.com\/#\/schema\/logo\/image\/\"}}]}<\/script>\n<!-- \/ Yoast SEO plugin. -->","yoast_head_json":{"title":"Versatilidad arquitect\u00f3nica - SolarWall","description":"La tecnolog\u00eda SolarWall es muy vers\u00e1til arquitect\u00f3nicamente y la demandan los arquitectos que desean utilizar energ\u00eda renovable.","robots":{"index":"index","follow":"follow","max-snippet":"max-snippet:-1","max-image-preview":"max-image-preview:large","max-video-preview":"max-video-preview:-1"},"canonical":"https:\/\/www.solarwall.com\/es\/why-solarwall\/architectural-versatility\/","og_locale":"es_ES","og_type":"article","og_title":"[:en]Architectural Versatility - SolarWall[:es]Versatilidad arquitect\u00f3nica - SolarWall[:fr]Polyvalence architecturale - SolarWall[:]","og_description":"{:en}SolarWall technology is very architecturally versatile and is demanded by architects who want to use renewable energy.{:es}La tecnolog\u00eda SolarWall es muy vers\u00e1til arquitect\u00f3nicamente y la demandan los arquitectos que desean utilizar energ\u00eda renovable.{:fr}La technologie SolarWall est tr\u00e8s polyvalente sur le plan architectural et est demand\u00e9e par les architectes qui souhaitent utiliser des \u00e9nergies renouvelables.{:}","og_url":"https:\/\/www.solarwall.com\/why-solarwall\/architectural-versatility\/","og_site_name":"SolarWall","article_modified_time":"2025-04-05T15:52:05+00:00","twitter_card":"summary_large_image","twitter_misc":{"Tiempo de lectura":"7 minutos"},"schema":{"@context":"https:\/\/schema.org","@graph":[{"@type":"WebPage","@id":"https:\/\/www.solarwall.com\/why-solarwall\/architectural-versatility\/","url":"https:\/\/www.solarwall.com\/why-solarwall\/architectural-versatility\/","name":"[:en]Architectural Versatility - SolarWall[:es]Versatilidad arquitect\u00f3nica - SolarWall[:fr]Polyvalence architecturale - SolarWall[:]","isPartOf":{"@id":"https:\/\/www.solarwall.com\/#website"},"datePublished":"2018-07-23T10:44:39+00:00","dateModified":"2025-04-05T15:52:05+00:00","description":"{:en}SolarWall technology is very architecturally versatile and is demanded by architects who want to use renewable energy.{:es}La tecnolog\u00eda SolarWall es muy vers\u00e1til arquitect\u00f3nicamente y la demandan los arquitectos que desean utilizar energ\u00eda renovable.{:fr}La technologie SolarWall est tr\u00e8s polyvalente sur le plan architectural et est demand\u00e9e par les architectes qui souhaitent utiliser des \u00e9nergies renouvelables.{:}","breadcrumb":{"@id":"https:\/\/www.solarwall.com\/why-solarwall\/architectural-versatility\/#breadcrumb"},"inLanguage":"es","potentialAction":[{"@type":"ReadAction","target":["https:\/\/www.solarwall.com\/why-solarwall\/architectural-versatility\/"]}]},{"@type":"BreadcrumbList","@id":"https:\/\/www.solarwall.com\/why-solarwall\/architectural-versatility\/#breadcrumb","itemListElement":[{"@type":"ListItem","position":1,"name":"Home","item":"https:\/\/www.solarwall.com\/"},{"@type":"ListItem","position":2,"name":"Why Solarwall","item":"https:\/\/www.solarwall.com\/why-solarwall\/"},{"@type":"ListItem","position":3,"name":"Architectural Versatility"}]},{"@type":"WebSite","@id":"https:\/\/www.solarwall.com\/#website","url":"https:\/\/www.solarwall.com\/","name":"SolarWall","description":"","publisher":{"@id":"https:\/\/www.solarwall.com\/#organization"},"potentialAction":[{"@type":"SearchAction","target":{"@type":"EntryPoint","urlTemplate":"https:\/\/www.solarwall.com\/?s={search_term_string}"},"query-input":{"@type":"PropertyValueSpecification","valueRequired":true,"valueName":"search_term_string"}}],"inLanguage":"es"},{"@type":"Organization","@id":"https:\/\/www.solarwall.com\/#organization","name":"SolarWall","url":"https:\/\/www.solarwall.com\/","logo":{"@type":"ImageObject","inLanguage":"es","@id":"https:\/\/www.solarwall.com\/#\/schema\/logo\/image\/","url":"https:\/\/www.solarwall.com\/wp-content\/uploads\/2018\/07\/logo.png","contentUrl":"https:\/\/www.solarwall.com\/wp-content\/uploads\/2018\/07\/logo.png","width":215,"height":105,"caption":"SolarWall"},"image":{"@id":"https:\/\/www.solarwall.com\/#\/schema\/logo\/image\/"}}]}},"_links":{"self":[{"href":"https:\/\/www.solarwall.com\/es\/wp-json\/wp\/v2\/pages\/324","targetHints":{"allow":["GET"]}}],"collection":[{"href":"https:\/\/www.solarwall.com\/es\/wp-json\/wp\/v2\/pages"}],"about":[{"href":"https:\/\/www.solarwall.com\/es\/wp-json\/wp\/v2\/types\/page"}],"author":[{"embeddable":true,"href":"https:\/\/www.solarwall.com\/es\/wp-json\/wp\/v2\/users\/1"}],"replies":[{"embeddable":true,"href":"https:\/\/www.solarwall.com\/es\/wp-json\/wp\/v2\/comments?post=324"}],"version-history":[{"count":11,"href":"https:\/\/www.solarwall.com\/es\/wp-json\/wp\/v2\/pages\/324\/revisions"}],"predecessor-version":[{"id":1984,"href":"https:\/\/www.solarwall.com\/es\/wp-json\/wp\/v2\/pages\/324\/revisions\/1984"}],"up":[{"embeddable":true,"href":"https:\/\/www.solarwall.com\/es\/wp-json\/wp\/v2\/pages\/41"}],"wp:attachment":[{"href":"https:\/\/www.solarwall.com\/es\/wp-json\/wp\/v2\/media?parent=324"}],"curies":[{"name":"wp","href":"https:\/\/api.w.org\/{rel}","templated":true}]}}