{"id":331,"date":"2018-07-23T11:03:48","date_gmt":"2018-07-23T11:03:48","guid":{"rendered":"http:\/\/www.solarwall.com\/?page_id=331"},"modified":"2025-04-28T16:34:04","modified_gmt":"2025-04-28T20:34:04","slug":"green-building-certification","status":"publish","type":"page","link":"https:\/\/www.solarwall.com\/es\/why-solarwall\/green-building-certification\/","title":{"rendered":"Green Building Certification"},"content":{"rendered":"<p>[vc_row full_width=\u00bbstretch_row_content_no_spaces\u00bb][vc_column][rev_slider_vc alias=\u00bbgreen-building\u00bb][\/vc_column][\/vc_row][vc_row el_class=\u00bbrow-spacing-up\u00bb][vc_column width=\u00bb2\/3&#8243;][vc_column_text el_class=\u00bbf-size18&#8243;]<\/p>\n<h3>SolarWall<sup>\u00ae<\/sup> para la certificaci\u00f3n de edificios ecologicos<\/h3>\n<p>Los sistemas de calefacci\u00f3n solar por aire SolarWall<sup>\u00ae<\/sup> han ayudado a facilitar todos los niveles de certificaci\u00f3n LEED\u00ae a trav\u00e9s de todas las versiones del est\u00e1ndar LEED\u00ae. SolarWall puede ayudar a aportar puntos en las siguientes categor\u00edas: Energ\u00eda y Atm\u00f3sfera; Calidad ambiental interior; y Materiales y Recursos.<\/p>\n<p>Actualmente, se est\u00e1n especificando los sistemas en los que la calefacci\u00f3n SolarWall puede ayudar a lograr otros est\u00e1ndares de construcci\u00f3n ecol\u00f3gica, que incluyen<\/p>\n<p><strong>Zero Carbon<\/strong><br \/>\n<a href=\"https:\/\/www.cagbc.org\/zerocarbon\" target=\"_blank\" rel=\"noopener noreferrer\">https:\/\/www.cagbc.org\/zerocarbon<\/a><\/p>\n<p><strong>Passive House<\/strong><br \/>\n<a href=\"http:\/\/www.passivehousecanada.com\/about-passive-house\/\" target=\"_blank\" rel=\"noopener noreferrer\">http:\/\/www.passivehousecanada.com\/about-passive-house\/<\/a><\/p>\n<p><strong>Well Standard<\/strong><br \/>\n<a href=\"https:\/\/www.wellcertified.com\/en\" target=\"_blank\" rel=\"noopener noreferrer\">https:\/\/www.wellcertified.com\/en<\/a>[\/vc_column_text][\/vc_column][vc_column width=\u00bb1\/3&#8243;][vc_widget_sidebar sidebar_id=\u00bbsidebar-ind\u00bb][\/vc_column][\/vc_row][vc_row full_width=\u00bbstretch_row\u00bb el_class=\u00bbrow-spacing review-bgcurve\u00bb css=\u00bb.vc_custom_1535089349329{background-image: url(https:\/\/www.solarwall.com\/wp-content\/uploads\/2018\/08\/green-building-largebg.jpg?id=775) !important;background-position: center !important;background-repeat: no-repeat !important;background-size: cover !important;}\u00bb][vc_column][vc_column_text el_class=\u00bbsp-testimonial-free-wrapper\u00bb]<span class=\"top-tag-content\">cr\u00edtica destacada<\/span><\/p>\n<div class=\"tfree-client-testimonial\">\n<p class=\"tfree-testimonial-content\">Elegimos SolarWall para el Instituto de Capacitaci\u00f3n de Servicios de Bomberos y Emergencias despu\u00e9s de hablar con los representantes de la firma. Asistieron a reuniones tempranas con el equipo de dise\u00f1o, ayudaron en la preparaci\u00f3n de los documentos requeridos para la certificaci\u00f3n LEED\u00ae y en todo momento fueron entusiastas y apoyaron al equipo y al proyecto. S\u00e9 que para que la industria de la construcci\u00f3n sostenible logre realmente sus objetivos, necesitamos fabricantes, proveedores e instaladores innovadores como el equipo de SolarWall.<\/p>\n<h4 class=\"tfree-client-name\">Carol Kleinfeldt, B.Arch., MOAA, MAAA, FRAIC, LEED A.P. Socio, KMA Inc<\/h4>\n<\/div>\n<p>[\/vc_column_text][\/vc_column][\/vc_row][vc_row full_width=\u00bbstretch_row\u00bb el_class=\u00bbrow-spacing\u00bb css=\u00bb.vc_custom_1531904945590{background-color: #ebebeb !important;}\u00bb][vc_column][vc_widget_sidebar sidebar_id=\u00bbquote-widget\u00bb el_class=\u00bbtext-center f-size18&#8243;][\/vc_column][\/vc_row][vc_row el_class=\u00bbmembers-area-footer\u00bb][vc_column width=\u00bb1\/2&#8243;][vc_custom_heading text=\u00bbMiembros de\u00bb font_container=\u00bbtag:h4|text_align:center|color:%23000000&#8243; use_theme_fonts=\u00bbyes\u00bb][vc_gallery type=\u00bbimage_grid\u00bb images=\u00bb135,139,140&#8243; img_size=\u00bbfull\u00bb onclick=\u00bb\u00bb][\/vc_column][vc_column width=\u00bb1\/2&#8243;][vc_custom_heading text=\u00bbCertificaciones\u00bb font_container=\u00bbtag:h4|text_align:center|color:%23000000&#8243; use_theme_fonts=\u00bbyes\u00bb][vc_gallery type=\u00bbimage_grid\u00bb images=\u00bb137,136,138,141&#8243; img_size=\u00bbfull\u00bb onclick=\u00bb\u00bb][\/vc_column][\/vc_row]<\/p>","protected":false},"excerpt":{"rendered":"<p>[vc_row full_width=\u00bbstretch_row_content_no_spaces\u00bb][vc_column][rev_slider_vc alias=\u00bbgreen-building\u00bb][\/vc_column][\/vc_row][vc_row el_class=\u00bbrow-spacing-up\u00bb][vc_column width=\u00bb2\/3&#8243;][vc_column_text el_class=\u00bbf-size18&#8243;] SolarWall\u00ae para la certificaci\u00f3n de edificios ecologicos Los sistemas de calefacci\u00f3n solar por aire SolarWall\u00ae han ayudado a facilitar todos los niveles de certificaci\u00f3n LEED\u00ae a trav\u00e9s de todas las versiones del est\u00e1ndar LEED\u00ae. SolarWall puede ayudar a aportar puntos en las siguientes categor\u00edas: Energ\u00eda y Atm\u00f3sfera; Calidad ambiental &hellip; <\/p>\n<p class=\"link-more\"><a href=\"https:\/\/www.solarwall.com\/es\/why-solarwall\/green-building-certification\/\" class=\"more-link\">Continue reading<span class=\"screen-reader-text\"> \u00abGreen Building Certification\u00bb<\/span><\/a><\/p>\n","protected":false},"author":1,"featured_media":0,"parent":41,"menu_order":0,"comment_status":"closed","ping_status":"closed","template":"full-wdith.php","meta":{"footnotes":""},"class_list":["post-331","page","type-page","status-publish","hentry"],"yoast_head":"<!-- This site is optimized with the Yoast SEO plugin v24.8.1 - https:\/\/yoast.com\/wordpress\/plugins\/seo\/ -->\n<title>Edificio LEED, Edificio Net Zero Energy, Carbon Zero - SolarWall<\/title>\n<meta name=\"description\" content=\"Con los sistemas de calefacci\u00f3n de SolarWall, es f\u00e1cil convertirse en un edificio LEED certificado. Podemos ayudarlo a lograr una huella neta de carbono cero con fuentes de energ\u00eda renovables.\" \/>\n<meta name=\"robots\" content=\"index, follow, max-snippet:-1, max-image-preview:large, max-video-preview:-1\" \/>\n<link rel=\"canonical\" href=\"https:\/\/www.solarwall.com\/es\/why-solarwall\/green-building-certification\/\" \/>\n<meta property=\"og:locale\" content=\"es_ES\" \/>\n<meta property=\"og:type\" content=\"article\" \/>\n<meta property=\"og:title\" content=\"[:en]LEED Building, Net Zero Energy Building, Carbon Zero - SolarWall[:es]Edificio LEED, Edificio Net Zero Energy, Carbon Zero - SolarWall[:fr]Immeuble LEED, Immeuble Net Zero Energy, Carbon Zero - SolarWall[:]\" \/>\n<meta property=\"og:description\" content=\"{:en}With SolarWall\u2019s heating systems, it is easy to become a certified LEED building. We can help you achieve net zero carbon footprints with renewable energy sources.{:es}Con los sistemas de calefacci\u00f3n de SolarWall, es f\u00e1cil convertirse en un edificio LEED certificado. Podemos ayudarlo a lograr una huella neta de carbono cero con fuentes de energ\u00eda renovables.{:fr}Avec les syst\u00e8mes de chauffage SolarWall, il est facile de devenir un b\u00e2timent certifi\u00e9 LEED. Nous pouvons vous aider \u00e0 atteindre une empreinte carbone nette z\u00e9ro avec des sources d&#039;\u00e9nergie renouvelables.{:}\" \/>\n<meta property=\"og:url\" content=\"https:\/\/www.solarwall.com\/why-solarwall\/green-building-certification\/\" \/>\n<meta property=\"og:site_name\" content=\"SolarWall\" \/>\n<meta property=\"article:modified_time\" content=\"2025-04-28T20:34:04+00:00\" \/>\n<meta name=\"twitter:card\" content=\"summary_large_image\" \/>\n<meta name=\"twitter:label1\" content=\"Tiempo de lectura\" \/>\n\t<meta name=\"twitter:data1\" content=\"9 minutos\" \/>\n<script type=\"application\/ld+json\" class=\"yoast-schema-graph\">{\"@context\":\"https:\/\/schema.org\",\"@graph\":[{\"@type\":\"WebPage\",\"@id\":\"https:\/\/www.solarwall.com\/why-solarwall\/green-building-certification\/\",\"url\":\"https:\/\/www.solarwall.com\/why-solarwall\/green-building-certification\/\",\"name\":\"[:en]LEED Building, Net Zero Energy Building, Carbon Zero - SolarWall[:es]Edificio LEED, Edificio Net Zero Energy, Carbon Zero - SolarWall[:fr]Immeuble LEED, Immeuble Net Zero Energy, Carbon Zero - SolarWall[:]\",\"isPartOf\":{\"@id\":\"https:\/\/www.solarwall.com\/#website\"},\"datePublished\":\"2018-07-23T11:03:48+00:00\",\"dateModified\":\"2025-04-28T20:34:04+00:00\",\"description\":\"{:en}With SolarWall\u2019s heating systems, it is easy to become a certified LEED building. We can help you achieve net zero carbon footprints with renewable energy sources.{:es}Con los sistemas de calefacci\u00f3n de SolarWall, es f\u00e1cil convertirse en un edificio LEED certificado. Podemos ayudarlo a lograr una huella neta de carbono cero con fuentes de energ\u00eda renovables.{:fr}Avec les syst\u00e8mes de chauffage SolarWall, il est facile de devenir un b\u00e2timent certifi\u00e9 LEED. Nous pouvons vous aider \u00e0 atteindre une empreinte carbone nette z\u00e9ro avec des sources d'\u00e9nergie renouvelables.{:}\",\"breadcrumb\":{\"@id\":\"https:\/\/www.solarwall.com\/why-solarwall\/green-building-certification\/#breadcrumb\"},\"inLanguage\":\"es\",\"potentialAction\":[{\"@type\":\"ReadAction\",\"target\":[\"https:\/\/www.solarwall.com\/why-solarwall\/green-building-certification\/\"]}]},{\"@type\":\"BreadcrumbList\",\"@id\":\"https:\/\/www.solarwall.com\/why-solarwall\/green-building-certification\/#breadcrumb\",\"itemListElement\":[{\"@type\":\"ListItem\",\"position\":1,\"name\":\"Home\",\"item\":\"https:\/\/www.solarwall.com\/\"},{\"@type\":\"ListItem\",\"position\":2,\"name\":\"Why Solarwall\",\"item\":\"https:\/\/www.solarwall.com\/why-solarwall\/\"},{\"@type\":\"ListItem\",\"position\":3,\"name\":\"ESG &#038; Green Building Certification\"}]},{\"@type\":\"WebSite\",\"@id\":\"https:\/\/www.solarwall.com\/#website\",\"url\":\"https:\/\/www.solarwall.com\/\",\"name\":\"SolarWall\",\"description\":\"\",\"publisher\":{\"@id\":\"https:\/\/www.solarwall.com\/#organization\"},\"potentialAction\":[{\"@type\":\"SearchAction\",\"target\":{\"@type\":\"EntryPoint\",\"urlTemplate\":\"https:\/\/www.solarwall.com\/?s={search_term_string}\"},\"query-input\":{\"@type\":\"PropertyValueSpecification\",\"valueRequired\":true,\"valueName\":\"search_term_string\"}}],\"inLanguage\":\"es\"},{\"@type\":\"Organization\",\"@id\":\"https:\/\/www.solarwall.com\/#organization\",\"name\":\"SolarWall\",\"url\":\"https:\/\/www.solarwall.com\/\",\"logo\":{\"@type\":\"ImageObject\",\"inLanguage\":\"es\",\"@id\":\"https:\/\/www.solarwall.com\/#\/schema\/logo\/image\/\",\"url\":\"https:\/\/www.solarwall.com\/wp-content\/uploads\/2018\/07\/logo.png\",\"contentUrl\":\"https:\/\/www.solarwall.com\/wp-content\/uploads\/2018\/07\/logo.png\",\"width\":215,\"height\":105,\"caption\":\"SolarWall\"},\"image\":{\"@id\":\"https:\/\/www.solarwall.com\/#\/schema\/logo\/image\/\"}}]}<\/script>\n<!-- \/ Yoast SEO plugin. -->","yoast_head_json":{"title":"Edificio LEED, Edificio Net Zero Energy, Carbon Zero - SolarWall","description":"Con los sistemas de calefacci\u00f3n de SolarWall, es f\u00e1cil convertirse en un edificio LEED certificado. Podemos ayudarlo a lograr una huella neta de carbono cero con fuentes de energ\u00eda renovables.","robots":{"index":"index","follow":"follow","max-snippet":"max-snippet:-1","max-image-preview":"max-image-preview:large","max-video-preview":"max-video-preview:-1"},"canonical":"https:\/\/www.solarwall.com\/es\/why-solarwall\/green-building-certification\/","og_locale":"es_ES","og_type":"article","og_title":"[:en]LEED Building, Net Zero Energy Building, Carbon Zero - SolarWall[:es]Edificio LEED, Edificio Net Zero Energy, Carbon Zero - SolarWall[:fr]Immeuble LEED, Immeuble Net Zero Energy, Carbon Zero - SolarWall[:]","og_description":"{:en}With SolarWall\u2019s heating systems, it is easy to become a certified LEED building. We can help you achieve net zero carbon footprints with renewable energy sources.{:es}Con los sistemas de calefacci\u00f3n de SolarWall, es f\u00e1cil convertirse en un edificio LEED certificado. Podemos ayudarlo a lograr una huella neta de carbono cero con fuentes de energ\u00eda renovables.{:fr}Avec les syst\u00e8mes de chauffage SolarWall, il est facile de devenir un b\u00e2timent certifi\u00e9 LEED. Nous pouvons vous aider \u00e0 atteindre une empreinte carbone nette z\u00e9ro avec des sources d'\u00e9nergie renouvelables.{:}","og_url":"https:\/\/www.solarwall.com\/why-solarwall\/green-building-certification\/","og_site_name":"SolarWall","article_modified_time":"2025-04-28T20:34:04+00:00","twitter_card":"summary_large_image","twitter_misc":{"Tiempo de lectura":"9 minutos"},"schema":{"@context":"https:\/\/schema.org","@graph":[{"@type":"WebPage","@id":"https:\/\/www.solarwall.com\/why-solarwall\/green-building-certification\/","url":"https:\/\/www.solarwall.com\/why-solarwall\/green-building-certification\/","name":"[:en]LEED Building, Net Zero Energy Building, Carbon Zero - SolarWall[:es]Edificio LEED, Edificio Net Zero Energy, Carbon Zero - SolarWall[:fr]Immeuble LEED, Immeuble Net Zero Energy, Carbon Zero - SolarWall[:]","isPartOf":{"@id":"https:\/\/www.solarwall.com\/#website"},"datePublished":"2018-07-23T11:03:48+00:00","dateModified":"2025-04-28T20:34:04+00:00","description":"{:en}With SolarWall\u2019s heating systems, it is easy to become a certified LEED building. We can help you achieve net zero carbon footprints with renewable energy sources.{:es}Con los sistemas de calefacci\u00f3n de SolarWall, es f\u00e1cil convertirse en un edificio LEED certificado. Podemos ayudarlo a lograr una huella neta de carbono cero con fuentes de energ\u00eda renovables.{:fr}Avec les syst\u00e8mes de chauffage SolarWall, il est facile de devenir un b\u00e2timent certifi\u00e9 LEED. Nous pouvons vous aider \u00e0 atteindre une empreinte carbone nette z\u00e9ro avec des sources d'\u00e9nergie renouvelables.{:}","breadcrumb":{"@id":"https:\/\/www.solarwall.com\/why-solarwall\/green-building-certification\/#breadcrumb"},"inLanguage":"es","potentialAction":[{"@type":"ReadAction","target":["https:\/\/www.solarwall.com\/why-solarwall\/green-building-certification\/"]}]},{"@type":"BreadcrumbList","@id":"https:\/\/www.solarwall.com\/why-solarwall\/green-building-certification\/#breadcrumb","itemListElement":[{"@type":"ListItem","position":1,"name":"Home","item":"https:\/\/www.solarwall.com\/"},{"@type":"ListItem","position":2,"name":"Why Solarwall","item":"https:\/\/www.solarwall.com\/why-solarwall\/"},{"@type":"ListItem","position":3,"name":"ESG &#038; Green Building Certification"}]},{"@type":"WebSite","@id":"https:\/\/www.solarwall.com\/#website","url":"https:\/\/www.solarwall.com\/","name":"SolarWall","description":"","publisher":{"@id":"https:\/\/www.solarwall.com\/#organization"},"potentialAction":[{"@type":"SearchAction","target":{"@type":"EntryPoint","urlTemplate":"https:\/\/www.solarwall.com\/?s={search_term_string}"},"query-input":{"@type":"PropertyValueSpecification","valueRequired":true,"valueName":"search_term_string"}}],"inLanguage":"es"},{"@type":"Organization","@id":"https:\/\/www.solarwall.com\/#organization","name":"SolarWall","url":"https:\/\/www.solarwall.com\/","logo":{"@type":"ImageObject","inLanguage":"es","@id":"https:\/\/www.solarwall.com\/#\/schema\/logo\/image\/","url":"https:\/\/www.solarwall.com\/wp-content\/uploads\/2018\/07\/logo.png","contentUrl":"https:\/\/www.solarwall.com\/wp-content\/uploads\/2018\/07\/logo.png","width":215,"height":105,"caption":"SolarWall"},"image":{"@id":"https:\/\/www.solarwall.com\/#\/schema\/logo\/image\/"}}]}},"_links":{"self":[{"href":"https:\/\/www.solarwall.com\/es\/wp-json\/wp\/v2\/pages\/331","targetHints":{"allow":["GET"]}}],"collection":[{"href":"https:\/\/www.solarwall.com\/es\/wp-json\/wp\/v2\/pages"}],"about":[{"href":"https:\/\/www.solarwall.com\/es\/wp-json\/wp\/v2\/types\/page"}],"author":[{"embeddable":true,"href":"https:\/\/www.solarwall.com\/es\/wp-json\/wp\/v2\/users\/1"}],"replies":[{"embeddable":true,"href":"https:\/\/www.solarwall.com\/es\/wp-json\/wp\/v2\/comments?post=331"}],"version-history":[{"count":37,"href":"https:\/\/www.solarwall.com\/es\/wp-json\/wp\/v2\/pages\/331\/revisions"}],"predecessor-version":[{"id":1996,"href":"https:\/\/www.solarwall.com\/es\/wp-json\/wp\/v2\/pages\/331\/revisions\/1996"}],"up":[{"embeddable":true,"href":"https:\/\/www.solarwall.com\/es\/wp-json\/wp\/v2\/pages\/41"}],"wp:attachment":[{"href":"https:\/\/www.solarwall.com\/es\/wp-json\/wp\/v2\/media?parent=331"}],"curies":[{"name":"wp","href":"https:\/\/api.w.org\/{rel}","templated":true}]}}