{"id":358,"date":"2018-07-26T09:06:01","date_gmt":"2018-07-26T09:06:01","guid":{"rendered":"http:\/\/www.solarwall.com\/?page_id=358"},"modified":"2025-04-05T11:48:30","modified_gmt":"2025-04-05T15:48:30","slug":"arctic-subarctic","status":"publish","type":"page","link":"https:\/\/www.solarwall.com\/es\/industries\/arctic-subarctic\/","title":{"rendered":"Arctic &#038; Subarctic"},"content":{"rendered":"<p>[vc_row full_width=\u00bbstretch_row_content_no_spaces\u00bb][vc_column][rev_slider_vc alias=\u00bbarctic\u00bb][\/vc_column][\/vc_row][vc_row el_class=\u00bbrow-spacing-up\u00bb][vc_column width=\u00bb2\/3&#8243;][vc_column_text el_class=\u00bbf-size18&#8243;]<\/p>\n<h3>Ayudando a las comunidades del norte<\/h3>\n<p>Las comunidades lejanas del \u00c1rtico y Sub-Artico enfrentan a un reto; clima fr\u00edo durante una parte importante del a\u00f1o combinado con la cara opci\u00f3n del uso de fuentes de combustible tradicionales. La temporada de calefacci\u00f3n en el lejano norte suele ser m\u00e1s de 9 meses del a\u00f1o, lo que significa un gasto enorme asociado con la calefacci\u00f3n interior y la ventilaci\u00f3n. Y esta situaci\u00f3n se ve agravada porque muchas de estas comunidades tienen que depender de combustibles muy costosos e intensivos en carbono que llegan en camiones a grandes distancias.<\/p>\n<p>La tecnolog\u00eda SolarWall funciona especialmente bien en climas fr\u00edos y del norte debido a la baja inclinaci\u00f3n del sol en las estaciones de primavera y oto\u00f1o, porque serefleja la luz solar en la nieve. Esto mejora el rendimiento del sistema durante dichos meses en un 50-70%, y esto se ve reforzado porque los dias son m\u00e1s largos y por tanto hay m\u00e1s luz solar durante la primavera, el verano y el oto\u00f1o. Los retornos tambi\u00e9n son importantes, debido la alta proporci\u00f3n de d\u00edas en primavera, verano y oto\u00f1o que son extremadamente soleados, pero muy fr\u00edos. Esto compensa el poco uso del sistema durante los meses de invierno, cuando las horas de luz solar son menores.<\/p>\n<p>La generaci\u00f3n de energ\u00eda t\u00e9rmica con sistemas SolarWall es muy convincente en t\u00e9rminos de reducci\u00f3n de gastos de energ\u00eda y las correspondientes emisiones de carbono. Las aplicaciones anteriormente mencionadas incluyen colegios, centros recreativos, prisiones, aeropuertos, instalaciones de investigaci\u00f3n y edificios gubernamentales.<\/p>\n<p>La tecnolog\u00f1ia SolarWall se hautilizado sobre el C\u00edrculo \u00c1rtico, en Alaska, Yukon, Territorios del Noroeste, Nunavut y en el Polo Sur, por lo que es una opci\u00f3n confiable para uan calefacci\u00f3n limpia que es lo suficientemente resistente como para hacer frente a cualquier clima extremo.[\/vc_column_text][\/vc_column][vc_column width=\u00bb1\/3&#8243;][vc_widget_sidebar sidebar_id=\u00bbsidebar-ind\u00bb][\/vc_column][\/vc_row][vc_row full_width=\u00bbstretch_row\u00bb el_class=\u00bbrow-spacing review-bgcurve\u00bb css=\u00bb.vc_custom_1540357517974{background-image: url(https:\/\/www.solarwall.com\/wp-content\/uploads\/2018\/10\/Arctic-shutterstock_790216123.jpg?id=1095) !important;background-position: center !important;background-repeat: no-repeat !important;background-size: cover !important;}\u00bb][vc_column][vc_column_text el_class=\u00bbsp-testimonial-free-wrapper\u00bb]<span class=\"top-tag-content\">cr\u00edtica destacada<\/span><\/p>\n<div class=\"tfree-client-testimonial\">\n<p class=\"tfree-testimonial-content\">The simplest, most efficient &#8211; and least expensive &#8211; way to preheat outside air for industrial and commercial applications is through the use of a perforated-plate absorber or a solar air heating system such as the SolarWall.<\/p>\n<h4 class=\"tfree-client-name\">Natural Resources Canada<\/h4>\n<\/div>\n<p>[\/vc_column_text][\/vc_column][\/vc_row][vc_row full_width=\u00bbstretch_row\u00bb el_class=\u00bbrow-spacing\u00bb css=\u00bb.vc_custom_1531904945590{background-color: #ebebeb !important;}\u00bb][vc_column][vc_widget_sidebar sidebar_id=\u00bbquote-widget\u00bb el_class=\u00bbtext-center f-size18&#8243;][\/vc_column][\/vc_row][vc_row el_class=\u00bbmembers-area-footer\u00bb][vc_column width=\u00bb1\/2&#8243;][vc_custom_heading text=\u00bbMiembros de\u00bb font_container=\u00bbtag:h4|text_align:center|color:%23000000&#8243; use_theme_fonts=\u00bbyes\u00bb][vc_gallery type=\u00bbimage_grid\u00bb images=\u00bb135,139,140&#8243; img_size=\u00bbfull\u00bb onclick=\u00bb\u00bb][\/vc_column][vc_column width=\u00bb1\/2&#8243;][vc_custom_heading text=\u00bbCertificaciones\u00bb font_container=\u00bbtag:h4|text_align:center|color:%23000000&#8243; use_theme_fonts=\u00bbyes\u00bb][vc_gallery type=\u00bbimage_grid\u00bb images=\u00bb137,136,138,141&#8243; img_size=\u00bbfull\u00bb onclick=\u00bb\u00bb][\/vc_column][\/vc_row]<\/p>","protected":false},"excerpt":{"rendered":"<p>[vc_row full_width=\u00bbstretch_row_content_no_spaces\u00bb][vc_column][rev_slider_vc alias=\u00bbarctic\u00bb][\/vc_column][\/vc_row][vc_row el_class=\u00bbrow-spacing-up\u00bb][vc_column width=\u00bb2\/3&#8243;][vc_column_text el_class=\u00bbf-size18&#8243;] Ayudando a las comunidades del norte Las comunidades lejanas del \u00c1rtico y Sub-Artico enfrentan a un reto; clima fr\u00edo durante una parte importante del a\u00f1o combinado con la cara opci\u00f3n del uso de fuentes de combustible tradicionales. La temporada de calefacci\u00f3n en el lejano norte suele ser m\u00e1s de &hellip; <\/p>\n<p class=\"link-more\"><a href=\"https:\/\/www.solarwall.com\/es\/industries\/arctic-subarctic\/\" class=\"more-link\">Continue reading<span class=\"screen-reader-text\"> \u00abArctic &#038; Subarctic\u00bb<\/span><\/a><\/p>\n","protected":false},"author":1,"featured_media":0,"parent":39,"menu_order":0,"comment_status":"closed","ping_status":"closed","template":"full-wdith.php","meta":{"footnotes":""},"class_list":["post-358","page","type-page","status-publish","hentry"],"yoast_head":"<!-- This site is optimized with the Yoast SEO plugin v24.8.1 - https:\/\/yoast.com\/wordpress\/plugins\/seo\/ -->\n<title>\u00c1rtico y Sub\u00e1rtico - SolarWall<\/title>\n<meta name=\"description\" content=\"La tecnolog\u00eda SolarWall est\u00e1 ayudando a las comunidades del norte y ayuda a mitigar los desaf\u00edos energ\u00e9ticos \u00fanicos que ocurren.\" \/>\n<meta name=\"robots\" content=\"index, follow, max-snippet:-1, max-image-preview:large, max-video-preview:-1\" \/>\n<link rel=\"canonical\" href=\"https:\/\/www.solarwall.com\/es\/industries\/arctic-subarctic\/\" \/>\n<meta property=\"og:locale\" content=\"es_ES\" \/>\n<meta property=\"og:type\" content=\"article\" \/>\n<meta property=\"og:title\" content=\"[:en]Arctic &amp; Subarctic - SolarWall[:es]\u00c1rtico y Sub\u00e1rtico - SolarWall[:fr]Arctique et subarctique - SolarWall[:]\" \/>\n<meta property=\"og:description\" content=\"{:en}SolarWall technology is helping the northern communities and helps to mitigate the unique energy challenges that occur.{:es}La tecnolog\u00eda SolarWall est\u00e1 ayudando a las comunidades del norte y ayuda a mitigar los desaf\u00edos energ\u00e9ticos \u00fanicos que ocurren.{:fr}La technologie SolarWall aide les collectivit\u00e9s du Nord et aide \u00e0 att\u00e9nuer les d\u00e9fis \u00e9nerg\u00e9tiques uniques qui se produisent.{:}\" \/>\n<meta property=\"og:url\" content=\"https:\/\/www.solarwall.com\/industries\/arctic-subarctic\/\" \/>\n<meta property=\"og:site_name\" content=\"SolarWall\" \/>\n<meta property=\"article:modified_time\" content=\"2025-04-05T15:48:30+00:00\" \/>\n<meta name=\"twitter:card\" content=\"summary_large_image\" \/>\n<meta name=\"twitter:label1\" content=\"Tiempo de lectura\" \/>\n\t<meta name=\"twitter:data1\" content=\"8 minutos\" \/>\n<script type=\"application\/ld+json\" class=\"yoast-schema-graph\">{\"@context\":\"https:\/\/schema.org\",\"@graph\":[{\"@type\":\"WebPage\",\"@id\":\"https:\/\/www.solarwall.com\/industries\/arctic-subarctic\/\",\"url\":\"https:\/\/www.solarwall.com\/industries\/arctic-subarctic\/\",\"name\":\"[:en]Arctic & Subarctic - SolarWall[:es]\u00c1rtico y Sub\u00e1rtico - SolarWall[:fr]Arctique et subarctique - SolarWall[:]\",\"isPartOf\":{\"@id\":\"https:\/\/www.solarwall.com\/#website\"},\"datePublished\":\"2018-07-26T09:06:01+00:00\",\"dateModified\":\"2025-04-05T15:48:30+00:00\",\"description\":\"{:en}SolarWall technology is helping the northern communities and helps to mitigate the unique energy challenges that occur.{:es}La tecnolog\u00eda SolarWall est\u00e1 ayudando a las comunidades del norte y ayuda a mitigar los desaf\u00edos energ\u00e9ticos \u00fanicos que ocurren.{:fr}La technologie SolarWall aide les collectivit\u00e9s du Nord et aide \u00e0 att\u00e9nuer les d\u00e9fis \u00e9nerg\u00e9tiques uniques qui se produisent.{:}\",\"breadcrumb\":{\"@id\":\"https:\/\/www.solarwall.com\/industries\/arctic-subarctic\/#breadcrumb\"},\"inLanguage\":\"es\",\"potentialAction\":[{\"@type\":\"ReadAction\",\"target\":[\"https:\/\/www.solarwall.com\/industries\/arctic-subarctic\/\"]}]},{\"@type\":\"BreadcrumbList\",\"@id\":\"https:\/\/www.solarwall.com\/industries\/arctic-subarctic\/#breadcrumb\",\"itemListElement\":[{\"@type\":\"ListItem\",\"position\":1,\"name\":\"Home\",\"item\":\"https:\/\/www.solarwall.com\/\"},{\"@type\":\"ListItem\",\"position\":2,\"name\":\"Industries\",\"item\":\"https:\/\/www.solarwall.com\/industries\/\"},{\"@type\":\"ListItem\",\"position\":3,\"name\":\"Arctic &#038; Subarctic\"}]},{\"@type\":\"WebSite\",\"@id\":\"https:\/\/www.solarwall.com\/#website\",\"url\":\"https:\/\/www.solarwall.com\/\",\"name\":\"SolarWall\",\"description\":\"\",\"publisher\":{\"@id\":\"https:\/\/www.solarwall.com\/#organization\"},\"potentialAction\":[{\"@type\":\"SearchAction\",\"target\":{\"@type\":\"EntryPoint\",\"urlTemplate\":\"https:\/\/www.solarwall.com\/?s={search_term_string}\"},\"query-input\":{\"@type\":\"PropertyValueSpecification\",\"valueRequired\":true,\"valueName\":\"search_term_string\"}}],\"inLanguage\":\"es\"},{\"@type\":\"Organization\",\"@id\":\"https:\/\/www.solarwall.com\/#organization\",\"name\":\"SolarWall\",\"url\":\"https:\/\/www.solarwall.com\/\",\"logo\":{\"@type\":\"ImageObject\",\"inLanguage\":\"es\",\"@id\":\"https:\/\/www.solarwall.com\/#\/schema\/logo\/image\/\",\"url\":\"https:\/\/www.solarwall.com\/wp-content\/uploads\/2018\/07\/logo.png\",\"contentUrl\":\"https:\/\/www.solarwall.com\/wp-content\/uploads\/2018\/07\/logo.png\",\"width\":215,\"height\":105,\"caption\":\"SolarWall\"},\"image\":{\"@id\":\"https:\/\/www.solarwall.com\/#\/schema\/logo\/image\/\"}}]}<\/script>\n<!-- \/ Yoast SEO plugin. -->","yoast_head_json":{"title":"\u00c1rtico y Sub\u00e1rtico - SolarWall","description":"La tecnolog\u00eda SolarWall est\u00e1 ayudando a las comunidades del norte y ayuda a mitigar los desaf\u00edos energ\u00e9ticos \u00fanicos que ocurren.","robots":{"index":"index","follow":"follow","max-snippet":"max-snippet:-1","max-image-preview":"max-image-preview:large","max-video-preview":"max-video-preview:-1"},"canonical":"https:\/\/www.solarwall.com\/es\/industries\/arctic-subarctic\/","og_locale":"es_ES","og_type":"article","og_title":"[:en]Arctic & Subarctic - SolarWall[:es]\u00c1rtico y Sub\u00e1rtico - SolarWall[:fr]Arctique et subarctique - SolarWall[:]","og_description":"{:en}SolarWall technology is helping the northern communities and helps to mitigate the unique energy challenges that occur.{:es}La tecnolog\u00eda SolarWall est\u00e1 ayudando a las comunidades del norte y ayuda a mitigar los desaf\u00edos energ\u00e9ticos \u00fanicos que ocurren.{:fr}La technologie SolarWall aide les collectivit\u00e9s du Nord et aide \u00e0 att\u00e9nuer les d\u00e9fis \u00e9nerg\u00e9tiques uniques qui se produisent.{:}","og_url":"https:\/\/www.solarwall.com\/industries\/arctic-subarctic\/","og_site_name":"SolarWall","article_modified_time":"2025-04-05T15:48:30+00:00","twitter_card":"summary_large_image","twitter_misc":{"Tiempo de lectura":"8 minutos"},"schema":{"@context":"https:\/\/schema.org","@graph":[{"@type":"WebPage","@id":"https:\/\/www.solarwall.com\/industries\/arctic-subarctic\/","url":"https:\/\/www.solarwall.com\/industries\/arctic-subarctic\/","name":"[:en]Arctic & Subarctic - SolarWall[:es]\u00c1rtico y Sub\u00e1rtico - SolarWall[:fr]Arctique et subarctique - SolarWall[:]","isPartOf":{"@id":"https:\/\/www.solarwall.com\/#website"},"datePublished":"2018-07-26T09:06:01+00:00","dateModified":"2025-04-05T15:48:30+00:00","description":"{:en}SolarWall technology is helping the northern communities and helps to mitigate the unique energy challenges that occur.{:es}La tecnolog\u00eda SolarWall est\u00e1 ayudando a las comunidades del norte y ayuda a mitigar los desaf\u00edos energ\u00e9ticos \u00fanicos que ocurren.{:fr}La technologie SolarWall aide les collectivit\u00e9s du Nord et aide \u00e0 att\u00e9nuer les d\u00e9fis \u00e9nerg\u00e9tiques uniques qui se produisent.{:}","breadcrumb":{"@id":"https:\/\/www.solarwall.com\/industries\/arctic-subarctic\/#breadcrumb"},"inLanguage":"es","potentialAction":[{"@type":"ReadAction","target":["https:\/\/www.solarwall.com\/industries\/arctic-subarctic\/"]}]},{"@type":"BreadcrumbList","@id":"https:\/\/www.solarwall.com\/industries\/arctic-subarctic\/#breadcrumb","itemListElement":[{"@type":"ListItem","position":1,"name":"Home","item":"https:\/\/www.solarwall.com\/"},{"@type":"ListItem","position":2,"name":"Industries","item":"https:\/\/www.solarwall.com\/industries\/"},{"@type":"ListItem","position":3,"name":"Arctic &#038; Subarctic"}]},{"@type":"WebSite","@id":"https:\/\/www.solarwall.com\/#website","url":"https:\/\/www.solarwall.com\/","name":"SolarWall","description":"","publisher":{"@id":"https:\/\/www.solarwall.com\/#organization"},"potentialAction":[{"@type":"SearchAction","target":{"@type":"EntryPoint","urlTemplate":"https:\/\/www.solarwall.com\/?s={search_term_string}"},"query-input":{"@type":"PropertyValueSpecification","valueRequired":true,"valueName":"search_term_string"}}],"inLanguage":"es"},{"@type":"Organization","@id":"https:\/\/www.solarwall.com\/#organization","name":"SolarWall","url":"https:\/\/www.solarwall.com\/","logo":{"@type":"ImageObject","inLanguage":"es","@id":"https:\/\/www.solarwall.com\/#\/schema\/logo\/image\/","url":"https:\/\/www.solarwall.com\/wp-content\/uploads\/2018\/07\/logo.png","contentUrl":"https:\/\/www.solarwall.com\/wp-content\/uploads\/2018\/07\/logo.png","width":215,"height":105,"caption":"SolarWall"},"image":{"@id":"https:\/\/www.solarwall.com\/#\/schema\/logo\/image\/"}}]}},"_links":{"self":[{"href":"https:\/\/www.solarwall.com\/es\/wp-json\/wp\/v2\/pages\/358","targetHints":{"allow":["GET"]}}],"collection":[{"href":"https:\/\/www.solarwall.com\/es\/wp-json\/wp\/v2\/pages"}],"about":[{"href":"https:\/\/www.solarwall.com\/es\/wp-json\/wp\/v2\/types\/page"}],"author":[{"embeddable":true,"href":"https:\/\/www.solarwall.com\/es\/wp-json\/wp\/v2\/users\/1"}],"replies":[{"embeddable":true,"href":"https:\/\/www.solarwall.com\/es\/wp-json\/wp\/v2\/comments?post=358"}],"version-history":[{"count":5,"href":"https:\/\/www.solarwall.com\/es\/wp-json\/wp\/v2\/pages\/358\/revisions"}],"predecessor-version":[{"id":1976,"href":"https:\/\/www.solarwall.com\/es\/wp-json\/wp\/v2\/pages\/358\/revisions\/1976"}],"up":[{"embeddable":true,"href":"https:\/\/www.solarwall.com\/es\/wp-json\/wp\/v2\/pages\/39"}],"wp:attachment":[{"href":"https:\/\/www.solarwall.com\/es\/wp-json\/wp\/v2\/media?parent=358"}],"curies":[{"name":"wp","href":"https:\/\/api.w.org\/{rel}","templated":true}]}}