{"id":41,"date":"2018-07-16T09:34:44","date_gmt":"2018-07-16T09:34:44","guid":{"rendered":"http:\/\/www.solarwall.com\/?page_id=41"},"modified":"2025-04-05T11:51:57","modified_gmt":"2025-04-05T15:51:57","slug":"why-solarwall","status":"publish","type":"page","link":"https:\/\/www.solarwall.com\/es\/why-solarwall\/","title":{"rendered":"Why Solarwall"},"content":{"rendered":"<p>[vc_row full_width=\u00bbstretch_row_content_no_spaces\u00bb el_class=\u00bbyellow-thick-line\u00bb][vc_column][rev_slider_vc alias=\u00bbwhy-solarwall\u00bb][\/vc_column][\/vc_row][vc_row css=\u00bb.vc_custom_1534237990094{padding-top: 40px !important;padding-bottom: 40px !important;}\u00bb][vc_column][vc_column_text el_class=\u00bbtext-center\u00bb]<\/p>\n<h3>Beneficios de una calefaccion solar limpia<\/h3>\n<p>[\/vc_column_text][\/vc_column][\/vc_row][vc_row full_width=\u00bbstretch_row_content_no_spaces\u00bb css=\u00bb.vc_custom_1534389315048{background-color: #f3f3f3 !important;}\u00bb][vc_column width=\u00bb1\/2&#8243; el_class=\u00bbsolar-bene-content-left\u00bb][vc_custom_heading text=\u00bbCreador del<br \/>\nSector de la calefacci\u00f3n solar\u00bb font_container=\u00bbtag:h3|font_size:35px|text_align:left|color:%23000000&#8243; use_theme_fonts=\u00bbyes\u00bb][vc_column_text el_class=\u00bbf-size20&#8243;]La invenci\u00f3n y comercializaci\u00f3n de la tecnolog\u00eda SolarWall\u00ae por Conserval Engineering consolid\u00f3 a nivel mundial la calefacci\u00f3n solar por aire para edificios comerciales e industriales.[\/vc_column_text][\/vc_column][vc_column width=\u00bb1\/2&#8243; el_class=\u00bbsolar-bg-images\u00bb css=\u00bb.vc_custom_1534238223477{background-image: url(https:\/\/www.solarwall.com\/wp-content\/uploads\/2018\/08\/creator-image.jpg?id=704) !important;background-position: center !important;background-repeat: no-repeat !important;background-size: cover !important;}\u00bb][\/vc_column][\/vc_row][vc_row full_width=\u00bbstretch_row_content_no_spaces\u00bb css=\u00bb.vc_custom_1534389319369{background-color: #f3f3f3 !important;}\u00bb el_class=\u00bbleft-image-col\u00bb][vc_column width=\u00bb1\/2&#8243; el_class=\u00bbsolar-bene-content-left\u00bb][vc_custom_heading text=\u00bbTecnolog\u00eda \u00fanica<br \/>\nde calefacci\u00f3n solar\u00bb font_container=\u00bbtag:h3|font_size:35px|text_align:left|color:%23000000&#8243; use_theme_fonts=\u00bbyes\u00bb][vc_column_text el_class=\u00bbf-size20&#8243;]El conjunto de tecnolog\u00edas innovadoras de Conserval, sobre todo nuestros sistemas SolarWall\u00ae, reconocidos internacionalmente, siguen siendo incomparables en sencillez, confiabilidad, rendimiento y retorno de la inversi\u00f3n.[\/vc_column_text][\/vc_column][vc_column width=\u00bb1\/2&#8243; el_class=\u00bbsolar-bg-images\u00bb css=\u00bb.vc_custom_1588837222421{background-image: url(https:\/\/www.solarwall.com\/wp-content\/uploads\/2020\/05\/Evolv1-building-cropped-2.jpg?id=1666) !important;background-position: center !important;background-repeat: no-repeat !important;background-size: cover !important;}\u00bb][\/vc_column][\/vc_row][vc_row full_width=\u00bbstretch_row_content_no_spaces\u00bb css=\u00bb.vc_custom_1534389322984{background-color: #f3f3f3 !important;}\u00bb][vc_column width=\u00bb1\/2&#8243; el_class=\u00bbsolar-bene-content-left\u00bb][vc_custom_heading text=\u00bbM\u00e1s de 30 a\u00f1os<br \/>\nde experiencia inigualable\u00bb font_container=\u00bbtag:h3|font_size:35px|text_align:left|color:%23000000&#8243; use_theme_fonts=\u00bbyes\u00bb][vc_column_text el_class=\u00bbf-size20&#8243;]Como l\u00edder del mercado de la calefacci\u00f3n solar por aire, Conserval fabrica y dise\u00f1a sistemas SolarWall para aplicaciones en cada sector del \u00e1mbito comercial e industrial, con m\u00e1s de un mill\u00f3n y medio de metros cuadrados de paneles instalados en todo el mundo.[\/vc_column_text][\/vc_column][vc_column width=\u00bb1\/2&#8243; el_class=\u00bbsolar-bg-images\u00bb css=\u00bb.vc_custom_1534240766664{background-image: url(https:\/\/www.solarwall.com\/wp-content\/uploads\/2018\/08\/exp-solar.jpg?id=710) !important;background-position: center !important;background-repeat: no-repeat !important;background-size: cover !important;}\u00bb][\/vc_column][\/vc_row][vc_row el_class=\u00bbrow-spacing map-wrap\u00bb css=\u00bb.vc_custom_1534241381356{background-image: url(https:\/\/www.solarwall.com\/wp-content\/uploads\/2018\/08\/map-transparent.png?id=712) !important;background-position: 0 0 !important;background-repeat: no-repeat !important;}\u00bb][vc_column width=\u00bb1\/2&#8243;][vc_custom_heading text=\u00bbProyectos en mas<br \/>\nde cuarenta pa\u00edses\u00bb font_container=\u00bbtag:h3|font_size:35px|text_align:left|color:%23000000&#8243; use_theme_fonts=\u00bbyes\u00bb][vc_column_text el_class=\u00bbf-size20&#8243;]Desde el esfuerzo pionero en la decada de 1980 con la calefacci\u00f3n solar por aire, Conserval ha brindado soluciones de ingenier\u00eda personalizada a clientes en los 7 continentes, con proyectos que van desde Alaska hasta el Polo Sur.[\/vc_column_text][\/vc_column][vc_column width=\u00bb1\/2&#8243;][vc_column_text el_class=\u00bbtext-right\u00bb]<\/p>\n<div class=\"count-list\"><strong>40+<\/strong><br \/>\nCountries<\/div>\n<p>[\/vc_column_text][\/vc_column][\/vc_row][vc_row full_width=\u00bbstretch_row\u00bb el_class=\u00bbrow-spacing heating-build\u00bb css=\u00bb.vc_custom_1534242237134{background-image: url(https:\/\/www.solarwall.com\/wp-content\/uploads\/2018\/08\/heating-build-bg.png?id=715) !important;background-position: center !important;background-repeat: no-repeat !important;background-size: cover !important;}\u00bb][vc_column][vc_custom_heading text=\u00bbCalefacci\u00f3n solar en miles<br \/>\nde edificios existentes\u00bb font_container=\u00bbtag:h3|font_size:35px|text_align:center|color:%23ffffff\u00bb use_theme_fonts=\u00bbyes\u00bb css=\u00bb.vc_custom_1550573002222{padding-bottom: 15px !important;}\u00bb][vc_column_text el_class=\u00bbf-size20 text-center\u00bb]Miles de instalaciones existentes han utilizado los sistemas de calefacci\u00f3n SolarWall para conseguir sus objetivos espec\u00edficos de reducci\u00f3n de energ\u00eda. Se han utilizado en edificios industriales, instalaciones de fabricaci\u00f3n, edificios militares, hangares, almacenes, instalaciones de mantenimiento de veh\u00edculos, apartamentos multi-residenciales y edificios de gran altura, colegios, edificios comerciales, aeropuertos, granjas av\u00edcolas, edificios gubernamentales, plantas de tratamiento de agua y aguas residuales, as\u00ed como en aplicaciones industriales con procesos de calor.[\/vc_column_text][\/vc_column][\/vc_row][vc_row full_width=\u00bbstretch_row_content_no_spaces\u00bb css=\u00bb.vc_custom_1534389329669{background-color: #f3f3f3 !important;}\u00bb el_class=\u00bbleft-image-col\u00bb][vc_column width=\u00bb1\/2&#8243; el_class=\u00bbsolar-bene-content-left\u00bb][vc_custom_heading text=\u00bbElimina una fuente importante de emisiones de GEI\u00bb font_container=\u00bbtag:h3|font_size:35px|text_align:left|color:%23000000&#8243; use_theme_fonts=\u00bbyes\u00bb][vc_column_text el_class=\u00bbf-size20&#8243;]El espacio interior y la calefacci\u00f3n, as\u00ed como los procesos de calor, son en el sector de la construcci\u00f3n los que m\u00e1s consumen energ\u00eda basada en f\u00f3siles, lo que tambi\u00e9n lo convierte en una fuente importante de emisiones de GEI. Los sistemas SolarWall\u00ae disminuyen entre 20 y 50% el consumo del combustible para calefacci\u00f3n y sus correspondientes emisiones de GEI.[\/vc_column_text][\/vc_column][vc_column width=\u00bb1\/2&#8243; el_class=\u00bbsolar-bg-images\u00bb css=\u00bb.vc_custom_1588837272147{background-image: url(https:\/\/www.solarwall.com\/wp-content\/uploads\/2020\/05\/MS-SolarWall-sections-with-color-detailing.jpg?id=1667) !important;background-position: center !important;background-repeat: no-repeat !important;background-size: cover !important;}\u00bb][\/vc_column][\/vc_row][vc_row full_width=\u00bbstretch_row_content_no_spaces\u00bb css=\u00bb.vc_custom_1534389334281{background-color: #f3f3f3 !important;}\u00bb][vc_column width=\u00bb1\/2&#8243; el_class=\u00bbsolar-bene-content-left\u00bb][vc_custom_heading text=\u00bbUna de las mayores innovaciones energeticas\u00bb font_container=\u00bbtag:h3|font_size:35px|text_align:left|color:%23000000&#8243; use_theme_fonts=\u00bbyes\u00bb][vc_column_text el_class=\u00bbf-size20&#8243;]En 2014, la Sociedad Americana de Ingenieros Mec\u00e1nicos (ASME) reconoci\u00f3 al sistema SolarWall\u00ae como una de las 9 mejores innovaciones energ\u00e9ticas de los \u00faltimos 200 a\u00f1os, junto con el motor a reacci\u00f3n, el generador el\u00e9ctrico y la bombilla. La tecnolog\u00eda SolarWall\u00ae ha recibido constantemente numerosos premios de la industria en las \u00faltimas dos d\u00e9cadas, incluidas Popular Science y R&amp;D Magazine.[\/vc_column_text][\/vc_column][vc_column width=\u00bb1\/2&#8243; el_class=\u00bbsolar-bg-images\u00bb css=\u00bb.vc_custom_1534242521645{background-image: url(https:\/\/www.solarwall.com\/wp-content\/uploads\/2018\/08\/energy-innov.png?id=719) !important;background-position: center !important;background-repeat: no-repeat !important;background-size: cover !important;}\u00bb][\/vc_column][\/vc_row][vc_row full_width=\u00bbstretch_row_content_no_spaces\u00bb css=\u00bb.vc_custom_1534389337849{background-color: #f3f3f3 !important;}\u00bb el_class=\u00bbleft-image-col\u00bb][vc_column width=\u00bb1\/2&#8243; el_class=\u00bbsolar-bene-content-left\u00bb][vc_custom_heading text=\u00bbVersatilidad arquitect\u00f3nica e integraci\u00f3n en los edificios\u00bb font_container=\u00bbtag:h3|font_size:35px|text_align:left|color:%23000000&#8243; use_theme_fonts=\u00bbyes\u00bb][vc_column_text el_class=\u00bbf-size20&#8243;]La tecnolog\u00eda SolarWall\u00ae no es un sistema \u00ablisto para usar\u00bb. Es un sistema de revestimiento de energ\u00eda renovable que se puede integrar en el ensamblaje exterior de un edificio nuevo, o como remodelaci\u00f3n. De cualquier manera, el sistema est\u00e1 dise\u00f1ado a medida para cumplir con los requisitos de calefacci\u00f3n, ventilaci\u00f3n, est\u00e9tica y ahorro de energ\u00eda de cada proyecto. Estos sistemas se han utilizado en proyectos de arquitectura en todo el mundo con un historial de resultados exitosos y dise\u00f1os llamativos.[\/vc_column_text][\/vc_column][vc_column width=\u00bb1\/2&#8243; el_class=\u00bbsolar-bg-images\u00bb css=\u00bb.vc_custom_1534242587509{background-image: url(https:\/\/www.solarwall.com\/wp-content\/uploads\/2018\/08\/build-integrate.png?id=720) !important;background-position: center !important;background-repeat: no-repeat !important;background-size: cover !important;}\u00bb][\/vc_column][\/vc_row][vc_row full_width=\u00bbstretch_row\u00bb el_class=\u00bbrow-spacing\u00bb css=\u00bb.vc_custom_1531904945590{background-color: #ebebeb !important;}\u00bb][vc_column][vc_widget_sidebar sidebar_id=\u00bbfooter_sidebar_text\u00bb el_class=\u00bbtext-center f-size18&#8243;][\/vc_column][\/vc_row][vc_row el_class=\u00bbmembers-area-footer\u00bb][vc_column width=\u00bb1\/2&#8243;][vc_custom_heading text=\u00bbMiembros de\u00bb font_container=\u00bbtag:h4|text_align:center|color:%23000000&#8243; use_theme_fonts=\u00bbyes\u00bb][vc_gallery type=\u00bbimage_grid\u00bb images=\u00bb135,139,140&#8243; img_size=\u00bbfull\u00bb onclick=\u00bb\u00bb][\/vc_column][vc_column width=\u00bb1\/2&#8243;][vc_custom_heading text=\u00bbCertificaciones\u00bb font_container=\u00bbtag:h4|text_align:center|color:%23000000&#8243; use_theme_fonts=\u00bbyes\u00bb][vc_gallery type=\u00bbimage_grid\u00bb images=\u00bb137,136,138,141&#8243; img_size=\u00bbfull\u00bb onclick=\u00bb\u00bb][\/vc_column][\/vc_row][vc_row][vc_column][vc_column_text]<\/p>\n<p>[\/vc_column_text][\/vc_column][\/vc_row]<\/p>","protected":false},"excerpt":{"rendered":"<p>[vc_row full_width=\u00bbstretch_row_content_no_spaces\u00bb el_class=\u00bbyellow-thick-line\u00bb][vc_column][rev_slider_vc alias=\u00bbwhy-solarwall\u00bb][\/vc_column][\/vc_row][vc_row css=\u00bb.vc_custom_1534237990094{padding-top: 40px !important;padding-bottom: 40px !important;}\u00bb][vc_column][vc_column_text el_class=\u00bbtext-center\u00bb] Beneficios de una calefaccion solar limpia [\/vc_column_text][\/vc_column][\/vc_row][vc_row full_width=\u00bbstretch_row_content_no_spaces\u00bb css=\u00bb.vc_custom_1534389315048{background-color: #f3f3f3 !important;}\u00bb][vc_column width=\u00bb1\/2&#8243; el_class=\u00bbsolar-bene-content-left\u00bb][vc_custom_heading text=\u00bbCreador del Sector de la calefacci\u00f3n solar\u00bb font_container=\u00bbtag:h3|font_size:35px|text_align:left|color:%23000000&#8243; use_theme_fonts=\u00bbyes\u00bb][vc_column_text el_class=\u00bbf-size20&#8243;]La invenci\u00f3n y comercializaci\u00f3n de la tecnolog\u00eda SolarWall\u00ae por Conserval Engineering consolid\u00f3 a nivel mundial la calefacci\u00f3n solar por aire para edificios comerciales &hellip; <\/p>\n<p class=\"link-more\"><a href=\"https:\/\/www.solarwall.com\/es\/why-solarwall\/\" class=\"more-link\">Continue reading<span class=\"screen-reader-text\"> \u00abWhy Solarwall\u00bb<\/span><\/a><\/p>\n","protected":false},"author":1,"featured_media":0,"parent":0,"menu_order":0,"comment_status":"closed","ping_status":"closed","template":"full-wdith.php","meta":{"footnotes":""},"class_list":["post-41","page","type-page","status-publish","hentry"],"yoast_head":"<!-- This site is optimized with the Yoast SEO plugin v24.8.1 - https:\/\/yoast.com\/wordpress\/plugins\/seo\/ -->\n<title>Por qu\u00e9 SolarWall - SolarWall<\/title>\n<meta name=\"description\" content=\"SolarWall de Conserval Engineering es realmente beneficioso ya que elimina una gran fuente de emisiones de GEI. Es una de las principales innovaciones energ\u00e9ticas.\" \/>\n<meta name=\"robots\" content=\"index, follow, max-snippet:-1, max-image-preview:large, max-video-preview:-1\" \/>\n<link rel=\"canonical\" href=\"https:\/\/www.solarwall.com\/es\/why-solarwall\/\" \/>\n<meta property=\"og:locale\" content=\"es_ES\" \/>\n<meta property=\"og:type\" content=\"article\" \/>\n<meta property=\"og:title\" content=\"[:en]Why SolarWall - SolarWall[:es]Por qu\u00e9 SolarWall - SolarWall[:fr]Pourquoi SolarWall - SolarWall[:]\" \/>\n<meta property=\"og:description\" content=\"{:en}SolarWall by Conserval Engineering is really beneficial as it eliminates a large source of GHG emissions. It is one of the top energy innovations.{:es}SolarWall de Conserval Engineering es realmente beneficioso ya que elimina una gran fuente de emisiones de GEI. Es una de las principales innovaciones energ\u00e9ticas.{:fr}SolarWall par Conserval Engineering est vraiment b\u00e9n\u00e9fique car il \u00e9limine une grande source d&#039;\u00e9missions de GES. C&#039;est l&#039;une des meilleures innovations \u00e9nerg\u00e9tiques.{:}\" \/>\n<meta property=\"og:url\" content=\"https:\/\/www.solarwall.com\/why-solarwall\/\" \/>\n<meta property=\"og:site_name\" content=\"SolarWall\" \/>\n<meta property=\"article:modified_time\" content=\"2025-04-05T15:51:57+00:00\" \/>\n<meta name=\"twitter:card\" content=\"summary_large_image\" \/>\n<meta name=\"twitter:label1\" content=\"Tiempo de lectura\" \/>\n\t<meta name=\"twitter:data1\" content=\"20 minutos\" \/>\n<script type=\"application\/ld+json\" class=\"yoast-schema-graph\">{\"@context\":\"https:\/\/schema.org\",\"@graph\":[{\"@type\":\"WebPage\",\"@id\":\"https:\/\/www.solarwall.com\/why-solarwall\/\",\"url\":\"https:\/\/www.solarwall.com\/why-solarwall\/\",\"name\":\"[:en]Why SolarWall - SolarWall[:es]Por qu\u00e9 SolarWall - SolarWall[:fr]Pourquoi SolarWall - SolarWall[:]\",\"isPartOf\":{\"@id\":\"https:\/\/www.solarwall.com\/#website\"},\"datePublished\":\"2018-07-16T09:34:44+00:00\",\"dateModified\":\"2025-04-05T15:51:57+00:00\",\"description\":\"{:en}SolarWall by Conserval Engineering is really beneficial as it eliminates a large source of GHG emissions. It is one of the top energy innovations.{:es}SolarWall de Conserval Engineering es realmente beneficioso ya que elimina una gran fuente de emisiones de GEI. Es una de las principales innovaciones energ\u00e9ticas.{:fr}SolarWall par Conserval Engineering est vraiment b\u00e9n\u00e9fique car il \u00e9limine une grande source d'\u00e9missions de GES. C'est l'une des meilleures innovations \u00e9nerg\u00e9tiques.{:}\",\"breadcrumb\":{\"@id\":\"https:\/\/www.solarwall.com\/why-solarwall\/#breadcrumb\"},\"inLanguage\":\"es\",\"potentialAction\":[{\"@type\":\"ReadAction\",\"target\":[\"https:\/\/www.solarwall.com\/why-solarwall\/\"]}]},{\"@type\":\"BreadcrumbList\",\"@id\":\"https:\/\/www.solarwall.com\/why-solarwall\/#breadcrumb\",\"itemListElement\":[{\"@type\":\"ListItem\",\"position\":1,\"name\":\"Home\",\"item\":\"https:\/\/www.solarwall.com\/\"},{\"@type\":\"ListItem\",\"position\":2,\"name\":\"Why Solarwall\"}]},{\"@type\":\"WebSite\",\"@id\":\"https:\/\/www.solarwall.com\/#website\",\"url\":\"https:\/\/www.solarwall.com\/\",\"name\":\"SolarWall\",\"description\":\"\",\"publisher\":{\"@id\":\"https:\/\/www.solarwall.com\/#organization\"},\"potentialAction\":[{\"@type\":\"SearchAction\",\"target\":{\"@type\":\"EntryPoint\",\"urlTemplate\":\"https:\/\/www.solarwall.com\/?s={search_term_string}\"},\"query-input\":{\"@type\":\"PropertyValueSpecification\",\"valueRequired\":true,\"valueName\":\"search_term_string\"}}],\"inLanguage\":\"es\"},{\"@type\":\"Organization\",\"@id\":\"https:\/\/www.solarwall.com\/#organization\",\"name\":\"SolarWall\",\"url\":\"https:\/\/www.solarwall.com\/\",\"logo\":{\"@type\":\"ImageObject\",\"inLanguage\":\"es\",\"@id\":\"https:\/\/www.solarwall.com\/#\/schema\/logo\/image\/\",\"url\":\"https:\/\/www.solarwall.com\/wp-content\/uploads\/2018\/07\/logo.png\",\"contentUrl\":\"https:\/\/www.solarwall.com\/wp-content\/uploads\/2018\/07\/logo.png\",\"width\":215,\"height\":105,\"caption\":\"SolarWall\"},\"image\":{\"@id\":\"https:\/\/www.solarwall.com\/#\/schema\/logo\/image\/\"}}]}<\/script>\n<!-- \/ Yoast SEO plugin. -->","yoast_head_json":{"title":"Por qu\u00e9 SolarWall - SolarWall","description":"SolarWall de Conserval Engineering es realmente beneficioso ya que elimina una gran fuente de emisiones de GEI. Es una de las principales innovaciones energ\u00e9ticas.","robots":{"index":"index","follow":"follow","max-snippet":"max-snippet:-1","max-image-preview":"max-image-preview:large","max-video-preview":"max-video-preview:-1"},"canonical":"https:\/\/www.solarwall.com\/es\/why-solarwall\/","og_locale":"es_ES","og_type":"article","og_title":"[:en]Why SolarWall - SolarWall[:es]Por qu\u00e9 SolarWall - SolarWall[:fr]Pourquoi SolarWall - SolarWall[:]","og_description":"{:en}SolarWall by Conserval Engineering is really beneficial as it eliminates a large source of GHG emissions. It is one of the top energy innovations.{:es}SolarWall de Conserval Engineering es realmente beneficioso ya que elimina una gran fuente de emisiones de GEI. Es una de las principales innovaciones energ\u00e9ticas.{:fr}SolarWall par Conserval Engineering est vraiment b\u00e9n\u00e9fique car il \u00e9limine une grande source d'\u00e9missions de GES. C'est l'une des meilleures innovations \u00e9nerg\u00e9tiques.{:}","og_url":"https:\/\/www.solarwall.com\/why-solarwall\/","og_site_name":"SolarWall","article_modified_time":"2025-04-05T15:51:57+00:00","twitter_card":"summary_large_image","twitter_misc":{"Tiempo de lectura":"20 minutos"},"schema":{"@context":"https:\/\/schema.org","@graph":[{"@type":"WebPage","@id":"https:\/\/www.solarwall.com\/why-solarwall\/","url":"https:\/\/www.solarwall.com\/why-solarwall\/","name":"[:en]Why SolarWall - SolarWall[:es]Por qu\u00e9 SolarWall - SolarWall[:fr]Pourquoi SolarWall - SolarWall[:]","isPartOf":{"@id":"https:\/\/www.solarwall.com\/#website"},"datePublished":"2018-07-16T09:34:44+00:00","dateModified":"2025-04-05T15:51:57+00:00","description":"{:en}SolarWall by Conserval Engineering is really beneficial as it eliminates a large source of GHG emissions. It is one of the top energy innovations.{:es}SolarWall de Conserval Engineering es realmente beneficioso ya que elimina una gran fuente de emisiones de GEI. Es una de las principales innovaciones energ\u00e9ticas.{:fr}SolarWall par Conserval Engineering est vraiment b\u00e9n\u00e9fique car il \u00e9limine une grande source d'\u00e9missions de GES. C'est l'une des meilleures innovations \u00e9nerg\u00e9tiques.{:}","breadcrumb":{"@id":"https:\/\/www.solarwall.com\/why-solarwall\/#breadcrumb"},"inLanguage":"es","potentialAction":[{"@type":"ReadAction","target":["https:\/\/www.solarwall.com\/why-solarwall\/"]}]},{"@type":"BreadcrumbList","@id":"https:\/\/www.solarwall.com\/why-solarwall\/#breadcrumb","itemListElement":[{"@type":"ListItem","position":1,"name":"Home","item":"https:\/\/www.solarwall.com\/"},{"@type":"ListItem","position":2,"name":"Why Solarwall"}]},{"@type":"WebSite","@id":"https:\/\/www.solarwall.com\/#website","url":"https:\/\/www.solarwall.com\/","name":"SolarWall","description":"","publisher":{"@id":"https:\/\/www.solarwall.com\/#organization"},"potentialAction":[{"@type":"SearchAction","target":{"@type":"EntryPoint","urlTemplate":"https:\/\/www.solarwall.com\/?s={search_term_string}"},"query-input":{"@type":"PropertyValueSpecification","valueRequired":true,"valueName":"search_term_string"}}],"inLanguage":"es"},{"@type":"Organization","@id":"https:\/\/www.solarwall.com\/#organization","name":"SolarWall","url":"https:\/\/www.solarwall.com\/","logo":{"@type":"ImageObject","inLanguage":"es","@id":"https:\/\/www.solarwall.com\/#\/schema\/logo\/image\/","url":"https:\/\/www.solarwall.com\/wp-content\/uploads\/2018\/07\/logo.png","contentUrl":"https:\/\/www.solarwall.com\/wp-content\/uploads\/2018\/07\/logo.png","width":215,"height":105,"caption":"SolarWall"},"image":{"@id":"https:\/\/www.solarwall.com\/#\/schema\/logo\/image\/"}}]}},"_links":{"self":[{"href":"https:\/\/www.solarwall.com\/es\/wp-json\/wp\/v2\/pages\/41","targetHints":{"allow":["GET"]}}],"collection":[{"href":"https:\/\/www.solarwall.com\/es\/wp-json\/wp\/v2\/pages"}],"about":[{"href":"https:\/\/www.solarwall.com\/es\/wp-json\/wp\/v2\/types\/page"}],"author":[{"embeddable":true,"href":"https:\/\/www.solarwall.com\/es\/wp-json\/wp\/v2\/users\/1"}],"replies":[{"embeddable":true,"href":"https:\/\/www.solarwall.com\/es\/wp-json\/wp\/v2\/comments?post=41"}],"version-history":[{"count":15,"href":"https:\/\/www.solarwall.com\/es\/wp-json\/wp\/v2\/pages\/41\/revisions"}],"predecessor-version":[{"id":1983,"href":"https:\/\/www.solarwall.com\/es\/wp-json\/wp\/v2\/pages\/41\/revisions\/1983"}],"wp:attachment":[{"href":"https:\/\/www.solarwall.com\/es\/wp-json\/wp\/v2\/media?parent=41"}],"curies":[{"name":"wp","href":"https:\/\/api.w.org\/{rel}","templated":true}]}}