{"id":611,"date":"2018-08-06T10:06:40","date_gmt":"2018-08-06T10:06:40","guid":{"rendered":"http:\/\/www.solarwall.com\/?page_id=611"},"modified":"2025-04-05T11:51:07","modified_gmt":"2025-04-05T15:51:07","slug":"work-with-us","status":"publish","type":"page","link":"https:\/\/www.solarwall.com\/es\/work-with-us\/","title":{"rendered":"Work with Us"},"content":{"rendered":"<p>[vc_row full_width=\u00bbstretch_row_content_no_spaces\u00bb el_class=\u00bbyellow-thick-line\u00bb][vc_column 0=\u00bb\u00bb][rev_slider_vc alias=\u00bbdealers\u00bb][\/vc_column][\/vc_row][vc_row el_class=\u00bbrow-spacing\u00bb][vc_column 0=\u00bb\u00bb][vc_column_text el_class=\u00bbf-size18&#8243;]<\/p>\n<h3 style=\"text-align: center;\">Ofertas de trabajo Solarwall<\/h3>\n<p style=\"text-align: center;\">Env\u00ede su cv y carta de presentaci\u00f3n a <a href=\"mailto:jobs@solarwall.com\" target=\"_blank\" rel=\"noopener noreferrer\">jobs@solarwall.com<\/a><\/p>\n<h3 style=\"text-align: left;\">Oferta de trabajo 1: Ingeniero de proyectos<\/h3>\n<h4 style=\"text-align: left;\">El Puesto<\/h4>\n<p style=\"text-align: left;\">Es una oportunidad para trabajar con el l\u00edder mundial en calefacci\u00f3n solar por aire como ingeniero en nuestra oficina de Toronto. Con un mayor \u00e9nfasis por parte de los gobiernos en la \u201ccalefacci\u00f3n limpia\u201d, estamos buscando un emprendedor altamente motivado que est\u00e9 interesado en una carrera en la industria de las energ\u00edas renovables.<\/p>\n<h4 style=\"text-align: left;\">Responsabilidades principales<\/h4>\n<p style=\"text-align: left;\"><strong>\u2022<\/strong> Dise\u00f1ar y gestionar proyectos de energ\u00eda solar para clientes comerciales, industriales y gubernamentales, adem\u00e1s de proporcionar un apoyo comercial<\/p>\n<p style=\"text-align: left;\"><strong>\u2022<\/strong> Visitas a los clientes de Ontario y Estados Unidos<\/p>\n<h4 style=\"text-align: left;\">Alicientes<\/h4>\n<p style=\"text-align: left;\">Ritmo r\u00e1pido de desarrollo<\/p>\n<p style=\"text-align: left;\">Conserval ha sido la empresa pionera en la calefacci\u00f3n solar por aire en todo el mundo, haciendo un mayor hincapi\u00e9en \u201cCalefacci\u00f3n limpia\u201d en organizaciones de EE. UU. y Canad\u00e1. Creando asi una oportunidad de crecimiento agresivo en los pr\u00f3ximos a\u00f1os en la energ\u00eda t\u00e9rmica renovable.<\/p>\n<p style=\"text-align: left;\">Compensaci\u00f3n econ\u00f3mica acorde a la experiencia<\/p>\n<p style=\"text-align: left;\">Seguro dental y de salud<\/p>\n<h4 style=\"text-align: left;\">perfil del candidato<\/h4>\n<p style=\"text-align: left;\">El candidato seleccionado tendr\u00e1 lo siguiente:<\/p>\n<h4 style=\"text-align: left;\">Educaci\u00f3n<\/h4>\n<p style=\"text-align: left;\"><strong>\u2022<\/strong> Titulo universitario en ingenier\u00eda civil o mecanica<\/p>\n<h4 style=\"text-align: left;\">experiencia y habilidades<\/h4>\n<p style=\"text-align: left;\"><strong>\u2022<\/strong> Debe ser una persona resolutiva, capacidad para tratar con proveedores, contratistas y clientes, excelente comunicaci\u00f3n oral y escrita<\/p>\n<p style=\"text-align: left;\"><strong>\u2022<\/strong> Un m\u00ednimo de 2 a\u00f1os de experiencia laboral relacionados con el \u00e1mbito de la ingenier\u00eda y haber trabajado en sistemas de climatizaci\u00f3n o en el control de edificios ser\u00eda muy positivo.<\/p>\n<p style=\"text-align: left;\"><strong>\u2022<\/strong> Se tendr\u00e1 en cuenta el manejo de software de construcci\u00f3n de modelos de energ\u00eda.<\/p>\n<p style=\"text-align: left;\"><strong>\u2022<\/strong> El conocimiento en sistemas de climatizacion o en productos arquitect\u00f3nicos ser\u00e1 una ventaja<\/p>\n<p style=\"text-align: left;\"><strong>\u2022<\/strong> Ser preciso y prestar atenci\u00f3n al detalle<\/p>\n<p style=\"text-align: left;\"><strong>\u2022<\/strong> Habilidad organizativa y capacidad para manejar simultaneamente m\u00faltiples tareas.<\/p>\n<p style=\"text-align: left;\"><strong>\u2022<\/strong> Dominio del uso de Microsoft Office y experiencia con el programa Google G Suite<\/p>\n<h4 style=\"text-align: left;\">habilidades interpersonales<\/h4>\n<p style=\"text-align: left;\"><strong>\u2022<\/strong> Miembro vers\u00e1til de un equipo capaz de colaborar con otras disciplinas<\/p>\n<p style=\"text-align: left;\"><strong>\u2022<\/strong> Impulsivo y motivado, apasinado de las energias renovables y la calefacci\u00f3n limpia<\/p>\n<p style=\"text-align: left;\"><strong>\u2022<\/strong> Ingenioso y capaz de trabajar en un enterno de peque\u00f1a empresa<\/p>\n<p style=\"text-align: left;\"><strong>\u2022<\/strong> Excelentes habilidades de comunicaci\u00f3n oral y escrita<\/p>\n<h3 style=\"text-align: left;\">puesto 2: director de ventas<\/h3>\n<h4 style=\"text-align: left;\">El Puesto<\/h4>\n<p style=\"text-align: left;\">Es una oportunidad para trabajar con el l\u00edder mundial en calefacci\u00f3n solar por aire como representante de ventas en nuestra oficina de Toronto.Con un mayor \u00e9nfasis por parte de los gobiernos en la \u201ccalefacci\u00f3n limpia\u201d y la energ\u00eda t\u00e9rmica renovable, estamos ampliando nuestra red de ventas y buscamos a un emprendedor muy motivado que est\u00e9 interesado en una carrera de ventas en la industria de las energ\u00edas renovables<\/p>\n<p style=\"text-align: left;\">El candidato seleccionado ser\u00e1 el encargado del desarrollo y prospecci\u00f3n de ventas con los clientes de Ontario y Estados Unidos. El tipo de venta es relaci\u00f3n entre empresas (B2B) y nuestro tipo de cliente incluye agencias gubernamentales, el ejercito americano y una amplia variedad de empresas.<\/p>\n<h4 style=\"text-align: left;\">Responsabilidades clave<\/h4>\n<p style=\"text-align: left;\"><strong>\u2022<\/strong> Desarrollar oportunidades de ventas y gestionar las consultas que entren<\/p>\n<p style=\"text-align: left;\"><strong>\u2022<\/strong> Gestionar las ventas y la correspondencia entre clientes<\/p>\n<p style=\"text-align: left;\"><strong>\u2022<\/strong> Preparar propuestas de ventas, cotizaciones de ventas, respuestas RFP, presentaciones en PowerPoint<\/p>\n<p style=\"text-align: left;\"><strong>\u2022<\/strong> Trabajar con el director de desarrollo de mercado en cuentas estrat\u00e9gicas<\/p>\n<p style=\"text-align: left;\"><strong>\u2022<\/strong> Trabajar a un ritmo r\u00e1pido dentro de un entorno creativo, garantizando siempre que se cumplan los plazos establecidos<\/p>\n<p style=\"text-align: left;\"><strong>\u2022<\/strong> Visitas a clientes ubicados en Ontario y Estados Unidos<\/p>\n<h4 style=\"text-align: left;\">Alicientes<\/h4>\n<p style=\"text-align: left;\">Ritmo r\u00e1pido de desarrollo<\/p>\n<p style=\"text-align: left;\">Conserval ha sido el pionero en la calefacci\u00f3n solar por aire en todo el mundo, y el mayor \u00e9nfasis de las organizaciones de los EE. UU. y Canad\u00e1 en la \u201ccalefacci\u00f3n limpia\u201d crea la oportunidad de un crecimiento agresivo en los pr\u00f3ximos a\u00f1os.<\/p>\n<p style=\"text-align: left;\">Remuneraci\u00f3n acorde con al experiencia. Salario + Comisi\u00f3n. Sin l\u00edmite de comisi\u00f3n<\/p>\n<p style=\"text-align: left;\">Seguro dental y de salud<\/p>\n<h4 style=\"text-align: left;\">perfil del candidato<\/h4>\n<p style=\"text-align: left;\">El candidato seleccionado reunir\u00e1 lo siguiente:<\/p>\n<h4 style=\"text-align: left;\">Educaci\u00f3n<\/h4>\n<p style=\"text-align: left;\"><strong>\u2022<\/strong> graduado de bachillerato<\/p>\n<h4 style=\"text-align: left;\">experiencia y habilidades<\/h4>\n<p style=\"text-align: left;\"><strong>\u2022<\/strong> 5 cinco en a\u00f1os en ventas o como soporte de ventas<\/p>\n<p style=\"text-align: left;\"><strong>\u2022<\/strong> El conocimiento de los sistemas de climatizaci\u00f3n o productos arquitect\u00f3nicos es una ventaja<\/p>\n<p style=\"text-align: left;\"><strong>\u2022<\/strong> Minucioso y con atenci\u00f3n al detalle<\/p>\n<p style=\"text-align: left;\"><strong>\u2022<\/strong> Habilidad organizativa y capacidad para manejar simultaneamente m\u00faltiples tareas.<\/p>\n<p style=\"text-align: left;\"><strong>\u2022<\/strong> Experto en el uso de Microsof Office<\/p>\n<p style=\"text-align: left;\"><strong>\u2022<\/strong> Capacidad para comprender nuevos conceptos, priorizar la carga de trabajo y cumplir con los estrictos plazos con una supervisi\u00f3n m\u00ednima<\/p>\n<p style=\"text-align: left;\"><strong>\u2022<\/strong> El estar familiarizado con el software CRM (como Salesforce.com) es una ventaja<\/p>\n<h4 style=\"text-align: left;\">habilidades interpersonales<\/h4>\n<p style=\"text-align: left;\"><strong>\u2022<\/strong> Miembro vers\u00e1til de unequipo capaz de colaborar con otras disciplinas<\/p>\n<p style=\"text-align: left;\"><strong>\u2022<\/strong> Impulsivo y motivado, apasinado de las energias renovables y la calefacci\u00f3n limpia<\/p>\n<p style=\"text-align: left;\"><strong>\u2022<\/strong> Ingenioso y capaz de trabajar en un enterno de peque\u00f1a empresa<\/p>\n<p style=\"text-align: left;\"><strong>\u2022<\/strong> Excelentes habilidades de comunicaci\u00f3n oral y escrita<\/p>\n<h3 style=\"text-align: center;\">Distribuidores Solarwall<\/h3>\n<p style=\"text-align: center;\">Estamos buscando distribuidores y representantes en los Estados Unidos, Europa y Am\u00e9rica del Sur para los mercados comerciales, industriales y agr\u00edcolas. Son id\u00f3neas las empresas y personas que tengan experiencia en tratar con grandes clientes comerciales, institucionales, industriales o agr\u00edcolas en sistemas de climatizaci\u00f3n, servicios de construcci\u00f3n de edificios o energ\u00eda renovable. De ser as\u00ed, p\u00f3ngase en contacto con nuestro Director de Desarrollo de Mercado en <a href=\"mailto:jobs@solarwall.com\" target=\"_blank\" rel=\"noopener noreferrer\">info@solarwall.com<\/a>.<\/p>\n<p>[\/vc_column_text][\/vc_column][\/vc_row][vc_row el_class=\u00bbrow-spacing-down\u00bb][vc_column 0=\u00bb\u00bb][vc_single_image image=\u00bb1216&#8243; img_size=\u00bbfull\u00bb alignment=\u00bbcenter\u00bb][\/vc_column][\/vc_row][vc_row full_width=\u00bbstretch_row\u00bb el_class=\u00bbrow-spacing\u00bb css=\u00bb.vc_custom_1531904945590{background-color: #ebebeb !important;}\u00bb][vc_column 0=\u00bb\u00bb][vc_widget_sidebar sidebar_id=\u00bbquote-widget\u00bb el_class=\u00bbtext-center f-size18&#8243;][\/vc_column][\/vc_row][vc_row el_class=\u00bbmembers-area-footer\u00bb][vc_column width=\u00bb1\/2&#8243;][vc_custom_heading text=\u00bbMiembros de\u00bb font_container=\u00bbtag:h4|text_align:center|color:%23000000&#8243; use_theme_fonts=\u00bbyes\u00bb][vc_gallery type=\u00bbimage_grid\u00bb images=\u00bb135,139,140&#8243; img_size=\u00bbfull\u00bb onclick=\u00bb\u00bb][\/vc_column][vc_column width=\u00bb1\/2&#8243;][vc_custom_heading text=\u00bbCertificaciones\u00bb font_container=\u00bbtag:h4|text_align:center|color:%23000000&#8243; use_theme_fonts=\u00bbyes\u00bb][vc_gallery type=\u00bbimage_grid\u00bb images=\u00bb137,136,138,141&#8243; img_size=\u00bbfull\u00bb onclick=\u00bb\u00bb][\/vc_column][\/vc_row]<\/p>","protected":false},"excerpt":{"rendered":"<p>[vc_row full_width=\u00bbstretch_row_content_no_spaces\u00bb el_class=\u00bbyellow-thick-line\u00bb][vc_column 0=\u00bb\u00bb][rev_slider_vc alias=\u00bbdealers\u00bb][\/vc_column][\/vc_row][vc_row el_class=\u00bbrow-spacing\u00bb][vc_column 0=\u00bb\u00bb][vc_column_text el_class=\u00bbf-size18&#8243;] Ofertas de trabajo Solarwall Env\u00ede su cv y carta de presentaci\u00f3n a jobs@solarwall.com Oferta de trabajo 1: Ingeniero de proyectos El Puesto Es una oportunidad para trabajar con el l\u00edder mundial en calefacci\u00f3n solar por aire como ingeniero en nuestra oficina de Toronto. Con un mayor \u00e9nfasis &hellip; <\/p>\n<p class=\"link-more\"><a href=\"https:\/\/www.solarwall.com\/es\/work-with-us\/\" class=\"more-link\">Continue reading<span class=\"screen-reader-text\"> \u00abWork with Us\u00bb<\/span><\/a><\/p>\n","protected":false},"author":1,"featured_media":0,"parent":0,"menu_order":0,"comment_status":"closed","ping_status":"closed","template":"full-wdith.php","meta":{"footnotes":""},"class_list":["post-611","page","type-page","status-publish","hentry"],"yoast_head":"<!-- This site is optimized with the Yoast SEO plugin v24.8.1 - https:\/\/yoast.com\/wordpress\/plugins\/seo\/ -->\n<title>Trabaja con nosotros - SolarWall<\/title>\n<meta name=\"description\" content=\"SolarWall by Conserval est\u00e1 buscando distribuidores y representantes en los Estados Unidos, Europa y Am\u00e9rica del Sur. Se da prioridad a las personas que tienen experiencia en servicios de construcci\u00f3n.\" \/>\n<meta name=\"robots\" content=\"index, follow, max-snippet:-1, max-image-preview:large, max-video-preview:-1\" \/>\n<link rel=\"canonical\" href=\"https:\/\/www.solarwall.com\/es\/work-with-us\/\" \/>\n<meta property=\"og:locale\" content=\"es_ES\" \/>\n<meta property=\"og:type\" content=\"article\" \/>\n<meta property=\"og:title\" content=\"[:en]Work with Us - SolarWall[:es]Trabaja con nosotros - SolarWall[:fr]Travaillez avec nous - SolarWall[:]\" \/>\n<meta property=\"og:description\" content=\"{:en}SolarWall by Conserval is seeking dealers and reps across the United States, Europe, and South America. Priority is given to people having experience in construction services.{:es}SolarWall by Conserval est\u00e1 buscando distribuidores y representantes en los Estados Unidos, Europa y Am\u00e9rica del Sur. Se da prioridad a las personas que tienen experiencia en servicios de construcci\u00f3n.{:fr}SolarWall by Conserval recherche des revendeurs et des repr\u00e9sentants aux \u00c9tats-Unis, en Europe et en Am\u00e9rique du Sud. La priorit\u00e9 est donn\u00e9e aux personnes ayant une exp\u00e9rience dans les services de construction.{:}\" \/>\n<meta property=\"og:url\" content=\"https:\/\/www.solarwall.com\/work-with-us\/\" \/>\n<meta property=\"og:site_name\" content=\"SolarWall\" \/>\n<meta property=\"article:modified_time\" content=\"2025-04-05T15:51:07+00:00\" \/>\n<meta name=\"twitter:card\" content=\"summary_large_image\" \/>\n<meta name=\"twitter:label1\" content=\"Tiempo de lectura\" \/>\n\t<meta name=\"twitter:data1\" content=\"13 minutos\" \/>\n<script type=\"application\/ld+json\" class=\"yoast-schema-graph\">{\"@context\":\"https:\/\/schema.org\",\"@graph\":[{\"@type\":\"WebPage\",\"@id\":\"https:\/\/www.solarwall.com\/work-with-us\/\",\"url\":\"https:\/\/www.solarwall.com\/work-with-us\/\",\"name\":\"[:en]Work with Us - SolarWall[:es]Trabaja con nosotros - SolarWall[:fr]Travaillez avec nous - SolarWall[:]\",\"isPartOf\":{\"@id\":\"https:\/\/www.solarwall.com\/#website\"},\"datePublished\":\"2018-08-06T10:06:40+00:00\",\"dateModified\":\"2025-04-05T15:51:07+00:00\",\"description\":\"{:en}SolarWall by Conserval is seeking dealers and reps across the United States, Europe, and South America. Priority is given to people having experience in construction services.{:es}SolarWall by Conserval est\u00e1 buscando distribuidores y representantes en los Estados Unidos, Europa y Am\u00e9rica del Sur. Se da prioridad a las personas que tienen experiencia en servicios de construcci\u00f3n.{:fr}SolarWall by Conserval recherche des revendeurs et des repr\u00e9sentants aux \u00c9tats-Unis, en Europe et en Am\u00e9rique du Sud. La priorit\u00e9 est donn\u00e9e aux personnes ayant une exp\u00e9rience dans les services de construction.{:}\",\"breadcrumb\":{\"@id\":\"https:\/\/www.solarwall.com\/work-with-us\/#breadcrumb\"},\"inLanguage\":\"es\",\"potentialAction\":[{\"@type\":\"ReadAction\",\"target\":[\"https:\/\/www.solarwall.com\/work-with-us\/\"]}]},{\"@type\":\"BreadcrumbList\",\"@id\":\"https:\/\/www.solarwall.com\/work-with-us\/#breadcrumb\",\"itemListElement\":[{\"@type\":\"ListItem\",\"position\":1,\"name\":\"Home\",\"item\":\"https:\/\/www.solarwall.com\/\"},{\"@type\":\"ListItem\",\"position\":2,\"name\":\"Work with Us\"}]},{\"@type\":\"WebSite\",\"@id\":\"https:\/\/www.solarwall.com\/#website\",\"url\":\"https:\/\/www.solarwall.com\/\",\"name\":\"SolarWall\",\"description\":\"\",\"publisher\":{\"@id\":\"https:\/\/www.solarwall.com\/#organization\"},\"potentialAction\":[{\"@type\":\"SearchAction\",\"target\":{\"@type\":\"EntryPoint\",\"urlTemplate\":\"https:\/\/www.solarwall.com\/?s={search_term_string}\"},\"query-input\":{\"@type\":\"PropertyValueSpecification\",\"valueRequired\":true,\"valueName\":\"search_term_string\"}}],\"inLanguage\":\"es\"},{\"@type\":\"Organization\",\"@id\":\"https:\/\/www.solarwall.com\/#organization\",\"name\":\"SolarWall\",\"url\":\"https:\/\/www.solarwall.com\/\",\"logo\":{\"@type\":\"ImageObject\",\"inLanguage\":\"es\",\"@id\":\"https:\/\/www.solarwall.com\/#\/schema\/logo\/image\/\",\"url\":\"https:\/\/www.solarwall.com\/wp-content\/uploads\/2018\/07\/logo.png\",\"contentUrl\":\"https:\/\/www.solarwall.com\/wp-content\/uploads\/2018\/07\/logo.png\",\"width\":215,\"height\":105,\"caption\":\"SolarWall\"},\"image\":{\"@id\":\"https:\/\/www.solarwall.com\/#\/schema\/logo\/image\/\"}}]}<\/script>\n<!-- \/ Yoast SEO plugin. -->","yoast_head_json":{"title":"Trabaja con nosotros - SolarWall","description":"SolarWall by Conserval est\u00e1 buscando distribuidores y representantes en los Estados Unidos, Europa y Am\u00e9rica del Sur. Se da prioridad a las personas que tienen experiencia en servicios de construcci\u00f3n.","robots":{"index":"index","follow":"follow","max-snippet":"max-snippet:-1","max-image-preview":"max-image-preview:large","max-video-preview":"max-video-preview:-1"},"canonical":"https:\/\/www.solarwall.com\/es\/work-with-us\/","og_locale":"es_ES","og_type":"article","og_title":"[:en]Work with Us - SolarWall[:es]Trabaja con nosotros - SolarWall[:fr]Travaillez avec nous - SolarWall[:]","og_description":"{:en}SolarWall by Conserval is seeking dealers and reps across the United States, Europe, and South America. Priority is given to people having experience in construction services.{:es}SolarWall by Conserval est\u00e1 buscando distribuidores y representantes en los Estados Unidos, Europa y Am\u00e9rica del Sur. Se da prioridad a las personas que tienen experiencia en servicios de construcci\u00f3n.{:fr}SolarWall by Conserval recherche des revendeurs et des repr\u00e9sentants aux \u00c9tats-Unis, en Europe et en Am\u00e9rique du Sud. La priorit\u00e9 est donn\u00e9e aux personnes ayant une exp\u00e9rience dans les services de construction.{:}","og_url":"https:\/\/www.solarwall.com\/work-with-us\/","og_site_name":"SolarWall","article_modified_time":"2025-04-05T15:51:07+00:00","twitter_card":"summary_large_image","twitter_misc":{"Tiempo de lectura":"13 minutos"},"schema":{"@context":"https:\/\/schema.org","@graph":[{"@type":"WebPage","@id":"https:\/\/www.solarwall.com\/work-with-us\/","url":"https:\/\/www.solarwall.com\/work-with-us\/","name":"[:en]Work with Us - SolarWall[:es]Trabaja con nosotros - SolarWall[:fr]Travaillez avec nous - SolarWall[:]","isPartOf":{"@id":"https:\/\/www.solarwall.com\/#website"},"datePublished":"2018-08-06T10:06:40+00:00","dateModified":"2025-04-05T15:51:07+00:00","description":"{:en}SolarWall by Conserval is seeking dealers and reps across the United States, Europe, and South America. Priority is given to people having experience in construction services.{:es}SolarWall by Conserval est\u00e1 buscando distribuidores y representantes en los Estados Unidos, Europa y Am\u00e9rica del Sur. Se da prioridad a las personas que tienen experiencia en servicios de construcci\u00f3n.{:fr}SolarWall by Conserval recherche des revendeurs et des repr\u00e9sentants aux \u00c9tats-Unis, en Europe et en Am\u00e9rique du Sud. La priorit\u00e9 est donn\u00e9e aux personnes ayant une exp\u00e9rience dans les services de construction.{:}","breadcrumb":{"@id":"https:\/\/www.solarwall.com\/work-with-us\/#breadcrumb"},"inLanguage":"es","potentialAction":[{"@type":"ReadAction","target":["https:\/\/www.solarwall.com\/work-with-us\/"]}]},{"@type":"BreadcrumbList","@id":"https:\/\/www.solarwall.com\/work-with-us\/#breadcrumb","itemListElement":[{"@type":"ListItem","position":1,"name":"Home","item":"https:\/\/www.solarwall.com\/"},{"@type":"ListItem","position":2,"name":"Work with Us"}]},{"@type":"WebSite","@id":"https:\/\/www.solarwall.com\/#website","url":"https:\/\/www.solarwall.com\/","name":"SolarWall","description":"","publisher":{"@id":"https:\/\/www.solarwall.com\/#organization"},"potentialAction":[{"@type":"SearchAction","target":{"@type":"EntryPoint","urlTemplate":"https:\/\/www.solarwall.com\/?s={search_term_string}"},"query-input":{"@type":"PropertyValueSpecification","valueRequired":true,"valueName":"search_term_string"}}],"inLanguage":"es"},{"@type":"Organization","@id":"https:\/\/www.solarwall.com\/#organization","name":"SolarWall","url":"https:\/\/www.solarwall.com\/","logo":{"@type":"ImageObject","inLanguage":"es","@id":"https:\/\/www.solarwall.com\/#\/schema\/logo\/image\/","url":"https:\/\/www.solarwall.com\/wp-content\/uploads\/2018\/07\/logo.png","contentUrl":"https:\/\/www.solarwall.com\/wp-content\/uploads\/2018\/07\/logo.png","width":215,"height":105,"caption":"SolarWall"},"image":{"@id":"https:\/\/www.solarwall.com\/#\/schema\/logo\/image\/"}}]}},"_links":{"self":[{"href":"https:\/\/www.solarwall.com\/es\/wp-json\/wp\/v2\/pages\/611","targetHints":{"allow":["GET"]}}],"collection":[{"href":"https:\/\/www.solarwall.com\/es\/wp-json\/wp\/v2\/pages"}],"about":[{"href":"https:\/\/www.solarwall.com\/es\/wp-json\/wp\/v2\/types\/page"}],"author":[{"embeddable":true,"href":"https:\/\/www.solarwall.com\/es\/wp-json\/wp\/v2\/users\/1"}],"replies":[{"embeddable":true,"href":"https:\/\/www.solarwall.com\/es\/wp-json\/wp\/v2\/comments?post=611"}],"version-history":[{"count":13,"href":"https:\/\/www.solarwall.com\/es\/wp-json\/wp\/v2\/pages\/611\/revisions"}],"predecessor-version":[{"id":1982,"href":"https:\/\/www.solarwall.com\/es\/wp-json\/wp\/v2\/pages\/611\/revisions\/1982"}],"wp:attachment":[{"href":"https:\/\/www.solarwall.com\/es\/wp-json\/wp\/v2\/media?parent=611"}],"curies":[{"name":"wp","href":"https:\/\/api.w.org\/{rel}","templated":true}]}}