{"id":83,"date":"2018-07-17T07:05:36","date_gmt":"2018-07-17T07:05:36","guid":{"rendered":"http:\/\/www.solarwall.com\/?page_id=83"},"modified":"2025-04-05T11:49:33","modified_gmt":"2025-04-05T15:49:33","slug":"solar-wall-two-stage","status":"publish","type":"page","link":"https:\/\/www.solarwall.com\/es\/technology\/solar-wall-two-stage\/","title":{"rendered":"SolarWall\u00ae Two-Stage"},"content":{"rendered":"<p>[vc_row full_width=\u00bbstretch_row_content_no_spaces\u00bb][vc_column][rev_slider_vc alias=\u00bbsolar-wall-stage-two\u00bb][\/vc_column][\/vc_row][vc_row el_class=\u00bbrow-spacing\u00bb][vc_column][vc_column_text el_class=\u00bbtext-center f-size18&#8243;]Inspirados por la demanda de una potente aplicaci\u00f3n de calefacci\u00f3n de espacios, el sistema SolarWall en dos fases lleva la tecnolog\u00eda original de SolarWall un paso m\u00e1s all\u00e1.<\/p>\n<p>SolarWall 2-Stage est\u00e1 compuesto por unos paneles que llevan una parte acristalada que dirigen el aire del exterior a trav\u00e9s de las dosfases de calentamiento. Este dise\u00f1o ofrece un incremento a\u00fan mayor de la temperatura, lo que maximiza la conservaci\u00f3n de energ\u00eda en los edificios, el ahorro de gastos de calefacci\u00f3n y la reducci\u00f3n de las emisiones de gases de efecto invernadero.[\/vc_column_text][\/vc_column][\/vc_row][vc_row full_width=\u00bbstretch_row\u00bb el_class=\u00bbrow-spacing stage-bgcurve\u00bb css=\u00bb.vc_custom_1533550239780{background-color: #f3f3f3 !important;}\u00bb][vc_column width=\u00bb1\/2&#8243;][vc_column_text el_class=\u00bbtext-center f-size20&#8243;]<strong>Primera fase de calentamiento:<\/strong><br \/>\nLa radiaci\u00f3n solar calienta los paneles met\u00e1licos de SolarWall, creando una capa de aire fresco del exterior, que es calentado por el sol en la superficie del panel. Los ventiladores, a trav\u00e9s de las microperforaciones del panel, extraen este aire caliente el cual se acumula en la camara de aire del interior.<\/p>\n<p><strong>Segunda fase de calentamiento:<\/strong><br \/>\nLa radiaci\u00f3n solar penetra en la parte acristalada de policarbonato y calienta por segunda vez el aire introducido. Evitando la p\u00e9rdida de calor por el viento, el aire caliente del interior de la camara absorbe a\u00fan m\u00e1s calor antes de atravesar las microperforaciones en la segunda fase de los paneles SolarWall.[\/vc_column_text][\/vc_column][vc_column width=\u00bb1\/2&#8243;][vc_single_image image=\u00bb581&#8243; img_size=\u00bbfull\u00bb alignment=\u00bbcenter\u00bb][\/vc_column][\/vc_row][vc_row el_class=\u00bbrow-spacing-down\u00bb][vc_column][vc_single_image image=\u00bb582&#8243; img_size=\u00bbfull\u00bb alignment=\u00bbcenter\u00bb css=\u00bb.vc_custom_1533537041804{padding-bottom: 20px !important;}\u00bb][vc_row_inner][vc_column_inner width=\u00bb1\/2&#8243;][vc_column_text el_class=\u00bbtext-center f-size20&#8243;]<strong>Fase de precalentamiento:<\/strong> los ventiladores de la UTA existentes extraen el aire calentado con la energ\u00eda solar a trav\u00e9s de los paneles SolarWall y los introducenen el Sistema de calefacci\u00f3n y ventilaci\u00f3n del edificio.<br \/>\nDurante la temporada de invierno, se necesitamenos combustible para calentar el aire procedente del exterior. En la temporada estival, el SolarWall simplemente se omite.<br \/>\n[\/vc_column_text][\/vc_column_inner][vc_column_inner width=\u00bb1\/2&#8243;][vc_column_text el_class=\u00bbtext-center f-size20&#8243;]<strong>Aplicaci\u00f3n de calefacci\u00f3n:<\/strong> los ventiladores SolarWall extraen el aire calentado por el sol a traves del panel y lo introducen cuando es necesario. En sitios grandes, los ventiladores pueden empujar el aire caliente hacia el suelo, proporcionando el m\u00e1ximo comfort y el ahorro de energ\u00eda.[\/vc_column_text][\/vc_column_inner][\/vc_row_inner][\/vc_column][\/vc_row][vc_row full_width=\u00bbstretch_row\u00bb el_class=\u00bbrow-spacing\u00bb css=\u00bb.vc_custom_1533538546244{background-color: #e7e7e7 !important;}\u00bb][vc_column][vc_column_text el_class=\u00bbtext-center\u00bb css=\u00bb.vc_custom_1550560982051{padding-bottom: 20px !important;}\u00bb]<\/p>\n<h3>medici\u00f3n del rendimiento<\/h3>\n<p>[\/vc_column_text][vc_single_image image=\u00bb585&#8243; img_size=\u00bbfull\u00bb alignment=\u00bbcenter\u00bb css=\u00bb.vc_custom_1533538557809{padding-bottom: 20px !important;}\u00bb][vc_column_text el_class=\u00bbtext-center f-size20&#8243;]En invierno, los edificios consumen grandes cantidades de energ\u00eda para calentar el interior. En el Aeropuerto Internacional de Plattsburg en el estado de Nueva York, la temperatura media en el exterior durante las horas de luz el 4 de febrero de 2012 fue de 25 \u00b0 F (-4 \u00b0 C) y la radiaci\u00f3n solar media fue de 276 W \/ m2, t\u00edpica de un d\u00eda soleado de invierno. El sistema SolarWall de 2 fases proporcion\u00f3 1,500 CFM de aire a una temperatura media de 94 F (34 \u00b0 C). El aumento de temperatura m\u00e1s alto se registr\u00f3 a las 10:30 am, cuando se suministr\u00f3 aire a 138 F (59 \u00b0 C).<\/p>\n<p>Con este incremento de temperatura, el sistema de 2 fases puede precalentar toda la necesidad de aire de su instalaci\u00f3n o actuar como sistema de calefacci\u00f3n suplementario que reduce significativamente el consumo de energ\u00eda del edificio.[\/vc_column_text][\/vc_column][\/vc_row][vc_row el_class=\u00bbrow-spacing\u00bb][vc_column][vc_column_text el_class=\u00bbtext-center\u00bb]<\/p>\n<h3>Selecci\u00f3n de colores<\/h3>\n<p>[\/vc_column_text][vc_widget_sidebar sidebar_id=\u00bbcolor-pallete-sidebar\u00bb][\/vc_column][\/vc_row][vc_row full_width=\u00bbstretch_row\u00bb el_class=\u00bbrow-spacing\u00bb css=\u00bb.vc_custom_1531904945590{background-color: #ebebeb !important;}\u00bb][vc_column][vc_widget_sidebar sidebar_id=\u00bbfooter_sidebar_text\u00bb el_class=\u00bbtext-center f-size18&#8243;][\/vc_column][\/vc_row][vc_row el_class=\u00bbmembers-area-footer\u00bb][vc_column width=\u00bb1\/2&#8243;][vc_custom_heading text=\u00bbMiembros de\u00bb font_container=\u00bbtag:h4|text_align:center|color:%23000000&#8243; use_theme_fonts=\u00bbyes\u00bb][vc_gallery type=\u00bbimage_grid\u00bb images=\u00bb135,139,140&#8243; img_size=\u00bbfull\u00bb onclick=\u00bb\u00bb][\/vc_column][vc_column width=\u00bb1\/2&#8243;][vc_custom_heading text=\u00bbCertificaciones\u00bb font_container=\u00bbtag:h4|text_align:center|color:%23000000&#8243; use_theme_fonts=\u00bbyes\u00bb][vc_gallery type=\u00bbimage_grid\u00bb images=\u00bb137,136,138,141&#8243; img_size=\u00bbfull\u00bb onclick=\u00bb\u00bb][\/vc_column][\/vc_row]<\/p>","protected":false},"excerpt":{"rendered":"<p>[vc_row full_width=\u00bbstretch_row_content_no_spaces\u00bb][vc_column][rev_slider_vc alias=\u00bbsolar-wall-stage-two\u00bb][\/vc_column][\/vc_row][vc_row el_class=\u00bbrow-spacing\u00bb][vc_column][vc_column_text el_class=\u00bbtext-center f-size18&#8243;]Inspirados por la demanda de una potente aplicaci\u00f3n de calefacci\u00f3n de espacios, el sistema SolarWall en dos fases lleva la tecnolog\u00eda original de SolarWall un paso m\u00e1s all\u00e1. SolarWall 2-Stage est\u00e1 compuesto por unos paneles que llevan una parte acristalada que dirigen el aire del exterior a trav\u00e9s de las &hellip; <\/p>\n<p class=\"link-more\"><a href=\"https:\/\/www.solarwall.com\/es\/technology\/solar-wall-two-stage\/\" class=\"more-link\">Continue reading<span class=\"screen-reader-text\"> \u00abSolarWall\u00ae Two-Stage\u00bb<\/span><\/a><\/p>\n","protected":false},"author":1,"featured_media":0,"parent":37,"menu_order":0,"comment_status":"closed","ping_status":"closed","template":"full-wdith.php","meta":{"footnotes":""},"class_list":["post-83","page","type-page","status-publish","hentry"],"yoast_head":"<!-- This site is optimized with the Yoast SEO plugin v24.8.1 - https:\/\/yoast.com\/wordpress\/plugins\/seo\/ -->\n<title>SolarWall\u00ae de dos etapas - SolarWall<\/title>\n<meta name=\"description\" content=\"La pared solar de dos etapas est\u00e1 equipada con paneles de acristalamiento transparentes y ha llevado la tecnolog\u00eda SolarWall original un paso m\u00e1s all\u00e1.\" \/>\n<meta name=\"robots\" content=\"index, follow, max-snippet:-1, max-image-preview:large, max-video-preview:-1\" \/>\n<link rel=\"canonical\" href=\"https:\/\/www.solarwall.com\/es\/technology\/solar-wall-two-stage\/\" \/>\n<meta property=\"og:locale\" content=\"es_ES\" \/>\n<meta property=\"og:type\" content=\"article\" \/>\n<meta property=\"og:title\" content=\"[:en]SolarWall\u00ae Two-Stage - SolarWall[:es]SolarWall\u00ae de dos etapas - SolarWall[:fr]SolarWall\u00ae \u00e0 deux \u00e9tages - SolarWall[:]\" \/>\n<meta property=\"og:description\" content=\"{:en}The solar Wall two-stage is equipped with transparent glazing panels and has taken the original SolarWall technology one step further.{:es}La pared solar de dos etapas est\u00e1 equipada con paneles de acristalamiento transparentes y ha llevado la tecnolog\u00eda SolarWall original un paso m\u00e1s all\u00e1.{:fr}Le mur solaire \u00e0 deux \u00e9tages est \u00e9quip\u00e9 de panneaux de vitrage transparents et a pouss\u00e9 la technologie SolarWall originale un peu plus loin.{:}\" \/>\n<meta property=\"og:url\" content=\"https:\/\/www.solarwall.com\/technology\/solar-wall-two-stage\/\" \/>\n<meta property=\"og:site_name\" content=\"SolarWall\" \/>\n<meta property=\"article:modified_time\" content=\"2025-04-05T15:49:33+00:00\" \/>\n<meta name=\"twitter:card\" content=\"summary_large_image\" \/>\n<meta name=\"twitter:label1\" content=\"Tiempo de lectura\" \/>\n\t<meta name=\"twitter:data1\" content=\"11 minutos\" \/>\n<script type=\"application\/ld+json\" class=\"yoast-schema-graph\">{\"@context\":\"https:\/\/schema.org\",\"@graph\":[{\"@type\":\"WebPage\",\"@id\":\"https:\/\/www.solarwall.com\/technology\/solar-wall-two-stage\/\",\"url\":\"https:\/\/www.solarwall.com\/technology\/solar-wall-two-stage\/\",\"name\":\"[:en]SolarWall\u00ae Two-Stage - SolarWall[:es]SolarWall\u00ae de dos etapas - SolarWall[:fr]SolarWall\u00ae \u00e0 deux \u00e9tages - SolarWall[:]\",\"isPartOf\":{\"@id\":\"https:\/\/www.solarwall.com\/#website\"},\"datePublished\":\"2018-07-17T07:05:36+00:00\",\"dateModified\":\"2025-04-05T15:49:33+00:00\",\"description\":\"{:en}The solar Wall two-stage is equipped with transparent glazing panels and has taken the original SolarWall technology one step further.{:es}La pared solar de dos etapas est\u00e1 equipada con paneles de acristalamiento transparentes y ha llevado la tecnolog\u00eda SolarWall original un paso m\u00e1s all\u00e1.{:fr}Le mur solaire \u00e0 deux \u00e9tages est \u00e9quip\u00e9 de panneaux de vitrage transparents et a pouss\u00e9 la technologie SolarWall originale un peu plus loin.{:}\",\"breadcrumb\":{\"@id\":\"https:\/\/www.solarwall.com\/technology\/solar-wall-two-stage\/#breadcrumb\"},\"inLanguage\":\"es\",\"potentialAction\":[{\"@type\":\"ReadAction\",\"target\":[\"https:\/\/www.solarwall.com\/technology\/solar-wall-two-stage\/\"]}]},{\"@type\":\"BreadcrumbList\",\"@id\":\"https:\/\/www.solarwall.com\/technology\/solar-wall-two-stage\/#breadcrumb\",\"itemListElement\":[{\"@type\":\"ListItem\",\"position\":1,\"name\":\"Home\",\"item\":\"https:\/\/www.solarwall.com\/\"},{\"@type\":\"ListItem\",\"position\":2,\"name\":\"Technology\",\"item\":\"https:\/\/www.solarwall.com\/technology\/\"},{\"@type\":\"ListItem\",\"position\":3,\"name\":\"SolarWall\u00ae Two-Stage\"}]},{\"@type\":\"WebSite\",\"@id\":\"https:\/\/www.solarwall.com\/#website\",\"url\":\"https:\/\/www.solarwall.com\/\",\"name\":\"SolarWall\",\"description\":\"\",\"publisher\":{\"@id\":\"https:\/\/www.solarwall.com\/#organization\"},\"potentialAction\":[{\"@type\":\"SearchAction\",\"target\":{\"@type\":\"EntryPoint\",\"urlTemplate\":\"https:\/\/www.solarwall.com\/?s={search_term_string}\"},\"query-input\":{\"@type\":\"PropertyValueSpecification\",\"valueRequired\":true,\"valueName\":\"search_term_string\"}}],\"inLanguage\":\"es\"},{\"@type\":\"Organization\",\"@id\":\"https:\/\/www.solarwall.com\/#organization\",\"name\":\"SolarWall\",\"url\":\"https:\/\/www.solarwall.com\/\",\"logo\":{\"@type\":\"ImageObject\",\"inLanguage\":\"es\",\"@id\":\"https:\/\/www.solarwall.com\/#\/schema\/logo\/image\/\",\"url\":\"https:\/\/www.solarwall.com\/wp-content\/uploads\/2018\/07\/logo.png\",\"contentUrl\":\"https:\/\/www.solarwall.com\/wp-content\/uploads\/2018\/07\/logo.png\",\"width\":215,\"height\":105,\"caption\":\"SolarWall\"},\"image\":{\"@id\":\"https:\/\/www.solarwall.com\/#\/schema\/logo\/image\/\"}}]}<\/script>\n<!-- \/ Yoast SEO plugin. -->","yoast_head_json":{"title":"SolarWall\u00ae de dos etapas - SolarWall","description":"La pared solar de dos etapas est\u00e1 equipada con paneles de acristalamiento transparentes y ha llevado la tecnolog\u00eda SolarWall original un paso m\u00e1s all\u00e1.","robots":{"index":"index","follow":"follow","max-snippet":"max-snippet:-1","max-image-preview":"max-image-preview:large","max-video-preview":"max-video-preview:-1"},"canonical":"https:\/\/www.solarwall.com\/es\/technology\/solar-wall-two-stage\/","og_locale":"es_ES","og_type":"article","og_title":"[:en]SolarWall\u00ae Two-Stage - SolarWall[:es]SolarWall\u00ae de dos etapas - SolarWall[:fr]SolarWall\u00ae \u00e0 deux \u00e9tages - SolarWall[:]","og_description":"{:en}The solar Wall two-stage is equipped with transparent glazing panels and has taken the original SolarWall technology one step further.{:es}La pared solar de dos etapas est\u00e1 equipada con paneles de acristalamiento transparentes y ha llevado la tecnolog\u00eda SolarWall original un paso m\u00e1s all\u00e1.{:fr}Le mur solaire \u00e0 deux \u00e9tages est \u00e9quip\u00e9 de panneaux de vitrage transparents et a pouss\u00e9 la technologie SolarWall originale un peu plus loin.{:}","og_url":"https:\/\/www.solarwall.com\/technology\/solar-wall-two-stage\/","og_site_name":"SolarWall","article_modified_time":"2025-04-05T15:49:33+00:00","twitter_card":"summary_large_image","twitter_misc":{"Tiempo de lectura":"11 minutos"},"schema":{"@context":"https:\/\/schema.org","@graph":[{"@type":"WebPage","@id":"https:\/\/www.solarwall.com\/technology\/solar-wall-two-stage\/","url":"https:\/\/www.solarwall.com\/technology\/solar-wall-two-stage\/","name":"[:en]SolarWall\u00ae Two-Stage - SolarWall[:es]SolarWall\u00ae de dos etapas - SolarWall[:fr]SolarWall\u00ae \u00e0 deux \u00e9tages - SolarWall[:]","isPartOf":{"@id":"https:\/\/www.solarwall.com\/#website"},"datePublished":"2018-07-17T07:05:36+00:00","dateModified":"2025-04-05T15:49:33+00:00","description":"{:en}The solar Wall two-stage is equipped with transparent glazing panels and has taken the original SolarWall technology one step further.{:es}La pared solar de dos etapas est\u00e1 equipada con paneles de acristalamiento transparentes y ha llevado la tecnolog\u00eda SolarWall original un paso m\u00e1s all\u00e1.{:fr}Le mur solaire \u00e0 deux \u00e9tages est \u00e9quip\u00e9 de panneaux de vitrage transparents et a pouss\u00e9 la technologie SolarWall originale un peu plus loin.{:}","breadcrumb":{"@id":"https:\/\/www.solarwall.com\/technology\/solar-wall-two-stage\/#breadcrumb"},"inLanguage":"es","potentialAction":[{"@type":"ReadAction","target":["https:\/\/www.solarwall.com\/technology\/solar-wall-two-stage\/"]}]},{"@type":"BreadcrumbList","@id":"https:\/\/www.solarwall.com\/technology\/solar-wall-two-stage\/#breadcrumb","itemListElement":[{"@type":"ListItem","position":1,"name":"Home","item":"https:\/\/www.solarwall.com\/"},{"@type":"ListItem","position":2,"name":"Technology","item":"https:\/\/www.solarwall.com\/technology\/"},{"@type":"ListItem","position":3,"name":"SolarWall\u00ae Two-Stage"}]},{"@type":"WebSite","@id":"https:\/\/www.solarwall.com\/#website","url":"https:\/\/www.solarwall.com\/","name":"SolarWall","description":"","publisher":{"@id":"https:\/\/www.solarwall.com\/#organization"},"potentialAction":[{"@type":"SearchAction","target":{"@type":"EntryPoint","urlTemplate":"https:\/\/www.solarwall.com\/?s={search_term_string}"},"query-input":{"@type":"PropertyValueSpecification","valueRequired":true,"valueName":"search_term_string"}}],"inLanguage":"es"},{"@type":"Organization","@id":"https:\/\/www.solarwall.com\/#organization","name":"SolarWall","url":"https:\/\/www.solarwall.com\/","logo":{"@type":"ImageObject","inLanguage":"es","@id":"https:\/\/www.solarwall.com\/#\/schema\/logo\/image\/","url":"https:\/\/www.solarwall.com\/wp-content\/uploads\/2018\/07\/logo.png","contentUrl":"https:\/\/www.solarwall.com\/wp-content\/uploads\/2018\/07\/logo.png","width":215,"height":105,"caption":"SolarWall"},"image":{"@id":"https:\/\/www.solarwall.com\/#\/schema\/logo\/image\/"}}]}},"_links":{"self":[{"href":"https:\/\/www.solarwall.com\/es\/wp-json\/wp\/v2\/pages\/83","targetHints":{"allow":["GET"]}}],"collection":[{"href":"https:\/\/www.solarwall.com\/es\/wp-json\/wp\/v2\/pages"}],"about":[{"href":"https:\/\/www.solarwall.com\/es\/wp-json\/wp\/v2\/types\/page"}],"author":[{"embeddable":true,"href":"https:\/\/www.solarwall.com\/es\/wp-json\/wp\/v2\/users\/1"}],"replies":[{"embeddable":true,"href":"https:\/\/www.solarwall.com\/es\/wp-json\/wp\/v2\/comments?post=83"}],"version-history":[{"count":9,"href":"https:\/\/www.solarwall.com\/es\/wp-json\/wp\/v2\/pages\/83\/revisions"}],"predecessor-version":[{"id":1978,"href":"https:\/\/www.solarwall.com\/es\/wp-json\/wp\/v2\/pages\/83\/revisions\/1978"}],"up":[{"embeddable":true,"href":"https:\/\/www.solarwall.com\/es\/wp-json\/wp\/v2\/pages\/37"}],"wp:attachment":[{"href":"https:\/\/www.solarwall.com\/es\/wp-json\/wp\/v2\/media?parent=83"}],"curies":[{"name":"wp","href":"https:\/\/api.w.org\/{rel}","templated":true}]}}