{"id":87,"date":"2018-07-17T07:06:14","date_gmt":"2018-07-17T07:06:14","guid":{"rendered":"http:\/\/www.solarwall.com\/?page_id=87"},"modified":"2025-04-05T11:50:16","modified_gmt":"2025-04-05T15:50:16","slug":"pv-t","status":"publish","type":"page","link":"https:\/\/www.solarwall.com\/es\/technology\/pv-t\/","title":{"rendered":"PV\/T"},"content":{"rendered":"<p>[vc_row full_width=\u00bbstretch_row_content_no_spaces\u00bb][vc_column][rev_slider_vc alias=\u00bbsolarwall-pvt\u00bb][\/vc_column][\/vc_row][vc_row el_class=\u00bbrow-spacing text-center\u00bb][vc_column][vc_column_text el_class=\u00bbf-size20&#8243;]La energ\u00eda fotovoltaica (FV) convierte la energ\u00eda solar en electricidad. SolarWall aprovecha esta energ\u00eda solar para calentar el aire. Con los nuevos sistemas FV \/ T de SolarWall, los paneles fotovoltaicos se instalan sobre los paneles SolarWall, produciendo electricidad y calor 100% renovable desde la misma superficie<\/p>\n<p>Esta tecnolog\u00eda de cogeneraci\u00f3n tambi\u00e9n est\u00e1 disponible en la aplicaci\u00f3n de cubierta SolarDuct FV \/ T<br \/>\n[\/vc_column_text][\/vc_column][\/vc_row][vc_row full_width=\u00bbstretch_row\u00bb el_class=\u00bbrow-spacing\u00bb css=\u00bb.vc_custom_1533544118164{background-color: #f3f3f3 !important;}\u00bb][vc_column][vc_column_text el_class=\u00bbtext-center f-size18&#8243;]<\/p>\n<h3>C\u00f3mo funciona<\/h3>\n<p>[\/vc_column_text][vc_single_image image=\u00bb626&#8243; img_size=\u00bbfull\u00bb alignment=\u00bbcenter\u00bb css=\u00bb.vc_custom_1533872859129{padding-top: 40px !important;padding-bottom: 30px !important;}\u00bb][vc_column_text el_class=\u00bbtext-center f-size18&#8243;]<strong>Componente fotovoltaico (FV):<\/strong><br \/>\nLos paneles fotovoltaicos transforman la radiaci\u00f3n solar en electricidad que puede usarse en la misma instalaci\u00f3n, almacenarse para su uso posterior o devolverse a la red el\u00e9ctrica para obtener incentivos financieros. Sin embargo, la mayor\u00eda de la radiaci\u00f3n solar que incide sobre los paneles fotovoltaicos se pierde como energ\u00eda t\u00e9rmica.<\/p>\n<p><strong>Componente t\u00e9rmico (T):<\/strong><br \/>\nEl sistema SolarWall o SolarDuct se duplica en su uso al poder utilizarse como sistema de almacenamiento de energ\u00eda fotovoltaica y eliminar el exceso de calor de los m\u00f3dulos fotovoltaicos, lo cual aumenta significativamente su producci\u00f3n el\u00e9ctrica. Este calor generado por los paneles fotovoltaicos y colectores solares t\u00e9rmicos se utiliza para dar respuesta a las necesidades de suministro de aire fresco del edificio. Los ventiladores de las UTAs existentes extraen este aire fresco, calentado por energ\u00eda solar a trav\u00e9s de las microperforaciones de los paneles SolarWall y se dirigen a trav\u00e9s de conductos mec\u00e1nicos aislados a las unidades de climatizaci\u00f3n.[\/vc_column_text][\/vc_column][\/vc_row][vc_row full_width=\u00bbstretch_row_content_no_spaces\u00bb][vc_column][vc_single_image image=\u00bb628&#8243; img_size=\u00bbfull\u00bb alignment=\u00bbcenter\u00bb][\/vc_column][\/vc_row][vc_row el_class=\u00bbrow-spacing\u00bb][vc_column][vc_column_text el_class=\u00bbtext-center\u00bb css=\u00bb.vc_custom_1550561833849{padding-bottom: 40px !important;}\u00bb]<\/p>\n<h3>Proyectos destacados<\/h3>\n<p>[\/vc_column_text][vc_row_inner][vc_column_inner width=\u00bb1\/4&#8243;][vc_column_text css=\u00bb.vc_custom_1533873486042{background-image: url(https:\/\/www.solarwall.com\/wp-content\/uploads\/2018\/08\/pvt-hood-river.jpg?id=630) !important;background-position: center !important;background-repeat: no-repeat !important;background-size: cover !important;}\u00bb el_class=\u00bbsw-small-thumbs-content\u00bb]Tilted Roof Application at<br \/>\nHood River<br \/>\nMiddle School, OR[\/vc_column_text][\/vc_column_inner][vc_column_inner width=\u00bb1\/4&#8243;][vc_column_text css=\u00bb.vc_custom_1533873494521{background-image: url(https:\/\/www.solarwall.com\/wp-content\/uploads\/2018\/08\/pvt-concordia.jpg?id=632) !important;background-position: center !important;background-repeat: no-repeat !important;background-size: cover !important;}\u00bb el_class=\u00bbsw-small-thumbs-content\u00bb]SolarWall PV\/T<br \/>\nConcordia University,<br \/>\nMontreal, QC[\/vc_column_text][\/vc_column_inner][vc_column_inner width=\u00bb1\/4&#8243;][vc_column_text css=\u00bb.vc_custom_1533873505217{background-image: url(https:\/\/www.solarwall.com\/wp-content\/uploads\/2018\/08\/pvt-canmet.jpg?id=631) !important;background-position: center !important;background-repeat: no-repeat !important;background-size: cover !important;}\u00bb el_class=\u00bbsw-small-thumbs-content\u00bb]SolarWall PV\/T<br \/>\nNatural Resources Canada<br \/>\nCANMET Laboratory, ON[\/vc_column_text][\/vc_column_inner][vc_column_inner width=\u00bb1\/4&#8243;][vc_column_text css=\u00bb.vc_custom_1533873514369{background-image: url(https:\/\/www.solarwall.com\/wp-content\/uploads\/2018\/08\/pvt-fort-frances.jpg?id=629) !important;background-position: center !important;background-repeat: no-repeat !important;background-size: cover !important;}\u00bb el_class=\u00bbsw-small-thumbs-content\u00bb]SolarDuct PVIT<br \/>\nSt. Francis School<br \/>\nFort Frances, ON[\/vc_column_text][\/vc_column_inner][\/vc_row_inner][\/vc_column][\/vc_row][vc_row full_width=\u00bbstretch_row\u00bb el_class=\u00bbrow-spacing\u00bb css=\u00bb.vc_custom_1531904945590{background-color: #ebebeb !important;}\u00bb][vc_column][vc_widget_sidebar sidebar_id=\u00bbfooter_sidebar_text\u00bb el_class=\u00bbtext-center f-size18&#8243;][\/vc_column][\/vc_row][vc_row el_class=\u00bbmembers-area-footer\u00bb][vc_column width=\u00bb1\/2&#8243;][vc_custom_heading text=\u00bbMiembros de\u00bb font_container=\u00bbtag:h4|text_align:center|color:%23000000&#8243; use_theme_fonts=\u00bbyes\u00bb][vc_gallery type=\u00bbimage_grid\u00bb images=\u00bb135,139,140&#8243; img_size=\u00bbfull\u00bb onclick=\u00bb\u00bb][\/vc_column][vc_column width=\u00bb1\/2&#8243;][vc_custom_heading text=\u00bbCertificaciones\u00bb font_container=\u00bbtag:h4|text_align:center|color:%23000000&#8243; use_theme_fonts=\u00bbyes\u00bb][vc_gallery type=\u00bbimage_grid\u00bb images=\u00bb137,136,138,141&#8243; img_size=\u00bbfull\u00bb onclick=\u00bb\u00bb][\/vc_column][\/vc_row]<\/p>","protected":false},"excerpt":{"rendered":"<p>[vc_row full_width=\u00bbstretch_row_content_no_spaces\u00bb][vc_column][rev_slider_vc alias=\u00bbsolarwall-pvt\u00bb][\/vc_column][\/vc_row][vc_row el_class=\u00bbrow-spacing text-center\u00bb][vc_column][vc_column_text el_class=\u00bbf-size20&#8243;]La energ\u00eda fotovoltaica (FV) convierte la energ\u00eda solar en electricidad. SolarWall aprovecha esta energ\u00eda solar para calentar el aire. Con los nuevos sistemas FV \/ T de SolarWall, los paneles fotovoltaicos se instalan sobre los paneles SolarWall, produciendo electricidad y calor 100% renovable desde la misma superficie Esta tecnolog\u00eda de &hellip; <\/p>\n<p class=\"link-more\"><a href=\"https:\/\/www.solarwall.com\/es\/technology\/pv-t\/\" class=\"more-link\">Continue reading<span class=\"screen-reader-text\"> \u00abPV\/T\u00bb<\/span><\/a><\/p>\n","protected":false},"author":1,"featured_media":0,"parent":37,"menu_order":0,"comment_status":"closed","ping_status":"closed","template":"full-wdith.php","meta":{"footnotes":""},"class_list":["post-87","page","type-page","status-publish","hentry"],"yoast_head":"<!-- This site is optimized with the Yoast SEO plugin v24.8.1 - https:\/\/yoast.com\/wordpress\/plugins\/seo\/ -->\n<title>PV\/T - SolarWall<\/title>\n<meta name=\"description\" content=\"La energ\u00eda fotovoltaica convierte la energ\u00eda solar en electricidad. Aprovecha la energ\u00eda solar para calentar el aire.La energ\u00eda fotovoltaica convierte la energ\u00eda solar en electricidad. Aprovecha la energ\u00eda solar para calentar el aire.\" \/>\n<meta name=\"robots\" content=\"index, follow, max-snippet:-1, max-image-preview:large, max-video-preview:-1\" \/>\n<link rel=\"canonical\" href=\"https:\/\/www.solarwall.com\/es\/technology\/pv-t\/\" \/>\n<meta property=\"og:locale\" content=\"es_ES\" \/>\n<meta property=\"og:type\" content=\"article\" \/>\n<meta property=\"og:title\" content=\"PV\/T - SolarWall\" \/>\n<meta property=\"og:description\" content=\"{:en}Photovoltaic energy converts solar energy into electricity. Take advantage of solar energy to heat the air.{:es}La energ\u00eda fotovoltaica convierte la energ\u00eda solar en electricidad. Aprovecha la energ\u00eda solar para calentar el aire.La energ\u00eda fotovoltaica convierte la energ\u00eda solar en electricidad. Aprovecha la energ\u00eda solar para calentar el aire.{:fr}L&#039;\u00e9nergie photovolta\u00efque convertit l&#039;\u00e9nergie solaire en \u00e9lectricit\u00e9. Profitez de l&#039;\u00e9nergie solaire pour chauffer l&#039;air.La energ\u00eda fotovoltaica convierte la energ\u00eda solar en electricidad. Aprovecha la energ\u00eda solar para calentar el aire.{:}\" \/>\n<meta property=\"og:url\" content=\"https:\/\/www.solarwall.com\/technology\/pv-t\/\" \/>\n<meta property=\"og:site_name\" content=\"SolarWall\" \/>\n<meta property=\"article:modified_time\" content=\"2025-04-05T15:50:16+00:00\" \/>\n<meta name=\"twitter:card\" content=\"summary_large_image\" \/>\n<meta name=\"twitter:label1\" content=\"Tiempo de lectura\" \/>\n\t<meta name=\"twitter:data1\" content=\"10 minutos\" \/>\n<script type=\"application\/ld+json\" class=\"yoast-schema-graph\">{\"@context\":\"https:\/\/schema.org\",\"@graph\":[{\"@type\":\"WebPage\",\"@id\":\"https:\/\/www.solarwall.com\/technology\/pv-t\/\",\"url\":\"https:\/\/www.solarwall.com\/technology\/pv-t\/\",\"name\":\"PV\/T - SolarWall\",\"isPartOf\":{\"@id\":\"https:\/\/www.solarwall.com\/#website\"},\"datePublished\":\"2018-07-17T07:06:14+00:00\",\"dateModified\":\"2025-04-05T15:50:16+00:00\",\"description\":\"{:en}Photovoltaic energy converts solar energy into electricity. Take advantage of solar energy to heat the air.{:es}La energ\u00eda fotovoltaica convierte la energ\u00eda solar en electricidad. Aprovecha la energ\u00eda solar para calentar el aire.La energ\u00eda fotovoltaica convierte la energ\u00eda solar en electricidad. Aprovecha la energ\u00eda solar para calentar el aire.{:fr}L'\u00e9nergie photovolta\u00efque convertit l'\u00e9nergie solaire en \u00e9lectricit\u00e9. Profitez de l'\u00e9nergie solaire pour chauffer l'air.La energ\u00eda fotovoltaica convierte la energ\u00eda solar en electricidad. Aprovecha la energ\u00eda solar para calentar el aire.{:}\",\"breadcrumb\":{\"@id\":\"https:\/\/www.solarwall.com\/technology\/pv-t\/#breadcrumb\"},\"inLanguage\":\"es\",\"potentialAction\":[{\"@type\":\"ReadAction\",\"target\":[\"https:\/\/www.solarwall.com\/technology\/pv-t\/\"]}]},{\"@type\":\"BreadcrumbList\",\"@id\":\"https:\/\/www.solarwall.com\/technology\/pv-t\/#breadcrumb\",\"itemListElement\":[{\"@type\":\"ListItem\",\"position\":1,\"name\":\"Home\",\"item\":\"https:\/\/www.solarwall.com\/\"},{\"@type\":\"ListItem\",\"position\":2,\"name\":\"Technology\",\"item\":\"https:\/\/www.solarwall.com\/technology\/\"},{\"@type\":\"ListItem\",\"position\":3,\"name\":\"PV\/T\"}]},{\"@type\":\"WebSite\",\"@id\":\"https:\/\/www.solarwall.com\/#website\",\"url\":\"https:\/\/www.solarwall.com\/\",\"name\":\"SolarWall\",\"description\":\"\",\"publisher\":{\"@id\":\"https:\/\/www.solarwall.com\/#organization\"},\"potentialAction\":[{\"@type\":\"SearchAction\",\"target\":{\"@type\":\"EntryPoint\",\"urlTemplate\":\"https:\/\/www.solarwall.com\/?s={search_term_string}\"},\"query-input\":{\"@type\":\"PropertyValueSpecification\",\"valueRequired\":true,\"valueName\":\"search_term_string\"}}],\"inLanguage\":\"es\"},{\"@type\":\"Organization\",\"@id\":\"https:\/\/www.solarwall.com\/#organization\",\"name\":\"SolarWall\",\"url\":\"https:\/\/www.solarwall.com\/\",\"logo\":{\"@type\":\"ImageObject\",\"inLanguage\":\"es\",\"@id\":\"https:\/\/www.solarwall.com\/#\/schema\/logo\/image\/\",\"url\":\"https:\/\/www.solarwall.com\/wp-content\/uploads\/2018\/07\/logo.png\",\"contentUrl\":\"https:\/\/www.solarwall.com\/wp-content\/uploads\/2018\/07\/logo.png\",\"width\":215,\"height\":105,\"caption\":\"SolarWall\"},\"image\":{\"@id\":\"https:\/\/www.solarwall.com\/#\/schema\/logo\/image\/\"}}]}<\/script>\n<!-- \/ Yoast SEO plugin. -->","yoast_head_json":{"title":"PV\/T - SolarWall","description":"La energ\u00eda fotovoltaica convierte la energ\u00eda solar en electricidad. Aprovecha la energ\u00eda solar para calentar el aire.La energ\u00eda fotovoltaica convierte la energ\u00eda solar en electricidad. Aprovecha la energ\u00eda solar para calentar el aire.","robots":{"index":"index","follow":"follow","max-snippet":"max-snippet:-1","max-image-preview":"max-image-preview:large","max-video-preview":"max-video-preview:-1"},"canonical":"https:\/\/www.solarwall.com\/es\/technology\/pv-t\/","og_locale":"es_ES","og_type":"article","og_title":"PV\/T - SolarWall","og_description":"{:en}Photovoltaic energy converts solar energy into electricity. Take advantage of solar energy to heat the air.{:es}La energ\u00eda fotovoltaica convierte la energ\u00eda solar en electricidad. Aprovecha la energ\u00eda solar para calentar el aire.La energ\u00eda fotovoltaica convierte la energ\u00eda solar en electricidad. Aprovecha la energ\u00eda solar para calentar el aire.{:fr}L'\u00e9nergie photovolta\u00efque convertit l'\u00e9nergie solaire en \u00e9lectricit\u00e9. Profitez de l'\u00e9nergie solaire pour chauffer l'air.La energ\u00eda fotovoltaica convierte la energ\u00eda solar en electricidad. Aprovecha la energ\u00eda solar para calentar el aire.{:}","og_url":"https:\/\/www.solarwall.com\/technology\/pv-t\/","og_site_name":"SolarWall","article_modified_time":"2025-04-05T15:50:16+00:00","twitter_card":"summary_large_image","twitter_misc":{"Tiempo de lectura":"10 minutos"},"schema":{"@context":"https:\/\/schema.org","@graph":[{"@type":"WebPage","@id":"https:\/\/www.solarwall.com\/technology\/pv-t\/","url":"https:\/\/www.solarwall.com\/technology\/pv-t\/","name":"PV\/T - SolarWall","isPartOf":{"@id":"https:\/\/www.solarwall.com\/#website"},"datePublished":"2018-07-17T07:06:14+00:00","dateModified":"2025-04-05T15:50:16+00:00","description":"{:en}Photovoltaic energy converts solar energy into electricity. Take advantage of solar energy to heat the air.{:es}La energ\u00eda fotovoltaica convierte la energ\u00eda solar en electricidad. Aprovecha la energ\u00eda solar para calentar el aire.La energ\u00eda fotovoltaica convierte la energ\u00eda solar en electricidad. Aprovecha la energ\u00eda solar para calentar el aire.{:fr}L'\u00e9nergie photovolta\u00efque convertit l'\u00e9nergie solaire en \u00e9lectricit\u00e9. Profitez de l'\u00e9nergie solaire pour chauffer l'air.La energ\u00eda fotovoltaica convierte la energ\u00eda solar en electricidad. Aprovecha la energ\u00eda solar para calentar el aire.{:}","breadcrumb":{"@id":"https:\/\/www.solarwall.com\/technology\/pv-t\/#breadcrumb"},"inLanguage":"es","potentialAction":[{"@type":"ReadAction","target":["https:\/\/www.solarwall.com\/technology\/pv-t\/"]}]},{"@type":"BreadcrumbList","@id":"https:\/\/www.solarwall.com\/technology\/pv-t\/#breadcrumb","itemListElement":[{"@type":"ListItem","position":1,"name":"Home","item":"https:\/\/www.solarwall.com\/"},{"@type":"ListItem","position":2,"name":"Technology","item":"https:\/\/www.solarwall.com\/technology\/"},{"@type":"ListItem","position":3,"name":"PV\/T"}]},{"@type":"WebSite","@id":"https:\/\/www.solarwall.com\/#website","url":"https:\/\/www.solarwall.com\/","name":"SolarWall","description":"","publisher":{"@id":"https:\/\/www.solarwall.com\/#organization"},"potentialAction":[{"@type":"SearchAction","target":{"@type":"EntryPoint","urlTemplate":"https:\/\/www.solarwall.com\/?s={search_term_string}"},"query-input":{"@type":"PropertyValueSpecification","valueRequired":true,"valueName":"search_term_string"}}],"inLanguage":"es"},{"@type":"Organization","@id":"https:\/\/www.solarwall.com\/#organization","name":"SolarWall","url":"https:\/\/www.solarwall.com\/","logo":{"@type":"ImageObject","inLanguage":"es","@id":"https:\/\/www.solarwall.com\/#\/schema\/logo\/image\/","url":"https:\/\/www.solarwall.com\/wp-content\/uploads\/2018\/07\/logo.png","contentUrl":"https:\/\/www.solarwall.com\/wp-content\/uploads\/2018\/07\/logo.png","width":215,"height":105,"caption":"SolarWall"},"image":{"@id":"https:\/\/www.solarwall.com\/#\/schema\/logo\/image\/"}}]}},"_links":{"self":[{"href":"https:\/\/www.solarwall.com\/es\/wp-json\/wp\/v2\/pages\/87","targetHints":{"allow":["GET"]}}],"collection":[{"href":"https:\/\/www.solarwall.com\/es\/wp-json\/wp\/v2\/pages"}],"about":[{"href":"https:\/\/www.solarwall.com\/es\/wp-json\/wp\/v2\/types\/page"}],"author":[{"embeddable":true,"href":"https:\/\/www.solarwall.com\/es\/wp-json\/wp\/v2\/users\/1"}],"replies":[{"embeddable":true,"href":"https:\/\/www.solarwall.com\/es\/wp-json\/wp\/v2\/comments?post=87"}],"version-history":[{"count":8,"href":"https:\/\/www.solarwall.com\/es\/wp-json\/wp\/v2\/pages\/87\/revisions"}],"predecessor-version":[{"id":1980,"href":"https:\/\/www.solarwall.com\/es\/wp-json\/wp\/v2\/pages\/87\/revisions\/1980"}],"up":[{"embeddable":true,"href":"https:\/\/www.solarwall.com\/es\/wp-json\/wp\/v2\/pages\/37"}],"wp:attachment":[{"href":"https:\/\/www.solarwall.com\/es\/wp-json\/wp\/v2\/media?parent=87"}],"curies":[{"name":"wp","href":"https:\/\/api.w.org\/{rel}","templated":true}]}}