{"id":93,"date":"2018-07-17T07:07:04","date_gmt":"2018-07-17T07:07:04","guid":{"rendered":"http:\/\/www.solarwall.com\/?page_id=93"},"modified":"2025-04-05T11:47:44","modified_gmt":"2025-04-05T15:47:44","slug":"aviation","status":"publish","type":"page","link":"https:\/\/www.solarwall.com\/es\/industries\/aviation\/","title":{"rendered":"Aviation"},"content":{"rendered":"<p>[vc_row full_width=\u00bbstretch_row_content_no_spaces\u00bb][vc_column][rev_slider_vc alias=\u00bbairports\u00bb][\/vc_column][\/vc_row][vc_row el_class=\u00bbrow-spacing-up\u00bb][vc_column width=\u00bb2\/3&#8243;][vc_column_text el_class=\u00bbf-size18&#8243;]<\/p>\n<h3>El cielo es el l\u00edmite<\/h3>\n<p>Los sistemas SolarWall se han integrado en una variedad de edificios de diferentes estilos y configuraciones t\u00e9cnicas para proporcionar reducciones de energ\u00eda importantes en el campo de la aviaci\u00f3n. Sobretodo en edificios de hangares para hacer frente a los enormes gastos de calefacci\u00f3n que llevan asociados asociados. SolarWall tambi\u00e9n ofrece dos beneficios adicionales para hangares y plantas de ensamblaje de aviones: ayudan con la presi\u00f3n negativa y la estratificaci\u00f3n del calor en el techo (lo cual es muy com\u00fan en edificios de gran altura).<\/p>\n<p>Calentar un edificio con grandes necesidades de ventilaci\u00f3n en un clima frio puede ser una propuesta costosa, especialmente cuando se requieren m\u00faltiples cambios de aire por hora. La tecnolog\u00eda SolarWall precalienta el aire de ventilaci\u00f3n entrante en cualquier lugar entre 16-38 \u00b0 C para un sistema SolarWall convencional y de 20-55 \u00b0 C para un sistema SolarWall de 2 etapas (2 Stage). Esto puede reducir entre el 20-50% de la carga de calefacci\u00f3n del edificio. Dado que dicha tecnolog\u00eda calienta el aire proveniente del exterior, tambi\u00e9n ayuda a garantizar la calidad del aire interior adem\u00e1s de unificar la temperatura del aire interior, lo cual es un beneficio para los trabajadores.[\/vc_column_text][\/vc_column][vc_column width=\u00bb1\/3&#8243;][vc_widget_sidebar sidebar_id=\u00bbsidebar-ind\u00bb][\/vc_column][\/vc_row][vc_row full_width=\u00bbstretch_row\u00bb el_class=\u00bbrow-spacing review-bgcurve\u00bb css=\u00bb.vc_custom_1540357353585{background-image: url(https:\/\/www.solarwall.com\/wp-content\/uploads\/2018\/10\/Aviation-shutterstock_1057793813.jpg?id=1089) !important;background-position: center !important;background-repeat: no-repeat !important;background-size: cover !important;}\u00bb][vc_column][vc_column_text el_class=\u00bbsp-testimonial-free-wrapper\u00bb]<span class=\"top-tag-content\">cr\u00edtica destacada<\/span><\/p>\n<div class=\"tfree-client-testimonial\">\n<p class=\"tfree-testimonial-content\">Improving air quality and comfort without increasing space heating costs was a real challenge, especially in our climate, but the SolarWall system did just that. And besides routine care such as oiling the fans, the system is practically maintenance free.<\/p>\n<h4 class=\"tfree-client-name\">Alois First, Plant Engineer at Boeing<\/h4>\n<\/div>\n<p>[\/vc_column_text][\/vc_column][\/vc_row][vc_row full_width=\u00bbstretch_row\u00bb el_class=\u00bbrow-spacing\u00bb css=\u00bb.vc_custom_1532941088740{background-color: #ebebeb !important;}\u00bb][vc_column][vc_widget_sidebar sidebar_id=\u00bbquote-widget\u00bb el_class=\u00bbtext-center f-size18&#8243;][\/vc_column][\/vc_row][vc_row el_class=\u00bbmembers-area-footer\u00bb][vc_column width=\u00bb1\/2&#8243;][vc_custom_heading text=\u00bbMiembros de\u00bb font_container=\u00bbtag:h4|text_align:center|color:%23000000&#8243; use_theme_fonts=\u00bbyes\u00bb][vc_gallery type=\u00bbimage_grid\u00bb images=\u00bb135,139,140&#8243; img_size=\u00bbfull\u00bb onclick=\u00bb\u00bb][\/vc_column][vc_column width=\u00bb1\/2&#8243;][vc_custom_heading text=\u00bbCertificaciones\u00bb font_container=\u00bbtag:h4|text_align:center|color:%23000000&#8243; use_theme_fonts=\u00bbyes\u00bb][vc_gallery type=\u00bbimage_grid\u00bb images=\u00bb137,136,138,141&#8243; img_size=\u00bbfull\u00bb onclick=\u00bb\u00bb][\/vc_column][\/vc_row]<\/p>","protected":false},"excerpt":{"rendered":"<p>[vc_row full_width=\u00bbstretch_row_content_no_spaces\u00bb][vc_column][rev_slider_vc alias=\u00bbairports\u00bb][\/vc_column][\/vc_row][vc_row el_class=\u00bbrow-spacing-up\u00bb][vc_column width=\u00bb2\/3&#8243;][vc_column_text el_class=\u00bbf-size18&#8243;] El cielo es el l\u00edmite Los sistemas SolarWall se han integrado en una variedad de edificios de diferentes estilos y configuraciones t\u00e9cnicas para proporcionar reducciones de energ\u00eda importantes en el campo de la aviaci\u00f3n. Sobretodo en edificios de hangares para hacer frente a los enormes gastos de calefacci\u00f3n que &hellip; <\/p>\n<p class=\"link-more\"><a href=\"https:\/\/www.solarwall.com\/es\/industries\/aviation\/\" class=\"more-link\">Continue reading<span class=\"screen-reader-text\"> \u00abAviation\u00bb<\/span><\/a><\/p>\n","protected":false},"author":1,"featured_media":0,"parent":39,"menu_order":0,"comment_status":"closed","ping_status":"closed","template":"full-wdith.php","meta":{"footnotes":""},"class_list":["post-93","page","type-page","status-publish","hentry"],"yoast_head":"<!-- This site is optimized with the Yoast SEO plugin v24.8.1 - https:\/\/yoast.com\/wordpress\/plugins\/seo\/ -->\n<title>Aviaci\u00f3n - SolarWall<\/title>\n<meta name=\"description\" content=\"Los sistemas SolarWall se utilizan en hangares y aeropuertos y producen los mejores ahorros de costos para la empresa. Ayudan con la presi\u00f3n negativa.\" \/>\n<meta name=\"robots\" content=\"index, follow, max-snippet:-1, max-image-preview:large, max-video-preview:-1\" \/>\n<link rel=\"canonical\" href=\"https:\/\/www.solarwall.com\/es\/industries\/aviation\/\" \/>\n<meta property=\"og:locale\" content=\"es_ES\" \/>\n<meta property=\"og:type\" content=\"article\" \/>\n<meta property=\"og:title\" content=\"[:en]Aviation - SolarWall[:es]Aviaci\u00f3n - SolarWall[:fr]Aviation - SolarWall[:]\" \/>\n<meta property=\"og:description\" content=\"{:en}SolarWall systems are used in Hangars &amp; airports and produces the best cost savings for the company. They help with negative pressure.{:es}Los sistemas SolarWall se utilizan en hangares y aeropuertos y producen los mejores ahorros de costos para la empresa. Ayudan con la presi\u00f3n negativa.{:fr}Les syst\u00e8mes SolarWall sont utilis\u00e9s dans les hangars et les a\u00e9roports et g\u00e9n\u00e8rent les meilleures \u00e9conomies pour l&#039;entreprise. Ils aident \u00e0 la pression n\u00e9gative.{:}\" \/>\n<meta property=\"og:url\" content=\"https:\/\/www.solarwall.com\/industries\/aviation\/\" \/>\n<meta property=\"og:site_name\" content=\"SolarWall\" \/>\n<meta property=\"article:modified_time\" content=\"2025-04-05T15:47:44+00:00\" \/>\n<meta name=\"twitter:card\" content=\"summary_large_image\" \/>\n<meta name=\"twitter:label1\" content=\"Tiempo de lectura\" \/>\n\t<meta name=\"twitter:data1\" content=\"7 minutos\" \/>\n<script type=\"application\/ld+json\" class=\"yoast-schema-graph\">{\"@context\":\"https:\/\/schema.org\",\"@graph\":[{\"@type\":\"WebPage\",\"@id\":\"https:\/\/www.solarwall.com\/industries\/aviation\/\",\"url\":\"https:\/\/www.solarwall.com\/industries\/aviation\/\",\"name\":\"[:en]Aviation - SolarWall[:es]Aviaci\u00f3n - SolarWall[:fr]Aviation - SolarWall[:]\",\"isPartOf\":{\"@id\":\"https:\/\/www.solarwall.com\/#website\"},\"datePublished\":\"2018-07-17T07:07:04+00:00\",\"dateModified\":\"2025-04-05T15:47:44+00:00\",\"description\":\"{:en}SolarWall systems are used in Hangars & airports and produces the best cost savings for the company. They help with negative pressure.{:es}Los sistemas SolarWall se utilizan en hangares y aeropuertos y producen los mejores ahorros de costos para la empresa. Ayudan con la presi\u00f3n negativa.{:fr}Les syst\u00e8mes SolarWall sont utilis\u00e9s dans les hangars et les a\u00e9roports et g\u00e9n\u00e8rent les meilleures \u00e9conomies pour l'entreprise. Ils aident \u00e0 la pression n\u00e9gative.{:}\",\"breadcrumb\":{\"@id\":\"https:\/\/www.solarwall.com\/industries\/aviation\/#breadcrumb\"},\"inLanguage\":\"es\",\"potentialAction\":[{\"@type\":\"ReadAction\",\"target\":[\"https:\/\/www.solarwall.com\/industries\/aviation\/\"]}]},{\"@type\":\"BreadcrumbList\",\"@id\":\"https:\/\/www.solarwall.com\/industries\/aviation\/#breadcrumb\",\"itemListElement\":[{\"@type\":\"ListItem\",\"position\":1,\"name\":\"Home\",\"item\":\"https:\/\/www.solarwall.com\/\"},{\"@type\":\"ListItem\",\"position\":2,\"name\":\"Industries\",\"item\":\"https:\/\/www.solarwall.com\/industries\/\"},{\"@type\":\"ListItem\",\"position\":3,\"name\":\"Aviation\"}]},{\"@type\":\"WebSite\",\"@id\":\"https:\/\/www.solarwall.com\/#website\",\"url\":\"https:\/\/www.solarwall.com\/\",\"name\":\"SolarWall\",\"description\":\"\",\"publisher\":{\"@id\":\"https:\/\/www.solarwall.com\/#organization\"},\"potentialAction\":[{\"@type\":\"SearchAction\",\"target\":{\"@type\":\"EntryPoint\",\"urlTemplate\":\"https:\/\/www.solarwall.com\/?s={search_term_string}\"},\"query-input\":{\"@type\":\"PropertyValueSpecification\",\"valueRequired\":true,\"valueName\":\"search_term_string\"}}],\"inLanguage\":\"es\"},{\"@type\":\"Organization\",\"@id\":\"https:\/\/www.solarwall.com\/#organization\",\"name\":\"SolarWall\",\"url\":\"https:\/\/www.solarwall.com\/\",\"logo\":{\"@type\":\"ImageObject\",\"inLanguage\":\"es\",\"@id\":\"https:\/\/www.solarwall.com\/#\/schema\/logo\/image\/\",\"url\":\"https:\/\/www.solarwall.com\/wp-content\/uploads\/2018\/07\/logo.png\",\"contentUrl\":\"https:\/\/www.solarwall.com\/wp-content\/uploads\/2018\/07\/logo.png\",\"width\":215,\"height\":105,\"caption\":\"SolarWall\"},\"image\":{\"@id\":\"https:\/\/www.solarwall.com\/#\/schema\/logo\/image\/\"}}]}<\/script>\n<!-- \/ Yoast SEO plugin. -->","yoast_head_json":{"title":"Aviaci\u00f3n - SolarWall","description":"Los sistemas SolarWall se utilizan en hangares y aeropuertos y producen los mejores ahorros de costos para la empresa. Ayudan con la presi\u00f3n negativa.","robots":{"index":"index","follow":"follow","max-snippet":"max-snippet:-1","max-image-preview":"max-image-preview:large","max-video-preview":"max-video-preview:-1"},"canonical":"https:\/\/www.solarwall.com\/es\/industries\/aviation\/","og_locale":"es_ES","og_type":"article","og_title":"[:en]Aviation - SolarWall[:es]Aviaci\u00f3n - SolarWall[:fr]Aviation - SolarWall[:]","og_description":"{:en}SolarWall systems are used in Hangars & airports and produces the best cost savings for the company. They help with negative pressure.{:es}Los sistemas SolarWall se utilizan en hangares y aeropuertos y producen los mejores ahorros de costos para la empresa. Ayudan con la presi\u00f3n negativa.{:fr}Les syst\u00e8mes SolarWall sont utilis\u00e9s dans les hangars et les a\u00e9roports et g\u00e9n\u00e8rent les meilleures \u00e9conomies pour l'entreprise. Ils aident \u00e0 la pression n\u00e9gative.{:}","og_url":"https:\/\/www.solarwall.com\/industries\/aviation\/","og_site_name":"SolarWall","article_modified_time":"2025-04-05T15:47:44+00:00","twitter_card":"summary_large_image","twitter_misc":{"Tiempo de lectura":"7 minutos"},"schema":{"@context":"https:\/\/schema.org","@graph":[{"@type":"WebPage","@id":"https:\/\/www.solarwall.com\/industries\/aviation\/","url":"https:\/\/www.solarwall.com\/industries\/aviation\/","name":"[:en]Aviation - SolarWall[:es]Aviaci\u00f3n - SolarWall[:fr]Aviation - SolarWall[:]","isPartOf":{"@id":"https:\/\/www.solarwall.com\/#website"},"datePublished":"2018-07-17T07:07:04+00:00","dateModified":"2025-04-05T15:47:44+00:00","description":"{:en}SolarWall systems are used in Hangars & airports and produces the best cost savings for the company. They help with negative pressure.{:es}Los sistemas SolarWall se utilizan en hangares y aeropuertos y producen los mejores ahorros de costos para la empresa. Ayudan con la presi\u00f3n negativa.{:fr}Les syst\u00e8mes SolarWall sont utilis\u00e9s dans les hangars et les a\u00e9roports et g\u00e9n\u00e8rent les meilleures \u00e9conomies pour l'entreprise. Ils aident \u00e0 la pression n\u00e9gative.{:}","breadcrumb":{"@id":"https:\/\/www.solarwall.com\/industries\/aviation\/#breadcrumb"},"inLanguage":"es","potentialAction":[{"@type":"ReadAction","target":["https:\/\/www.solarwall.com\/industries\/aviation\/"]}]},{"@type":"BreadcrumbList","@id":"https:\/\/www.solarwall.com\/industries\/aviation\/#breadcrumb","itemListElement":[{"@type":"ListItem","position":1,"name":"Home","item":"https:\/\/www.solarwall.com\/"},{"@type":"ListItem","position":2,"name":"Industries","item":"https:\/\/www.solarwall.com\/industries\/"},{"@type":"ListItem","position":3,"name":"Aviation"}]},{"@type":"WebSite","@id":"https:\/\/www.solarwall.com\/#website","url":"https:\/\/www.solarwall.com\/","name":"SolarWall","description":"","publisher":{"@id":"https:\/\/www.solarwall.com\/#organization"},"potentialAction":[{"@type":"SearchAction","target":{"@type":"EntryPoint","urlTemplate":"https:\/\/www.solarwall.com\/?s={search_term_string}"},"query-input":{"@type":"PropertyValueSpecification","valueRequired":true,"valueName":"search_term_string"}}],"inLanguage":"es"},{"@type":"Organization","@id":"https:\/\/www.solarwall.com\/#organization","name":"SolarWall","url":"https:\/\/www.solarwall.com\/","logo":{"@type":"ImageObject","inLanguage":"es","@id":"https:\/\/www.solarwall.com\/#\/schema\/logo\/image\/","url":"https:\/\/www.solarwall.com\/wp-content\/uploads\/2018\/07\/logo.png","contentUrl":"https:\/\/www.solarwall.com\/wp-content\/uploads\/2018\/07\/logo.png","width":215,"height":105,"caption":"SolarWall"},"image":{"@id":"https:\/\/www.solarwall.com\/#\/schema\/logo\/image\/"}}]}},"_links":{"self":[{"href":"https:\/\/www.solarwall.com\/es\/wp-json\/wp\/v2\/pages\/93","targetHints":{"allow":["GET"]}}],"collection":[{"href":"https:\/\/www.solarwall.com\/es\/wp-json\/wp\/v2\/pages"}],"about":[{"href":"https:\/\/www.solarwall.com\/es\/wp-json\/wp\/v2\/types\/page"}],"author":[{"embeddable":true,"href":"https:\/\/www.solarwall.com\/es\/wp-json\/wp\/v2\/users\/1"}],"replies":[{"embeddable":true,"href":"https:\/\/www.solarwall.com\/es\/wp-json\/wp\/v2\/comments?post=93"}],"version-history":[{"count":6,"href":"https:\/\/www.solarwall.com\/es\/wp-json\/wp\/v2\/pages\/93\/revisions"}],"predecessor-version":[{"id":1973,"href":"https:\/\/www.solarwall.com\/es\/wp-json\/wp\/v2\/pages\/93\/revisions\/1973"}],"up":[{"embeddable":true,"href":"https:\/\/www.solarwall.com\/es\/wp-json\/wp\/v2\/pages\/39"}],"wp:attachment":[{"href":"https:\/\/www.solarwall.com\/es\/wp-json\/wp\/v2\/media?parent=93"}],"curies":[{"name":"wp","href":"https:\/\/api.w.org\/{rel}","templated":true}]}}