{"id":99,"date":"2018-07-17T07:08:01","date_gmt":"2018-07-17T07:08:01","guid":{"rendered":"http:\/\/www.solarwall.com\/?page_id=99"},"modified":"2025-04-05T11:42:30","modified_gmt":"2025-04-05T15:42:30","slug":"industrial","status":"publish","type":"page","link":"https:\/\/www.solarwall.com\/es\/industries\/industrial\/","title":{"rendered":"Industrial"},"content":{"rendered":"<p>[vc_row full_width=\u00bbstretch_row_content_no_spaces\u00bb][vc_column][rev_slider_vc alias=\u00bbmanufacturing\u00bb][\/vc_column][\/vc_row][vc_row el_class=\u00bbrow-spacing-up\u00bb][vc_column width=\u00bb2\/3&#8243;][vc_column_text el_class=\u00bbf-size18&#8243;]<\/p>\n<h3>\u201cCompruebe su contador\u201d<\/h3>\n<p>La mayor\u00eda de las instalaciones industriales requieren un alto volumen de aire interior para satisfacer los est\u00e1ndares de calidad. Para las f\u00e1bricas, el gasto de calentar este aire puede ser su mayor gasto energ\u00e9tico individual u operativo. Los sistemas SolarWall calientan el aire de ventilaci\u00f3n procedente del exterior antes de que \u00e9ste se introduzca en el edificio, lo que disminuye la carga en los radiadores tradicionales. Esto genera un importante ahorro de energ\u00eda, generalmente entre un 20-50% del consumo de combustible destinado a calefacci\u00f3n.<\/p>\n<p>\u201cNuestras facturas de gas y electricidad son rid\u00edculamente bajas en comparaci\u00f3n con nuestras otras instalaciones. Nuestro proveedor de gas dijo que ser\u00eda mejor que revis\u00e1ramos nuestro contador porque mostraba que estamos usando muy poco gas \u00ab. ~ Demetrius Tsafaridis, presidente de Steelcare, refiri\u00e9ndose a su uso de la tecnolog\u00eda SolarWall en su planta de fabricaci\u00f3n.<\/p>\n<p>Los sistemas SolarWall est\u00e1n dimensionados para cumplir con los requisitos de energ\u00eda y ventilaci\u00f3n de cada instalaci\u00f3n, con una capacidad de 18 m3\/h\/m2 hasta 180 m3\/h\/m2 de superficie de colector. Dado que la tecnolog\u00eda SolarWall calienta el aire limpio proveniente del exterior, garantiza la calidad del aire interior que mejora los niveles de comodidad de los empleados. Los sistemas SolarWall no requieren mantenimiento.<\/p>\n<p>La tecnolog\u00eda SolarWall tambi\u00e9n se puede utilizar para aplicaciones de calor en procesos industriales y en operaciones de miner\u00eda. Las minas suelen tener tasas de ventilaci\u00f3n enormes y dependen de combustibles costosos e intensivos en carbono debido a que su lejana ubicaci\u00f3n. La generaci\u00f3n de energ\u00eda t\u00e9rmica con un sistema SolarWall es muy atractivo en estas aplicaciones.[\/vc_column_text][\/vc_column][vc_column width=\u00bb1\/3&#8243;][vc_widget_sidebar sidebar_id=\u00bbsidebar-ind\u00bb][\/vc_column][\/vc_row][vc_row full_width=\u00bbstretch_row\u00bb el_class=\u00bbrow-spacing review-bgcurve\u00bb css=\u00bb.vc_custom_1540357135640{background-image: url(https:\/\/www.solarwall.com\/wp-content\/uploads\/2018\/10\/Industrial-shutterstock_48430492.jpg?id=1083) !important;background-position: center !important;background-repeat: no-repeat !important;background-size: cover !important;}\u00bb][vc_column][vc_column_text el_class=\u00bbsp-testimonial-free-wrapper\u00bb]<span class=\"top-tag-content\">cr\u00edtica destacada<\/span><\/p>\n<div class=\"tfree-client-testimonial\">\n<p class=\"tfree-testimonial-content\">What this wall does it provide you with tremendous amounts of heated fresh air for free&#8230; This is a really cost effective way of improving the work place.<\/p>\n<h4 class=\"tfree-client-name\">Ken Rossi, Manager of Plant Engineering, Ford Motor Company, Oakville Assembly Plant<\/h4>\n<\/div>\n<p>[\/vc_column_text][\/vc_column][\/vc_row][vc_row full_width=\u00bbstretch_row\u00bb el_class=\u00bbrow-spacing\u00bb css=\u00bb.vc_custom_1531904945590{background-color: #ebebeb !important;}\u00bb][vc_column][vc_widget_sidebar sidebar_id=\u00bbquote-widget\u00bb el_class=\u00bbtext-center f-size18&#8243;][\/vc_column][\/vc_row][vc_row el_class=\u00bbmembers-area-footer\u00bb][vc_column width=\u00bb1\/2&#8243;][vc_custom_heading text=\u00bbMiembros de\u00bb font_container=\u00bbtag:h4|text_align:center|color:%23000000&#8243; use_theme_fonts=\u00bbyes\u00bb][vc_gallery type=\u00bbimage_grid\u00bb images=\u00bb135,139,140&#8243; img_size=\u00bbfull\u00bb onclick=\u00bb\u00bb][\/vc_column][vc_column width=\u00bb1\/2&#8243;][vc_custom_heading text=\u00bbCertificaciones\u00bb font_container=\u00bbtag:h4|text_align:center|color:%23000000&#8243; use_theme_fonts=\u00bbyes\u00bb][vc_gallery type=\u00bbimage_grid\u00bb images=\u00bb137,136,138,141&#8243; img_size=\u00bbfull\u00bb onclick=\u00bb\u00bb][\/vc_column][\/vc_row]<\/p>","protected":false},"excerpt":{"rendered":"<p>[vc_row full_width=\u00bbstretch_row_content_no_spaces\u00bb][vc_column][rev_slider_vc alias=\u00bbmanufacturing\u00bb][\/vc_column][\/vc_row][vc_row el_class=\u00bbrow-spacing-up\u00bb][vc_column width=\u00bb2\/3&#8243;][vc_column_text el_class=\u00bbf-size18&#8243;] \u201cCompruebe su contador\u201d La mayor\u00eda de las instalaciones industriales requieren un alto volumen de aire interior para satisfacer los est\u00e1ndares de calidad. Para las f\u00e1bricas, el gasto de calentar este aire puede ser su mayor gasto energ\u00e9tico individual u operativo. Los sistemas SolarWall calientan el aire de ventilaci\u00f3n procedente &hellip; <\/p>\n<p class=\"link-more\"><a href=\"https:\/\/www.solarwall.com\/es\/industries\/industrial\/\" class=\"more-link\">Continue reading<span class=\"screen-reader-text\"> \u00abIndustrial\u00bb<\/span><\/a><\/p>\n","protected":false},"author":1,"featured_media":0,"parent":39,"menu_order":0,"comment_status":"closed","ping_status":"closed","template":"full-wdith.php","meta":{"footnotes":""},"class_list":["post-99","page","type-page","status-publish","hentry"],"yoast_head":"<!-- This site is optimized with the Yoast SEO plugin v24.8.1 - https:\/\/yoast.com\/wordpress\/plugins\/seo\/ -->\n<title>Industrial - SolarWall<\/title>\n<meta name=\"description\" content=\"La tecnolog\u00eda SolarWall se utiliza en la industria de fabricaci\u00f3n y almacenamiento, ya que realiza amplias funciones como la p\u00e9rdida de calor y la eliminaci\u00f3n del aire caliente.\" \/>\n<meta name=\"robots\" content=\"index, follow, max-snippet:-1, max-image-preview:large, max-video-preview:-1\" \/>\n<link rel=\"canonical\" href=\"https:\/\/www.solarwall.com\/es\/industries\/industrial\/\" \/>\n<meta property=\"og:locale\" content=\"es_ES\" \/>\n<meta property=\"og:type\" content=\"article\" \/>\n<meta property=\"og:title\" content=\"[:en]Industrial - SolarWall[:es]Industrial - SolarWall[:fr]Industriel - SolarWall[:]\" \/>\n<meta property=\"og:description\" content=\"{:en}SolarWall technology is used in manufacturing and warehousing industry as it performs ample functions like heat loss and elimination of hot air.{:es}La tecnolog\u00eda SolarWall se utiliza en la industria de fabricaci\u00f3n y almacenamiento, ya que realiza amplias funciones como la p\u00e9rdida de calor y la eliminaci\u00f3n del aire caliente.{:fr}La technologie SolarWall est utilis\u00e9e dans l&#039;industrie de la fabrication et de l&#039;entreposage car elle remplit de nombreuses fonctions comme la perte de chaleur et l&#039;\u00e9limination de l&#039;air chaud.{:}\" \/>\n<meta property=\"og:url\" content=\"https:\/\/www.solarwall.com\/industries\/industrial\/\" \/>\n<meta property=\"og:site_name\" content=\"SolarWall\" \/>\n<meta property=\"article:modified_time\" content=\"2025-04-05T15:42:30+00:00\" \/>\n<meta name=\"twitter:card\" content=\"summary_large_image\" \/>\n<meta name=\"twitter:label1\" content=\"Tiempo de lectura\" \/>\n\t<meta name=\"twitter:data1\" content=\"7 minutos\" \/>\n<script type=\"application\/ld+json\" class=\"yoast-schema-graph\">{\"@context\":\"https:\/\/schema.org\",\"@graph\":[{\"@type\":\"WebPage\",\"@id\":\"https:\/\/www.solarwall.com\/industries\/industrial\/\",\"url\":\"https:\/\/www.solarwall.com\/industries\/industrial\/\",\"name\":\"[:en]Industrial - SolarWall[:es]Industrial - SolarWall[:fr]Industriel - SolarWall[:]\",\"isPartOf\":{\"@id\":\"https:\/\/www.solarwall.com\/#website\"},\"datePublished\":\"2018-07-17T07:08:01+00:00\",\"dateModified\":\"2025-04-05T15:42:30+00:00\",\"description\":\"{:en}SolarWall technology is used in manufacturing and warehousing industry as it performs ample functions like heat loss and elimination of hot air.{:es}La tecnolog\u00eda SolarWall se utiliza en la industria de fabricaci\u00f3n y almacenamiento, ya que realiza amplias funciones como la p\u00e9rdida de calor y la eliminaci\u00f3n del aire caliente.{:fr}La technologie SolarWall est utilis\u00e9e dans l'industrie de la fabrication et de l'entreposage car elle remplit de nombreuses fonctions comme la perte de chaleur et l'\u00e9limination de l'air chaud.{:}\",\"breadcrumb\":{\"@id\":\"https:\/\/www.solarwall.com\/industries\/industrial\/#breadcrumb\"},\"inLanguage\":\"es\",\"potentialAction\":[{\"@type\":\"ReadAction\",\"target\":[\"https:\/\/www.solarwall.com\/industries\/industrial\/\"]}]},{\"@type\":\"BreadcrumbList\",\"@id\":\"https:\/\/www.solarwall.com\/industries\/industrial\/#breadcrumb\",\"itemListElement\":[{\"@type\":\"ListItem\",\"position\":1,\"name\":\"Home\",\"item\":\"https:\/\/www.solarwall.com\/\"},{\"@type\":\"ListItem\",\"position\":2,\"name\":\"Industries\",\"item\":\"https:\/\/www.solarwall.com\/industries\/\"},{\"@type\":\"ListItem\",\"position\":3,\"name\":\"Industrial\"}]},{\"@type\":\"WebSite\",\"@id\":\"https:\/\/www.solarwall.com\/#website\",\"url\":\"https:\/\/www.solarwall.com\/\",\"name\":\"SolarWall\",\"description\":\"\",\"publisher\":{\"@id\":\"https:\/\/www.solarwall.com\/#organization\"},\"potentialAction\":[{\"@type\":\"SearchAction\",\"target\":{\"@type\":\"EntryPoint\",\"urlTemplate\":\"https:\/\/www.solarwall.com\/?s={search_term_string}\"},\"query-input\":{\"@type\":\"PropertyValueSpecification\",\"valueRequired\":true,\"valueName\":\"search_term_string\"}}],\"inLanguage\":\"es\"},{\"@type\":\"Organization\",\"@id\":\"https:\/\/www.solarwall.com\/#organization\",\"name\":\"SolarWall\",\"url\":\"https:\/\/www.solarwall.com\/\",\"logo\":{\"@type\":\"ImageObject\",\"inLanguage\":\"es\",\"@id\":\"https:\/\/www.solarwall.com\/#\/schema\/logo\/image\/\",\"url\":\"https:\/\/www.solarwall.com\/wp-content\/uploads\/2018\/07\/logo.png\",\"contentUrl\":\"https:\/\/www.solarwall.com\/wp-content\/uploads\/2018\/07\/logo.png\",\"width\":215,\"height\":105,\"caption\":\"SolarWall\"},\"image\":{\"@id\":\"https:\/\/www.solarwall.com\/#\/schema\/logo\/image\/\"}}]}<\/script>\n<!-- \/ Yoast SEO plugin. -->","yoast_head_json":{"title":"Industrial - SolarWall","description":"La tecnolog\u00eda SolarWall se utiliza en la industria de fabricaci\u00f3n y almacenamiento, ya que realiza amplias funciones como la p\u00e9rdida de calor y la eliminaci\u00f3n del aire caliente.","robots":{"index":"index","follow":"follow","max-snippet":"max-snippet:-1","max-image-preview":"max-image-preview:large","max-video-preview":"max-video-preview:-1"},"canonical":"https:\/\/www.solarwall.com\/es\/industries\/industrial\/","og_locale":"es_ES","og_type":"article","og_title":"[:en]Industrial - SolarWall[:es]Industrial - SolarWall[:fr]Industriel - SolarWall[:]","og_description":"{:en}SolarWall technology is used in manufacturing and warehousing industry as it performs ample functions like heat loss and elimination of hot air.{:es}La tecnolog\u00eda SolarWall se utiliza en la industria de fabricaci\u00f3n y almacenamiento, ya que realiza amplias funciones como la p\u00e9rdida de calor y la eliminaci\u00f3n del aire caliente.{:fr}La technologie SolarWall est utilis\u00e9e dans l'industrie de la fabrication et de l'entreposage car elle remplit de nombreuses fonctions comme la perte de chaleur et l'\u00e9limination de l'air chaud.{:}","og_url":"https:\/\/www.solarwall.com\/industries\/industrial\/","og_site_name":"SolarWall","article_modified_time":"2025-04-05T15:42:30+00:00","twitter_card":"summary_large_image","twitter_misc":{"Tiempo de lectura":"7 minutos"},"schema":{"@context":"https:\/\/schema.org","@graph":[{"@type":"WebPage","@id":"https:\/\/www.solarwall.com\/industries\/industrial\/","url":"https:\/\/www.solarwall.com\/industries\/industrial\/","name":"[:en]Industrial - SolarWall[:es]Industrial - SolarWall[:fr]Industriel - SolarWall[:]","isPartOf":{"@id":"https:\/\/www.solarwall.com\/#website"},"datePublished":"2018-07-17T07:08:01+00:00","dateModified":"2025-04-05T15:42:30+00:00","description":"{:en}SolarWall technology is used in manufacturing and warehousing industry as it performs ample functions like heat loss and elimination of hot air.{:es}La tecnolog\u00eda SolarWall se utiliza en la industria de fabricaci\u00f3n y almacenamiento, ya que realiza amplias funciones como la p\u00e9rdida de calor y la eliminaci\u00f3n del aire caliente.{:fr}La technologie SolarWall est utilis\u00e9e dans l'industrie de la fabrication et de l'entreposage car elle remplit de nombreuses fonctions comme la perte de chaleur et l'\u00e9limination de l'air chaud.{:}","breadcrumb":{"@id":"https:\/\/www.solarwall.com\/industries\/industrial\/#breadcrumb"},"inLanguage":"es","potentialAction":[{"@type":"ReadAction","target":["https:\/\/www.solarwall.com\/industries\/industrial\/"]}]},{"@type":"BreadcrumbList","@id":"https:\/\/www.solarwall.com\/industries\/industrial\/#breadcrumb","itemListElement":[{"@type":"ListItem","position":1,"name":"Home","item":"https:\/\/www.solarwall.com\/"},{"@type":"ListItem","position":2,"name":"Industries","item":"https:\/\/www.solarwall.com\/industries\/"},{"@type":"ListItem","position":3,"name":"Industrial"}]},{"@type":"WebSite","@id":"https:\/\/www.solarwall.com\/#website","url":"https:\/\/www.solarwall.com\/","name":"SolarWall","description":"","publisher":{"@id":"https:\/\/www.solarwall.com\/#organization"},"potentialAction":[{"@type":"SearchAction","target":{"@type":"EntryPoint","urlTemplate":"https:\/\/www.solarwall.com\/?s={search_term_string}"},"query-input":{"@type":"PropertyValueSpecification","valueRequired":true,"valueName":"search_term_string"}}],"inLanguage":"es"},{"@type":"Organization","@id":"https:\/\/www.solarwall.com\/#organization","name":"SolarWall","url":"https:\/\/www.solarwall.com\/","logo":{"@type":"ImageObject","inLanguage":"es","@id":"https:\/\/www.solarwall.com\/#\/schema\/logo\/image\/","url":"https:\/\/www.solarwall.com\/wp-content\/uploads\/2018\/07\/logo.png","contentUrl":"https:\/\/www.solarwall.com\/wp-content\/uploads\/2018\/07\/logo.png","width":215,"height":105,"caption":"SolarWall"},"image":{"@id":"https:\/\/www.solarwall.com\/#\/schema\/logo\/image\/"}}]}},"_links":{"self":[{"href":"https:\/\/www.solarwall.com\/es\/wp-json\/wp\/v2\/pages\/99","targetHints":{"allow":["GET"]}}],"collection":[{"href":"https:\/\/www.solarwall.com\/es\/wp-json\/wp\/v2\/pages"}],"about":[{"href":"https:\/\/www.solarwall.com\/es\/wp-json\/wp\/v2\/types\/page"}],"author":[{"embeddable":true,"href":"https:\/\/www.solarwall.com\/es\/wp-json\/wp\/v2\/users\/1"}],"replies":[{"embeddable":true,"href":"https:\/\/www.solarwall.com\/es\/wp-json\/wp\/v2\/comments?post=99"}],"version-history":[{"count":6,"href":"https:\/\/www.solarwall.com\/es\/wp-json\/wp\/v2\/pages\/99\/revisions"}],"predecessor-version":[{"id":1966,"href":"https:\/\/www.solarwall.com\/es\/wp-json\/wp\/v2\/pages\/99\/revisions\/1966"}],"up":[{"embeddable":true,"href":"https:\/\/www.solarwall.com\/es\/wp-json\/wp\/v2\/pages\/39"}],"wp:attachment":[{"href":"https:\/\/www.solarwall.com\/es\/wp-json\/wp\/v2\/media?parent=99"}],"curies":[{"name":"wp","href":"https:\/\/api.w.org\/{rel}","templated":true}]}}