{"id":103,"date":"2018-07-17T07:08:41","date_gmt":"2018-07-17T07:08:41","guid":{"rendered":"http:\/\/www.solarwall.com\/?page_id=103"},"modified":"2025-04-05T11:45:50","modified_gmt":"2025-04-05T15:45:50","slug":"educational","status":"publish","type":"page","link":"https:\/\/www.solarwall.com\/fr\/industries\/educational\/","title":{"rendered":"Educational"},"content":{"rendered":"<p>[vc_row full_width=\u00a0\u00bbstretch_row_content_no_spaces\u00a0\u00bb][vc_column][rev_slider_vc alias=\u00a0\u00bbhigh-schools\u00a0\u00bb][\/vc_column][\/vc_row][vc_row el_class=\u00a0\u00bbrow-spacing-up\u00a0\u00bb][vc_column width=\u00a0\u00bb2\/3&Prime;][vc_column_text el_class=\u00a0\u00bbf-size18&Prime;]<\/p>\n<h3>SolarWall<sup>\u00ae<\/sup> simple comme A, B, C<\/h3>\n<p>En pr\u00e9chauffantl&rsquo;air frais entrant, le chauffage de l&rsquo;air SolarWall r\u00e9duit les co\u00fbts de chauffage et contribue \u00e0 la r\u00e9alisation des objectifs en mati\u00e8re d&rsquo;\u00e9nergie propre.Cette technologie r\u00e9duit \u00e9galement les co\u00fbts de maintenirde l&rsquo;air frais du b\u00e2timent,qui est essentiel dans les \u00e9tablissements d\u2019enseignement.Lorsque le flux d\u2019air et la ventilation sont inf\u00e9rieurs aux niveaux optimaux, les \u00e9l\u00e8ves peuvent se sentirlents et inattentifs, ce qui n&rsquo;a rien \u00e0 voir avec le calibre du contenu de la classe!Les \u00e9coles doivent avoir un flux d\u2019air de 25 m3\/h par \u00e9l\u00e8ve, ce qui signifie que l\u2019air frais doit \u00eatre laiss\u00e9 en permanence.Quel que soit le climat de chauffage, le conditionnement de gros volumes d\u2019air co\u00fbte cher, mais les syst\u00e8mes SolarWall peuvent \u00eatre tr\u00e8s utiles.Et le r\u00e9sultat est que les \u00e9coles b\u00e9n\u00e9ficient d\u2019une bonne circulation d\u2019air frais \u00e0 bas co\u00fbt et que les \u00e9tudiants restent plus concentr\u00e9s.<\/p>\n<p>La pr\u00e9sentation des meilleures technologies solaires pr\u00e9sente \u00e9galement un grand int\u00e9r\u00eat p\u00e9dagogique.De nombreux conseils scolaires, coll\u00e8ges et universit\u00e9s reconnaissent que l&rsquo;installation de ces syst\u00e8mes d&rsquo;\u00e9nergie propre dans les centres constitueun outil p\u00e9dagogique pour enseigner aux \u00e9tudiants les technologies d&rsquo;\u00e9nergie renouvelable qui vont devenir la norme dans leur vie.Lorsqu&rsquo;un syst\u00e8me de chauffage SolarWall est install\u00e9 dans une \u00e9cole, il offre aux \u00e9tudiants un moyen pratique de voir comment r\u00e9duire la consommation d&rsquo;\u00e9nergie conventionnelle et offre aux enseignants un excellent outil pour couvrir plusieurs \u00e9l\u00e9ments du programme.<\/p>\n<p>En r\u00e9sum\u00e9, le choix d\u2019installer un syst\u00e8me de chauffage SolarWall est un bon exemple pour les \u00e9tudiants et constitue un outil d\u2019enseignement unique tout en aidant \u00e0 cr\u00e9er un environnement plus sain et plus \u00e9nerg\u00e9tique.[\/vc_column_text][\/vc_column][vc_column width=\u00a0\u00bb1\/3&Prime;][vc_widget_sidebar sidebar_id=\u00a0\u00bbsidebar-ind\u00a0\u00bb][\/vc_column][\/vc_row][vc_row full_width=\u00a0\u00bbstretch_row\u00a0\u00bb el_class=\u00a0\u00bbrow-spacing review-bgcurve\u00a0\u00bb css=\u00a0\u00bb.vc_custom_1532941472334{background-image: url(https:\/\/www.solarwall.com\/wp-content\/uploads\/2018\/07\/school-review-bg.jpg?id=260) !important;background-position: center !important;background-repeat: no-repeat !important;background-size: cover !important;}\u00a0\u00bb][vc_column][vc_column_text el_class=\u00a0\u00bbsp-testimonial-free-wrapper\u00a0\u00bb]<span class=\"top-tag-content\">Critique importante<\/span><\/p>\n<div class=\"tfree-client-testimonial\">\n<p class=\"tfree-testimonial-content\">Knowing that we\u2019re doing something [for the environment] is important. Teachers use it in their energy units. When the kids go outside and look at the SolarWall, they\u2019re surprised that something as plain and simple as that can do what it does. The students that know it\u2019s there are proud of it.<\/p>\n<h4 class=\"tfree-client-name\">School Principal, Weledeh Catholic School, Northwest Territories<\/h4>\n<\/div>\n<p>[\/vc_column_text][\/vc_column][\/vc_row][vc_row full_width=\u00a0\u00bbstretch_row\u00a0\u00bb el_class=\u00a0\u00bbrow-spacing\u00a0\u00bb css=\u00a0\u00bb.vc_custom_1531904945590{background-color: #ebebeb !important;}\u00a0\u00bb][vc_column][vc_widget_sidebar sidebar_id=\u00a0\u00bbquote-widget\u00a0\u00bb el_class=\u00a0\u00bbtext-center f-size18&Prime;][\/vc_column][\/vc_row][vc_row el_class=\u00a0\u00bbmembers-area-footer\u00a0\u00bb][vc_column width=\u00a0\u00bb1\/2&Prime;][vc_custom_heading text=\u00a0\u00bbAdh\u00e9sions\u00a0\u00bb font_container=\u00a0\u00bbtag:h4|text_align:center|color:%23000000&Prime; use_theme_fonts=\u00a0\u00bbyes\u00a0\u00bb][vc_gallery type=\u00a0\u00bbimage_grid\u00a0\u00bb images=\u00a0\u00bb135,139,140&Prime; img_size=\u00a0\u00bbfull\u00a0\u00bb onclick=\u00a0\u00bb\u00a0\u00bb][\/vc_column][vc_column width=\u00a0\u00bb1\/2&Prime;][vc_custom_heading text=\u00a0\u00bbCertifications\u00a0\u00bb font_container=\u00a0\u00bbtag:h4|text_align:center|color:%23000000&Prime; use_theme_fonts=\u00a0\u00bbyes\u00a0\u00bb][vc_gallery type=\u00a0\u00bbimage_grid\u00a0\u00bb images=\u00a0\u00bb137,136,138,141&Prime; img_size=\u00a0\u00bbfull\u00a0\u00bb onclick=\u00a0\u00bb\u00a0\u00bb][\/vc_column][\/vc_row]<\/p>","protected":false},"excerpt":{"rendered":"<p>[vc_row full_width=\u00a0\u00bbstretch_row_content_no_spaces\u00a0\u00bb][vc_column][rev_slider_vc alias=\u00a0\u00bbhigh-schools\u00a0\u00bb][\/vc_column][\/vc_row][vc_row el_class=\u00a0\u00bbrow-spacing-up\u00a0\u00bb][vc_column width=\u00a0\u00bb2\/3&Prime;][vc_column_text el_class=\u00a0\u00bbf-size18&Prime;] SolarWall\u00ae simple comme A, B, C En pr\u00e9chauffantl&rsquo;air frais entrant, le chauffage de l&rsquo;air SolarWall r\u00e9duit les co\u00fbts de chauffage et contribue \u00e0 la r\u00e9alisation des objectifs en mati\u00e8re d&rsquo;\u00e9nergie propre.Cette technologie r\u00e9duit \u00e9galement les co\u00fbts de maintenirde l&rsquo;air frais du b\u00e2timent,qui est essentiel dans les \u00e9tablissements d\u2019enseignement.Lorsque le &hellip; <\/p>\n<p class=\"link-more\"><a href=\"https:\/\/www.solarwall.com\/fr\/industries\/educational\/\" class=\"more-link\">Continue reading<span class=\"screen-reader-text\"> \u00ab\u00a0Educational\u00a0\u00bb<\/span><\/a><\/p>\n","protected":false},"author":1,"featured_media":0,"parent":39,"menu_order":0,"comment_status":"closed","ping_status":"closed","template":"full-wdith.php","meta":{"footnotes":""},"class_list":["post-103","page","type-page","status-publish","hentry"],"yoast_head":"<!-- This site is optimized with the Yoast SEO plugin v24.8.1 - https:\/\/yoast.com\/wordpress\/plugins\/seo\/ -->\n<title>\u00c9ducatif - SolarWall<\/title>\n<meta name=\"description\" content=\"Les syst\u00e8mes SolarWall sont utilis\u00e9s dans les \u00e9coles \u00e9l\u00e9mentaires, les lyc\u00e9es, les coll\u00e8ges et r\u00e9duisent le carbone et garantissent un niveau \u00e9lev\u00e9 de qualit\u00e9 de l&#039;air int\u00e9rieur.\" \/>\n<meta name=\"robots\" content=\"index, follow, max-snippet:-1, max-image-preview:large, max-video-preview:-1\" \/>\n<link rel=\"canonical\" href=\"https:\/\/www.solarwall.com\/fr\/industries\/educational\/\" \/>\n<meta property=\"og:locale\" content=\"fr_FR\" \/>\n<meta property=\"og:type\" content=\"article\" \/>\n<meta property=\"og:title\" content=\"[:en]Educational - SolarWall[:es]Educativo - SolarWall[:fr]\u00c9ducatif - SolarWall[:]\" \/>\n<meta property=\"og:description\" content=\"{:en}SolarWall systems are used in elementary schools, high schools, colleges and reduce the carbon and guarantee a high level of indoor air quality.{:es}Los sistemas SolarWall se utilizan en escuelas primarias, secundarias, universidades y reducen el carbono y garantizan un alto nivel de calidad del aire interior.{:fr}Les syst\u00e8mes SolarWall sont utilis\u00e9s dans les \u00e9coles \u00e9l\u00e9mentaires, les lyc\u00e9es, les coll\u00e8ges et r\u00e9duisent le carbone et garantissent un niveau \u00e9lev\u00e9 de qualit\u00e9 de l&#039;air int\u00e9rieur.{:}\" \/>\n<meta property=\"og:url\" content=\"https:\/\/www.solarwall.com\/industries\/educational\/\" \/>\n<meta property=\"og:site_name\" content=\"SolarWall\" \/>\n<meta property=\"article:modified_time\" content=\"2025-04-05T15:45:50+00:00\" \/>\n<meta name=\"twitter:card\" content=\"summary_large_image\" \/>\n<meta name=\"twitter:label1\" content=\"Dur\u00e9e de lecture estim\u00e9e\" \/>\n\t<meta name=\"twitter:data1\" content=\"8 minutes\" \/>\n<script type=\"application\/ld+json\" class=\"yoast-schema-graph\">{\"@context\":\"https:\/\/schema.org\",\"@graph\":[{\"@type\":\"WebPage\",\"@id\":\"https:\/\/www.solarwall.com\/industries\/educational\/\",\"url\":\"https:\/\/www.solarwall.com\/industries\/educational\/\",\"name\":\"[:en]Educational - SolarWall[:es]Educativo - SolarWall[:fr]\u00c9ducatif - SolarWall[:]\",\"isPartOf\":{\"@id\":\"https:\/\/www.solarwall.com\/#website\"},\"datePublished\":\"2018-07-17T07:08:41+00:00\",\"dateModified\":\"2025-04-05T15:45:50+00:00\",\"description\":\"{:en}SolarWall systems are used in elementary schools, high schools, colleges and reduce the carbon and guarantee a high level of indoor air quality.{:es}Los sistemas SolarWall se utilizan en escuelas primarias, secundarias, universidades y reducen el carbono y garantizan un alto nivel de calidad del aire interior.{:fr}Les syst\u00e8mes SolarWall sont utilis\u00e9s dans les \u00e9coles \u00e9l\u00e9mentaires, les lyc\u00e9es, les coll\u00e8ges et r\u00e9duisent le carbone et garantissent un niveau \u00e9lev\u00e9 de qualit\u00e9 de l'air int\u00e9rieur.{:}\",\"breadcrumb\":{\"@id\":\"https:\/\/www.solarwall.com\/industries\/educational\/#breadcrumb\"},\"inLanguage\":\"fr-FR\",\"potentialAction\":[{\"@type\":\"ReadAction\",\"target\":[\"https:\/\/www.solarwall.com\/industries\/educational\/\"]}]},{\"@type\":\"BreadcrumbList\",\"@id\":\"https:\/\/www.solarwall.com\/industries\/educational\/#breadcrumb\",\"itemListElement\":[{\"@type\":\"ListItem\",\"position\":1,\"name\":\"Home\",\"item\":\"https:\/\/www.solarwall.com\/\"},{\"@type\":\"ListItem\",\"position\":2,\"name\":\"Industries\",\"item\":\"https:\/\/www.solarwall.com\/industries\/\"},{\"@type\":\"ListItem\",\"position\":3,\"name\":\"Educational\"}]},{\"@type\":\"WebSite\",\"@id\":\"https:\/\/www.solarwall.com\/#website\",\"url\":\"https:\/\/www.solarwall.com\/\",\"name\":\"SolarWall\",\"description\":\"\",\"publisher\":{\"@id\":\"https:\/\/www.solarwall.com\/#organization\"},\"potentialAction\":[{\"@type\":\"SearchAction\",\"target\":{\"@type\":\"EntryPoint\",\"urlTemplate\":\"https:\/\/www.solarwall.com\/?s={search_term_string}\"},\"query-input\":{\"@type\":\"PropertyValueSpecification\",\"valueRequired\":true,\"valueName\":\"search_term_string\"}}],\"inLanguage\":\"fr-FR\"},{\"@type\":\"Organization\",\"@id\":\"https:\/\/www.solarwall.com\/#organization\",\"name\":\"SolarWall\",\"url\":\"https:\/\/www.solarwall.com\/\",\"logo\":{\"@type\":\"ImageObject\",\"inLanguage\":\"fr-FR\",\"@id\":\"https:\/\/www.solarwall.com\/#\/schema\/logo\/image\/\",\"url\":\"https:\/\/www.solarwall.com\/wp-content\/uploads\/2018\/07\/logo.png\",\"contentUrl\":\"https:\/\/www.solarwall.com\/wp-content\/uploads\/2018\/07\/logo.png\",\"width\":215,\"height\":105,\"caption\":\"SolarWall\"},\"image\":{\"@id\":\"https:\/\/www.solarwall.com\/#\/schema\/logo\/image\/\"}}]}<\/script>\n<!-- \/ Yoast SEO plugin. -->","yoast_head_json":{"title":"\u00c9ducatif - SolarWall","description":"Les syst\u00e8mes SolarWall sont utilis\u00e9s dans les \u00e9coles \u00e9l\u00e9mentaires, les lyc\u00e9es, les coll\u00e8ges et r\u00e9duisent le carbone et garantissent un niveau \u00e9lev\u00e9 de qualit\u00e9 de l'air int\u00e9rieur.","robots":{"index":"index","follow":"follow","max-snippet":"max-snippet:-1","max-image-preview":"max-image-preview:large","max-video-preview":"max-video-preview:-1"},"canonical":"https:\/\/www.solarwall.com\/fr\/industries\/educational\/","og_locale":"fr_FR","og_type":"article","og_title":"[:en]Educational - SolarWall[:es]Educativo - SolarWall[:fr]\u00c9ducatif - SolarWall[:]","og_description":"{:en}SolarWall systems are used in elementary schools, high schools, colleges and reduce the carbon and guarantee a high level of indoor air quality.{:es}Los sistemas SolarWall se utilizan en escuelas primarias, secundarias, universidades y reducen el carbono y garantizan un alto nivel de calidad del aire interior.{:fr}Les syst\u00e8mes SolarWall sont utilis\u00e9s dans les \u00e9coles \u00e9l\u00e9mentaires, les lyc\u00e9es, les coll\u00e8ges et r\u00e9duisent le carbone et garantissent un niveau \u00e9lev\u00e9 de qualit\u00e9 de l'air int\u00e9rieur.{:}","og_url":"https:\/\/www.solarwall.com\/industries\/educational\/","og_site_name":"SolarWall","article_modified_time":"2025-04-05T15:45:50+00:00","twitter_card":"summary_large_image","twitter_misc":{"Dur\u00e9e de lecture estim\u00e9e":"8 minutes"},"schema":{"@context":"https:\/\/schema.org","@graph":[{"@type":"WebPage","@id":"https:\/\/www.solarwall.com\/industries\/educational\/","url":"https:\/\/www.solarwall.com\/industries\/educational\/","name":"[:en]Educational - SolarWall[:es]Educativo - SolarWall[:fr]\u00c9ducatif - SolarWall[:]","isPartOf":{"@id":"https:\/\/www.solarwall.com\/#website"},"datePublished":"2018-07-17T07:08:41+00:00","dateModified":"2025-04-05T15:45:50+00:00","description":"{:en}SolarWall systems are used in elementary schools, high schools, colleges and reduce the carbon and guarantee a high level of indoor air quality.{:es}Los sistemas SolarWall se utilizan en escuelas primarias, secundarias, universidades y reducen el carbono y garantizan un alto nivel de calidad del aire interior.{:fr}Les syst\u00e8mes SolarWall sont utilis\u00e9s dans les \u00e9coles \u00e9l\u00e9mentaires, les lyc\u00e9es, les coll\u00e8ges et r\u00e9duisent le carbone et garantissent un niveau \u00e9lev\u00e9 de qualit\u00e9 de l'air int\u00e9rieur.{:}","breadcrumb":{"@id":"https:\/\/www.solarwall.com\/industries\/educational\/#breadcrumb"},"inLanguage":"fr-FR","potentialAction":[{"@type":"ReadAction","target":["https:\/\/www.solarwall.com\/industries\/educational\/"]}]},{"@type":"BreadcrumbList","@id":"https:\/\/www.solarwall.com\/industries\/educational\/#breadcrumb","itemListElement":[{"@type":"ListItem","position":1,"name":"Home","item":"https:\/\/www.solarwall.com\/"},{"@type":"ListItem","position":2,"name":"Industries","item":"https:\/\/www.solarwall.com\/industries\/"},{"@type":"ListItem","position":3,"name":"Educational"}]},{"@type":"WebSite","@id":"https:\/\/www.solarwall.com\/#website","url":"https:\/\/www.solarwall.com\/","name":"SolarWall","description":"","publisher":{"@id":"https:\/\/www.solarwall.com\/#organization"},"potentialAction":[{"@type":"SearchAction","target":{"@type":"EntryPoint","urlTemplate":"https:\/\/www.solarwall.com\/?s={search_term_string}"},"query-input":{"@type":"PropertyValueSpecification","valueRequired":true,"valueName":"search_term_string"}}],"inLanguage":"fr-FR"},{"@type":"Organization","@id":"https:\/\/www.solarwall.com\/#organization","name":"SolarWall","url":"https:\/\/www.solarwall.com\/","logo":{"@type":"ImageObject","inLanguage":"fr-FR","@id":"https:\/\/www.solarwall.com\/#\/schema\/logo\/image\/","url":"https:\/\/www.solarwall.com\/wp-content\/uploads\/2018\/07\/logo.png","contentUrl":"https:\/\/www.solarwall.com\/wp-content\/uploads\/2018\/07\/logo.png","width":215,"height":105,"caption":"SolarWall"},"image":{"@id":"https:\/\/www.solarwall.com\/#\/schema\/logo\/image\/"}}]}},"_links":{"self":[{"href":"https:\/\/www.solarwall.com\/fr\/wp-json\/wp\/v2\/pages\/103","targetHints":{"allow":["GET"]}}],"collection":[{"href":"https:\/\/www.solarwall.com\/fr\/wp-json\/wp\/v2\/pages"}],"about":[{"href":"https:\/\/www.solarwall.com\/fr\/wp-json\/wp\/v2\/types\/page"}],"author":[{"embeddable":true,"href":"https:\/\/www.solarwall.com\/fr\/wp-json\/wp\/v2\/users\/1"}],"replies":[{"embeddable":true,"href":"https:\/\/www.solarwall.com\/fr\/wp-json\/wp\/v2\/comments?post=103"}],"version-history":[{"count":9,"href":"https:\/\/www.solarwall.com\/fr\/wp-json\/wp\/v2\/pages\/103\/revisions"}],"predecessor-version":[{"id":1969,"href":"https:\/\/www.solarwall.com\/fr\/wp-json\/wp\/v2\/pages\/103\/revisions\/1969"}],"up":[{"embeddable":true,"href":"https:\/\/www.solarwall.com\/fr\/wp-json\/wp\/v2\/pages\/39"}],"wp:attachment":[{"href":"https:\/\/www.solarwall.com\/fr\/wp-json\/wp\/v2\/media?parent=103"}],"curies":[{"name":"wp","href":"https:\/\/api.w.org\/{rel}","templated":true}]}}