{"id":222,"date":"2018-07-20T05:10:49","date_gmt":"2018-07-20T05:10:49","guid":{"rendered":"http:\/\/www.solarwall.com\/?page_id=222"},"modified":"2025-04-05T11:48:19","modified_gmt":"2025-04-05T15:48:19","slug":"livestock","status":"publish","type":"page","link":"https:\/\/www.solarwall.com\/fr\/industries\/livestock\/","title":{"rendered":"Livestock"},"content":{"rendered":"<p>[vc_row full_width=\u00a0\u00bbstretch_row_content_no_spaces\u00a0\u00bb][vc_column][rev_slider_vc alias=\u00a0\u00bblivestock\u00a0\u00bb][\/vc_column][\/vc_row][vc_row el_class=\u00a0\u00bbrow-spacing-up\u00a0\u00bb][vc_column width=\u00a0\u00bb2\/3&Prime;][vc_column_text el_class=\u00a0\u00bbf-size18&Prime;]<\/p>\n<h3>Fermes chauff\u00e9es \u00e0 l&rsquo;\u00e9nergie solaire<\/h3>\n<p>La technologie SolarWall s&rsquo;int\u00e8gre facilement dans les syst\u00e8mes de ventilation de l\u2018\u00e9levage conventionnels et pr\u00e9chauffe l&rsquo;air entrant jusqu&rsquo;\u00e0 27 \u00b0C dans ces applications. Les syst\u00e8mes SolarWall peuvent accueillir jusqu&rsquo;\u00e0 18 m3\/h par m\u00e8tre carr\u00e9 de sol de ferme (Ventilation minimale).<\/p>\n<p>Dans la ventilation des volailles, le syst\u00e8me SolarWall peut \u00eatre con\u00e7u pour r\u00e9pondre aux exigences minimales de ventilation pour les mois d\u2019hiver, de printemps et d\u2019automne, ainsi que pour les deux premi\u00e8res semaines d\u2019\u00e9t\u00e9 pour la p\u00e9riode d\u2019incubation.Pour les volailles, les temp\u00e9ratures int\u00e9rieures typiques commencent \u00e0 environ 32 \u00b0C pendant la p\u00e9riode d\u2019incubation et diminuent progressivement jusqu&rsquo;\u00e0 environ 22 \u00b0C \u00e0 mesure que les poulets grossissent.Cela signifie que les poulaillers (ainsi que d&rsquo;autres formes d\u2019\u00e9levage)peuvent avoir besoin de chaleur jusqu\u2019\u00e0 10 mois par an.Dans ces applications, les syst\u00e8mes SolarWall ont permis de r\u00e9duire jusqu&rsquo;\u00e0 30% l&rsquo;utilisation du combustible traditionnel.Cette r\u00e9duction substantielle et continue des co\u00fbts d\u2019exploitation am\u00e9liore la rentabilit\u00e9 et illustre la raison pour laquelle cette technologie de ventilation solaire a \u00e9t\u00e9 largement utilis\u00e9e dans le domaine du poulet et du porc.<\/p>\n<p>De plus, les producteurs de poulet ont obtenu des avantages suppl\u00e9mentaires de la ventilation solaireen termes de r\u00e9duction de la mortalit\u00e9 due \u00e0 l&rsquo;am\u00e9lioration de la qualit\u00e9 de l&rsquo;air int\u00e9rieur.De plus, les courants d&rsquo;air froid sur le poulet sont \u00e9limin\u00e9s, car le syst\u00e8me SolarWall en m\u00e9tal fournit und\u00e9flecteur suppl\u00e9mentaire qui bloque le vent froid entrant.<\/p>\n<p>La technologie SolarWall est \u00e9galement utile pour \u00e9liminer l\u2019humidit\u00e9 et pour s\u00e9cher les garderies apr\u00e8s un nettoyage en profondeur.[\/vc_column_text][\/vc_column][vc_column width=\u00a0\u00bb1\/3&Prime;][vc_widget_sidebar sidebar_id=\u00a0\u00bbsidebar-ind\u00a0\u00bb][\/vc_column][\/vc_row][vc_row full_width=\u00a0\u00bbstretch_row\u00a0\u00bb el_class=\u00a0\u00bbrow-spacing review-bgcurve\u00a0\u00bb css=\u00a0\u00bb.vc_custom_1540357454120{background-image: url(https:\/\/www.solarwall.com\/wp-content\/uploads\/2018\/10\/Livestock-shutterstock_548279158.jpg?id=1093) !important;background-position: center !important;background-repeat: no-repeat !important;background-size: cover !important;}\u00a0\u00bb][vc_column][vc_column_text el_class=\u00a0\u00bbsp-testimonial-free-wrapper\u00a0\u00bb]<span class=\"top-tag-content\">Critique importante<\/span><\/p>\n<div class=\"tfree-client-testimonial\">\n<p class=\"tfree-testimonial-content\">There\u2019s start-up cost to installing a solar thermal wall, just like there is for any other type of building material. After that, from the perspective of your monthly power bill, you\u2019re effectively locked in at a low rate for the life of your building.<\/p>\n<h4 class=\"tfree-client-name\">Trent Sundgaard, Sundgaard Poultry Farm Ltd, Alberta<\/h4>\n<\/div>\n<p>[\/vc_column_text][\/vc_column][\/vc_row][vc_row full_width=\u00a0\u00bbstretch_row\u00a0\u00bb el_class=\u00a0\u00bbrow-spacing\u00a0\u00bb css=\u00a0\u00bb.vc_custom_1531904945590{background-color: #ebebeb !important;}\u00a0\u00bb][vc_column][vc_widget_sidebar sidebar_id=\u00a0\u00bbquote-widget\u00a0\u00bb el_class=\u00a0\u00bbtext-center f-size18&Prime;][\/vc_column][\/vc_row][vc_row el_class=\u00a0\u00bbmembers-area-footer\u00a0\u00bb][vc_column width=\u00a0\u00bb1\/2&Prime;][vc_custom_heading text=\u00a0\u00bbAdh\u00e9sions\u00a0\u00bb font_container=\u00a0\u00bbtag:h4|text_align:center|color:%23000000&Prime; use_theme_fonts=\u00a0\u00bbyes\u00a0\u00bb][vc_gallery type=\u00a0\u00bbimage_grid\u00a0\u00bb images=\u00a0\u00bb135,139,140&Prime; img_size=\u00a0\u00bbfull\u00a0\u00bb onclick=\u00a0\u00bb\u00a0\u00bb][\/vc_column][vc_column width=\u00a0\u00bb1\/2&Prime;][vc_custom_heading text=\u00a0\u00bbCertifications\u00a0\u00bb font_container=\u00a0\u00bbtag:h4|text_align:center|color:%23000000&Prime; use_theme_fonts=\u00a0\u00bbyes\u00a0\u00bb][vc_gallery type=\u00a0\u00bbimage_grid\u00a0\u00bb images=\u00a0\u00bb137,136,138,141&Prime; img_size=\u00a0\u00bbfull\u00a0\u00bb onclick=\u00a0\u00bb\u00a0\u00bb][\/vc_column][\/vc_row]<\/p>","protected":false},"excerpt":{"rendered":"<p>[vc_row full_width=\u00a0\u00bbstretch_row_content_no_spaces\u00a0\u00bb][vc_column][rev_slider_vc alias=\u00a0\u00bblivestock\u00a0\u00bb][\/vc_column][\/vc_row][vc_row el_class=\u00a0\u00bbrow-spacing-up\u00a0\u00bb][vc_column width=\u00a0\u00bb2\/3&Prime;][vc_column_text el_class=\u00a0\u00bbf-size18&Prime;] Fermes chauff\u00e9es \u00e0 l&rsquo;\u00e9nergie solaire La technologie SolarWall s&rsquo;int\u00e8gre facilement dans les syst\u00e8mes de ventilation de l\u2018\u00e9levage conventionnels et pr\u00e9chauffe l&rsquo;air entrant jusqu&rsquo;\u00e0 27 \u00b0C dans ces applications. Les syst\u00e8mes SolarWall peuvent accueillir jusqu&rsquo;\u00e0 18 m3\/h par m\u00e8tre carr\u00e9 de sol de ferme (Ventilation minimale). Dans la ventilation des &hellip; <\/p>\n<p class=\"link-more\"><a href=\"https:\/\/www.solarwall.com\/fr\/industries\/livestock\/\" class=\"more-link\">Continue reading<span class=\"screen-reader-text\"> \u00ab\u00a0Livestock\u00a0\u00bb<\/span><\/a><\/p>\n","protected":false},"author":1,"featured_media":0,"parent":39,"menu_order":0,"comment_status":"closed","ping_status":"closed","template":"full-wdith.php","meta":{"footnotes":""},"class_list":["post-222","page","type-page","status-publish","hentry"],"yoast_head":"<!-- This site is optimized with the Yoast SEO plugin v24.8.1 - https:\/\/yoast.com\/wordpress\/plugins\/seo\/ -->\n<title>B\u00e9tail - SolarWall<\/title>\n<meta name=\"description\" content=\"La technologie SolarWall s&#039;int\u00e8gre facilement dans les syst\u00e8mes de ventilation conventionnels du b\u00e9tail et a \u00e9t\u00e9 utilis\u00e9e pour la ventilation des volailles, la ventilation des porcs et bien plus encore.\" \/>\n<meta name=\"robots\" content=\"index, follow, max-snippet:-1, max-image-preview:large, max-video-preview:-1\" \/>\n<link rel=\"canonical\" href=\"https:\/\/www.solarwall.com\/fr\/industries\/livestock\/\" \/>\n<meta property=\"og:locale\" content=\"fr_FR\" \/>\n<meta property=\"og:type\" content=\"article\" \/>\n<meta property=\"og:title\" content=\"[:en]Livestock - SolarWall[:es]Ganader\u00eda - SolarWall[:fr]B\u00e9tail - SolarWall[:]\" \/>\n<meta property=\"og:description\" content=\"{:en}SolarWall technology is easily integrated into conventional livestock ventilation systems and has been used for poultry ventilation, hog ventilation, and much more.{:es}La tecnolog\u00eda SolarWall se integra f\u00e1cilmente en los sistemas convencionales de ventilaci\u00f3n de ganado y se ha utilizado para la ventilaci\u00f3n de aves de corral, ventilaci\u00f3n de cerdos y mucho m\u00e1s.{:fr}La technologie SolarWall s&#039;int\u00e8gre facilement dans les syst\u00e8mes de ventilation conventionnels du b\u00e9tail et a \u00e9t\u00e9 utilis\u00e9e pour la ventilation des volailles, la ventilation des porcs et bien plus encore.{:}\" \/>\n<meta property=\"og:url\" content=\"https:\/\/www.solarwall.com\/industries\/livestock\/\" \/>\n<meta property=\"og:site_name\" content=\"SolarWall\" \/>\n<meta property=\"article:modified_time\" content=\"2025-04-05T15:48:19+00:00\" \/>\n<meta name=\"twitter:card\" content=\"summary_large_image\" \/>\n<meta name=\"twitter:label1\" content=\"Dur\u00e9e de lecture estim\u00e9e\" \/>\n\t<meta name=\"twitter:data1\" content=\"8 minutes\" \/>\n<script type=\"application\/ld+json\" class=\"yoast-schema-graph\">{\"@context\":\"https:\/\/schema.org\",\"@graph\":[{\"@type\":\"WebPage\",\"@id\":\"https:\/\/www.solarwall.com\/industries\/livestock\/\",\"url\":\"https:\/\/www.solarwall.com\/industries\/livestock\/\",\"name\":\"[:en]Livestock - SolarWall[:es]Ganader\u00eda - SolarWall[:fr]B\u00e9tail - SolarWall[:]\",\"isPartOf\":{\"@id\":\"https:\/\/www.solarwall.com\/#website\"},\"datePublished\":\"2018-07-20T05:10:49+00:00\",\"dateModified\":\"2025-04-05T15:48:19+00:00\",\"description\":\"{:en}SolarWall technology is easily integrated into conventional livestock ventilation systems and has been used for poultry ventilation, hog ventilation, and much more.{:es}La tecnolog\u00eda SolarWall se integra f\u00e1cilmente en los sistemas convencionales de ventilaci\u00f3n de ganado y se ha utilizado para la ventilaci\u00f3n de aves de corral, ventilaci\u00f3n de cerdos y mucho m\u00e1s.{:fr}La technologie SolarWall s'int\u00e8gre facilement dans les syst\u00e8mes de ventilation conventionnels du b\u00e9tail et a \u00e9t\u00e9 utilis\u00e9e pour la ventilation des volailles, la ventilation des porcs et bien plus encore.{:}\",\"breadcrumb\":{\"@id\":\"https:\/\/www.solarwall.com\/industries\/livestock\/#breadcrumb\"},\"inLanguage\":\"fr-FR\",\"potentialAction\":[{\"@type\":\"ReadAction\",\"target\":[\"https:\/\/www.solarwall.com\/industries\/livestock\/\"]}]},{\"@type\":\"BreadcrumbList\",\"@id\":\"https:\/\/www.solarwall.com\/industries\/livestock\/#breadcrumb\",\"itemListElement\":[{\"@type\":\"ListItem\",\"position\":1,\"name\":\"Home\",\"item\":\"https:\/\/www.solarwall.com\/\"},{\"@type\":\"ListItem\",\"position\":2,\"name\":\"Industries\",\"item\":\"https:\/\/www.solarwall.com\/industries\/\"},{\"@type\":\"ListItem\",\"position\":3,\"name\":\"Livestock\"}]},{\"@type\":\"WebSite\",\"@id\":\"https:\/\/www.solarwall.com\/#website\",\"url\":\"https:\/\/www.solarwall.com\/\",\"name\":\"SolarWall\",\"description\":\"\",\"publisher\":{\"@id\":\"https:\/\/www.solarwall.com\/#organization\"},\"potentialAction\":[{\"@type\":\"SearchAction\",\"target\":{\"@type\":\"EntryPoint\",\"urlTemplate\":\"https:\/\/www.solarwall.com\/?s={search_term_string}\"},\"query-input\":{\"@type\":\"PropertyValueSpecification\",\"valueRequired\":true,\"valueName\":\"search_term_string\"}}],\"inLanguage\":\"fr-FR\"},{\"@type\":\"Organization\",\"@id\":\"https:\/\/www.solarwall.com\/#organization\",\"name\":\"SolarWall\",\"url\":\"https:\/\/www.solarwall.com\/\",\"logo\":{\"@type\":\"ImageObject\",\"inLanguage\":\"fr-FR\",\"@id\":\"https:\/\/www.solarwall.com\/#\/schema\/logo\/image\/\",\"url\":\"https:\/\/www.solarwall.com\/wp-content\/uploads\/2018\/07\/logo.png\",\"contentUrl\":\"https:\/\/www.solarwall.com\/wp-content\/uploads\/2018\/07\/logo.png\",\"width\":215,\"height\":105,\"caption\":\"SolarWall\"},\"image\":{\"@id\":\"https:\/\/www.solarwall.com\/#\/schema\/logo\/image\/\"}}]}<\/script>\n<!-- \/ Yoast SEO plugin. -->","yoast_head_json":{"title":"B\u00e9tail - SolarWall","description":"La technologie SolarWall s'int\u00e8gre facilement dans les syst\u00e8mes de ventilation conventionnels du b\u00e9tail et a \u00e9t\u00e9 utilis\u00e9e pour la ventilation des volailles, la ventilation des porcs et bien plus encore.","robots":{"index":"index","follow":"follow","max-snippet":"max-snippet:-1","max-image-preview":"max-image-preview:large","max-video-preview":"max-video-preview:-1"},"canonical":"https:\/\/www.solarwall.com\/fr\/industries\/livestock\/","og_locale":"fr_FR","og_type":"article","og_title":"[:en]Livestock - SolarWall[:es]Ganader\u00eda - SolarWall[:fr]B\u00e9tail - SolarWall[:]","og_description":"{:en}SolarWall technology is easily integrated into conventional livestock ventilation systems and has been used for poultry ventilation, hog ventilation, and much more.{:es}La tecnolog\u00eda SolarWall se integra f\u00e1cilmente en los sistemas convencionales de ventilaci\u00f3n de ganado y se ha utilizado para la ventilaci\u00f3n de aves de corral, ventilaci\u00f3n de cerdos y mucho m\u00e1s.{:fr}La technologie SolarWall s'int\u00e8gre facilement dans les syst\u00e8mes de ventilation conventionnels du b\u00e9tail et a \u00e9t\u00e9 utilis\u00e9e pour la ventilation des volailles, la ventilation des porcs et bien plus encore.{:}","og_url":"https:\/\/www.solarwall.com\/industries\/livestock\/","og_site_name":"SolarWall","article_modified_time":"2025-04-05T15:48:19+00:00","twitter_card":"summary_large_image","twitter_misc":{"Dur\u00e9e de lecture estim\u00e9e":"8 minutes"},"schema":{"@context":"https:\/\/schema.org","@graph":[{"@type":"WebPage","@id":"https:\/\/www.solarwall.com\/industries\/livestock\/","url":"https:\/\/www.solarwall.com\/industries\/livestock\/","name":"[:en]Livestock - SolarWall[:es]Ganader\u00eda - SolarWall[:fr]B\u00e9tail - SolarWall[:]","isPartOf":{"@id":"https:\/\/www.solarwall.com\/#website"},"datePublished":"2018-07-20T05:10:49+00:00","dateModified":"2025-04-05T15:48:19+00:00","description":"{:en}SolarWall technology is easily integrated into conventional livestock ventilation systems and has been used for poultry ventilation, hog ventilation, and much more.{:es}La tecnolog\u00eda SolarWall se integra f\u00e1cilmente en los sistemas convencionales de ventilaci\u00f3n de ganado y se ha utilizado para la ventilaci\u00f3n de aves de corral, ventilaci\u00f3n de cerdos y mucho m\u00e1s.{:fr}La technologie SolarWall s'int\u00e8gre facilement dans les syst\u00e8mes de ventilation conventionnels du b\u00e9tail et a \u00e9t\u00e9 utilis\u00e9e pour la ventilation des volailles, la ventilation des porcs et bien plus encore.{:}","breadcrumb":{"@id":"https:\/\/www.solarwall.com\/industries\/livestock\/#breadcrumb"},"inLanguage":"fr-FR","potentialAction":[{"@type":"ReadAction","target":["https:\/\/www.solarwall.com\/industries\/livestock\/"]}]},{"@type":"BreadcrumbList","@id":"https:\/\/www.solarwall.com\/industries\/livestock\/#breadcrumb","itemListElement":[{"@type":"ListItem","position":1,"name":"Home","item":"https:\/\/www.solarwall.com\/"},{"@type":"ListItem","position":2,"name":"Industries","item":"https:\/\/www.solarwall.com\/industries\/"},{"@type":"ListItem","position":3,"name":"Livestock"}]},{"@type":"WebSite","@id":"https:\/\/www.solarwall.com\/#website","url":"https:\/\/www.solarwall.com\/","name":"SolarWall","description":"","publisher":{"@id":"https:\/\/www.solarwall.com\/#organization"},"potentialAction":[{"@type":"SearchAction","target":{"@type":"EntryPoint","urlTemplate":"https:\/\/www.solarwall.com\/?s={search_term_string}"},"query-input":{"@type":"PropertyValueSpecification","valueRequired":true,"valueName":"search_term_string"}}],"inLanguage":"fr-FR"},{"@type":"Organization","@id":"https:\/\/www.solarwall.com\/#organization","name":"SolarWall","url":"https:\/\/www.solarwall.com\/","logo":{"@type":"ImageObject","inLanguage":"fr-FR","@id":"https:\/\/www.solarwall.com\/#\/schema\/logo\/image\/","url":"https:\/\/www.solarwall.com\/wp-content\/uploads\/2018\/07\/logo.png","contentUrl":"https:\/\/www.solarwall.com\/wp-content\/uploads\/2018\/07\/logo.png","width":215,"height":105,"caption":"SolarWall"},"image":{"@id":"https:\/\/www.solarwall.com\/#\/schema\/logo\/image\/"}}]}},"_links":{"self":[{"href":"https:\/\/www.solarwall.com\/fr\/wp-json\/wp\/v2\/pages\/222","targetHints":{"allow":["GET"]}}],"collection":[{"href":"https:\/\/www.solarwall.com\/fr\/wp-json\/wp\/v2\/pages"}],"about":[{"href":"https:\/\/www.solarwall.com\/fr\/wp-json\/wp\/v2\/types\/page"}],"author":[{"embeddable":true,"href":"https:\/\/www.solarwall.com\/fr\/wp-json\/wp\/v2\/users\/1"}],"replies":[{"embeddable":true,"href":"https:\/\/www.solarwall.com\/fr\/wp-json\/wp\/v2\/comments?post=222"}],"version-history":[{"count":5,"href":"https:\/\/www.solarwall.com\/fr\/wp-json\/wp\/v2\/pages\/222\/revisions"}],"predecessor-version":[{"id":1975,"href":"https:\/\/www.solarwall.com\/fr\/wp-json\/wp\/v2\/pages\/222\/revisions\/1975"}],"up":[{"embeddable":true,"href":"https:\/\/www.solarwall.com\/fr\/wp-json\/wp\/v2\/pages\/39"}],"wp:attachment":[{"href":"https:\/\/www.solarwall.com\/fr\/wp-json\/wp\/v2\/media?parent=222"}],"curies":[{"name":"wp","href":"https:\/\/api.w.org\/{rel}","templated":true}]}}