{"id":324,"date":"2018-07-23T10:44:39","date_gmt":"2018-07-23T10:44:39","guid":{"rendered":"http:\/\/www.solarwall.com\/?page_id=324"},"modified":"2025-04-05T11:52:05","modified_gmt":"2025-04-05T15:52:05","slug":"architectural-versatility","status":"publish","type":"page","link":"https:\/\/www.solarwall.com\/fr\/why-solarwall\/architectural-versatility\/","title":{"rendered":"Architectural Versatility"},"content":{"rendered":"<p>[vc_row full_width=\u00a0\u00bbstretch_row_content_no_spaces\u00a0\u00bb][vc_column][rev_slider_vc alias=\u00a0\u00bbarchitectural-versatility\u00a0\u00bb][\/vc_column][\/vc_row][vc_row el_class=\u00a0\u00bbrow-spacing-up\u00a0\u00bb][vc_column width=\u00a0\u00bb2\/3&Prime;][vc_column_text el_class=\u00a0\u00bbf-size18&Prime;]<\/p>\n<h3>SolarWall<sup>\u00ae<\/sup> SolarWall\u00ae pour la polyvalence architecturale<\/h3>\n<p>La technologie SolarWall<sup>\u00ae<\/sup> est tr\u00e8s polyvalente du point de vue architectural et peut \u00eatre con\u00e7ue et fa\u00e7onn\u00e9dans une vari\u00e9t\u00e9 de couleurs et de profils pour augmenter le rev\u00eatement du b\u00e2timent et g\u00e9n\u00e9rer de l\u2019\u00e9nergie.Les syst\u00e8mes SolarWall ont \u00e9t\u00e9 utilis\u00e9s dans des projets architecturaux \u00e0 travers le monde avec un historique constant de r\u00e9sultats positifs et de conceptions accrocheuses;certaines s&rsquo;int\u00e8grent parfaitement dans le rev\u00eatement du b\u00e2timent et d&rsquo;autres sont courbes ou inclin\u00e9es pour obtenir l&rsquo;apparence souhait\u00e9e.<\/p>\n<p>La technologie SolarWall est privil\u00e9gi\u00e9e par les architectes qui souhaitent utiliser les \u00e9nergies renouvelables en raison de la flexibilit\u00e9 de sa conception, de sa facilit\u00e9 d&rsquo;int\u00e9gration et de son applicabilit\u00e9 aux diff\u00e9rentes normes de construction \u00e9cologique. Le r\u00e9sultat final est un portefeuille de b\u00e2timents LEED prim\u00e9s o\u00f9 le syst\u00e8me SolarWall \u00e9tait un \u00e9l\u00e9ment essentiel du succ\u00e8s du projet.[\/vc_column_text][\/vc_column][vc_column width=\u00a0\u00bb1\/3&Prime;][vc_widget_sidebar sidebar_id=\u00a0\u00bbsidebar-ind\u00a0\u00bb][\/vc_column][\/vc_row][vc_row full_width=\u00a0\u00bbstretch_row\u00a0\u00bb el_class=\u00a0\u00bbrow-spacing review-bgcurve\u00a0\u00bb css=\u00a0\u00bb.vc_custom_1535090165494{background-image: url(https:\/\/www.solarwall.com\/wp-content\/uploads\/2018\/08\/architect-figure-largebg.jpg?id=782) !important;background-position: center !important;background-repeat: no-repeat !important;background-size: cover !important;}\u00a0\u00bb][vc_column][vc_column_text el_class=\u00a0\u00bbsp-testimonial-free-wrapper\u00a0\u00bb]<span class=\"top-tag-content\">Critique importante<\/span><\/p>\n<div class=\"tfree-client-testimonial\">\n<p class=\"tfree-testimonial-content\">\u00ab\u00a0L&rsquo;int\u00e9gration de Solarwall dans une fa\u00e7ade complexe est une indication de la polyvalence et de l&rsquo;adaptabilit\u00e9 du produit. Les d\u00e9tails ne sont pas plus difficiles qu&rsquo;avec n&rsquo;importe quel produit de rev\u00eatement m\u00e9tallique et les avantages sont extraordinaires, \u00e9tant donn\u00e9 les d\u00e9tails de l&rsquo;installation et les id\u00e9aux op\u00e9rationnels pr\u00e9sent\u00e9s par Solarwall.<br \/>\nL&rsquo;assimilation de la fa\u00e7ade Solarwall au langage architectural du projet constitue un soulagement positif pour les autres technologies solaires qui ont tendance \u00e0 d\u00e9passer les limites de conception et de budget que la plupart des projets doivent respecter.Et comme nous devons fournir un rev\u00eatement sur le mur ext\u00e9rieur, le fait que Solarwall fournisse un rev\u00eatement \u00ab\u00a0fonctionnel\u00a0\u00bb fait de ce choix une d\u00e9cision facile et responsable. \u00ab\u00a0<\/p>\n<h4 class=\"tfree-client-name\">Carol\u00a0Kleinfeldt, Principal, KMA Architects<\/h4>\n<\/div>\n<p>[\/vc_column_text][\/vc_column][\/vc_row][vc_row full_width=\u00a0\u00bbstretch_row\u00a0\u00bb el_class=\u00a0\u00bbrow-spacing\u00a0\u00bb css=\u00a0\u00bb.vc_custom_1531904945590{background-color: #ebebeb !important;}\u00a0\u00bb][vc_column][vc_widget_sidebar sidebar_id=\u00a0\u00bbquote-widget\u00a0\u00bb el_class=\u00a0\u00bbtext-center f-size18&Prime;][\/vc_column][\/vc_row][vc_row el_class=\u00a0\u00bbmembers-area-footer\u00a0\u00bb][vc_column width=\u00a0\u00bb1\/2&Prime;][vc_custom_heading text=\u00a0\u00bbAdh\u00e9sions\u00a0\u00bb font_container=\u00a0\u00bbtag:h4|text_align:center|color:%23000000&Prime; use_theme_fonts=\u00a0\u00bbyes\u00a0\u00bb][vc_gallery type=\u00a0\u00bbimage_grid\u00a0\u00bb images=\u00a0\u00bb135,139,140&Prime; img_size=\u00a0\u00bbfull\u00a0\u00bb onclick=\u00a0\u00bb\u00a0\u00bb][\/vc_column][vc_column width=\u00a0\u00bb1\/2&Prime;][vc_custom_heading text=\u00a0\u00bbCertifications\u00a0\u00bb font_container=\u00a0\u00bbtag:h4|text_align:center|color:%23000000&Prime; use_theme_fonts=\u00a0\u00bbyes\u00a0\u00bb][vc_gallery type=\u00a0\u00bbimage_grid\u00a0\u00bb images=\u00a0\u00bb137,136,138,141&Prime; img_size=\u00a0\u00bbfull\u00a0\u00bb onclick=\u00a0\u00bb\u00a0\u00bb][\/vc_column][\/vc_row]<\/p>","protected":false},"excerpt":{"rendered":"<p>[vc_row full_width=\u00a0\u00bbstretch_row_content_no_spaces\u00a0\u00bb][vc_column][rev_slider_vc alias=\u00a0\u00bbarchitectural-versatility\u00a0\u00bb][\/vc_column][\/vc_row][vc_row el_class=\u00a0\u00bbrow-spacing-up\u00a0\u00bb][vc_column width=\u00a0\u00bb2\/3&Prime;][vc_column_text el_class=\u00a0\u00bbf-size18&Prime;] SolarWall\u00ae SolarWall\u00ae pour la polyvalence architecturale La technologie SolarWall\u00ae est tr\u00e8s polyvalente du point de vue architectural et peut \u00eatre con\u00e7ue et fa\u00e7onn\u00e9dans une vari\u00e9t\u00e9 de couleurs et de profils pour augmenter le rev\u00eatement du b\u00e2timent et g\u00e9n\u00e9rer de l\u2019\u00e9nergie.Les syst\u00e8mes SolarWall ont \u00e9t\u00e9 utilis\u00e9s dans des projets architecturaux &hellip; <\/p>\n<p class=\"link-more\"><a href=\"https:\/\/www.solarwall.com\/fr\/why-solarwall\/architectural-versatility\/\" class=\"more-link\">Continue reading<span class=\"screen-reader-text\"> \u00ab\u00a0Architectural Versatility\u00a0\u00bb<\/span><\/a><\/p>\n","protected":false},"author":1,"featured_media":0,"parent":41,"menu_order":0,"comment_status":"closed","ping_status":"closed","template":"full-wdith.php","meta":{"footnotes":""},"class_list":["post-324","page","type-page","status-publish","hentry"],"yoast_head":"<!-- This site is optimized with the Yoast SEO plugin v24.8.1 - https:\/\/yoast.com\/wordpress\/plugins\/seo\/ -->\n<title>Polyvalence architecturale - SolarWall<\/title>\n<meta name=\"description\" content=\"La technologie SolarWall est tr\u00e8s polyvalente sur le plan architectural et est demand\u00e9e par les architectes qui souhaitent utiliser des \u00e9nergies renouvelables.\" \/>\n<meta name=\"robots\" content=\"index, follow, max-snippet:-1, max-image-preview:large, max-video-preview:-1\" \/>\n<link rel=\"canonical\" href=\"https:\/\/www.solarwall.com\/fr\/why-solarwall\/architectural-versatility\/\" \/>\n<meta property=\"og:locale\" content=\"fr_FR\" \/>\n<meta property=\"og:type\" content=\"article\" \/>\n<meta property=\"og:title\" content=\"[:en]Architectural Versatility - SolarWall[:es]Versatilidad arquitect\u00f3nica - SolarWall[:fr]Polyvalence architecturale - SolarWall[:]\" \/>\n<meta property=\"og:description\" content=\"{:en}SolarWall technology is very architecturally versatile and is demanded by architects who want to use renewable energy.{:es}La tecnolog\u00eda SolarWall es muy vers\u00e1til arquitect\u00f3nicamente y la demandan los arquitectos que desean utilizar energ\u00eda renovable.{:fr}La technologie SolarWall est tr\u00e8s polyvalente sur le plan architectural et est demand\u00e9e par les architectes qui souhaitent utiliser des \u00e9nergies renouvelables.{:}\" \/>\n<meta property=\"og:url\" content=\"https:\/\/www.solarwall.com\/why-solarwall\/architectural-versatility\/\" \/>\n<meta property=\"og:site_name\" content=\"SolarWall\" \/>\n<meta property=\"article:modified_time\" content=\"2025-04-05T15:52:05+00:00\" \/>\n<meta name=\"twitter:card\" content=\"summary_large_image\" \/>\n<meta name=\"twitter:label1\" content=\"Dur\u00e9e de lecture estim\u00e9e\" \/>\n\t<meta name=\"twitter:data1\" content=\"7 minutes\" \/>\n<script type=\"application\/ld+json\" class=\"yoast-schema-graph\">{\"@context\":\"https:\/\/schema.org\",\"@graph\":[{\"@type\":\"WebPage\",\"@id\":\"https:\/\/www.solarwall.com\/why-solarwall\/architectural-versatility\/\",\"url\":\"https:\/\/www.solarwall.com\/why-solarwall\/architectural-versatility\/\",\"name\":\"[:en]Architectural Versatility - SolarWall[:es]Versatilidad arquitect\u00f3nica - SolarWall[:fr]Polyvalence architecturale - SolarWall[:]\",\"isPartOf\":{\"@id\":\"https:\/\/www.solarwall.com\/#website\"},\"datePublished\":\"2018-07-23T10:44:39+00:00\",\"dateModified\":\"2025-04-05T15:52:05+00:00\",\"description\":\"{:en}SolarWall technology is very architecturally versatile and is demanded by architects who want to use renewable energy.{:es}La tecnolog\u00eda SolarWall es muy vers\u00e1til arquitect\u00f3nicamente y la demandan los arquitectos que desean utilizar energ\u00eda renovable.{:fr}La technologie SolarWall est tr\u00e8s polyvalente sur le plan architectural et est demand\u00e9e par les architectes qui souhaitent utiliser des \u00e9nergies renouvelables.{:}\",\"breadcrumb\":{\"@id\":\"https:\/\/www.solarwall.com\/why-solarwall\/architectural-versatility\/#breadcrumb\"},\"inLanguage\":\"fr-FR\",\"potentialAction\":[{\"@type\":\"ReadAction\",\"target\":[\"https:\/\/www.solarwall.com\/why-solarwall\/architectural-versatility\/\"]}]},{\"@type\":\"BreadcrumbList\",\"@id\":\"https:\/\/www.solarwall.com\/why-solarwall\/architectural-versatility\/#breadcrumb\",\"itemListElement\":[{\"@type\":\"ListItem\",\"position\":1,\"name\":\"Home\",\"item\":\"https:\/\/www.solarwall.com\/\"},{\"@type\":\"ListItem\",\"position\":2,\"name\":\"Why Solarwall\",\"item\":\"https:\/\/www.solarwall.com\/why-solarwall\/\"},{\"@type\":\"ListItem\",\"position\":3,\"name\":\"Architectural Versatility\"}]},{\"@type\":\"WebSite\",\"@id\":\"https:\/\/www.solarwall.com\/#website\",\"url\":\"https:\/\/www.solarwall.com\/\",\"name\":\"SolarWall\",\"description\":\"\",\"publisher\":{\"@id\":\"https:\/\/www.solarwall.com\/#organization\"},\"potentialAction\":[{\"@type\":\"SearchAction\",\"target\":{\"@type\":\"EntryPoint\",\"urlTemplate\":\"https:\/\/www.solarwall.com\/?s={search_term_string}\"},\"query-input\":{\"@type\":\"PropertyValueSpecification\",\"valueRequired\":true,\"valueName\":\"search_term_string\"}}],\"inLanguage\":\"fr-FR\"},{\"@type\":\"Organization\",\"@id\":\"https:\/\/www.solarwall.com\/#organization\",\"name\":\"SolarWall\",\"url\":\"https:\/\/www.solarwall.com\/\",\"logo\":{\"@type\":\"ImageObject\",\"inLanguage\":\"fr-FR\",\"@id\":\"https:\/\/www.solarwall.com\/#\/schema\/logo\/image\/\",\"url\":\"https:\/\/www.solarwall.com\/wp-content\/uploads\/2018\/07\/logo.png\",\"contentUrl\":\"https:\/\/www.solarwall.com\/wp-content\/uploads\/2018\/07\/logo.png\",\"width\":215,\"height\":105,\"caption\":\"SolarWall\"},\"image\":{\"@id\":\"https:\/\/www.solarwall.com\/#\/schema\/logo\/image\/\"}}]}<\/script>\n<!-- \/ Yoast SEO plugin. -->","yoast_head_json":{"title":"Polyvalence architecturale - SolarWall","description":"La technologie SolarWall est tr\u00e8s polyvalente sur le plan architectural et est demand\u00e9e par les architectes qui souhaitent utiliser des \u00e9nergies renouvelables.","robots":{"index":"index","follow":"follow","max-snippet":"max-snippet:-1","max-image-preview":"max-image-preview:large","max-video-preview":"max-video-preview:-1"},"canonical":"https:\/\/www.solarwall.com\/fr\/why-solarwall\/architectural-versatility\/","og_locale":"fr_FR","og_type":"article","og_title":"[:en]Architectural Versatility - SolarWall[:es]Versatilidad arquitect\u00f3nica - SolarWall[:fr]Polyvalence architecturale - SolarWall[:]","og_description":"{:en}SolarWall technology is very architecturally versatile and is demanded by architects who want to use renewable energy.{:es}La tecnolog\u00eda SolarWall es muy vers\u00e1til arquitect\u00f3nicamente y la demandan los arquitectos que desean utilizar energ\u00eda renovable.{:fr}La technologie SolarWall est tr\u00e8s polyvalente sur le plan architectural et est demand\u00e9e par les architectes qui souhaitent utiliser des \u00e9nergies renouvelables.{:}","og_url":"https:\/\/www.solarwall.com\/why-solarwall\/architectural-versatility\/","og_site_name":"SolarWall","article_modified_time":"2025-04-05T15:52:05+00:00","twitter_card":"summary_large_image","twitter_misc":{"Dur\u00e9e de lecture estim\u00e9e":"7 minutes"},"schema":{"@context":"https:\/\/schema.org","@graph":[{"@type":"WebPage","@id":"https:\/\/www.solarwall.com\/why-solarwall\/architectural-versatility\/","url":"https:\/\/www.solarwall.com\/why-solarwall\/architectural-versatility\/","name":"[:en]Architectural Versatility - SolarWall[:es]Versatilidad arquitect\u00f3nica - SolarWall[:fr]Polyvalence architecturale - SolarWall[:]","isPartOf":{"@id":"https:\/\/www.solarwall.com\/#website"},"datePublished":"2018-07-23T10:44:39+00:00","dateModified":"2025-04-05T15:52:05+00:00","description":"{:en}SolarWall technology is very architecturally versatile and is demanded by architects who want to use renewable energy.{:es}La tecnolog\u00eda SolarWall es muy vers\u00e1til arquitect\u00f3nicamente y la demandan los arquitectos que desean utilizar energ\u00eda renovable.{:fr}La technologie SolarWall est tr\u00e8s polyvalente sur le plan architectural et est demand\u00e9e par les architectes qui souhaitent utiliser des \u00e9nergies renouvelables.{:}","breadcrumb":{"@id":"https:\/\/www.solarwall.com\/why-solarwall\/architectural-versatility\/#breadcrumb"},"inLanguage":"fr-FR","potentialAction":[{"@type":"ReadAction","target":["https:\/\/www.solarwall.com\/why-solarwall\/architectural-versatility\/"]}]},{"@type":"BreadcrumbList","@id":"https:\/\/www.solarwall.com\/why-solarwall\/architectural-versatility\/#breadcrumb","itemListElement":[{"@type":"ListItem","position":1,"name":"Home","item":"https:\/\/www.solarwall.com\/"},{"@type":"ListItem","position":2,"name":"Why Solarwall","item":"https:\/\/www.solarwall.com\/why-solarwall\/"},{"@type":"ListItem","position":3,"name":"Architectural Versatility"}]},{"@type":"WebSite","@id":"https:\/\/www.solarwall.com\/#website","url":"https:\/\/www.solarwall.com\/","name":"SolarWall","description":"","publisher":{"@id":"https:\/\/www.solarwall.com\/#organization"},"potentialAction":[{"@type":"SearchAction","target":{"@type":"EntryPoint","urlTemplate":"https:\/\/www.solarwall.com\/?s={search_term_string}"},"query-input":{"@type":"PropertyValueSpecification","valueRequired":true,"valueName":"search_term_string"}}],"inLanguage":"fr-FR"},{"@type":"Organization","@id":"https:\/\/www.solarwall.com\/#organization","name":"SolarWall","url":"https:\/\/www.solarwall.com\/","logo":{"@type":"ImageObject","inLanguage":"fr-FR","@id":"https:\/\/www.solarwall.com\/#\/schema\/logo\/image\/","url":"https:\/\/www.solarwall.com\/wp-content\/uploads\/2018\/07\/logo.png","contentUrl":"https:\/\/www.solarwall.com\/wp-content\/uploads\/2018\/07\/logo.png","width":215,"height":105,"caption":"SolarWall"},"image":{"@id":"https:\/\/www.solarwall.com\/#\/schema\/logo\/image\/"}}]}},"_links":{"self":[{"href":"https:\/\/www.solarwall.com\/fr\/wp-json\/wp\/v2\/pages\/324","targetHints":{"allow":["GET"]}}],"collection":[{"href":"https:\/\/www.solarwall.com\/fr\/wp-json\/wp\/v2\/pages"}],"about":[{"href":"https:\/\/www.solarwall.com\/fr\/wp-json\/wp\/v2\/types\/page"}],"author":[{"embeddable":true,"href":"https:\/\/www.solarwall.com\/fr\/wp-json\/wp\/v2\/users\/1"}],"replies":[{"embeddable":true,"href":"https:\/\/www.solarwall.com\/fr\/wp-json\/wp\/v2\/comments?post=324"}],"version-history":[{"count":11,"href":"https:\/\/www.solarwall.com\/fr\/wp-json\/wp\/v2\/pages\/324\/revisions"}],"predecessor-version":[{"id":1984,"href":"https:\/\/www.solarwall.com\/fr\/wp-json\/wp\/v2\/pages\/324\/revisions\/1984"}],"up":[{"embeddable":true,"href":"https:\/\/www.solarwall.com\/fr\/wp-json\/wp\/v2\/pages\/41"}],"wp:attachment":[{"href":"https:\/\/www.solarwall.com\/fr\/wp-json\/wp\/v2\/media?parent=324"}],"curies":[{"name":"wp","href":"https:\/\/api.w.org\/{rel}","templated":true}]}}