{"id":345,"date":"2018-07-24T05:51:23","date_gmt":"2018-07-24T05:51:23","guid":{"rendered":"http:\/\/www.solarwall.com\/?page_id=345"},"modified":"2025-04-05T11:46:44","modified_gmt":"2025-04-05T15:46:44","slug":"public-works","status":"publish","type":"page","link":"https:\/\/www.solarwall.com\/fr\/industries\/public-works\/","title":{"rendered":"Municipal &#038; Public Works"},"content":{"rendered":"<p>[vc_row full_width=\u00a0\u00bbstretch_row_content_no_spaces\u00a0\u00bb][vc_column][rev_slider_vc alias=\u00a0\u00bbmunicipal-public-works\u00a0\u00bb][\/vc_column][\/vc_row][vc_row el_class=\u00a0\u00bbrow-spacing-up\u00a0\u00bb][vc_column width=\u00a0\u00bb2\/3&Prime;][vc_column_text el_class=\u00a0\u00bbf-size18&Prime;]<\/p>\n<h3>Op\u00e9ration facile; \u00e9conomies faciles<\/h3>\n<p>Tant dans les nouvelles constructions que dans les r\u00e9novations, les syst\u00e8mes SolarWall peuvent permettre d\u2019\u00e9normes \u00e9conomies d\u2019\u00e9nergie \u00e0 long terme dans les installations de travaux publics qui ventilent en permanence de grandes quantit\u00e9s d\u2019air.L&rsquo;utilisation de la technologie de chauffage propre r\u00e9duit \u00e9galement les \u00e9missions de gaz \u00e0 effet de serre, aidant ainsi les municipalit\u00e9s \u00e0 atteindre les objectifs de r\u00e9duction de la consommation d&rsquo;\u00e9nergiequi pourraient exister.La plupart des nouveaux b\u00e2timents sont construits selon les normes \u00e9nerg\u00e9tiques les plus r\u00e9centes, qui incluent la productiond\u2019\u00e9nergie renouvelable.Cela peut \u00eatre r\u00e9alis\u00e9 avec l\u2019inclusion de la technologie SolarWall pour pr\u00e9chauffer l\u2019air de ventilation ou pour faciliter le processus de chauffage.Cela produit des \u00e9conomies d&rsquo;\u00e9nergie significatives,g\u00e9n\u00e9ralement comprises entre 20 et 50% de la consommation de carburant pour le chauffage.<\/p>\n<p>Le chauffage peut \u00eatre l\u2019une des d\u00e9penses \u00e9nerg\u00e9tiques les plus importantes des installations de travaux publics.La capacit\u00e9 du syst\u00e8me SolarWall \u00e0 diminuer ces d\u00e9penses en r\u00e9duisant l&rsquo;utilisation d&rsquo;\u00e9nergie, ainsi que les \u00e9missions de gaz \u00e0 effet de serre qui en r\u00e9sultent, explique pourquoicette technologie offre un retour sur investissement aussi int\u00e9ressant, et pourquoi \u00abd&rsquo;un point de vue op\u00e9rationnel, [ c&rsquo;est] la meilleure technologie au monde. \u00bb(Citation de Desmond Raymond, Parcs Canada)<\/p>\n<p>Les syst\u00e8mes de chauffage SolarWall sont faciles \u00e0 installer car ils sont en m\u00e9tal et s&rsquo;int\u00e8grent facilement \u00e0 tout type de configuration d&rsquo;installation.[\/vc_column_text][\/vc_column][vc_column width=\u00a0\u00bb1\/3&Prime;][vc_widget_sidebar sidebar_id=\u00a0\u00bbsidebar-ind\u00a0\u00bb][\/vc_column][\/vc_row][vc_row full_width=\u00a0\u00bbstretch_row\u00a0\u00bb el_class=\u00a0\u00bbrow-spacing review-bgcurve\u00a0\u00bb css=\u00a0\u00bb.vc_custom_1540357091391{background-image: url(https:\/\/www.solarwall.com\/wp-content\/uploads\/2018\/10\/Public-Works-shutterstock_444829939.jpg?id=1081) !important;background-position: center !important;background-repeat: no-repeat !important;background-size: cover !important;}\u00a0\u00bb][vc_column][vc_column_text el_class=\u00a0\u00bbsp-testimonial-free-wrapper\u00a0\u00bb]<span class=\"top-tag-content\">Critique importante<\/span><\/p>\n<div class=\"tfree-client-testimonial\">\n<p class=\"tfree-testimonial-content\">It\u2019s like free gas for your car&#8230;We were using metal fascia anyway, and there was a conventional ventilation system. Just by adding the SolarWall panels, it became this solar thing that lets them save energy and money. Like I said, it\u2019s like backing up to a free gas pump.<\/p>\n<h4 class=\"tfree-client-name\">Dave Stafford, architect at Thurston Design<\/h4>\n<\/div>\n<p>[\/vc_column_text][\/vc_column][\/vc_row][vc_row full_width=\u00a0\u00bbstretch_row\u00a0\u00bb el_class=\u00a0\u00bbrow-spacing\u00a0\u00bb css=\u00a0\u00bb.vc_custom_1531904945590{background-color: #ebebeb !important;}\u00a0\u00bb][vc_column][vc_widget_sidebar sidebar_id=\u00a0\u00bbquote-widget\u00a0\u00bb el_class=\u00a0\u00bbtext-center f-size18&Prime;][\/vc_column][\/vc_row][vc_row el_class=\u00a0\u00bbmembers-area-footer\u00a0\u00bb][vc_column width=\u00a0\u00bb1\/2&Prime;][vc_custom_heading text=\u00a0\u00bbAdh\u00e9sions\u00a0\u00bb font_container=\u00a0\u00bbtag:h4|text_align:center|color:%23000000&Prime; use_theme_fonts=\u00a0\u00bbyes\u00a0\u00bb][vc_gallery type=\u00a0\u00bbimage_grid\u00a0\u00bb images=\u00a0\u00bb135,139,140&Prime; img_size=\u00a0\u00bbfull\u00a0\u00bb onclick=\u00a0\u00bb\u00a0\u00bb][\/vc_column][vc_column width=\u00a0\u00bb1\/2&Prime;][vc_custom_heading text=\u00a0\u00bbCertifications\u00a0\u00bb font_container=\u00a0\u00bbtag:h4|text_align:center|color:%23000000&Prime; use_theme_fonts=\u00a0\u00bbyes\u00a0\u00bb][vc_gallery type=\u00a0\u00bbimage_grid\u00a0\u00bb images=\u00a0\u00bb137,136,138,141&Prime; img_size=\u00a0\u00bbfull\u00a0\u00bb onclick=\u00a0\u00bb\u00a0\u00bb][\/vc_column][\/vc_row]<\/p>","protected":false},"excerpt":{"rendered":"<p>[vc_row full_width=\u00a0\u00bbstretch_row_content_no_spaces\u00a0\u00bb][vc_column][rev_slider_vc alias=\u00a0\u00bbmunicipal-public-works\u00a0\u00bb][\/vc_column][\/vc_row][vc_row el_class=\u00a0\u00bbrow-spacing-up\u00a0\u00bb][vc_column width=\u00a0\u00bb2\/3&Prime;][vc_column_text el_class=\u00a0\u00bbf-size18&Prime;] Op\u00e9ration facile; \u00e9conomies faciles Tant dans les nouvelles constructions que dans les r\u00e9novations, les syst\u00e8mes SolarWall peuvent permettre d\u2019\u00e9normes \u00e9conomies d\u2019\u00e9nergie \u00e0 long terme dans les installations de travaux publics qui ventilent en permanence de grandes quantit\u00e9s d\u2019air.L&rsquo;utilisation de la technologie de chauffage propre r\u00e9duit \u00e9galement les \u00e9missions de &hellip; <\/p>\n<p class=\"link-more\"><a href=\"https:\/\/www.solarwall.com\/fr\/industries\/public-works\/\" class=\"more-link\">Continue reading<span class=\"screen-reader-text\"> \u00ab\u00a0Municipal &#038; Public Works\u00a0\u00bb<\/span><\/a><\/p>\n","protected":false},"author":1,"featured_media":0,"parent":39,"menu_order":0,"comment_status":"closed","ping_status":"closed","template":"full-wdith.php","meta":{"footnotes":""},"class_list":["post-345","page","type-page","status-publish","hentry"],"yoast_head":"<!-- This site is optimized with the Yoast SEO plugin v24.8.1 - https:\/\/yoast.com\/wordpress\/plugins\/seo\/ -->\n<title>Travaux municipaux et publics - SolarWall<\/title>\n<meta name=\"description\" content=\"La technologie SolarWall est int\u00e9gr\u00e9e dans les grands d\u00e9p\u00f4ts de bus et les installations d&#039;entretien des v\u00e9hicules afin de r\u00e9duire les \u00e9missions de GES de mani\u00e8re rentable.\" \/>\n<meta name=\"robots\" content=\"index, follow, max-snippet:-1, max-image-preview:large, max-video-preview:-1\" \/>\n<link rel=\"canonical\" href=\"https:\/\/www.solarwall.com\/fr\/industries\/public-works\/\" \/>\n<meta property=\"og:locale\" content=\"fr_FR\" \/>\n<meta property=\"og:type\" content=\"article\" \/>\n<meta property=\"og:title\" content=\"[:en]Municipal &amp; Public Works - SolarWall[:es]Obras municipales y p\u00fablicas - SolarWall[:fr]Travaux municipaux et publics - SolarWall[:]\" \/>\n<meta property=\"og:description\" content=\"{:en}SolarWall technology is integrated into large bus depots, vehicle maintenance facilities to cost-effectively reduce GHG emissions.{:es}La tecnolog\u00eda SolarWall est\u00e1 integrada en grandes dep\u00f3sitos de autobuses, instalaciones de mantenimiento de veh\u00edculos para reducir de manera rentable las emisiones de GEI.{:fr}La technologie SolarWall est int\u00e9gr\u00e9e dans les grands d\u00e9p\u00f4ts de bus et les installations d&#039;entretien des v\u00e9hicules afin de r\u00e9duire les \u00e9missions de GES de mani\u00e8re rentable.{:}\" \/>\n<meta property=\"og:url\" content=\"https:\/\/www.solarwall.com\/industries\/public-works\/\" \/>\n<meta property=\"og:site_name\" content=\"SolarWall\" \/>\n<meta property=\"article:modified_time\" content=\"2025-04-05T15:46:44+00:00\" \/>\n<meta name=\"twitter:card\" content=\"summary_large_image\" \/>\n<meta name=\"twitter:label1\" content=\"Dur\u00e9e de lecture estim\u00e9e\" \/>\n\t<meta name=\"twitter:data1\" content=\"7 minutes\" \/>\n<script type=\"application\/ld+json\" class=\"yoast-schema-graph\">{\"@context\":\"https:\/\/schema.org\",\"@graph\":[{\"@type\":\"WebPage\",\"@id\":\"https:\/\/www.solarwall.com\/industries\/public-works\/\",\"url\":\"https:\/\/www.solarwall.com\/industries\/public-works\/\",\"name\":\"[:en]Municipal & Public Works - SolarWall[:es]Obras municipales y p\u00fablicas - SolarWall[:fr]Travaux municipaux et publics - SolarWall[:]\",\"isPartOf\":{\"@id\":\"https:\/\/www.solarwall.com\/#website\"},\"datePublished\":\"2018-07-24T05:51:23+00:00\",\"dateModified\":\"2025-04-05T15:46:44+00:00\",\"description\":\"{:en}SolarWall technology is integrated into large bus depots, vehicle maintenance facilities to cost-effectively reduce GHG emissions.{:es}La tecnolog\u00eda SolarWall est\u00e1 integrada en grandes dep\u00f3sitos de autobuses, instalaciones de mantenimiento de veh\u00edculos para reducir de manera rentable las emisiones de GEI.{:fr}La technologie SolarWall est int\u00e9gr\u00e9e dans les grands d\u00e9p\u00f4ts de bus et les installations d'entretien des v\u00e9hicules afin de r\u00e9duire les \u00e9missions de GES de mani\u00e8re rentable.{:}\",\"breadcrumb\":{\"@id\":\"https:\/\/www.solarwall.com\/industries\/public-works\/#breadcrumb\"},\"inLanguage\":\"fr-FR\",\"potentialAction\":[{\"@type\":\"ReadAction\",\"target\":[\"https:\/\/www.solarwall.com\/industries\/public-works\/\"]}]},{\"@type\":\"BreadcrumbList\",\"@id\":\"https:\/\/www.solarwall.com\/industries\/public-works\/#breadcrumb\",\"itemListElement\":[{\"@type\":\"ListItem\",\"position\":1,\"name\":\"Home\",\"item\":\"https:\/\/www.solarwall.com\/\"},{\"@type\":\"ListItem\",\"position\":2,\"name\":\"Industries\",\"item\":\"https:\/\/www.solarwall.com\/industries\/\"},{\"@type\":\"ListItem\",\"position\":3,\"name\":\"Municipal &#038; Public Works\"}]},{\"@type\":\"WebSite\",\"@id\":\"https:\/\/www.solarwall.com\/#website\",\"url\":\"https:\/\/www.solarwall.com\/\",\"name\":\"SolarWall\",\"description\":\"\",\"publisher\":{\"@id\":\"https:\/\/www.solarwall.com\/#organization\"},\"potentialAction\":[{\"@type\":\"SearchAction\",\"target\":{\"@type\":\"EntryPoint\",\"urlTemplate\":\"https:\/\/www.solarwall.com\/?s={search_term_string}\"},\"query-input\":{\"@type\":\"PropertyValueSpecification\",\"valueRequired\":true,\"valueName\":\"search_term_string\"}}],\"inLanguage\":\"fr-FR\"},{\"@type\":\"Organization\",\"@id\":\"https:\/\/www.solarwall.com\/#organization\",\"name\":\"SolarWall\",\"url\":\"https:\/\/www.solarwall.com\/\",\"logo\":{\"@type\":\"ImageObject\",\"inLanguage\":\"fr-FR\",\"@id\":\"https:\/\/www.solarwall.com\/#\/schema\/logo\/image\/\",\"url\":\"https:\/\/www.solarwall.com\/wp-content\/uploads\/2018\/07\/logo.png\",\"contentUrl\":\"https:\/\/www.solarwall.com\/wp-content\/uploads\/2018\/07\/logo.png\",\"width\":215,\"height\":105,\"caption\":\"SolarWall\"},\"image\":{\"@id\":\"https:\/\/www.solarwall.com\/#\/schema\/logo\/image\/\"}}]}<\/script>\n<!-- \/ Yoast SEO plugin. -->","yoast_head_json":{"title":"Travaux municipaux et publics - SolarWall","description":"La technologie SolarWall est int\u00e9gr\u00e9e dans les grands d\u00e9p\u00f4ts de bus et les installations d'entretien des v\u00e9hicules afin de r\u00e9duire les \u00e9missions de GES de mani\u00e8re rentable.","robots":{"index":"index","follow":"follow","max-snippet":"max-snippet:-1","max-image-preview":"max-image-preview:large","max-video-preview":"max-video-preview:-1"},"canonical":"https:\/\/www.solarwall.com\/fr\/industries\/public-works\/","og_locale":"fr_FR","og_type":"article","og_title":"[:en]Municipal & Public Works - SolarWall[:es]Obras municipales y p\u00fablicas - SolarWall[:fr]Travaux municipaux et publics - SolarWall[:]","og_description":"{:en}SolarWall technology is integrated into large bus depots, vehicle maintenance facilities to cost-effectively reduce GHG emissions.{:es}La tecnolog\u00eda SolarWall est\u00e1 integrada en grandes dep\u00f3sitos de autobuses, instalaciones de mantenimiento de veh\u00edculos para reducir de manera rentable las emisiones de GEI.{:fr}La technologie SolarWall est int\u00e9gr\u00e9e dans les grands d\u00e9p\u00f4ts de bus et les installations d'entretien des v\u00e9hicules afin de r\u00e9duire les \u00e9missions de GES de mani\u00e8re rentable.{:}","og_url":"https:\/\/www.solarwall.com\/industries\/public-works\/","og_site_name":"SolarWall","article_modified_time":"2025-04-05T15:46:44+00:00","twitter_card":"summary_large_image","twitter_misc":{"Dur\u00e9e de lecture estim\u00e9e":"7 minutes"},"schema":{"@context":"https:\/\/schema.org","@graph":[{"@type":"WebPage","@id":"https:\/\/www.solarwall.com\/industries\/public-works\/","url":"https:\/\/www.solarwall.com\/industries\/public-works\/","name":"[:en]Municipal & Public Works - SolarWall[:es]Obras municipales y p\u00fablicas - SolarWall[:fr]Travaux municipaux et publics - SolarWall[:]","isPartOf":{"@id":"https:\/\/www.solarwall.com\/#website"},"datePublished":"2018-07-24T05:51:23+00:00","dateModified":"2025-04-05T15:46:44+00:00","description":"{:en}SolarWall technology is integrated into large bus depots, vehicle maintenance facilities to cost-effectively reduce GHG emissions.{:es}La tecnolog\u00eda SolarWall est\u00e1 integrada en grandes dep\u00f3sitos de autobuses, instalaciones de mantenimiento de veh\u00edculos para reducir de manera rentable las emisiones de GEI.{:fr}La technologie SolarWall est int\u00e9gr\u00e9e dans les grands d\u00e9p\u00f4ts de bus et les installations d'entretien des v\u00e9hicules afin de r\u00e9duire les \u00e9missions de GES de mani\u00e8re rentable.{:}","breadcrumb":{"@id":"https:\/\/www.solarwall.com\/industries\/public-works\/#breadcrumb"},"inLanguage":"fr-FR","potentialAction":[{"@type":"ReadAction","target":["https:\/\/www.solarwall.com\/industries\/public-works\/"]}]},{"@type":"BreadcrumbList","@id":"https:\/\/www.solarwall.com\/industries\/public-works\/#breadcrumb","itemListElement":[{"@type":"ListItem","position":1,"name":"Home","item":"https:\/\/www.solarwall.com\/"},{"@type":"ListItem","position":2,"name":"Industries","item":"https:\/\/www.solarwall.com\/industries\/"},{"@type":"ListItem","position":3,"name":"Municipal &#038; Public Works"}]},{"@type":"WebSite","@id":"https:\/\/www.solarwall.com\/#website","url":"https:\/\/www.solarwall.com\/","name":"SolarWall","description":"","publisher":{"@id":"https:\/\/www.solarwall.com\/#organization"},"potentialAction":[{"@type":"SearchAction","target":{"@type":"EntryPoint","urlTemplate":"https:\/\/www.solarwall.com\/?s={search_term_string}"},"query-input":{"@type":"PropertyValueSpecification","valueRequired":true,"valueName":"search_term_string"}}],"inLanguage":"fr-FR"},{"@type":"Organization","@id":"https:\/\/www.solarwall.com\/#organization","name":"SolarWall","url":"https:\/\/www.solarwall.com\/","logo":{"@type":"ImageObject","inLanguage":"fr-FR","@id":"https:\/\/www.solarwall.com\/#\/schema\/logo\/image\/","url":"https:\/\/www.solarwall.com\/wp-content\/uploads\/2018\/07\/logo.png","contentUrl":"https:\/\/www.solarwall.com\/wp-content\/uploads\/2018\/07\/logo.png","width":215,"height":105,"caption":"SolarWall"},"image":{"@id":"https:\/\/www.solarwall.com\/#\/schema\/logo\/image\/"}}]}},"_links":{"self":[{"href":"https:\/\/www.solarwall.com\/fr\/wp-json\/wp\/v2\/pages\/345","targetHints":{"allow":["GET"]}}],"collection":[{"href":"https:\/\/www.solarwall.com\/fr\/wp-json\/wp\/v2\/pages"}],"about":[{"href":"https:\/\/www.solarwall.com\/fr\/wp-json\/wp\/v2\/types\/page"}],"author":[{"embeddable":true,"href":"https:\/\/www.solarwall.com\/fr\/wp-json\/wp\/v2\/users\/1"}],"replies":[{"embeddable":true,"href":"https:\/\/www.solarwall.com\/fr\/wp-json\/wp\/v2\/comments?post=345"}],"version-history":[{"count":7,"href":"https:\/\/www.solarwall.com\/fr\/wp-json\/wp\/v2\/pages\/345\/revisions"}],"predecessor-version":[{"id":1971,"href":"https:\/\/www.solarwall.com\/fr\/wp-json\/wp\/v2\/pages\/345\/revisions\/1971"}],"up":[{"embeddable":true,"href":"https:\/\/www.solarwall.com\/fr\/wp-json\/wp\/v2\/pages\/39"}],"wp:attachment":[{"href":"https:\/\/www.solarwall.com\/fr\/wp-json\/wp\/v2\/media?parent=345"}],"curies":[{"name":"wp","href":"https:\/\/api.w.org\/{rel}","templated":true}]}}