{"id":358,"date":"2018-07-26T09:06:01","date_gmt":"2018-07-26T09:06:01","guid":{"rendered":"http:\/\/www.solarwall.com\/?page_id=358"},"modified":"2025-04-05T11:48:30","modified_gmt":"2025-04-05T15:48:30","slug":"arctic-subarctic","status":"publish","type":"page","link":"https:\/\/www.solarwall.com\/fr\/industries\/arctic-subarctic\/","title":{"rendered":"Arctic &#038; Subarctic"},"content":{"rendered":"<p>[vc_row full_width=\u00a0\u00bbstretch_row_content_no_spaces\u00a0\u00bb][vc_column][rev_slider_vc alias=\u00a0\u00bbarctic\u00a0\u00bb][\/vc_column][\/vc_row][vc_row el_class=\u00a0\u00bbrow-spacing-up\u00a0\u00bb][vc_column width=\u00a0\u00bb2\/3&Prime;][vc_column_text el_class=\u00a0\u00bbf-size18&Prime;]<\/p>\n<h3>Aider les communaut\u00e9s du nord<\/h3>\n<p>Les communaut\u00e9s arctiques et sous-arctiques isol\u00e9es sont confront\u00e9es \u00e0 un d\u00e9fi;le temps froid pendant une partie importante de l&rsquo;ann\u00e9e, combin\u00e9 \u00e0 l&rsquo;option co\u00fbteuse d&rsquo;utiliser des sources de combustible traditionnelles.La saison de chauffage dans le Grand Nord dure g\u00e9n\u00e9ralement neuf mois par an, ce qui entra\u00eene des co\u00fbts \u00e9normes associ\u00e9s au chauffage int\u00e9rieur et au chauffage par ventilation.Et cette situation est amplifi\u00e9e par le fait que beaucoup de ces communaut\u00e9s isol\u00e9es doivent compter sur des carburants tr\u00e8s co\u00fbteux et \u00e0 forte intensit\u00e9 de carbone qui sont transport\u00e9s par avion ou par camion sur de grandes distances.<\/p>\n<p>Les syst\u00e8mes de chauffage \u00e0 air SolarWall fonctionnent particuli\u00e8rement bien dans les climats froids et septentrionaux en raisonde la faible inclinaison du soleil au printemps et en automne, car la lumi\u00e8re du soleil se refl\u00e8te dans la neige.Cela am\u00e9liore de 50 \u00e0 70% les rendementsdu syst\u00e8me au cours de ces mois, ce qui est renforc\u00e9 parce que les jours sont plus longs et qu&rsquo;il y a donc plus de lumi\u00e8re solaire au printemps, en \u00e9t\u00e9 et en automne.Les retours sont \u00e9galement importants en raisonde la forte proportion de jours extr\u00eamement ensoleill\u00e9s mais tr\u00e8s froids au printemps, en \u00e9t\u00e9 et en automne.Cela compense le peu d&rsquo;utilisation du syst\u00e8me pendant les mois d&rsquo;hiver, lorsqu\u2019il y a moins d\u2019heures d&rsquo;ensoleillementdisponibles.<\/p>\n<p>G\u00e9n\u00e9rer de l&rsquo;\u00e9nergie thermique sur site avec un syst\u00e8me SolarWall est tr\u00e8s convaincant en termes de r\u00e9duction des co\u00fbts \u00e9nerg\u00e9tiques et des \u00e9missions de carbone correspondantes.Les applications ant\u00e9rieures comprennentles \u00e9coles, les centres de loisirs, les prisons, les a\u00e9roports, les centres de recherche et les b\u00e2timents gouvernementaux.<\/p>\n<p>Les syst\u00e8mes SolarWall ont \u00e9t\u00e9 utilis\u00e9s au-dessus du cercle polaire arctique, en Alaska, au Yukon, dans les Territoires du Nord-Ouest, au Nunavut et au p\u00f4le Sud.Il s&rsquo;agit donc d&rsquo;un choix fiable pour un chauffage propre suffisamment robuste pour r\u00e9sister \u00e0 des conditions m\u00e9t\u00e9orologiques extr\u00eames.[\/vc_column_text][\/vc_column][vc_column width=\u00a0\u00bb1\/3&Prime;][vc_widget_sidebar sidebar_id=\u00a0\u00bbsidebar-ind\u00a0\u00bb][\/vc_column][\/vc_row][vc_row full_width=\u00a0\u00bbstretch_row\u00a0\u00bb el_class=\u00a0\u00bbrow-spacing review-bgcurve\u00a0\u00bb css=\u00a0\u00bb.vc_custom_1540357517974{background-image: url(https:\/\/www.solarwall.com\/wp-content\/uploads\/2018\/10\/Arctic-shutterstock_790216123.jpg?id=1095) !important;background-position: center !important;background-repeat: no-repeat !important;background-size: cover !important;}\u00a0\u00bb][vc_column][vc_column_text el_class=\u00a0\u00bbsp-testimonial-free-wrapper\u00a0\u00bb]<span class=\"top-tag-content\">Critique importante<\/span><\/p>\n<div class=\"tfree-client-testimonial\">\n<p class=\"tfree-testimonial-content\">The simplest, most efficient &#8211; and least expensive &#8211; way to preheat outside air for industrial and commercial applications is through the use of a perforated-plate absorber or a solar air heating system such as the SolarWall.<\/p>\n<h4 class=\"tfree-client-name\">Natural Resources Canada<\/h4>\n<\/div>\n<p>[\/vc_column_text][\/vc_column][\/vc_row][vc_row full_width=\u00a0\u00bbstretch_row\u00a0\u00bb el_class=\u00a0\u00bbrow-spacing\u00a0\u00bb css=\u00a0\u00bb.vc_custom_1531904945590{background-color: #ebebeb !important;}\u00a0\u00bb][vc_column][vc_widget_sidebar sidebar_id=\u00a0\u00bbquote-widget\u00a0\u00bb el_class=\u00a0\u00bbtext-center f-size18&Prime;][\/vc_column][\/vc_row][vc_row el_class=\u00a0\u00bbmembers-area-footer\u00a0\u00bb][vc_column width=\u00a0\u00bb1\/2&Prime;][vc_custom_heading text=\u00a0\u00bbAdh\u00e9sions\u00a0\u00bb font_container=\u00a0\u00bbtag:h4|text_align:center|color:%23000000&Prime; use_theme_fonts=\u00a0\u00bbyes\u00a0\u00bb][vc_gallery type=\u00a0\u00bbimage_grid\u00a0\u00bb images=\u00a0\u00bb135,139,140&Prime; img_size=\u00a0\u00bbfull\u00a0\u00bb onclick=\u00a0\u00bb\u00a0\u00bb][\/vc_column][vc_column width=\u00a0\u00bb1\/2&Prime;][vc_custom_heading text=\u00a0\u00bbCertifications\u00a0\u00bb font_container=\u00a0\u00bbtag:h4|text_align:center|color:%23000000&Prime; use_theme_fonts=\u00a0\u00bbyes\u00a0\u00bb][vc_gallery type=\u00a0\u00bbimage_grid\u00a0\u00bb images=\u00a0\u00bb137,136,138,141&Prime; img_size=\u00a0\u00bbfull\u00a0\u00bb onclick=\u00a0\u00bb\u00a0\u00bb][\/vc_column][\/vc_row]<\/p>","protected":false},"excerpt":{"rendered":"<p>[vc_row full_width=\u00a0\u00bbstretch_row_content_no_spaces\u00a0\u00bb][vc_column][rev_slider_vc alias=\u00a0\u00bbarctic\u00a0\u00bb][\/vc_column][\/vc_row][vc_row el_class=\u00a0\u00bbrow-spacing-up\u00a0\u00bb][vc_column width=\u00a0\u00bb2\/3&Prime;][vc_column_text el_class=\u00a0\u00bbf-size18&Prime;] Aider les communaut\u00e9s du nord Les communaut\u00e9s arctiques et sous-arctiques isol\u00e9es sont confront\u00e9es \u00e0 un d\u00e9fi;le temps froid pendant une partie importante de l&rsquo;ann\u00e9e, combin\u00e9 \u00e0 l&rsquo;option co\u00fbteuse d&rsquo;utiliser des sources de combustible traditionnelles.La saison de chauffage dans le Grand Nord dure g\u00e9n\u00e9ralement neuf mois par an, ce qui &hellip; <\/p>\n<p class=\"link-more\"><a href=\"https:\/\/www.solarwall.com\/fr\/industries\/arctic-subarctic\/\" class=\"more-link\">Continue reading<span class=\"screen-reader-text\"> \u00ab\u00a0Arctic &#038; Subarctic\u00a0\u00bb<\/span><\/a><\/p>\n","protected":false},"author":1,"featured_media":0,"parent":39,"menu_order":0,"comment_status":"closed","ping_status":"closed","template":"full-wdith.php","meta":{"footnotes":""},"class_list":["post-358","page","type-page","status-publish","hentry"],"yoast_head":"<!-- This site is optimized with the Yoast SEO plugin v24.8.1 - https:\/\/yoast.com\/wordpress\/plugins\/seo\/ -->\n<title>Arctique et subarctique - SolarWall<\/title>\n<meta name=\"description\" content=\"La technologie SolarWall aide les collectivit\u00e9s du Nord et aide \u00e0 att\u00e9nuer les d\u00e9fis \u00e9nerg\u00e9tiques uniques qui se produisent.\" \/>\n<meta name=\"robots\" content=\"index, follow, max-snippet:-1, max-image-preview:large, max-video-preview:-1\" \/>\n<link rel=\"canonical\" href=\"https:\/\/www.solarwall.com\/fr\/industries\/arctic-subarctic\/\" \/>\n<meta property=\"og:locale\" content=\"fr_FR\" \/>\n<meta property=\"og:type\" content=\"article\" \/>\n<meta property=\"og:title\" content=\"[:en]Arctic &amp; Subarctic - SolarWall[:es]\u00c1rtico y Sub\u00e1rtico - SolarWall[:fr]Arctique et subarctique - SolarWall[:]\" \/>\n<meta property=\"og:description\" content=\"{:en}SolarWall technology is helping the northern communities and helps to mitigate the unique energy challenges that occur.{:es}La tecnolog\u00eda SolarWall est\u00e1 ayudando a las comunidades del norte y ayuda a mitigar los desaf\u00edos energ\u00e9ticos \u00fanicos que ocurren.{:fr}La technologie SolarWall aide les collectivit\u00e9s du Nord et aide \u00e0 att\u00e9nuer les d\u00e9fis \u00e9nerg\u00e9tiques uniques qui se produisent.{:}\" \/>\n<meta property=\"og:url\" content=\"https:\/\/www.solarwall.com\/industries\/arctic-subarctic\/\" \/>\n<meta property=\"og:site_name\" content=\"SolarWall\" \/>\n<meta property=\"article:modified_time\" content=\"2025-04-05T15:48:30+00:00\" \/>\n<meta name=\"twitter:card\" content=\"summary_large_image\" \/>\n<meta name=\"twitter:label1\" content=\"Dur\u00e9e de lecture estim\u00e9e\" \/>\n\t<meta name=\"twitter:data1\" content=\"8 minutes\" \/>\n<script type=\"application\/ld+json\" class=\"yoast-schema-graph\">{\"@context\":\"https:\/\/schema.org\",\"@graph\":[{\"@type\":\"WebPage\",\"@id\":\"https:\/\/www.solarwall.com\/industries\/arctic-subarctic\/\",\"url\":\"https:\/\/www.solarwall.com\/industries\/arctic-subarctic\/\",\"name\":\"[:en]Arctic & Subarctic - SolarWall[:es]\u00c1rtico y Sub\u00e1rtico - SolarWall[:fr]Arctique et subarctique - SolarWall[:]\",\"isPartOf\":{\"@id\":\"https:\/\/www.solarwall.com\/#website\"},\"datePublished\":\"2018-07-26T09:06:01+00:00\",\"dateModified\":\"2025-04-05T15:48:30+00:00\",\"description\":\"{:en}SolarWall technology is helping the northern communities and helps to mitigate the unique energy challenges that occur.{:es}La tecnolog\u00eda SolarWall est\u00e1 ayudando a las comunidades del norte y ayuda a mitigar los desaf\u00edos energ\u00e9ticos \u00fanicos que ocurren.{:fr}La technologie SolarWall aide les collectivit\u00e9s du Nord et aide \u00e0 att\u00e9nuer les d\u00e9fis \u00e9nerg\u00e9tiques uniques qui se produisent.{:}\",\"breadcrumb\":{\"@id\":\"https:\/\/www.solarwall.com\/industries\/arctic-subarctic\/#breadcrumb\"},\"inLanguage\":\"fr-FR\",\"potentialAction\":[{\"@type\":\"ReadAction\",\"target\":[\"https:\/\/www.solarwall.com\/industries\/arctic-subarctic\/\"]}]},{\"@type\":\"BreadcrumbList\",\"@id\":\"https:\/\/www.solarwall.com\/industries\/arctic-subarctic\/#breadcrumb\",\"itemListElement\":[{\"@type\":\"ListItem\",\"position\":1,\"name\":\"Home\",\"item\":\"https:\/\/www.solarwall.com\/\"},{\"@type\":\"ListItem\",\"position\":2,\"name\":\"Industries\",\"item\":\"https:\/\/www.solarwall.com\/industries\/\"},{\"@type\":\"ListItem\",\"position\":3,\"name\":\"Arctic &#038; Subarctic\"}]},{\"@type\":\"WebSite\",\"@id\":\"https:\/\/www.solarwall.com\/#website\",\"url\":\"https:\/\/www.solarwall.com\/\",\"name\":\"SolarWall\",\"description\":\"\",\"publisher\":{\"@id\":\"https:\/\/www.solarwall.com\/#organization\"},\"potentialAction\":[{\"@type\":\"SearchAction\",\"target\":{\"@type\":\"EntryPoint\",\"urlTemplate\":\"https:\/\/www.solarwall.com\/?s={search_term_string}\"},\"query-input\":{\"@type\":\"PropertyValueSpecification\",\"valueRequired\":true,\"valueName\":\"search_term_string\"}}],\"inLanguage\":\"fr-FR\"},{\"@type\":\"Organization\",\"@id\":\"https:\/\/www.solarwall.com\/#organization\",\"name\":\"SolarWall\",\"url\":\"https:\/\/www.solarwall.com\/\",\"logo\":{\"@type\":\"ImageObject\",\"inLanguage\":\"fr-FR\",\"@id\":\"https:\/\/www.solarwall.com\/#\/schema\/logo\/image\/\",\"url\":\"https:\/\/www.solarwall.com\/wp-content\/uploads\/2018\/07\/logo.png\",\"contentUrl\":\"https:\/\/www.solarwall.com\/wp-content\/uploads\/2018\/07\/logo.png\",\"width\":215,\"height\":105,\"caption\":\"SolarWall\"},\"image\":{\"@id\":\"https:\/\/www.solarwall.com\/#\/schema\/logo\/image\/\"}}]}<\/script>\n<!-- \/ Yoast SEO plugin. -->","yoast_head_json":{"title":"Arctique et subarctique - SolarWall","description":"La technologie SolarWall aide les collectivit\u00e9s du Nord et aide \u00e0 att\u00e9nuer les d\u00e9fis \u00e9nerg\u00e9tiques uniques qui se produisent.","robots":{"index":"index","follow":"follow","max-snippet":"max-snippet:-1","max-image-preview":"max-image-preview:large","max-video-preview":"max-video-preview:-1"},"canonical":"https:\/\/www.solarwall.com\/fr\/industries\/arctic-subarctic\/","og_locale":"fr_FR","og_type":"article","og_title":"[:en]Arctic & Subarctic - SolarWall[:es]\u00c1rtico y Sub\u00e1rtico - SolarWall[:fr]Arctique et subarctique - SolarWall[:]","og_description":"{:en}SolarWall technology is helping the northern communities and helps to mitigate the unique energy challenges that occur.{:es}La tecnolog\u00eda SolarWall est\u00e1 ayudando a las comunidades del norte y ayuda a mitigar los desaf\u00edos energ\u00e9ticos \u00fanicos que ocurren.{:fr}La technologie SolarWall aide les collectivit\u00e9s du Nord et aide \u00e0 att\u00e9nuer les d\u00e9fis \u00e9nerg\u00e9tiques uniques qui se produisent.{:}","og_url":"https:\/\/www.solarwall.com\/industries\/arctic-subarctic\/","og_site_name":"SolarWall","article_modified_time":"2025-04-05T15:48:30+00:00","twitter_card":"summary_large_image","twitter_misc":{"Dur\u00e9e de lecture estim\u00e9e":"8 minutes"},"schema":{"@context":"https:\/\/schema.org","@graph":[{"@type":"WebPage","@id":"https:\/\/www.solarwall.com\/industries\/arctic-subarctic\/","url":"https:\/\/www.solarwall.com\/industries\/arctic-subarctic\/","name":"[:en]Arctic & Subarctic - SolarWall[:es]\u00c1rtico y Sub\u00e1rtico - SolarWall[:fr]Arctique et subarctique - SolarWall[:]","isPartOf":{"@id":"https:\/\/www.solarwall.com\/#website"},"datePublished":"2018-07-26T09:06:01+00:00","dateModified":"2025-04-05T15:48:30+00:00","description":"{:en}SolarWall technology is helping the northern communities and helps to mitigate the unique energy challenges that occur.{:es}La tecnolog\u00eda SolarWall est\u00e1 ayudando a las comunidades del norte y ayuda a mitigar los desaf\u00edos energ\u00e9ticos \u00fanicos que ocurren.{:fr}La technologie SolarWall aide les collectivit\u00e9s du Nord et aide \u00e0 att\u00e9nuer les d\u00e9fis \u00e9nerg\u00e9tiques uniques qui se produisent.{:}","breadcrumb":{"@id":"https:\/\/www.solarwall.com\/industries\/arctic-subarctic\/#breadcrumb"},"inLanguage":"fr-FR","potentialAction":[{"@type":"ReadAction","target":["https:\/\/www.solarwall.com\/industries\/arctic-subarctic\/"]}]},{"@type":"BreadcrumbList","@id":"https:\/\/www.solarwall.com\/industries\/arctic-subarctic\/#breadcrumb","itemListElement":[{"@type":"ListItem","position":1,"name":"Home","item":"https:\/\/www.solarwall.com\/"},{"@type":"ListItem","position":2,"name":"Industries","item":"https:\/\/www.solarwall.com\/industries\/"},{"@type":"ListItem","position":3,"name":"Arctic &#038; Subarctic"}]},{"@type":"WebSite","@id":"https:\/\/www.solarwall.com\/#website","url":"https:\/\/www.solarwall.com\/","name":"SolarWall","description":"","publisher":{"@id":"https:\/\/www.solarwall.com\/#organization"},"potentialAction":[{"@type":"SearchAction","target":{"@type":"EntryPoint","urlTemplate":"https:\/\/www.solarwall.com\/?s={search_term_string}"},"query-input":{"@type":"PropertyValueSpecification","valueRequired":true,"valueName":"search_term_string"}}],"inLanguage":"fr-FR"},{"@type":"Organization","@id":"https:\/\/www.solarwall.com\/#organization","name":"SolarWall","url":"https:\/\/www.solarwall.com\/","logo":{"@type":"ImageObject","inLanguage":"fr-FR","@id":"https:\/\/www.solarwall.com\/#\/schema\/logo\/image\/","url":"https:\/\/www.solarwall.com\/wp-content\/uploads\/2018\/07\/logo.png","contentUrl":"https:\/\/www.solarwall.com\/wp-content\/uploads\/2018\/07\/logo.png","width":215,"height":105,"caption":"SolarWall"},"image":{"@id":"https:\/\/www.solarwall.com\/#\/schema\/logo\/image\/"}}]}},"_links":{"self":[{"href":"https:\/\/www.solarwall.com\/fr\/wp-json\/wp\/v2\/pages\/358","targetHints":{"allow":["GET"]}}],"collection":[{"href":"https:\/\/www.solarwall.com\/fr\/wp-json\/wp\/v2\/pages"}],"about":[{"href":"https:\/\/www.solarwall.com\/fr\/wp-json\/wp\/v2\/types\/page"}],"author":[{"embeddable":true,"href":"https:\/\/www.solarwall.com\/fr\/wp-json\/wp\/v2\/users\/1"}],"replies":[{"embeddable":true,"href":"https:\/\/www.solarwall.com\/fr\/wp-json\/wp\/v2\/comments?post=358"}],"version-history":[{"count":5,"href":"https:\/\/www.solarwall.com\/fr\/wp-json\/wp\/v2\/pages\/358\/revisions"}],"predecessor-version":[{"id":1976,"href":"https:\/\/www.solarwall.com\/fr\/wp-json\/wp\/v2\/pages\/358\/revisions\/1976"}],"up":[{"embeddable":true,"href":"https:\/\/www.solarwall.com\/fr\/wp-json\/wp\/v2\/pages\/39"}],"wp:attachment":[{"href":"https:\/\/www.solarwall.com\/fr\/wp-json\/wp\/v2\/media?parent=358"}],"curies":[{"name":"wp","href":"https:\/\/api.w.org\/{rel}","templated":true}]}}