{"id":41,"date":"2018-07-16T09:34:44","date_gmt":"2018-07-16T09:34:44","guid":{"rendered":"http:\/\/www.solarwall.com\/?page_id=41"},"modified":"2025-04-05T11:51:57","modified_gmt":"2025-04-05T15:51:57","slug":"why-solarwall","status":"publish","type":"page","link":"https:\/\/www.solarwall.com\/fr\/why-solarwall\/","title":{"rendered":"Why Solarwall"},"content":{"rendered":"<p>[vc_row full_width=\u00a0\u00bbstretch_row_content_no_spaces\u00a0\u00bb el_class=\u00a0\u00bbyellow-thick-line\u00a0\u00bb][vc_column][rev_slider_vc alias=\u00a0\u00bbwhy-solarwall\u00a0\u00bb][\/vc_column][\/vc_row][vc_row css=\u00a0\u00bb.vc_custom_1534237990094{padding-top: 40px !important;padding-bottom: 40px !important;}\u00a0\u00bb][vc_column][vc_column_text el_class=\u00a0\u00bbtext-center\u00a0\u00bb]<\/p>\n<h3>Avantages du chauffage \u00e0 air propre SolarWall<\/h3>\n<p>[\/vc_column_text][\/vc_column][\/vc_row][vc_row full_width=\u00a0\u00bbstretch_row_content_no_spaces\u00a0\u00bb css=\u00a0\u00bb.vc_custom_1534389315048{background-color: #f3f3f3 !important;}\u00a0\u00bb][vc_column width=\u00a0\u00bb1\/2&Prime; el_class=\u00a0\u00bbsolar-bene-content-left\u00a0\u00bb][vc_custom_heading text=\u00a0\u00bbCr\u00e9ateur du<br \/>\nsecteur du chauffage solaire \u00e0 air\u00a0\u00bb font_container=\u00a0\u00bbtag:h3|font_size:35px|text_align:left|color:%23000000&Prime; use_theme_fonts=\u00a0\u00bbyes\u00a0\u00bb][vc_column_text el_class=\u00a0\u00bbf-size20&Prime;]L\u2019invention et la commercialisation de la technologie SolarWall\u00ae par Conserval Engineering \u00e9tablile domaine mondial du chauffage solaire de l\u2019air pour les b\u00e2timents commerciaux et industriels.[\/vc_column_text][\/vc_column][vc_column width=\u00a0\u00bb1\/2&Prime; el_class=\u00a0\u00bbsolar-bg-images\u00a0\u00bb css=\u00a0\u00bb.vc_custom_1534238223477{background-image: url(https:\/\/www.solarwall.com\/wp-content\/uploads\/2018\/08\/creator-image.jpg?id=704) !important;background-position: center !important;background-repeat: no-repeat !important;background-size: cover !important;}\u00a0\u00bb][\/vc_column][\/vc_row][vc_row full_width=\u00a0\u00bbstretch_row_content_no_spaces\u00a0\u00bb css=\u00a0\u00bb.vc_custom_1534389319369{background-color: #f3f3f3 !important;}\u00a0\u00bb el_class=\u00a0\u00bbleft-image-col\u00a0\u00bb][vc_column width=\u00a0\u00bb1\/2&Prime; el_class=\u00a0\u00bbsolar-bene-content-left\u00a0\u00bb][vc_custom_heading text=\u00a0\u00bbTechnologie unique de<br \/>\nchauffage solaire \u00e0 air \u00a0\u00bb font_container=\u00a0\u00bbtag:h3|font_size:35px|text_align:left|color:%23000000&Prime; use_theme_fonts=\u00a0\u00bbyes\u00a0\u00bb][vc_column_text el_class=\u00a0\u00bbf-size20&Prime;]Les technologies innovantes de Conserval, en particulier nos syst\u00e8mes SolarWall\u00ae reconnus internationalement, restent sans pr\u00e9c\u00e9dent en termes de simplicit\u00e9, de fiabilit\u00e9, de rendement et de retour sur investissement.[\/vc_column_text][\/vc_column][vc_column width=\u00a0\u00bb1\/2&Prime; el_class=\u00a0\u00bbsolar-bg-images\u00a0\u00bb css=\u00a0\u00bb.vc_custom_1588837407068{background-image: url(https:\/\/www.solarwall.com\/wp-content\/uploads\/2020\/05\/Evolv1-building-cropped-2.jpg?id=1666) !important;background-position: center !important;background-repeat: no-repeat !important;background-size: cover !important;}\u00a0\u00bb][\/vc_column][\/vc_row][vc_row full_width=\u00a0\u00bbstretch_row_content_no_spaces\u00a0\u00bb css=\u00a0\u00bb.vc_custom_1534389322984{background-color: #f3f3f3 !important;}\u00a0\u00bb][vc_column width=\u00a0\u00bb1\/2&Prime; el_class=\u00a0\u00bbsolar-bene-content-left\u00a0\u00bb][vc_custom_heading text=\u00a0\u00bbPlus de 30<br \/>\nans d&rsquo;exp\u00e9rience in\u00e9gal\u00e9e\u00a0\u00bb font_container=\u00a0\u00bbtag:h3|font_size:35px|text_align:left|color:%23000000&Prime; use_theme_fonts=\u00a0\u00bbyes\u00a0\u00bb][vc_column_text el_class=\u00a0\u00bbf-size20&Prime;]Comme le leader du march\u00e9 du chauffage solaire \u00e0 air, Conserval fabrique et con\u00e7oit des syst\u00e8mes SolarWall pour des applications dans chaque secteurde l&rsquo;espace commercial et industriel,avec plus d\u2019un million et demi de m\u00e8tres carr\u00e9s de panneaux install\u00e9s dans le monde.[\/vc_column_text][\/vc_column][vc_column width=\u00a0\u00bb1\/2&Prime; el_class=\u00a0\u00bbsolar-bg-images\u00a0\u00bb css=\u00a0\u00bb.vc_custom_1534240766664{background-image: url(https:\/\/www.solarwall.com\/wp-content\/uploads\/2018\/08\/exp-solar.jpg?id=710) !important;background-position: center !important;background-repeat: no-repeat !important;background-size: cover !important;}\u00a0\u00bb][\/vc_column][\/vc_row][vc_row el_class=\u00a0\u00bbrow-spacing map-wrap\u00a0\u00bb css=\u00a0\u00bb.vc_custom_1534241381356{background-image: url(https:\/\/www.solarwall.com\/wp-content\/uploads\/2018\/08\/map-transparent.png?id=712) !important;background-position: 0 0 !important;background-repeat: no-repeat !important;}\u00a0\u00bb][vc_column width=\u00a0\u00bb1\/2&Prime;][vc_custom_heading text=\u00a0\u00bbProjets dans<br \/>\n40 pays\u00a0\u00bb font_container=\u00a0\u00bbtag:h3|font_size:35px|text_align:left|color:%23000000&Prime; use_theme_fonts=\u00a0\u00bbyes\u00a0\u00bb][vc_column_text el_class=\u00a0\u00bbf-size20&Prime;]Depuis les d\u00e9buts du chauffage solaire \u00e0 air dans les ann\u00e9es 1980, Conserval a fourni des solutions personnalis\u00e9es\u00e0 ses clients r\u00e9partis sur 7 continents,avec des projets allant de l&rsquo;Alaska au p\u00f4le Sud.[\/vc_column_text][\/vc_column][vc_column width=\u00a0\u00bb1\/2&Prime;][vc_column_text el_class=\u00a0\u00bbtext-right\u00a0\u00bb]<\/p>\n<div class=\"count-list\"><strong>40+<\/strong><br \/>\nCountries<\/div>\n<p>[\/vc_column_text][\/vc_column][\/vc_row][vc_row full_width=\u00a0\u00bbstretch_row\u00a0\u00bb el_class=\u00a0\u00bbrow-spacing heating-build\u00a0\u00bb css=\u00a0\u00bb.vc_custom_1534242237134{background-image: url(https:\/\/www.solarwall.com\/wp-content\/uploads\/2018\/08\/heating-build-bg.png?id=715) !important;background-position: center !important;background-repeat: no-repeat !important;background-size: cover !important;}\u00a0\u00bb][vc_column][vc_custom_heading text=\u00a0\u00bbChauffage solaire dans<br \/>\ndes milliers de b\u00e2timents existants\u00a0\u00bb font_container=\u00a0\u00bbtag:h3|font_size:35px|text_align:center|color:%23ffffff\u00a0\u00bb use_theme_fonts=\u00a0\u00bbyes\u00a0\u00bb css=\u00a0\u00bb.vc_custom_1550310030964{padding-bottom: 15px !important;}\u00a0\u00bb][vc_column_text el_class=\u00a0\u00bbf-size20 text-center\u00a0\u00bb]Des milliers d&rsquo;installations existantes ont utilis\u00e9 les syst\u00e8mes de chauffage SolarWall pour atteindre leurs objectifs sp\u00e9cifiques de r\u00e9duction de la consommation d&rsquo;\u00e9nergie.Ils ont \u00e9t\u00e9 utilis\u00e9s dans des b\u00e2timents industriels, des installations de fabrication, des b\u00e2timents militaires, des hangars, des entrep\u00f4ts, des installations de maintenance de v\u00e9hicules, des appartements multi-r\u00e9sidentiels et des immeubles de grande hauteur, des \u00e9coles, des b\u00e2timents commerciaux, des a\u00e9roports, des fermes avicoles, des b\u00e2timents gouvernementaux et des usines de traitement de l&rsquo;eau et des eaux us\u00e9es, ainsi que dans les applications industrielles avec des proc\u00e9d\u00e9s thermiques.[\/vc_column_text][\/vc_column][\/vc_row][vc_row full_width=\u00a0\u00bbstretch_row_content_no_spaces\u00a0\u00bb css=\u00a0\u00bb.vc_custom_1534389329669{background-color: #f3f3f3 !important;}\u00a0\u00bb el_class=\u00a0\u00bbleft-image-col\u00a0\u00bb][vc_column width=\u00a0\u00bb1\/2&Prime; el_class=\u00a0\u00bbsolar-bene-content-left\u00a0\u00bb][vc_custom_heading text=\u00a0\u00bb\u00c9limine une source importante d&rsquo;\u00e9missions de GES\u00a0\u00bb font_container=\u00a0\u00bbtag:h3|font_size:35px|text_align:left|color:%23000000&Prime; use_theme_fonts=\u00a0\u00bbyes\u00a0\u00bb][vc_column_text el_class=\u00a0\u00bbf-size20&Prime;]Le chauffage des espaces int\u00e9rieurs et de la ventilation, ainsi que la chaleur de traitement, sont g\u00e9n\u00e9ralement les besoins les plus importants en \u00e9nergie fossile dans l&rsquo;industrie du b\u00e2timent, ce qui en fait \u00e9galement une source importante d&rsquo;\u00e9missions de GES.Les syst\u00e8mes SolarWall\u00ae r\u00e9duisent entre 20 et 50% de la consommation de combustible de chauffage et des \u00e9missions de GES correspondantes.[\/vc_column_text][\/vc_column][vc_column width=\u00a0\u00bb1\/2&Prime; el_class=\u00a0\u00bbsolar-bg-images\u00a0\u00bb css=\u00a0\u00bb.vc_custom_1588837445468{background-image: url(https:\/\/www.solarwall.com\/wp-content\/uploads\/2020\/05\/MS-SolarWall-sections-with-color-detailing.jpg?id=1667) !important;background-position: center !important;background-repeat: no-repeat !important;background-size: cover !important;}\u00a0\u00bb][\/vc_column][\/vc_row][vc_row full_width=\u00a0\u00bbstretch_row_content_no_spaces\u00a0\u00bb css=\u00a0\u00bb.vc_custom_1534389334281{background-color: #f3f3f3 !important;}\u00a0\u00bb][vc_column width=\u00a0\u00bb1\/2&Prime; el_class=\u00a0\u00bbsolar-bene-content-left\u00a0\u00bb][vc_custom_heading text=\u00a0\u00bbL&rsquo;une des principales innovations \u00e9nerg\u00e9tiques\u00a0\u00bb font_container=\u00a0\u00bbtag:h3|font_size:35px|text_align:left|color:%23000000&Prime; use_theme_fonts=\u00a0\u00bbyes\u00a0\u00bb][vc_column_text el_class=\u00a0\u00bbf-size20&Prime;]En 2014, la Soci\u00e9t\u00e9 Am\u00e9ricaine des Ing\u00e9nieurs en M\u00e9canique (ASME) a class\u00e9 le syst\u00e8me SolarWall\u00ae parmi les 9 meilleures innovations \u00e9nerg\u00e9tiques des 200 derni\u00e8res ann\u00e9es, aux c\u00f4t\u00e9s du moteur \u00e0 r\u00e9action, du g\u00e9n\u00e9rateur \u00e9lectrique et de l&rsquo;ampoule. La technologie SolarWall\u00ae a r\u00e9guli\u00e8rement re\u00e7u de nombreux prix de l&rsquo;industrie au cours des deux derni\u00e8res d\u00e9cennies, comprenant Popular Science et R&amp;D Magazine.[\/vc_column_text][\/vc_column][vc_column width=\u00a0\u00bb1\/2&Prime; el_class=\u00a0\u00bbsolar-bg-images\u00a0\u00bb css=\u00a0\u00bb.vc_custom_1534242521645{background-image: url(https:\/\/www.solarwall.com\/wp-content\/uploads\/2018\/08\/energy-innov.png?id=719) !important;background-position: center !important;background-repeat: no-repeat !important;background-size: cover !important;}\u00a0\u00bb][\/vc_column][\/vc_row][vc_row full_width=\u00a0\u00bbstretch_row_content_no_spaces\u00a0\u00bb css=\u00a0\u00bb.vc_custom_1534389337849{background-color: #f3f3f3 !important;}\u00a0\u00bb el_class=\u00a0\u00bbleft-image-col\u00a0\u00bb][vc_column width=\u00a0\u00bb1\/2&Prime; el_class=\u00a0\u00bbsolar-bene-content-left\u00a0\u00bb][vc_custom_heading text=\u00a0\u00bbPolyvalence architecturale et int\u00e9gration au b\u00e2timent\u00a0\u00bb font_container=\u00a0\u00bbtag:h3|font_size:35px|text_align:left|color:%23000000&Prime; use_theme_fonts=\u00a0\u00bbyes\u00a0\u00bb][vc_column_text el_class=\u00a0\u00bbf-size20&Prime;]La technologie SolarWall\u00ae n&rsquo;est pas un syst\u00e8me \u00abpr\u00eat \u00e0 l&#8217;emploi\u00bb. Il s\u2019agit d\u2019un syst\u00e8me de rev\u00eatement \u00e0 base d\u2019\u00e9nergie renouvelable qui peut \u00eatre int\u00e9gr\u00e9 dans l\u2019assemblage du mur ext\u00e9rieur d\u2019un nouveau b\u00e2timent ou utilis\u00e9 comme r\u00e9novation.De toute mani\u00e8re, le syst\u00e8me est con\u00e7u sur mesure pour r\u00e9pondre aux besoins de chaque projet en mati\u00e8re de chauffage, de ventilation, d\u2019esth\u00e9tique et d\u2019\u00e9conomie d\u2019\u00e9nergie.Les syst\u00e8mes SolarWall ont \u00e9t\u00e9 utilis\u00e9s dans des projets architecturaux \u00e0 travers le monde avec une exp\u00e9rience constante de r\u00e9sultats positifs et de conceptions accrocheuses.[\/vc_column_text][\/vc_column][vc_column width=\u00a0\u00bb1\/2&Prime; el_class=\u00a0\u00bbsolar-bg-images\u00a0\u00bb css=\u00a0\u00bb.vc_custom_1534242587509{background-image: url(https:\/\/www.solarwall.com\/wp-content\/uploads\/2018\/08\/build-integrate.png?id=720) !important;background-position: center !important;background-repeat: no-repeat !important;background-size: cover !important;}\u00a0\u00bb][\/vc_column][\/vc_row][vc_row full_width=\u00a0\u00bbstretch_row\u00a0\u00bb el_class=\u00a0\u00bbrow-spacing\u00a0\u00bb css=\u00a0\u00bb.vc_custom_1531904945590{background-color: #ebebeb !important;}\u00a0\u00bb][vc_column][vc_widget_sidebar sidebar_id=\u00a0\u00bbfooter_sidebar_text\u00a0\u00bb el_class=\u00a0\u00bbtext-center f-size18&Prime;][\/vc_column][\/vc_row][vc_row el_class=\u00a0\u00bbmembers-area-footer\u00a0\u00bb][vc_column width=\u00a0\u00bb1\/2&Prime;][vc_custom_heading text=\u00a0\u00bbAdh\u00e9sions\u00a0\u00bb font_container=\u00a0\u00bbtag:h4|text_align:center|color:%23000000&Prime; use_theme_fonts=\u00a0\u00bbyes\u00a0\u00bb][vc_gallery type=\u00a0\u00bbimage_grid\u00a0\u00bb images=\u00a0\u00bb135,139,140&Prime; img_size=\u00a0\u00bbfull\u00a0\u00bb onclick=\u00a0\u00bb\u00a0\u00bb][\/vc_column][vc_column width=\u00a0\u00bb1\/2&Prime;][vc_custom_heading text=\u00a0\u00bbCertifications\u00a0\u00bb font_container=\u00a0\u00bbtag:h4|text_align:center|color:%23000000&Prime; use_theme_fonts=\u00a0\u00bbyes\u00a0\u00bb][vc_gallery type=\u00a0\u00bbimage_grid\u00a0\u00bb images=\u00a0\u00bb137,136,138,141&Prime; img_size=\u00a0\u00bbfull\u00a0\u00bb onclick=\u00a0\u00bb\u00a0\u00bb][\/vc_column][\/vc_row][vc_row][vc_column][vc_column_text]<\/p>\n<p>[\/vc_column_text][\/vc_column][\/vc_row]<\/p>","protected":false},"excerpt":{"rendered":"<p>[vc_row full_width=\u00a0\u00bbstretch_row_content_no_spaces\u00a0\u00bb el_class=\u00a0\u00bbyellow-thick-line\u00a0\u00bb][vc_column][rev_slider_vc alias=\u00a0\u00bbwhy-solarwall\u00a0\u00bb][\/vc_column][\/vc_row][vc_row css=\u00a0\u00bb.vc_custom_1534237990094{padding-top: 40px !important;padding-bottom: 40px !important;}\u00a0\u00bb][vc_column][vc_column_text el_class=\u00a0\u00bbtext-center\u00a0\u00bb] Avantages du chauffage \u00e0 air propre SolarWall [\/vc_column_text][\/vc_column][\/vc_row][vc_row full_width=\u00a0\u00bbstretch_row_content_no_spaces\u00a0\u00bb css=\u00a0\u00bb.vc_custom_1534389315048{background-color: #f3f3f3 !important;}\u00a0\u00bb][vc_column width=\u00a0\u00bb1\/2&Prime; el_class=\u00a0\u00bbsolar-bene-content-left\u00a0\u00bb][vc_custom_heading text=\u00a0\u00bbCr\u00e9ateur du secteur du chauffage solaire \u00e0 air\u00a0\u00bb font_container=\u00a0\u00bbtag:h3|font_size:35px|text_align:left|color:%23000000&Prime; use_theme_fonts=\u00a0\u00bbyes\u00a0\u00bb][vc_column_text el_class=\u00a0\u00bbf-size20&Prime;]L\u2019invention et la commercialisation de la technologie SolarWall\u00ae par Conserval Engineering \u00e9tablile domaine mondial du chauffage solaire de l\u2019air pour les &hellip; <\/p>\n<p class=\"link-more\"><a href=\"https:\/\/www.solarwall.com\/fr\/why-solarwall\/\" class=\"more-link\">Continue reading<span class=\"screen-reader-text\"> \u00ab\u00a0Why Solarwall\u00a0\u00bb<\/span><\/a><\/p>\n","protected":false},"author":1,"featured_media":0,"parent":0,"menu_order":0,"comment_status":"closed","ping_status":"closed","template":"full-wdith.php","meta":{"footnotes":""},"class_list":["post-41","page","type-page","status-publish","hentry"],"yoast_head":"<!-- This site is optimized with the Yoast SEO plugin v24.8.1 - https:\/\/yoast.com\/wordpress\/plugins\/seo\/ -->\n<title>Pourquoi SolarWall - SolarWall<\/title>\n<meta name=\"description\" content=\"SolarWall par Conserval Engineering est vraiment b\u00e9n\u00e9fique car il \u00e9limine une grande source d&#039;\u00e9missions de GES. C&#039;est l&#039;une des meilleures innovations \u00e9nerg\u00e9tiques.\" \/>\n<meta name=\"robots\" content=\"index, follow, max-snippet:-1, max-image-preview:large, max-video-preview:-1\" \/>\n<link rel=\"canonical\" href=\"https:\/\/www.solarwall.com\/fr\/why-solarwall\/\" \/>\n<meta property=\"og:locale\" content=\"fr_FR\" \/>\n<meta property=\"og:type\" content=\"article\" \/>\n<meta property=\"og:title\" content=\"[:en]Why SolarWall - SolarWall[:es]Por qu\u00e9 SolarWall - SolarWall[:fr]Pourquoi SolarWall - SolarWall[:]\" \/>\n<meta property=\"og:description\" content=\"{:en}SolarWall by Conserval Engineering is really beneficial as it eliminates a large source of GHG emissions. It is one of the top energy innovations.{:es}SolarWall de Conserval Engineering es realmente beneficioso ya que elimina una gran fuente de emisiones de GEI. Es una de las principales innovaciones energ\u00e9ticas.{:fr}SolarWall par Conserval Engineering est vraiment b\u00e9n\u00e9fique car il \u00e9limine une grande source d&#039;\u00e9missions de GES. C&#039;est l&#039;une des meilleures innovations \u00e9nerg\u00e9tiques.{:}\" \/>\n<meta property=\"og:url\" content=\"https:\/\/www.solarwall.com\/why-solarwall\/\" \/>\n<meta property=\"og:site_name\" content=\"SolarWall\" \/>\n<meta property=\"article:modified_time\" content=\"2025-04-05T15:51:57+00:00\" \/>\n<meta name=\"twitter:card\" content=\"summary_large_image\" \/>\n<meta name=\"twitter:label1\" content=\"Dur\u00e9e de lecture estim\u00e9e\" \/>\n\t<meta name=\"twitter:data1\" content=\"20 minutes\" \/>\n<script type=\"application\/ld+json\" class=\"yoast-schema-graph\">{\"@context\":\"https:\/\/schema.org\",\"@graph\":[{\"@type\":\"WebPage\",\"@id\":\"https:\/\/www.solarwall.com\/why-solarwall\/\",\"url\":\"https:\/\/www.solarwall.com\/why-solarwall\/\",\"name\":\"[:en]Why SolarWall - SolarWall[:es]Por qu\u00e9 SolarWall - SolarWall[:fr]Pourquoi SolarWall - SolarWall[:]\",\"isPartOf\":{\"@id\":\"https:\/\/www.solarwall.com\/#website\"},\"datePublished\":\"2018-07-16T09:34:44+00:00\",\"dateModified\":\"2025-04-05T15:51:57+00:00\",\"description\":\"{:en}SolarWall by Conserval Engineering is really beneficial as it eliminates a large source of GHG emissions. It is one of the top energy innovations.{:es}SolarWall de Conserval Engineering es realmente beneficioso ya que elimina una gran fuente de emisiones de GEI. Es una de las principales innovaciones energ\u00e9ticas.{:fr}SolarWall par Conserval Engineering est vraiment b\u00e9n\u00e9fique car il \u00e9limine une grande source d'\u00e9missions de GES. C'est l'une des meilleures innovations \u00e9nerg\u00e9tiques.{:}\",\"breadcrumb\":{\"@id\":\"https:\/\/www.solarwall.com\/why-solarwall\/#breadcrumb\"},\"inLanguage\":\"fr-FR\",\"potentialAction\":[{\"@type\":\"ReadAction\",\"target\":[\"https:\/\/www.solarwall.com\/why-solarwall\/\"]}]},{\"@type\":\"BreadcrumbList\",\"@id\":\"https:\/\/www.solarwall.com\/why-solarwall\/#breadcrumb\",\"itemListElement\":[{\"@type\":\"ListItem\",\"position\":1,\"name\":\"Home\",\"item\":\"https:\/\/www.solarwall.com\/\"},{\"@type\":\"ListItem\",\"position\":2,\"name\":\"Why Solarwall\"}]},{\"@type\":\"WebSite\",\"@id\":\"https:\/\/www.solarwall.com\/#website\",\"url\":\"https:\/\/www.solarwall.com\/\",\"name\":\"SolarWall\",\"description\":\"\",\"publisher\":{\"@id\":\"https:\/\/www.solarwall.com\/#organization\"},\"potentialAction\":[{\"@type\":\"SearchAction\",\"target\":{\"@type\":\"EntryPoint\",\"urlTemplate\":\"https:\/\/www.solarwall.com\/?s={search_term_string}\"},\"query-input\":{\"@type\":\"PropertyValueSpecification\",\"valueRequired\":true,\"valueName\":\"search_term_string\"}}],\"inLanguage\":\"fr-FR\"},{\"@type\":\"Organization\",\"@id\":\"https:\/\/www.solarwall.com\/#organization\",\"name\":\"SolarWall\",\"url\":\"https:\/\/www.solarwall.com\/\",\"logo\":{\"@type\":\"ImageObject\",\"inLanguage\":\"fr-FR\",\"@id\":\"https:\/\/www.solarwall.com\/#\/schema\/logo\/image\/\",\"url\":\"https:\/\/www.solarwall.com\/wp-content\/uploads\/2018\/07\/logo.png\",\"contentUrl\":\"https:\/\/www.solarwall.com\/wp-content\/uploads\/2018\/07\/logo.png\",\"width\":215,\"height\":105,\"caption\":\"SolarWall\"},\"image\":{\"@id\":\"https:\/\/www.solarwall.com\/#\/schema\/logo\/image\/\"}}]}<\/script>\n<!-- \/ Yoast SEO plugin. -->","yoast_head_json":{"title":"Pourquoi SolarWall - SolarWall","description":"SolarWall par Conserval Engineering est vraiment b\u00e9n\u00e9fique car il \u00e9limine une grande source d'\u00e9missions de GES. C'est l'une des meilleures innovations \u00e9nerg\u00e9tiques.","robots":{"index":"index","follow":"follow","max-snippet":"max-snippet:-1","max-image-preview":"max-image-preview:large","max-video-preview":"max-video-preview:-1"},"canonical":"https:\/\/www.solarwall.com\/fr\/why-solarwall\/","og_locale":"fr_FR","og_type":"article","og_title":"[:en]Why SolarWall - SolarWall[:es]Por qu\u00e9 SolarWall - SolarWall[:fr]Pourquoi SolarWall - SolarWall[:]","og_description":"{:en}SolarWall by Conserval Engineering is really beneficial as it eliminates a large source of GHG emissions. It is one of the top energy innovations.{:es}SolarWall de Conserval Engineering es realmente beneficioso ya que elimina una gran fuente de emisiones de GEI. Es una de las principales innovaciones energ\u00e9ticas.{:fr}SolarWall par Conserval Engineering est vraiment b\u00e9n\u00e9fique car il \u00e9limine une grande source d'\u00e9missions de GES. C'est l'une des meilleures innovations \u00e9nerg\u00e9tiques.{:}","og_url":"https:\/\/www.solarwall.com\/why-solarwall\/","og_site_name":"SolarWall","article_modified_time":"2025-04-05T15:51:57+00:00","twitter_card":"summary_large_image","twitter_misc":{"Dur\u00e9e de lecture estim\u00e9e":"20 minutes"},"schema":{"@context":"https:\/\/schema.org","@graph":[{"@type":"WebPage","@id":"https:\/\/www.solarwall.com\/why-solarwall\/","url":"https:\/\/www.solarwall.com\/why-solarwall\/","name":"[:en]Why SolarWall - SolarWall[:es]Por qu\u00e9 SolarWall - SolarWall[:fr]Pourquoi SolarWall - SolarWall[:]","isPartOf":{"@id":"https:\/\/www.solarwall.com\/#website"},"datePublished":"2018-07-16T09:34:44+00:00","dateModified":"2025-04-05T15:51:57+00:00","description":"{:en}SolarWall by Conserval Engineering is really beneficial as it eliminates a large source of GHG emissions. It is one of the top energy innovations.{:es}SolarWall de Conserval Engineering es realmente beneficioso ya que elimina una gran fuente de emisiones de GEI. Es una de las principales innovaciones energ\u00e9ticas.{:fr}SolarWall par Conserval Engineering est vraiment b\u00e9n\u00e9fique car il \u00e9limine une grande source d'\u00e9missions de GES. C'est l'une des meilleures innovations \u00e9nerg\u00e9tiques.{:}","breadcrumb":{"@id":"https:\/\/www.solarwall.com\/why-solarwall\/#breadcrumb"},"inLanguage":"fr-FR","potentialAction":[{"@type":"ReadAction","target":["https:\/\/www.solarwall.com\/why-solarwall\/"]}]},{"@type":"BreadcrumbList","@id":"https:\/\/www.solarwall.com\/why-solarwall\/#breadcrumb","itemListElement":[{"@type":"ListItem","position":1,"name":"Home","item":"https:\/\/www.solarwall.com\/"},{"@type":"ListItem","position":2,"name":"Why Solarwall"}]},{"@type":"WebSite","@id":"https:\/\/www.solarwall.com\/#website","url":"https:\/\/www.solarwall.com\/","name":"SolarWall","description":"","publisher":{"@id":"https:\/\/www.solarwall.com\/#organization"},"potentialAction":[{"@type":"SearchAction","target":{"@type":"EntryPoint","urlTemplate":"https:\/\/www.solarwall.com\/?s={search_term_string}"},"query-input":{"@type":"PropertyValueSpecification","valueRequired":true,"valueName":"search_term_string"}}],"inLanguage":"fr-FR"},{"@type":"Organization","@id":"https:\/\/www.solarwall.com\/#organization","name":"SolarWall","url":"https:\/\/www.solarwall.com\/","logo":{"@type":"ImageObject","inLanguage":"fr-FR","@id":"https:\/\/www.solarwall.com\/#\/schema\/logo\/image\/","url":"https:\/\/www.solarwall.com\/wp-content\/uploads\/2018\/07\/logo.png","contentUrl":"https:\/\/www.solarwall.com\/wp-content\/uploads\/2018\/07\/logo.png","width":215,"height":105,"caption":"SolarWall"},"image":{"@id":"https:\/\/www.solarwall.com\/#\/schema\/logo\/image\/"}}]}},"_links":{"self":[{"href":"https:\/\/www.solarwall.com\/fr\/wp-json\/wp\/v2\/pages\/41","targetHints":{"allow":["GET"]}}],"collection":[{"href":"https:\/\/www.solarwall.com\/fr\/wp-json\/wp\/v2\/pages"}],"about":[{"href":"https:\/\/www.solarwall.com\/fr\/wp-json\/wp\/v2\/types\/page"}],"author":[{"embeddable":true,"href":"https:\/\/www.solarwall.com\/fr\/wp-json\/wp\/v2\/users\/1"}],"replies":[{"embeddable":true,"href":"https:\/\/www.solarwall.com\/fr\/wp-json\/wp\/v2\/comments?post=41"}],"version-history":[{"count":15,"href":"https:\/\/www.solarwall.com\/fr\/wp-json\/wp\/v2\/pages\/41\/revisions"}],"predecessor-version":[{"id":1983,"href":"https:\/\/www.solarwall.com\/fr\/wp-json\/wp\/v2\/pages\/41\/revisions\/1983"}],"wp:attachment":[{"href":"https:\/\/www.solarwall.com\/fr\/wp-json\/wp\/v2\/media?parent=41"}],"curies":[{"name":"wp","href":"https:\/\/api.w.org\/{rel}","templated":true}]}}