{"id":81,"date":"2018-07-17T07:05:16","date_gmt":"2018-07-17T07:05:16","guid":{"rendered":"http:\/\/www.solarwall.com\/?page_id=81"},"modified":"2025-09-09T21:27:29","modified_gmt":"2025-09-10T01:27:29","slug":"solar-wall-single-stage","status":"publish","type":"page","link":"https:\/\/www.solarwall.com\/fr\/technology\/solar-wall-single-stage\/","title":{"rendered":"SolarWall\u00ae Single-Stage"},"content":{"rendered":"<p>[vc_row full_width=\u00a0\u00bbstretch_row_content_no_spaces\u00a0\u00bb][vc_column][rev_slider_vc alias=\u00a0\u00bbsolar-wall-single-stage\u00a0\u00bb][\/vc_column][\/vc_row][vc_row el_class=\u00a0\u00bbrow-spacing text-center\u00a0\u00bb][vc_column][vc_column_text el_class=\u00a0\u00bbf-size20&Prime;]Le syst\u00e8me original \u00e0 une \u00e9tape SolarWall est l\u2019un des favoris des gestionnaires d\u2019installations et des professionnels de la conception.<\/p>\n<p>La technologie SolarWall utilise l\u2019\u00e9nergie solaire pour chauffer l\u2019air de ventilation de votre b\u00e2timent, minimisant ainsi la consommation d\u2019\u00e9nergie, les co\u00fbts de chauffage et les \u00e9missions de gaz \u00e0 effet de serre tout au long de la saison de chauffage.<\/p>\n<p>Disponible dans une vari\u00e9t\u00e9 de profils de panneaux et de couleurs, le syst\u00e8me offre une polyvalence architecturale qui le distingue des autres technologies d\u2019\u00e9nergie renouvelable.[\/vc_column_text][\/vc_column][\/vc_row][vc_row full_width=\u00a0\u00bbstretch_row\u00a0\u00bb el_class=\u00a0\u00bbrow-spacing\u00a0\u00bb css=\u00a0\u00bb.vc_custom_1533532058911{background-color: #e7e7e7 !important;}\u00a0\u00bb][vc_column][vc_column_text el_class=\u00a0\u00bbtext-center f-size18&Prime;]<\/p>\n<h3>Comment \u00e7a marche<\/h3>\n<p>Les b\u00e2timents dot\u00e9s de syst\u00e8mes de chauffage et de ventilation centralis\u00e9s aspirent de l&rsquo;air frais \u00e0 travers des unit\u00e9sde chauffage, de ventilation et de climatisation (CVC).<\/p>\n<p>En hiver, ces appareils consomment grandes quantit\u00e9s d&rsquo;\u00e9nergie pour chauffer l\u2019air ext\u00e9rieur et l\u2019introduire \u00e0 une temp\u00e9rature confortable. Avec un syst\u00e8me SolarWall, l\u2019air frais entrant est chauff\u00e9 par l&rsquo;\u00e9nergie solaire avant d&rsquo;atteindre l&rsquo;unit\u00e9 CVC, ce qui minimise la consommation de combustible du b\u00e2timent pendant la saison de chauffage.<\/p>\n<p>Lorsque le rayonnement solaire atteint la surface de la fa\u00e7ade du SolarWall, l&rsquo;air frais chauff\u00e9 par le soleil s&rsquo;accumule \u00e0 la surface du capteur. Les unit\u00e9s CVC existantes aspirent cet air chauff\u00e9 par l&rsquo;\u00e9nergie solaire \u00e0 travers des milliers de minuscules perforations dans les panneaux SolarWall.<\/p>\n<p>Cet air chauff\u00e9 par l\u2019\u00e9nergie solaire s\u2019accumule dans la chambre d\u2019air situ\u00e9e derri\u00e8re les panneaux SolarWall et se dirige vers la prise d\u2019air frais de l\u2019unit\u00e9 CVCexistante par un conduit m\u00e9canique.En \u00e9t\u00e9, lorsque l&rsquo;air chaud solaire n&rsquo;a pas besoin d&rsquo;\u00eatre chauff\u00e9, le syst\u00e8me SolarWall est contourn\u00e9 et le syst\u00e8me CVCpuisera directement dans l&rsquo;air ambiant.<\/p>\n<p>Les syst\u00e8mes \u00e0 une \u00e9tape SolarWall peuvent chauffer l&rsquo;air frais entrant jusqu&rsquo;\u00e0 24\u00baC au-dessus de la temp\u00e9rature ambiante. Dans cette configuration, il faut beaucoup moins de combustible pour chauffer le b\u00e2timent. En fait, des \u00e9tudes de surveillance ind\u00e9pendantes ont montr\u00e9 que des syst\u00e8mes SolarWall bien con\u00e7us peuvent r\u00e9duire de 20 \u00e0 50% la charge calorifique du b\u00e2timent.<\/p>\n<p>La technologie SolarWall est connue sous diff\u00e9rents noms sur le march\u00e9,allant de collecteur \u00e0 transpiration non \u00e9maill\u00e9 (UTC) ou collecteur solaire \u00e0 transpiration (TSC), au mur chauff\u00e9 \u00e0 l&rsquo;\u00e9nergie solaire ou au mur perfor\u00e9 solaire. Quelle que soit la nomenclature, appelez-nous et nous concevrons le meilleur type de syst\u00e8me SolarWall pour votre installation.[\/vc_column_text][vc_single_image image=\u00a0\u00bb570&Prime; img_size=\u00a0\u00bbfull\u00a0\u00bb alignment=\u00a0\u00bbcenter\u00a0\u00bb css=\u00a0\u00bb.vc_custom_1533532232247{padding-top: 40px !important;}\u00a0\u00bb][\/vc_column][\/vc_row][vc_row el_class=\u00a0\u00bbrow-spacing\u00a0\u00bb][vc_column][vc_column_text el_class=\u00a0\u00bbtext-center\u00a0\u00bb]<\/p>\n<h3>Choix de couleurs puissant<\/h3>\n<p>[\/vc_column_text][vc_widget_sidebar sidebar_id=\u00a0\u00bbcolor-pallete-sidebar\u00a0\u00bb][\/vc_column][\/vc_row][vc_row full_width=\u00a0\u00bbstretch_row\u00a0\u00bb el_class=\u00a0\u00bbrow-spacing\u00a0\u00bb css=\u00a0\u00bb.vc_custom_1531904945590{background-color: #ebebeb !important;}\u00a0\u00bb][vc_column][vc_widget_sidebar sidebar_id=\u00a0\u00bbfooter_sidebar_text\u00a0\u00bb el_class=\u00a0\u00bbtext-center f-size18&Prime;][\/vc_column][\/vc_row][vc_row el_class=\u00a0\u00bbmembers-area-footer\u00a0\u00bb][vc_column width=\u00a0\u00bb1\/2&Prime;][vc_custom_heading text=\u00a0\u00bbAdh\u00e9sions\u00a0\u00bb font_container=\u00a0\u00bbtag:h4|text_align:center|color:%23000000&Prime; use_theme_fonts=\u00a0\u00bbyes\u00a0\u00bb][vc_gallery type=\u00a0\u00bbimage_grid\u00a0\u00bb images=\u00a0\u00bb135,139,140&Prime; img_size=\u00a0\u00bbfull\u00a0\u00bb onclick=\u00a0\u00bb\u00a0\u00bb][\/vc_column][vc_column width=\u00a0\u00bb1\/2&Prime;][vc_custom_heading text=\u00a0\u00bbCertifications\u00a0\u00bb font_container=\u00a0\u00bbtag:h4|text_align:center|color:%23000000&Prime; use_theme_fonts=\u00a0\u00bbyes\u00a0\u00bb][vc_gallery type=\u00a0\u00bbimage_grid\u00a0\u00bb images=\u00a0\u00bb137,136,138,141&Prime; img_size=\u00a0\u00bbfull\u00a0\u00bb onclick=\u00a0\u00bb\u00a0\u00bb][\/vc_column][\/vc_row]<\/p>","protected":false},"excerpt":{"rendered":"<p>[vc_row full_width=\u00a0\u00bbstretch_row_content_no_spaces\u00a0\u00bb][vc_column][rev_slider_vc alias=\u00a0\u00bbsolar-wall-single-stage\u00a0\u00bb][\/vc_column][\/vc_row][vc_row el_class=\u00a0\u00bbrow-spacing text-center\u00a0\u00bb][vc_column][vc_column_text el_class=\u00a0\u00bbf-size20&Prime;]Le syst\u00e8me original \u00e0 une \u00e9tape SolarWall est l\u2019un des favoris des gestionnaires d\u2019installations et des professionnels de la conception. La technologie SolarWall utilise l\u2019\u00e9nergie solaire pour chauffer l\u2019air de ventilation de votre b\u00e2timent, minimisant ainsi la consommation d\u2019\u00e9nergie, les co\u00fbts de chauffage et les \u00e9missions de gaz \u00e0 effet &hellip; <\/p>\n<p class=\"link-more\"><a href=\"https:\/\/www.solarwall.com\/fr\/technology\/solar-wall-single-stage\/\" class=\"more-link\">Continue reading<span class=\"screen-reader-text\"> \u00ab\u00a0SolarWall\u00ae Single-Stage\u00a0\u00bb<\/span><\/a><\/p>\n","protected":false},"author":1,"featured_media":0,"parent":37,"menu_order":0,"comment_status":"closed","ping_status":"closed","template":"full-wdith.php","meta":{"footnotes":""},"class_list":["post-81","page","type-page","status-publish","hentry"],"yoast_head":"<!-- This site is optimized with the Yoast SEO plugin v24.8.1 - https:\/\/yoast.com\/wordpress\/plugins\/seo\/ -->\n<title>SolarWall\u00ae en une seule \u00e9tape - SolarWall<\/title>\n<meta name=\"description\" content=\"Le syst\u00e8me \u00e0 un \u00e9tage SolarWall est le favori des gestionnaires d&#039;installations et des professionnels de la conception. Il est disponible dans une vari\u00e9t\u00e9 de profils et de couleurs de panneaux.\" \/>\n<meta name=\"robots\" content=\"index, follow, max-snippet:-1, max-image-preview:large, max-video-preview:-1\" \/>\n<link rel=\"canonical\" href=\"https:\/\/www.solarwall.com\/fr\/technology\/solar-wall-single-stage\/\" \/>\n<meta property=\"og:locale\" content=\"fr_FR\" \/>\n<meta property=\"og:type\" content=\"article\" \/>\n<meta property=\"og:title\" content=\"[:en]SolarWall\u00ae Single-Stage - SolarWall[:es]SolarWall\u00ae de una etapa - SolarWall[:fr]SolarWall\u00ae en une seule \u00e9tape - SolarWall[:]\" \/>\n<meta property=\"og:description\" content=\"{:en}SolarWall single stage system is favorite of facility managers and design professionals. It is available in a variety of panel profiles and colors.{:es}El sistema SolarWall de una etapa es el favorito de los gerentes de instalaciones y profesionales del dise\u00f1o. Est\u00e1 disponible en una variedad de perfiles y colores de panel.{:fr}Le syst\u00e8me \u00e0 un \u00e9tage SolarWall est le favori des gestionnaires d&#039;installations et des professionnels de la conception. Il est disponible dans une vari\u00e9t\u00e9 de profils et de couleurs de panneaux.{:}\" \/>\n<meta property=\"og:url\" content=\"https:\/\/www.solarwall.com\/technology\/solar-wall-single-stage\/\" \/>\n<meta property=\"og:site_name\" content=\"SolarWall\" \/>\n<meta property=\"article:modified_time\" content=\"2025-09-10T01:27:29+00:00\" \/>\n<meta name=\"twitter:card\" content=\"summary_large_image\" \/>\n<meta name=\"twitter:label1\" content=\"Dur\u00e9e de lecture estim\u00e9e\" \/>\n\t<meta name=\"twitter:data1\" content=\"9 minutes\" \/>\n<script type=\"application\/ld+json\" class=\"yoast-schema-graph\">{\"@context\":\"https:\/\/schema.org\",\"@graph\":[{\"@type\":\"WebPage\",\"@id\":\"https:\/\/www.solarwall.com\/technology\/solar-wall-single-stage\/\",\"url\":\"https:\/\/www.solarwall.com\/technology\/solar-wall-single-stage\/\",\"name\":\"[:en]SolarWall\u00ae Single-Stage - SolarWall[:es]SolarWall\u00ae de una etapa - SolarWall[:fr]SolarWall\u00ae en une seule \u00e9tape - SolarWall[:]\",\"isPartOf\":{\"@id\":\"https:\/\/www.solarwall.com\/#website\"},\"datePublished\":\"2018-07-17T07:05:16+00:00\",\"dateModified\":\"2025-09-10T01:27:29+00:00\",\"description\":\"{:en}SolarWall single stage system is favorite of facility managers and design professionals. It is available in a variety of panel profiles and colors.{:es}El sistema SolarWall de una etapa es el favorito de los gerentes de instalaciones y profesionales del dise\u00f1o. Est\u00e1 disponible en una variedad de perfiles y colores de panel.{:fr}Le syst\u00e8me \u00e0 un \u00e9tage SolarWall est le favori des gestionnaires d'installations et des professionnels de la conception. Il est disponible dans une vari\u00e9t\u00e9 de profils et de couleurs de panneaux.{:}\",\"breadcrumb\":{\"@id\":\"https:\/\/www.solarwall.com\/technology\/solar-wall-single-stage\/#breadcrumb\"},\"inLanguage\":\"fr-FR\",\"potentialAction\":[{\"@type\":\"ReadAction\",\"target\":[\"https:\/\/www.solarwall.com\/technology\/solar-wall-single-stage\/\"]}]},{\"@type\":\"BreadcrumbList\",\"@id\":\"https:\/\/www.solarwall.com\/technology\/solar-wall-single-stage\/#breadcrumb\",\"itemListElement\":[{\"@type\":\"ListItem\",\"position\":1,\"name\":\"Home\",\"item\":\"https:\/\/www.solarwall.com\/\"},{\"@type\":\"ListItem\",\"position\":2,\"name\":\"Technology\",\"item\":\"https:\/\/www.solarwall.com\/technology\/\"},{\"@type\":\"ListItem\",\"position\":3,\"name\":\"SOLARWALL\u00ae Single-Stage\"}]},{\"@type\":\"WebSite\",\"@id\":\"https:\/\/www.solarwall.com\/#website\",\"url\":\"https:\/\/www.solarwall.com\/\",\"name\":\"SolarWall\",\"description\":\"\",\"publisher\":{\"@id\":\"https:\/\/www.solarwall.com\/#organization\"},\"potentialAction\":[{\"@type\":\"SearchAction\",\"target\":{\"@type\":\"EntryPoint\",\"urlTemplate\":\"https:\/\/www.solarwall.com\/?s={search_term_string}\"},\"query-input\":{\"@type\":\"PropertyValueSpecification\",\"valueRequired\":true,\"valueName\":\"search_term_string\"}}],\"inLanguage\":\"fr-FR\"},{\"@type\":\"Organization\",\"@id\":\"https:\/\/www.solarwall.com\/#organization\",\"name\":\"SolarWall\",\"url\":\"https:\/\/www.solarwall.com\/\",\"logo\":{\"@type\":\"ImageObject\",\"inLanguage\":\"fr-FR\",\"@id\":\"https:\/\/www.solarwall.com\/#\/schema\/logo\/image\/\",\"url\":\"https:\/\/www.solarwall.com\/wp-content\/uploads\/2018\/07\/logo.png\",\"contentUrl\":\"https:\/\/www.solarwall.com\/wp-content\/uploads\/2018\/07\/logo.png\",\"width\":215,\"height\":105,\"caption\":\"SolarWall\"},\"image\":{\"@id\":\"https:\/\/www.solarwall.com\/#\/schema\/logo\/image\/\"}}]}<\/script>\n<!-- \/ Yoast SEO plugin. -->","yoast_head_json":{"title":"SolarWall\u00ae en une seule \u00e9tape - SolarWall","description":"Le syst\u00e8me \u00e0 un \u00e9tage SolarWall est le favori des gestionnaires d'installations et des professionnels de la conception. Il est disponible dans une vari\u00e9t\u00e9 de profils et de couleurs de panneaux.","robots":{"index":"index","follow":"follow","max-snippet":"max-snippet:-1","max-image-preview":"max-image-preview:large","max-video-preview":"max-video-preview:-1"},"canonical":"https:\/\/www.solarwall.com\/fr\/technology\/solar-wall-single-stage\/","og_locale":"fr_FR","og_type":"article","og_title":"[:en]SolarWall\u00ae Single-Stage - SolarWall[:es]SolarWall\u00ae de una etapa - SolarWall[:fr]SolarWall\u00ae en une seule \u00e9tape - SolarWall[:]","og_description":"{:en}SolarWall single stage system is favorite of facility managers and design professionals. It is available in a variety of panel profiles and colors.{:es}El sistema SolarWall de una etapa es el favorito de los gerentes de instalaciones y profesionales del dise\u00f1o. Est\u00e1 disponible en una variedad de perfiles y colores de panel.{:fr}Le syst\u00e8me \u00e0 un \u00e9tage SolarWall est le favori des gestionnaires d'installations et des professionnels de la conception. Il est disponible dans une vari\u00e9t\u00e9 de profils et de couleurs de panneaux.{:}","og_url":"https:\/\/www.solarwall.com\/technology\/solar-wall-single-stage\/","og_site_name":"SolarWall","article_modified_time":"2025-09-10T01:27:29+00:00","twitter_card":"summary_large_image","twitter_misc":{"Dur\u00e9e de lecture estim\u00e9e":"9 minutes"},"schema":{"@context":"https:\/\/schema.org","@graph":[{"@type":"WebPage","@id":"https:\/\/www.solarwall.com\/technology\/solar-wall-single-stage\/","url":"https:\/\/www.solarwall.com\/technology\/solar-wall-single-stage\/","name":"[:en]SolarWall\u00ae Single-Stage - SolarWall[:es]SolarWall\u00ae de una etapa - SolarWall[:fr]SolarWall\u00ae en une seule \u00e9tape - SolarWall[:]","isPartOf":{"@id":"https:\/\/www.solarwall.com\/#website"},"datePublished":"2018-07-17T07:05:16+00:00","dateModified":"2025-09-10T01:27:29+00:00","description":"{:en}SolarWall single stage system is favorite of facility managers and design professionals. It is available in a variety of panel profiles and colors.{:es}El sistema SolarWall de una etapa es el favorito de los gerentes de instalaciones y profesionales del dise\u00f1o. Est\u00e1 disponible en una variedad de perfiles y colores de panel.{:fr}Le syst\u00e8me \u00e0 un \u00e9tage SolarWall est le favori des gestionnaires d'installations et des professionnels de la conception. Il est disponible dans une vari\u00e9t\u00e9 de profils et de couleurs de panneaux.{:}","breadcrumb":{"@id":"https:\/\/www.solarwall.com\/technology\/solar-wall-single-stage\/#breadcrumb"},"inLanguage":"fr-FR","potentialAction":[{"@type":"ReadAction","target":["https:\/\/www.solarwall.com\/technology\/solar-wall-single-stage\/"]}]},{"@type":"BreadcrumbList","@id":"https:\/\/www.solarwall.com\/technology\/solar-wall-single-stage\/#breadcrumb","itemListElement":[{"@type":"ListItem","position":1,"name":"Home","item":"https:\/\/www.solarwall.com\/"},{"@type":"ListItem","position":2,"name":"Technology","item":"https:\/\/www.solarwall.com\/technology\/"},{"@type":"ListItem","position":3,"name":"SOLARWALL\u00ae Single-Stage"}]},{"@type":"WebSite","@id":"https:\/\/www.solarwall.com\/#website","url":"https:\/\/www.solarwall.com\/","name":"SolarWall","description":"","publisher":{"@id":"https:\/\/www.solarwall.com\/#organization"},"potentialAction":[{"@type":"SearchAction","target":{"@type":"EntryPoint","urlTemplate":"https:\/\/www.solarwall.com\/?s={search_term_string}"},"query-input":{"@type":"PropertyValueSpecification","valueRequired":true,"valueName":"search_term_string"}}],"inLanguage":"fr-FR"},{"@type":"Organization","@id":"https:\/\/www.solarwall.com\/#organization","name":"SolarWall","url":"https:\/\/www.solarwall.com\/","logo":{"@type":"ImageObject","inLanguage":"fr-FR","@id":"https:\/\/www.solarwall.com\/#\/schema\/logo\/image\/","url":"https:\/\/www.solarwall.com\/wp-content\/uploads\/2018\/07\/logo.png","contentUrl":"https:\/\/www.solarwall.com\/wp-content\/uploads\/2018\/07\/logo.png","width":215,"height":105,"caption":"SolarWall"},"image":{"@id":"https:\/\/www.solarwall.com\/#\/schema\/logo\/image\/"}}]}},"_links":{"self":[{"href":"https:\/\/www.solarwall.com\/fr\/wp-json\/wp\/v2\/pages\/81","targetHints":{"allow":["GET"]}}],"collection":[{"href":"https:\/\/www.solarwall.com\/fr\/wp-json\/wp\/v2\/pages"}],"about":[{"href":"https:\/\/www.solarwall.com\/fr\/wp-json\/wp\/v2\/types\/page"}],"author":[{"embeddable":true,"href":"https:\/\/www.solarwall.com\/fr\/wp-json\/wp\/v2\/users\/1"}],"replies":[{"embeddable":true,"href":"https:\/\/www.solarwall.com\/fr\/wp-json\/wp\/v2\/comments?post=81"}],"version-history":[{"count":21,"href":"https:\/\/www.solarwall.com\/fr\/wp-json\/wp\/v2\/pages\/81\/revisions"}],"predecessor-version":[{"id":2014,"href":"https:\/\/www.solarwall.com\/fr\/wp-json\/wp\/v2\/pages\/81\/revisions\/2014"}],"up":[{"embeddable":true,"href":"https:\/\/www.solarwall.com\/fr\/wp-json\/wp\/v2\/pages\/37"}],"wp:attachment":[{"href":"https:\/\/www.solarwall.com\/fr\/wp-json\/wp\/v2\/media?parent=81"}],"curies":[{"name":"wp","href":"https:\/\/api.w.org\/{rel}","templated":true}]}}