{"id":83,"date":"2018-07-17T07:05:36","date_gmt":"2018-07-17T07:05:36","guid":{"rendered":"http:\/\/www.solarwall.com\/?page_id=83"},"modified":"2025-04-05T11:49:33","modified_gmt":"2025-04-05T15:49:33","slug":"solar-wall-two-stage","status":"publish","type":"page","link":"https:\/\/www.solarwall.com\/fr\/technology\/solar-wall-two-stage\/","title":{"rendered":"SolarWall\u00ae Two-Stage"},"content":{"rendered":"<p>[vc_row full_width=\u00a0\u00bbstretch_row_content_no_spaces\u00a0\u00bb][vc_column][rev_slider_vc alias=\u00a0\u00bbsolar-wall-stage-two\u00a0\u00bb][\/vc_column][\/vc_row][vc_row el_class=\u00a0\u00bbrow-spacing\u00a0\u00bb][vc_column][vc_column_text el_class=\u00a0\u00bbtext-center f-size18&Prime;]Inspir\u00e9 par la demande d&rsquo;une puissante application de chauffage, le syst\u00e8me SolarWallen deux \u00e9tapes pousse la technologie SolarWall d&rsquo;origine encore plus loin.<\/p>\n<p>SolarWall 2-Stage est \u00e9quip\u00e9 de panneaux de vitrage transparents et dirige l&rsquo;air frais entrant par deux \u00e9tapes de chauffage. Cette conception offre une augmentation encore plus importante de la temp\u00e9rature, optimisant la conservation de l&rsquo;\u00e9nergie du b\u00e2timent, les \u00e9conomies de chauffage et les \u00e9missions de gaz \u00e0 effet de serre.<br \/>\n[\/vc_column_text][\/vc_column][\/vc_row][vc_row full_width=\u00a0\u00bbstretch_row\u00a0\u00bb el_class=\u00a0\u00bbrow-spacing stage-bgcurve\u00a0\u00bb css=\u00a0\u00bb.vc_custom_1533550239780{background-color: #f3f3f3 !important;}\u00a0\u00bb][vc_column width=\u00a0\u00bb1\/2&Prime;][vc_column_text el_class=\u00a0\u00bbtext-center f-size20&Prime;]<strong>Premi\u00e8re \u00e9tape de chauffage:<\/strong><br \/>\nLe rayonnement solaire chauffe les panneaux m\u00e9talliques SolarWall, cr\u00e9ant une couche d&rsquo;air frais provenant de l&rsquo;ext\u00e9rieur, qui est chauff\u00e9e par le soleil \u00e0 la surface du capteur.Les ventilateurs d&rsquo;admission aspirent cet air chaud \u00e0 travers des milliers de micro-perforations dans les panneaux. L&rsquo;air chaud s&rsquo;accumule dans la chambre d&rsquo;air du collecteur.<\/p>\n<p><strong>Deuxi\u00e8me \u00e9tape de chauffage:<\/strong><br \/>\nLes rayons solaires p\u00e9n\u00e8trent dans le vitrage en polycarbonate et chauffent le deuxi\u00e8me \u00e9tage des panneaux m\u00e9talliques SolarWall. Prot\u00e9g\u00e9 contre les pertes de chaleur dues au vent, l&rsquo;air chaud \u00e0 l&rsquo;int\u00e9rieur de la chambreabsorbe encore plus de chaleur avant d&rsquo;\u00eatre aspir\u00e9 \u00e0 travers les perforations du deuxi\u00e8me \u00e9tage des panneaux SolarWall.[\/vc_column_text][\/vc_column][vc_column width=\u00a0\u00bb1\/2&Prime;][vc_single_image image=\u00a0\u00bb581&Prime; img_size=\u00a0\u00bbfull\u00a0\u00bb alignment=\u00a0\u00bbcenter\u00a0\u00bb][\/vc_column][\/vc_row][vc_row el_class=\u00a0\u00bbrow-spacing-down\u00a0\u00bb][vc_column][vc_single_image image=\u00a0\u00bb582&Prime; img_size=\u00a0\u00bbfull\u00a0\u00bb alignment=\u00a0\u00bbcenter\u00a0\u00bb css=\u00a0\u00bb.vc_custom_1533537041804{padding-bottom: 20px !important;}\u00a0\u00bb][vc_row_inner][vc_column_inner width=\u00a0\u00bb1\/2&Prime;][vc_column_text el_class=\u00a0\u00bbtext-center f-size20&Prime;]<strong>Phase de pr\u00e9chauffage:<\/strong> les ventilateurs CVCexistants aspirent de l\u2019air chauff\u00e9 par l\u2019\u00e9nergie solaire \u00e0 travers le collecteur SolarWall et l&rsquo;introduisentdans le r\u00e9seau de chauffage et de ventilation du b\u00e2timent.<\/p>\n<p>Pendant la saisonhivernale, il faut beaucoup moins de combustible pour chauffer l&rsquo;air frais chauff\u00e9 par l&rsquo;\u00e9nergie. En \u00e9t\u00e9, le SolarWall est simplement ignor\u00e9.<br \/>\n[\/vc_column_text][\/vc_column_inner][vc_column_inner width=\u00a0\u00bb1\/2&Prime;][vc_column_text el_class=\u00a0\u00bbtext-center f-size20&Prime;]<strong>Phase de chauffage:<\/strong> Les ventilateurs d&rsquo;admission SolarWall aspirent l&rsquo;air chauff\u00e9 \u00e0 l&rsquo;\u00e9nergie solaire \u00e0 travers le capteur et dans l&rsquo;installation lorsque de la chaleur est n\u00e9cessaire. Dans les espaces \u00e9lev\u00e9s, les ventilateurs de d\u00e9stratification feront baisser l&rsquo;air chaud au niveau d&rsquo;occupation, optimisant ainsi le confort des occupants et les \u00e9conomies d&rsquo;\u00e9nergie.[\/vc_column_text][\/vc_column_inner][\/vc_row_inner][\/vc_column][\/vc_row][vc_row full_width=\u00a0\u00bbstretch_row\u00a0\u00bb el_class=\u00a0\u00bbrow-spacing\u00a0\u00bb css=\u00a0\u00bb.vc_custom_1533538546244{background-color: #e7e7e7 !important;}\u00a0\u00bb][vc_column][vc_column_text el_class=\u00a0\u00bbtext-center\u00a0\u00bb css=\u00a0\u00bb.vc_custom_1550234473488{padding-bottom: 20px !important;}\u00a0\u00bb]<\/p>\n<h3>Performance mesur\u00e9e<\/h3>\n<p>[\/vc_column_text][vc_single_image image=\u00a0\u00bb585&Prime; img_size=\u00a0\u00bbfull\u00a0\u00bb alignment=\u00a0\u00bbcenter\u00a0\u00bb css=\u00a0\u00bb.vc_custom_1533538557809{padding-bottom: 20px !important;}\u00a0\u00bb][vc_column_text el_class=\u00a0\u00bbtext-center f-size20&Prime;]En hiver, les b\u00e2timents consomment de grandes quantit\u00e9s d&rsquo;\u00e9nergie pour chauffer l&rsquo;int\u00e9rieur.\u00c0 l&rsquo;a\u00e9roport international de Plattsburg dans l&rsquo;\u00c9tat de New York, la temp\u00e9rature ext\u00e9rieure moyenne le 4 f\u00e9vrier 2012 \u00e9tait de -4 \u00b0 C et le rayonnement solaire moyen de 276 W \/ m2, typique d&rsquo;une journ\u00e9e d&rsquo;hiver ensoleill\u00e9e.Le syst\u00e8me \u00e0 deux \u00e9tages SolarWall a fourni 42,5 m3 par minute d&rsquo;air frais \u00e0 une temp\u00e9rature moyenne de 34\u00b0C.La temp\u00e9rature la plus \u00e9lev\u00e9e a \u00e9t\u00e9 observ\u00e9e \u00e0 10h30, lorsque l&rsquo;air frais \u00e9tait fourni \u00e0 59\u00b0C.<\/p>\n<p>Avec cette augmentation de temp\u00e9rature,le syst\u00e8me \u00e0 2 \u00e9tapes peut pr\u00e9chauffer les besoinsd\u2019air frais de votre installation ou bien constituer un puissant syst\u00e8me de chauffage suppl\u00e9mentaire r\u00e9duisant de mani\u00e8re significative la consommation \u00e9nerg\u00e9tique du b\u00e2timent.<br \/>\n[\/vc_column_text][\/vc_column][\/vc_row][vc_row el_class=\u00a0\u00bbrow-spacing\u00a0\u00bb][vc_column][vc_column_text el_class=\u00a0\u00bbtext-center\u00a0\u00bb]<\/p>\n<h3>Powerful Color Choices<\/h3>\n<p>[\/vc_column_text][vc_widget_sidebar sidebar_id=\u00a0\u00bbcolor-pallete-sidebar\u00a0\u00bb][\/vc_column][\/vc_row][vc_row full_width=\u00a0\u00bbstretch_row\u00a0\u00bb el_class=\u00a0\u00bbrow-spacing\u00a0\u00bb css=\u00a0\u00bb.vc_custom_1531904945590{background-color: #ebebeb !important;}\u00a0\u00bb][vc_column][vc_widget_sidebar sidebar_id=\u00a0\u00bbfooter_sidebar_text\u00a0\u00bb el_class=\u00a0\u00bbtext-center f-size18&Prime;][\/vc_column][\/vc_row][vc_row el_class=\u00a0\u00bbmembers-area-footer\u00a0\u00bb][vc_column width=\u00a0\u00bb1\/2&Prime;][vc_custom_heading text=\u00a0\u00bbAdh\u00e9sions\u00a0\u00bb font_container=\u00a0\u00bbtag:h4|text_align:center|color:%23000000&Prime; use_theme_fonts=\u00a0\u00bbyes\u00a0\u00bb][vc_gallery type=\u00a0\u00bbimage_grid\u00a0\u00bb images=\u00a0\u00bb135,139,140&Prime; img_size=\u00a0\u00bbfull\u00a0\u00bb onclick=\u00a0\u00bb\u00a0\u00bb][\/vc_column][vc_column width=\u00a0\u00bb1\/2&Prime;][vc_custom_heading text=\u00a0\u00bbCertifications\u00a0\u00bb font_container=\u00a0\u00bbtag:h4|text_align:center|color:%23000000&Prime; use_theme_fonts=\u00a0\u00bbyes\u00a0\u00bb][vc_gallery type=\u00a0\u00bbimage_grid\u00a0\u00bb images=\u00a0\u00bb137,136,138,141&Prime; img_size=\u00a0\u00bbfull\u00a0\u00bb onclick=\u00a0\u00bb\u00a0\u00bb][\/vc_column][\/vc_row]<\/p>","protected":false},"excerpt":{"rendered":"<p>[vc_row full_width=\u00a0\u00bbstretch_row_content_no_spaces\u00a0\u00bb][vc_column][rev_slider_vc alias=\u00a0\u00bbsolar-wall-stage-two\u00a0\u00bb][\/vc_column][\/vc_row][vc_row el_class=\u00a0\u00bbrow-spacing\u00a0\u00bb][vc_column][vc_column_text el_class=\u00a0\u00bbtext-center f-size18&Prime;]Inspir\u00e9 par la demande d&rsquo;une puissante application de chauffage, le syst\u00e8me SolarWallen deux \u00e9tapes pousse la technologie SolarWall d&rsquo;origine encore plus loin. SolarWall 2-Stage est \u00e9quip\u00e9 de panneaux de vitrage transparents et dirige l&rsquo;air frais entrant par deux \u00e9tapes de chauffage. Cette conception offre une augmentation encore plus importante de &hellip; <\/p>\n<p class=\"link-more\"><a href=\"https:\/\/www.solarwall.com\/fr\/technology\/solar-wall-two-stage\/\" class=\"more-link\">Continue reading<span class=\"screen-reader-text\"> \u00ab\u00a0SolarWall\u00ae Two-Stage\u00a0\u00bb<\/span><\/a><\/p>\n","protected":false},"author":1,"featured_media":0,"parent":37,"menu_order":0,"comment_status":"closed","ping_status":"closed","template":"full-wdith.php","meta":{"footnotes":""},"class_list":["post-83","page","type-page","status-publish","hentry"],"yoast_head":"<!-- This site is optimized with the Yoast SEO plugin v24.8.1 - https:\/\/yoast.com\/wordpress\/plugins\/seo\/ -->\n<title>SolarWall\u00ae \u00e0 deux \u00e9tages - SolarWall<\/title>\n<meta name=\"description\" content=\"Le mur solaire \u00e0 deux \u00e9tages est \u00e9quip\u00e9 de panneaux de vitrage transparents et a pouss\u00e9 la technologie SolarWall originale un peu plus loin.\" \/>\n<meta name=\"robots\" content=\"index, follow, max-snippet:-1, max-image-preview:large, max-video-preview:-1\" \/>\n<link rel=\"canonical\" href=\"https:\/\/www.solarwall.com\/fr\/technology\/solar-wall-two-stage\/\" \/>\n<meta property=\"og:locale\" content=\"fr_FR\" \/>\n<meta property=\"og:type\" content=\"article\" \/>\n<meta property=\"og:title\" content=\"[:en]SolarWall\u00ae Two-Stage - SolarWall[:es]SolarWall\u00ae de dos etapas - SolarWall[:fr]SolarWall\u00ae \u00e0 deux \u00e9tages - SolarWall[:]\" \/>\n<meta property=\"og:description\" content=\"{:en}The solar Wall two-stage is equipped with transparent glazing panels and has taken the original SolarWall technology one step further.{:es}La pared solar de dos etapas est\u00e1 equipada con paneles de acristalamiento transparentes y ha llevado la tecnolog\u00eda SolarWall original un paso m\u00e1s all\u00e1.{:fr}Le mur solaire \u00e0 deux \u00e9tages est \u00e9quip\u00e9 de panneaux de vitrage transparents et a pouss\u00e9 la technologie SolarWall originale un peu plus loin.{:}\" \/>\n<meta property=\"og:url\" content=\"https:\/\/www.solarwall.com\/technology\/solar-wall-two-stage\/\" \/>\n<meta property=\"og:site_name\" content=\"SolarWall\" \/>\n<meta property=\"article:modified_time\" content=\"2025-04-05T15:49:33+00:00\" \/>\n<meta name=\"twitter:card\" content=\"summary_large_image\" \/>\n<meta name=\"twitter:label1\" content=\"Dur\u00e9e de lecture estim\u00e9e\" \/>\n\t<meta name=\"twitter:data1\" content=\"11 minutes\" \/>\n<script type=\"application\/ld+json\" class=\"yoast-schema-graph\">{\"@context\":\"https:\/\/schema.org\",\"@graph\":[{\"@type\":\"WebPage\",\"@id\":\"https:\/\/www.solarwall.com\/technology\/solar-wall-two-stage\/\",\"url\":\"https:\/\/www.solarwall.com\/technology\/solar-wall-two-stage\/\",\"name\":\"[:en]SolarWall\u00ae Two-Stage - SolarWall[:es]SolarWall\u00ae de dos etapas - SolarWall[:fr]SolarWall\u00ae \u00e0 deux \u00e9tages - SolarWall[:]\",\"isPartOf\":{\"@id\":\"https:\/\/www.solarwall.com\/#website\"},\"datePublished\":\"2018-07-17T07:05:36+00:00\",\"dateModified\":\"2025-04-05T15:49:33+00:00\",\"description\":\"{:en}The solar Wall two-stage is equipped with transparent glazing panels and has taken the original SolarWall technology one step further.{:es}La pared solar de dos etapas est\u00e1 equipada con paneles de acristalamiento transparentes y ha llevado la tecnolog\u00eda SolarWall original un paso m\u00e1s all\u00e1.{:fr}Le mur solaire \u00e0 deux \u00e9tages est \u00e9quip\u00e9 de panneaux de vitrage transparents et a pouss\u00e9 la technologie SolarWall originale un peu plus loin.{:}\",\"breadcrumb\":{\"@id\":\"https:\/\/www.solarwall.com\/technology\/solar-wall-two-stage\/#breadcrumb\"},\"inLanguage\":\"fr-FR\",\"potentialAction\":[{\"@type\":\"ReadAction\",\"target\":[\"https:\/\/www.solarwall.com\/technology\/solar-wall-two-stage\/\"]}]},{\"@type\":\"BreadcrumbList\",\"@id\":\"https:\/\/www.solarwall.com\/technology\/solar-wall-two-stage\/#breadcrumb\",\"itemListElement\":[{\"@type\":\"ListItem\",\"position\":1,\"name\":\"Home\",\"item\":\"https:\/\/www.solarwall.com\/\"},{\"@type\":\"ListItem\",\"position\":2,\"name\":\"Technology\",\"item\":\"https:\/\/www.solarwall.com\/technology\/\"},{\"@type\":\"ListItem\",\"position\":3,\"name\":\"SolarWall\u00ae Two-Stage\"}]},{\"@type\":\"WebSite\",\"@id\":\"https:\/\/www.solarwall.com\/#website\",\"url\":\"https:\/\/www.solarwall.com\/\",\"name\":\"SolarWall\",\"description\":\"\",\"publisher\":{\"@id\":\"https:\/\/www.solarwall.com\/#organization\"},\"potentialAction\":[{\"@type\":\"SearchAction\",\"target\":{\"@type\":\"EntryPoint\",\"urlTemplate\":\"https:\/\/www.solarwall.com\/?s={search_term_string}\"},\"query-input\":{\"@type\":\"PropertyValueSpecification\",\"valueRequired\":true,\"valueName\":\"search_term_string\"}}],\"inLanguage\":\"fr-FR\"},{\"@type\":\"Organization\",\"@id\":\"https:\/\/www.solarwall.com\/#organization\",\"name\":\"SolarWall\",\"url\":\"https:\/\/www.solarwall.com\/\",\"logo\":{\"@type\":\"ImageObject\",\"inLanguage\":\"fr-FR\",\"@id\":\"https:\/\/www.solarwall.com\/#\/schema\/logo\/image\/\",\"url\":\"https:\/\/www.solarwall.com\/wp-content\/uploads\/2018\/07\/logo.png\",\"contentUrl\":\"https:\/\/www.solarwall.com\/wp-content\/uploads\/2018\/07\/logo.png\",\"width\":215,\"height\":105,\"caption\":\"SolarWall\"},\"image\":{\"@id\":\"https:\/\/www.solarwall.com\/#\/schema\/logo\/image\/\"}}]}<\/script>\n<!-- \/ Yoast SEO plugin. -->","yoast_head_json":{"title":"SolarWall\u00ae \u00e0 deux \u00e9tages - SolarWall","description":"Le mur solaire \u00e0 deux \u00e9tages est \u00e9quip\u00e9 de panneaux de vitrage transparents et a pouss\u00e9 la technologie SolarWall originale un peu plus loin.","robots":{"index":"index","follow":"follow","max-snippet":"max-snippet:-1","max-image-preview":"max-image-preview:large","max-video-preview":"max-video-preview:-1"},"canonical":"https:\/\/www.solarwall.com\/fr\/technology\/solar-wall-two-stage\/","og_locale":"fr_FR","og_type":"article","og_title":"[:en]SolarWall\u00ae Two-Stage - SolarWall[:es]SolarWall\u00ae de dos etapas - SolarWall[:fr]SolarWall\u00ae \u00e0 deux \u00e9tages - SolarWall[:]","og_description":"{:en}The solar Wall two-stage is equipped with transparent glazing panels and has taken the original SolarWall technology one step further.{:es}La pared solar de dos etapas est\u00e1 equipada con paneles de acristalamiento transparentes y ha llevado la tecnolog\u00eda SolarWall original un paso m\u00e1s all\u00e1.{:fr}Le mur solaire \u00e0 deux \u00e9tages est \u00e9quip\u00e9 de panneaux de vitrage transparents et a pouss\u00e9 la technologie SolarWall originale un peu plus loin.{:}","og_url":"https:\/\/www.solarwall.com\/technology\/solar-wall-two-stage\/","og_site_name":"SolarWall","article_modified_time":"2025-04-05T15:49:33+00:00","twitter_card":"summary_large_image","twitter_misc":{"Dur\u00e9e de lecture estim\u00e9e":"11 minutes"},"schema":{"@context":"https:\/\/schema.org","@graph":[{"@type":"WebPage","@id":"https:\/\/www.solarwall.com\/technology\/solar-wall-two-stage\/","url":"https:\/\/www.solarwall.com\/technology\/solar-wall-two-stage\/","name":"[:en]SolarWall\u00ae Two-Stage - SolarWall[:es]SolarWall\u00ae de dos etapas - SolarWall[:fr]SolarWall\u00ae \u00e0 deux \u00e9tages - SolarWall[:]","isPartOf":{"@id":"https:\/\/www.solarwall.com\/#website"},"datePublished":"2018-07-17T07:05:36+00:00","dateModified":"2025-04-05T15:49:33+00:00","description":"{:en}The solar Wall two-stage is equipped with transparent glazing panels and has taken the original SolarWall technology one step further.{:es}La pared solar de dos etapas est\u00e1 equipada con paneles de acristalamiento transparentes y ha llevado la tecnolog\u00eda SolarWall original un paso m\u00e1s all\u00e1.{:fr}Le mur solaire \u00e0 deux \u00e9tages est \u00e9quip\u00e9 de panneaux de vitrage transparents et a pouss\u00e9 la technologie SolarWall originale un peu plus loin.{:}","breadcrumb":{"@id":"https:\/\/www.solarwall.com\/technology\/solar-wall-two-stage\/#breadcrumb"},"inLanguage":"fr-FR","potentialAction":[{"@type":"ReadAction","target":["https:\/\/www.solarwall.com\/technology\/solar-wall-two-stage\/"]}]},{"@type":"BreadcrumbList","@id":"https:\/\/www.solarwall.com\/technology\/solar-wall-two-stage\/#breadcrumb","itemListElement":[{"@type":"ListItem","position":1,"name":"Home","item":"https:\/\/www.solarwall.com\/"},{"@type":"ListItem","position":2,"name":"Technology","item":"https:\/\/www.solarwall.com\/technology\/"},{"@type":"ListItem","position":3,"name":"SolarWall\u00ae Two-Stage"}]},{"@type":"WebSite","@id":"https:\/\/www.solarwall.com\/#website","url":"https:\/\/www.solarwall.com\/","name":"SolarWall","description":"","publisher":{"@id":"https:\/\/www.solarwall.com\/#organization"},"potentialAction":[{"@type":"SearchAction","target":{"@type":"EntryPoint","urlTemplate":"https:\/\/www.solarwall.com\/?s={search_term_string}"},"query-input":{"@type":"PropertyValueSpecification","valueRequired":true,"valueName":"search_term_string"}}],"inLanguage":"fr-FR"},{"@type":"Organization","@id":"https:\/\/www.solarwall.com\/#organization","name":"SolarWall","url":"https:\/\/www.solarwall.com\/","logo":{"@type":"ImageObject","inLanguage":"fr-FR","@id":"https:\/\/www.solarwall.com\/#\/schema\/logo\/image\/","url":"https:\/\/www.solarwall.com\/wp-content\/uploads\/2018\/07\/logo.png","contentUrl":"https:\/\/www.solarwall.com\/wp-content\/uploads\/2018\/07\/logo.png","width":215,"height":105,"caption":"SolarWall"},"image":{"@id":"https:\/\/www.solarwall.com\/#\/schema\/logo\/image\/"}}]}},"_links":{"self":[{"href":"https:\/\/www.solarwall.com\/fr\/wp-json\/wp\/v2\/pages\/83","targetHints":{"allow":["GET"]}}],"collection":[{"href":"https:\/\/www.solarwall.com\/fr\/wp-json\/wp\/v2\/pages"}],"about":[{"href":"https:\/\/www.solarwall.com\/fr\/wp-json\/wp\/v2\/types\/page"}],"author":[{"embeddable":true,"href":"https:\/\/www.solarwall.com\/fr\/wp-json\/wp\/v2\/users\/1"}],"replies":[{"embeddable":true,"href":"https:\/\/www.solarwall.com\/fr\/wp-json\/wp\/v2\/comments?post=83"}],"version-history":[{"count":9,"href":"https:\/\/www.solarwall.com\/fr\/wp-json\/wp\/v2\/pages\/83\/revisions"}],"predecessor-version":[{"id":1978,"href":"https:\/\/www.solarwall.com\/fr\/wp-json\/wp\/v2\/pages\/83\/revisions\/1978"}],"up":[{"embeddable":true,"href":"https:\/\/www.solarwall.com\/fr\/wp-json\/wp\/v2\/pages\/37"}],"wp:attachment":[{"href":"https:\/\/www.solarwall.com\/fr\/wp-json\/wp\/v2\/media?parent=83"}],"curies":[{"name":"wp","href":"https:\/\/api.w.org\/{rel}","templated":true}]}}