{"id":85,"date":"2018-07-17T07:05:59","date_gmt":"2018-07-17T07:05:59","guid":{"rendered":"http:\/\/www.solarwall.com\/?page_id=85"},"modified":"2025-04-28T17:36:21","modified_gmt":"2025-04-28T21:36:21","slug":"rooftop-solarduct","status":"publish","type":"page","link":"https:\/\/www.solarwall.com\/fr\/technology\/rooftop-solarduct\/","title":{"rendered":"Rooftop SolarDuct"},"content":{"rendered":"<p>[vc_row full_width=\u00a0\u00bbstretch_row_content_no_spaces\u00a0\u00bb][vc_column][rev_slider_vc alias=\u00a0\u00bbrooftop-solarduct\u00a0\u00bb][\/vc_column][\/vc_row][vc_row el_class=\u00a0\u00bbrow-spacing text-center\u00a0\u00bb][vc_column][vc_column_text el_class=\u00a0\u00bbf-size20&Prime;]Parfois, la couverture est la meilleure option. C\u2019est pourquoi Conserval a con\u00e7u Solarduct.<\/p>\n<p>Comme la technologie SolarWall originale, SolarDuct utilise l&rsquo;\u00e9nergie du soleil pour chauffer la ventilation de votre b\u00e2timent, r\u00e9duisant ainsi la consommation d&rsquo;\u00e9nergie, les co\u00fbts de chauffage et les \u00e9missions de gaz \u00e0 effet de serre.<\/p>\n<p>Les unit\u00e9s modulaires SolarDuct sont arrayassembl\u00e9es de la m\u00eame mani\u00e8re que les panneaux solaires photovolta\u00efques traditionnels. Les tableauxSolarDuct r\u00e9sultantes s&rsquo;int\u00e8grent parfaitement aux \u00e9quipements m\u00e9caniques existants situ\u00e9s sur le toit.[\/vc_column_text][\/vc_column][\/vc_row][vc_row full_width=\u00a0\u00bbstretch_row\u00a0\u00bb el_class=\u00a0\u00bbrow-spacing\u00a0\u00bb css=\u00a0\u00bb.vc_custom_1533544118164{background-color: #f3f3f3 !important;}\u00a0\u00bb][vc_column][vc_column_text el_class=\u00a0\u00bbtext-center f-size18&Prime;]<\/p>\n<h3>Comment \u00e7a marche<\/h3>\n<p>Les b\u00e2timents dot\u00e9s de syst\u00e8mes de chauffage et de ventilation centralis\u00e9s aspirent de l&rsquo;air frais par les unit\u00e9s CVC. En hiver, ces appareils consomment d&rsquo;\u00e9normes quantit\u00e9s d&rsquo;\u00e9nergie pour chauffer l&rsquo;air froid entrant \u00e0 des temp\u00e9ratures int\u00e9rieures confortables. Avec SolarDuct, l&rsquo;air frais entrant est chauff\u00e9 par l&rsquo;\u00e9nergie solaire avant d&rsquo;atteindre l&rsquo;unit\u00e9 CVC, ce qui minimise la consommation d&rsquo;\u00e9nergie du b\u00e2timent tout au long de la saison de chauffage.<\/p>\n<p>Lorsque le rayonnement solaire chauffe la surface deSolarDuct, de l\u2019air frais chauff\u00e9 par le soleil s\u2019accumule \u00e0 la surface des panneaux. Les unit\u00e9s CVC existantes sur le toit aspirent cet air chauff\u00e9 par l&rsquo;\u00e9nergie solaire \u00e0 travers des milliers de micro-perforations dans les panneaux. Cet air chauff\u00e9 par l&rsquo;\u00e9nergie solaire s&rsquo;accumule \u00e0 l&rsquo;int\u00e9rieur de la chambre \u00e0 air du SolarDuct et se dirige vers l&rsquo;entr\u00e9e d&rsquo;air frais de l&rsquo;unit\u00e9 de CVC par des conduits m\u00e9caniques isol\u00e9s dans le toit.En \u00e9t\u00e9, lorsque l\u2019air chauff\u00e9 par l\u2019\u00e9nergie solaire n\u2019est pas souhait\u00e9, le syst\u00e8me SolarDuct est contourn\u00e9 et les unit\u00e9s CVC sur le toit introduisent directement l&rsquo;air provenant de l&rsquo;ext\u00e9rieur.<\/p>\n<p>Avec SolarDuct, l\u2019air frais entrant est chauff\u00e9 jusqu\u2019\u00e0 24\u00b0C au-dessus de la temp\u00e9rature ambiante. Des \u00e9tudes de surveillance ind\u00e9pendantes ont montr\u00e9 que des syst\u00e8mes SolarDuct bien con\u00e7us peuvent d\u00e9placer 20 \u00e0 50% de la charge calorifique du b\u00e2timent.[\/vc_column_text][vc_single_image image=\u00a0\u00bb590&Prime; img_size=\u00a0\u00bbfull\u00a0\u00bb alignment=\u00a0\u00bbcenter\u00a0\u00bb css=\u00a0\u00bb.vc_custom_1533543442817{padding-top: 40px !important;}\u00a0\u00bb][\/vc_column][\/vc_row][vc_row full_width=\u00a0\u00bbstretch_row_content_no_spaces\u00a0\u00bb][vc_column][vc_single_image image=\u00a0\u00bb620&Prime; img_size=\u00a0\u00bbfull\u00a0\u00bb alignment=\u00a0\u00bbcenter\u00a0\u00bb][\/vc_column][\/vc_row][vc_row el_class=\u00a0\u00bbrow-spacing\u00a0\u00bb][vc_column][vc_column_text el_class=\u00a0\u00bbtext-center\u00a0\u00bb css=\u00a0\u00bb.vc_custom_1550289892566{padding-bottom: 40px !important;}\u00a0\u00bb]<\/p>\n<h3>Principaux projets<\/h3>\n<p>[\/vc_column_text][vc_row_inner][vc_column_inner width=\u00a0\u00bb1\/4&Prime;][vc_column_text css=\u00a0\u00bb.vc_custom_1533543969209{background-image: url(https:\/\/www.solarwall.com\/wp-content\/uploads\/2018\/08\/toyota-dealer.jpg?id=591) !important;background-position: center !important;background-repeat: no-repeat !important;background-size: cover !important;}\u00a0\u00bb el_class=\u00a0\u00bbsw-small-thumbs-content\u00a0\u00bb]Toyota Dealership,<br \/>\nSpain[\/vc_column_text][\/vc_column_inner][vc_column_inner width=\u00a0\u00bb1\/4&Prime;][vc_column_text css=\u00a0\u00bb.vc_custom_1533543984017{background-image: url(https:\/\/www.solarwall.com\/wp-content\/uploads\/2018\/08\/fort-army-base.jpg?id=594) !important;background-position: center !important;background-repeat: no-repeat !important;background-size: cover !important;}\u00a0\u00bb el_class=\u00a0\u00bbsw-small-thumbs-content\u00a0\u00bb]Fort Carson<br \/>\nArmy Base,<br \/>\nColorado[\/vc_column_text][\/vc_column_inner][vc_column_inner width=\u00a0\u00bb1\/4&Prime;][vc_column_text css=\u00a0\u00bb.vc_custom_1533543998393{background-image: url(https:\/\/www.solarwall.com\/wp-content\/uploads\/2018\/08\/etsu.jpg?id=593) !important;background-position: center !important;background-repeat: no-repeat !important;background-size: cover !important;}\u00a0\u00bb el_class=\u00a0\u00bbsw-small-thumbs-content\u00a0\u00bb]ETSU<br \/>\nRecreational Facility,<br \/>\nTennessee[\/vc_column_text][\/vc_column_inner][vc_column_inner width=\u00a0\u00bb1\/4&Prime;][vc_column_text css=\u00a0\u00bb.vc_custom_1533544006762{background-image: url(https:\/\/www.solarwall.com\/wp-content\/uploads\/2018\/08\/winnipeg-food-bank.jpg?id=592) !important;background-position: center !important;background-repeat: no-repeat !important;background-size: cover !important;}\u00a0\u00bb el_class=\u00a0\u00bbsw-small-thumbs-content\u00a0\u00bb]Winnepeg Harvest<br \/>\nFood Bank,<br \/>\nWinnepeg[\/vc_column_text][\/vc_column_inner][\/vc_row_inner][\/vc_column][\/vc_row][vc_row full_width=\u00a0\u00bbstretch_row\u00a0\u00bb el_class=\u00a0\u00bbrow-spacing\u00a0\u00bb css=\u00a0\u00bb.vc_custom_1531904945590{background-color: #ebebeb !important;}\u00a0\u00bb][vc_column][vc_widget_sidebar sidebar_id=\u00a0\u00bbfooter_sidebar_text\u00a0\u00bb el_class=\u00a0\u00bbtext-center f-size18&Prime;][\/vc_column][\/vc_row][vc_row el_class=\u00a0\u00bbmembers-area-footer\u00a0\u00bb][vc_column width=\u00a0\u00bb1\/2&Prime;][vc_custom_heading text=\u00a0\u00bbAdh\u00e9sions\u00a0\u00bb font_container=\u00a0\u00bbtag:h4|text_align:center|color:%23000000&Prime; use_theme_fonts=\u00a0\u00bbyes\u00a0\u00bb][vc_gallery type=\u00a0\u00bbimage_grid\u00a0\u00bb images=\u00a0\u00bb135,139,140&Prime; img_size=\u00a0\u00bbfull\u00a0\u00bb onclick=\u00a0\u00bb\u00a0\u00bb][\/vc_column][vc_column width=\u00a0\u00bb1\/2&Prime;][vc_custom_heading text=\u00a0\u00bbCertifications\u00a0\u00bb font_container=\u00a0\u00bbtag:h4|text_align:center|color:%23000000&Prime; use_theme_fonts=\u00a0\u00bbyes\u00a0\u00bb][vc_gallery type=\u00a0\u00bbimage_grid\u00a0\u00bb images=\u00a0\u00bb137,136,138,141&Prime; img_size=\u00a0\u00bbfull\u00a0\u00bb onclick=\u00a0\u00bb\u00a0\u00bb][\/vc_column][\/vc_row]<\/p>","protected":false},"excerpt":{"rendered":"<p>[vc_row full_width=\u00a0\u00bbstretch_row_content_no_spaces\u00a0\u00bb][vc_column][rev_slider_vc alias=\u00a0\u00bbrooftop-solarduct\u00a0\u00bb][\/vc_column][\/vc_row][vc_row el_class=\u00a0\u00bbrow-spacing text-center\u00a0\u00bb][vc_column][vc_column_text el_class=\u00a0\u00bbf-size20&Prime;]Parfois, la couverture est la meilleure option. C\u2019est pourquoi Conserval a con\u00e7u Solarduct. Comme la technologie SolarWall originale, SolarDuct utilise l&rsquo;\u00e9nergie du soleil pour chauffer la ventilation de votre b\u00e2timent, r\u00e9duisant ainsi la consommation d&rsquo;\u00e9nergie, les co\u00fbts de chauffage et les \u00e9missions de gaz \u00e0 effet de serre. Les unit\u00e9s &hellip; <\/p>\n<p class=\"link-more\"><a href=\"https:\/\/www.solarwall.com\/fr\/technology\/rooftop-solarduct\/\" class=\"more-link\">Continue reading<span class=\"screen-reader-text\"> \u00ab\u00a0Rooftop SolarDuct\u00a0\u00bb<\/span><\/a><\/p>\n","protected":false},"author":1,"featured_media":0,"parent":37,"menu_order":0,"comment_status":"closed","ping_status":"closed","template":"full-wdith.php","meta":{"footnotes":""},"class_list":["post-85","page","type-page","status-publish","hentry"],"yoast_head":"<!-- This site is optimized with the Yoast SEO plugin v24.8.1 - https:\/\/yoast.com\/wordpress\/plugins\/seo\/ -->\n<title>Chauffage de l&#039;air sur le toit SolarDuct - SolarWall<\/title>\n<meta name=\"description\" content=\"SolarDuct utilise la puissance du soleil pour chauffer l&#039;air de ventilation de votre b\u00e2timent et r\u00e9duit la consommation d&#039;\u00e9nergie.\" \/>\n<meta name=\"robots\" content=\"index, follow, max-snippet:-1, max-image-preview:large, max-video-preview:-1\" \/>\n<link rel=\"canonical\" href=\"https:\/\/www.solarwall.com\/fr\/technology\/rooftop-solarduct\/\" \/>\n<meta property=\"og:locale\" content=\"fr_FR\" \/>\n<meta property=\"og:type\" content=\"article\" \/>\n<meta property=\"og:title\" content=\"[:en]Rooftop SolarDuct Air Heating - SolarWall[:es]Calefacci\u00f3n de aire SolarDuct en la azotea - SolarWall[:fr]Chauffage de l&#039;air sur le toit SolarDuct - SolarWall[:]\" \/>\n<meta property=\"og:description\" content=\"{:en}SolarDuct uses the power of the sun to heat your building&#039;s ventilation air and reduces the energy consumption.{:es}SolarDuct utiliza el poder del sol para calentar el aire de ventilaci\u00f3n de su edificio y reduce el consumo de energ\u00eda.{:fr}SolarDuct utilise la puissance du soleil pour chauffer l&#039;air de ventilation de votre b\u00e2timent et r\u00e9duit la consommation d&#039;\u00e9nergie.{:}\" \/>\n<meta property=\"og:url\" content=\"https:\/\/www.solarwall.com\/technology\/rooftop-solarduct\/\" \/>\n<meta property=\"og:site_name\" content=\"SolarWall\" \/>\n<meta property=\"article:modified_time\" content=\"2025-04-28T21:36:21+00:00\" \/>\n<meta name=\"twitter:card\" content=\"summary_large_image\" \/>\n<meta name=\"twitter:label1\" content=\"Dur\u00e9e de lecture estim\u00e9e\" \/>\n\t<meta name=\"twitter:data1\" content=\"11 minutes\" \/>\n<script type=\"application\/ld+json\" class=\"yoast-schema-graph\">{\"@context\":\"https:\/\/schema.org\",\"@graph\":[{\"@type\":\"WebPage\",\"@id\":\"https:\/\/www.solarwall.com\/technology\/rooftop-solarduct\/\",\"url\":\"https:\/\/www.solarwall.com\/technology\/rooftop-solarduct\/\",\"name\":\"[:en]Rooftop SolarDuct Air Heating - SolarWall[:es]Calefacci\u00f3n de aire SolarDuct en la azotea - SolarWall[:fr]Chauffage de l'air sur le toit SolarDuct - SolarWall[:]\",\"isPartOf\":{\"@id\":\"https:\/\/www.solarwall.com\/#website\"},\"datePublished\":\"2018-07-17T07:05:59+00:00\",\"dateModified\":\"2025-04-28T21:36:21+00:00\",\"description\":\"{:en}SolarDuct uses the power of the sun to heat your building's ventilation air and reduces the energy consumption.{:es}SolarDuct utiliza el poder del sol para calentar el aire de ventilaci\u00f3n de su edificio y reduce el consumo de energ\u00eda.{:fr}SolarDuct utilise la puissance du soleil pour chauffer l'air de ventilation de votre b\u00e2timent et r\u00e9duit la consommation d'\u00e9nergie.{:}\",\"breadcrumb\":{\"@id\":\"https:\/\/www.solarwall.com\/technology\/rooftop-solarduct\/#breadcrumb\"},\"inLanguage\":\"fr-FR\",\"potentialAction\":[{\"@type\":\"ReadAction\",\"target\":[\"https:\/\/www.solarwall.com\/technology\/rooftop-solarduct\/\"]}]},{\"@type\":\"BreadcrumbList\",\"@id\":\"https:\/\/www.solarwall.com\/technology\/rooftop-solarduct\/#breadcrumb\",\"itemListElement\":[{\"@type\":\"ListItem\",\"position\":1,\"name\":\"Home\",\"item\":\"https:\/\/www.solarwall.com\/\"},{\"@type\":\"ListItem\",\"position\":2,\"name\":\"Technology\",\"item\":\"https:\/\/www.solarwall.com\/technology\/\"},{\"@type\":\"ListItem\",\"position\":3,\"name\":\"Rooftop SolarDuct\"}]},{\"@type\":\"WebSite\",\"@id\":\"https:\/\/www.solarwall.com\/#website\",\"url\":\"https:\/\/www.solarwall.com\/\",\"name\":\"SolarWall\",\"description\":\"\",\"publisher\":{\"@id\":\"https:\/\/www.solarwall.com\/#organization\"},\"potentialAction\":[{\"@type\":\"SearchAction\",\"target\":{\"@type\":\"EntryPoint\",\"urlTemplate\":\"https:\/\/www.solarwall.com\/?s={search_term_string}\"},\"query-input\":{\"@type\":\"PropertyValueSpecification\",\"valueRequired\":true,\"valueName\":\"search_term_string\"}}],\"inLanguage\":\"fr-FR\"},{\"@type\":\"Organization\",\"@id\":\"https:\/\/www.solarwall.com\/#organization\",\"name\":\"SolarWall\",\"url\":\"https:\/\/www.solarwall.com\/\",\"logo\":{\"@type\":\"ImageObject\",\"inLanguage\":\"fr-FR\",\"@id\":\"https:\/\/www.solarwall.com\/#\/schema\/logo\/image\/\",\"url\":\"https:\/\/www.solarwall.com\/wp-content\/uploads\/2018\/07\/logo.png\",\"contentUrl\":\"https:\/\/www.solarwall.com\/wp-content\/uploads\/2018\/07\/logo.png\",\"width\":215,\"height\":105,\"caption\":\"SolarWall\"},\"image\":{\"@id\":\"https:\/\/www.solarwall.com\/#\/schema\/logo\/image\/\"}}]}<\/script>\n<!-- \/ Yoast SEO plugin. -->","yoast_head_json":{"title":"Chauffage de l'air sur le toit SolarDuct - SolarWall","description":"SolarDuct utilise la puissance du soleil pour chauffer l'air de ventilation de votre b\u00e2timent et r\u00e9duit la consommation d'\u00e9nergie.","robots":{"index":"index","follow":"follow","max-snippet":"max-snippet:-1","max-image-preview":"max-image-preview:large","max-video-preview":"max-video-preview:-1"},"canonical":"https:\/\/www.solarwall.com\/fr\/technology\/rooftop-solarduct\/","og_locale":"fr_FR","og_type":"article","og_title":"[:en]Rooftop SolarDuct Air Heating - SolarWall[:es]Calefacci\u00f3n de aire SolarDuct en la azotea - SolarWall[:fr]Chauffage de l'air sur le toit SolarDuct - SolarWall[:]","og_description":"{:en}SolarDuct uses the power of the sun to heat your building's ventilation air and reduces the energy consumption.{:es}SolarDuct utiliza el poder del sol para calentar el aire de ventilaci\u00f3n de su edificio y reduce el consumo de energ\u00eda.{:fr}SolarDuct utilise la puissance du soleil pour chauffer l'air de ventilation de votre b\u00e2timent et r\u00e9duit la consommation d'\u00e9nergie.{:}","og_url":"https:\/\/www.solarwall.com\/technology\/rooftop-solarduct\/","og_site_name":"SolarWall","article_modified_time":"2025-04-28T21:36:21+00:00","twitter_card":"summary_large_image","twitter_misc":{"Dur\u00e9e de lecture estim\u00e9e":"11 minutes"},"schema":{"@context":"https:\/\/schema.org","@graph":[{"@type":"WebPage","@id":"https:\/\/www.solarwall.com\/technology\/rooftop-solarduct\/","url":"https:\/\/www.solarwall.com\/technology\/rooftop-solarduct\/","name":"[:en]Rooftop SolarDuct Air Heating - SolarWall[:es]Calefacci\u00f3n de aire SolarDuct en la azotea - SolarWall[:fr]Chauffage de l'air sur le toit SolarDuct - SolarWall[:]","isPartOf":{"@id":"https:\/\/www.solarwall.com\/#website"},"datePublished":"2018-07-17T07:05:59+00:00","dateModified":"2025-04-28T21:36:21+00:00","description":"{:en}SolarDuct uses the power of the sun to heat your building's ventilation air and reduces the energy consumption.{:es}SolarDuct utiliza el poder del sol para calentar el aire de ventilaci\u00f3n de su edificio y reduce el consumo de energ\u00eda.{:fr}SolarDuct utilise la puissance du soleil pour chauffer l'air de ventilation de votre b\u00e2timent et r\u00e9duit la consommation d'\u00e9nergie.{:}","breadcrumb":{"@id":"https:\/\/www.solarwall.com\/technology\/rooftop-solarduct\/#breadcrumb"},"inLanguage":"fr-FR","potentialAction":[{"@type":"ReadAction","target":["https:\/\/www.solarwall.com\/technology\/rooftop-solarduct\/"]}]},{"@type":"BreadcrumbList","@id":"https:\/\/www.solarwall.com\/technology\/rooftop-solarduct\/#breadcrumb","itemListElement":[{"@type":"ListItem","position":1,"name":"Home","item":"https:\/\/www.solarwall.com\/"},{"@type":"ListItem","position":2,"name":"Technology","item":"https:\/\/www.solarwall.com\/technology\/"},{"@type":"ListItem","position":3,"name":"Rooftop SolarDuct"}]},{"@type":"WebSite","@id":"https:\/\/www.solarwall.com\/#website","url":"https:\/\/www.solarwall.com\/","name":"SolarWall","description":"","publisher":{"@id":"https:\/\/www.solarwall.com\/#organization"},"potentialAction":[{"@type":"SearchAction","target":{"@type":"EntryPoint","urlTemplate":"https:\/\/www.solarwall.com\/?s={search_term_string}"},"query-input":{"@type":"PropertyValueSpecification","valueRequired":true,"valueName":"search_term_string"}}],"inLanguage":"fr-FR"},{"@type":"Organization","@id":"https:\/\/www.solarwall.com\/#organization","name":"SolarWall","url":"https:\/\/www.solarwall.com\/","logo":{"@type":"ImageObject","inLanguage":"fr-FR","@id":"https:\/\/www.solarwall.com\/#\/schema\/logo\/image\/","url":"https:\/\/www.solarwall.com\/wp-content\/uploads\/2018\/07\/logo.png","contentUrl":"https:\/\/www.solarwall.com\/wp-content\/uploads\/2018\/07\/logo.png","width":215,"height":105,"caption":"SolarWall"},"image":{"@id":"https:\/\/www.solarwall.com\/#\/schema\/logo\/image\/"}}]}},"_links":{"self":[{"href":"https:\/\/www.solarwall.com\/fr\/wp-json\/wp\/v2\/pages\/85","targetHints":{"allow":["GET"]}}],"collection":[{"href":"https:\/\/www.solarwall.com\/fr\/wp-json\/wp\/v2\/pages"}],"about":[{"href":"https:\/\/www.solarwall.com\/fr\/wp-json\/wp\/v2\/types\/page"}],"author":[{"embeddable":true,"href":"https:\/\/www.solarwall.com\/fr\/wp-json\/wp\/v2\/users\/1"}],"replies":[{"embeddable":true,"href":"https:\/\/www.solarwall.com\/fr\/wp-json\/wp\/v2\/comments?post=85"}],"version-history":[{"count":14,"href":"https:\/\/www.solarwall.com\/fr\/wp-json\/wp\/v2\/pages\/85\/revisions"}],"predecessor-version":[{"id":2006,"href":"https:\/\/www.solarwall.com\/fr\/wp-json\/wp\/v2\/pages\/85\/revisions\/2006"}],"up":[{"embeddable":true,"href":"https:\/\/www.solarwall.com\/fr\/wp-json\/wp\/v2\/pages\/37"}],"wp:attachment":[{"href":"https:\/\/www.solarwall.com\/fr\/wp-json\/wp\/v2\/media?parent=85"}],"curies":[{"name":"wp","href":"https:\/\/api.w.org\/{rel}","templated":true}]}}