{"id":87,"date":"2018-07-17T07:06:14","date_gmt":"2018-07-17T07:06:14","guid":{"rendered":"http:\/\/www.solarwall.com\/?page_id=87"},"modified":"2025-04-05T11:50:16","modified_gmt":"2025-04-05T15:50:16","slug":"pv-t","status":"publish","type":"page","link":"https:\/\/www.solarwall.com\/fr\/technology\/pv-t\/","title":{"rendered":"PV\/T"},"content":{"rendered":"<p>[vc_row full_width=\u00a0\u00bbstretch_row_content_no_spaces\u00a0\u00bb][vc_column][rev_slider_vc alias=\u00a0\u00bbsolarwall-pvt\u00a0\u00bb][\/vc_column][\/vc_row][vc_row el_class=\u00a0\u00bbrow-spacing text-center\u00a0\u00bb][vc_column][vc_column_text el_class=\u00a0\u00bbf-size20&Prime;]Les panneaux photovolta\u00efques (PV) convertissent l\u2019\u00e9nergie solaire en \u00e9lectricit\u00e9.SolarWall exploite l&rsquo;\u00e9nergie solaire pour chauffer l&rsquo;air. Avec les nouveaux syst\u00e8mes SolarWall PV\/T, des panneaux photovolta\u00efques sont install\u00e9s sur les panneaux SolarWall,produisant de l&rsquo;\u00e9lectricit\u00e9 et de la chaleur 100% renouvelables \u00e0 partir de la m\u00eame surface.<\/p>\n<p>Cette technologie de cog\u00e9n\u00e9ration est \u00e9galement disponible dans l&rsquo;application de toit SolarDuctPV\/T.[\/vc_column_text][\/vc_column][\/vc_row][vc_row full_width=\u00a0\u00bbstretch_row\u00a0\u00bb el_class=\u00a0\u00bbrow-spacing\u00a0\u00bb css=\u00a0\u00bb.vc_custom_1533544118164{background-color: #f3f3f3 !important;}\u00a0\u00bb][vc_column][vc_column_text el_class=\u00a0\u00bbtext-center f-size18&Prime;]<\/p>\n<h3>Comment \u00e7a marche<\/h3>\n<p>[\/vc_column_text][vc_single_image image=\u00a0\u00bb626&Prime; img_size=\u00a0\u00bbfull\u00a0\u00bb alignment=\u00a0\u00bbcenter\u00a0\u00bb css=\u00a0\u00bb.vc_custom_1533872859129{padding-top: 40px !important;padding-bottom: 30px !important;}\u00a0\u00bb][vc_column_text el_class=\u00a0\u00bbtext-center f-size18&Prime;]<strong>Composant photovolta\u00efque (PV):<\/strong><br \/>\nLes panneaux photovolta\u00efques convertissent le rayonnement solaire en un courant \u00e9lectrique pouvant \u00eatre utilis\u00e9 dans la m\u00eame installation, stock\u00e9 pour une utilisation ult\u00e9rieure ou renvoy\u00e9 au r\u00e9seau \u00e9lectrique pour obtenir des incitations financi\u00e8res. La majeure partie du rayonnement solaire qui frappe les panneaux photovolta\u00efques est toutefois perdue lorsque en \u00e9nergie thermique.<\/p>\n<p><strong>Composant thermique (T):<\/strong><br \/>\nLe syst\u00e8me SolarWall ou SolarDuctse double comme syst\u00e8me de mise en rack PV et \u00e9limine l&rsquo;exc\u00e8s de chaleur des modules PV, augmentant ainsi consid\u00e9rablement leur puissance \u00e9lectrique. La chaleur g\u00e9n\u00e9r\u00e9e par les panneaux de capteurs photovolta\u00efques et solaires est utilis\u00e9e pour chauffer l\u2019air neuf du b\u00e2timent. Les ventilateurs d&rsquo;admission CVC existants aspirent cet air frais et chauff\u00e9 par l&rsquo;\u00e9nergie solaire \u00e0 travers de micro-perforations dans les panneaux SolarWall, par des conduits m\u00e9caniques isol\u00e9s et dans les unit\u00e9s CVC.[\/vc_column_text][\/vc_column][\/vc_row][vc_row full_width=\u00a0\u00bbstretch_row_content_no_spaces\u00a0\u00bb][vc_column][vc_single_image image=\u00a0\u00bb628&Prime; img_size=\u00a0\u00bbfull\u00a0\u00bb alignment=\u00a0\u00bbcenter\u00a0\u00bb][\/vc_column][\/vc_row][vc_row el_class=\u00a0\u00bbrow-spacing\u00a0\u00bb][vc_column][vc_column_text el_class=\u00a0\u00bbtext-center\u00a0\u00bb css=\u00a0\u00bb.vc_custom_1550291511067{padding-bottom: 40px !important;}\u00a0\u00bb]<\/p>\n<h3>Principaux projets<\/h3>\n<p>[\/vc_column_text][vc_row_inner][vc_column_inner width=\u00a0\u00bb1\/4&Prime;][vc_column_text css=\u00a0\u00bb.vc_custom_1533873486042{background-image: url(https:\/\/www.solarwall.com\/wp-content\/uploads\/2018\/08\/pvt-hood-river.jpg?id=630) !important;background-position: center !important;background-repeat: no-repeat !important;background-size: cover !important;}\u00a0\u00bb el_class=\u00a0\u00bbsw-small-thumbs-content\u00a0\u00bb]Tilted Roof Application at<br \/>\nHood River<br \/>\nMiddle School, OR[\/vc_column_text][\/vc_column_inner][vc_column_inner width=\u00a0\u00bb1\/4&Prime;][vc_column_text css=\u00a0\u00bb.vc_custom_1533873494521{background-image: url(https:\/\/www.solarwall.com\/wp-content\/uploads\/2018\/08\/pvt-concordia.jpg?id=632) !important;background-position: center !important;background-repeat: no-repeat !important;background-size: cover !important;}\u00a0\u00bb el_class=\u00a0\u00bbsw-small-thumbs-content\u00a0\u00bb]SolarWall PV\/T<br \/>\nConcordia University,<br \/>\nMontreal, QC[\/vc_column_text][\/vc_column_inner][vc_column_inner width=\u00a0\u00bb1\/4&Prime;][vc_column_text css=\u00a0\u00bb.vc_custom_1533873505217{background-image: url(https:\/\/www.solarwall.com\/wp-content\/uploads\/2018\/08\/pvt-canmet.jpg?id=631) !important;background-position: center !important;background-repeat: no-repeat !important;background-size: cover !important;}\u00a0\u00bb el_class=\u00a0\u00bbsw-small-thumbs-content\u00a0\u00bb]SolarWall PV\/T<br \/>\nNatural Resources Canada<br \/>\nCANMET Laboratory, ON[\/vc_column_text][\/vc_column_inner][vc_column_inner width=\u00a0\u00bb1\/4&Prime;][vc_column_text css=\u00a0\u00bb.vc_custom_1533873514369{background-image: url(https:\/\/www.solarwall.com\/wp-content\/uploads\/2018\/08\/pvt-fort-frances.jpg?id=629) !important;background-position: center !important;background-repeat: no-repeat !important;background-size: cover !important;}\u00a0\u00bb el_class=\u00a0\u00bbsw-small-thumbs-content\u00a0\u00bb]SolarDuct PVIT<br \/>\nSt. Francis School<br \/>\nFort Frances, ON[\/vc_column_text][\/vc_column_inner][\/vc_row_inner][\/vc_column][\/vc_row][vc_row full_width=\u00a0\u00bbstretch_row\u00a0\u00bb el_class=\u00a0\u00bbrow-spacing\u00a0\u00bb css=\u00a0\u00bb.vc_custom_1531904945590{background-color: #ebebeb !important;}\u00a0\u00bb][vc_column][vc_widget_sidebar sidebar_id=\u00a0\u00bbfooter_sidebar_text\u00a0\u00bb el_class=\u00a0\u00bbtext-center f-size18&Prime;][\/vc_column][\/vc_row][vc_row el_class=\u00a0\u00bbmembers-area-footer\u00a0\u00bb][vc_column width=\u00a0\u00bb1\/2&Prime;][vc_custom_heading text=\u00a0\u00bbAdh\u00e9sions\u00a0\u00bb font_container=\u00a0\u00bbtag:h4|text_align:center|color:%23000000&Prime; use_theme_fonts=\u00a0\u00bbyes\u00a0\u00bb][vc_gallery type=\u00a0\u00bbimage_grid\u00a0\u00bb images=\u00a0\u00bb135,139,140&Prime; img_size=\u00a0\u00bbfull\u00a0\u00bb onclick=\u00a0\u00bb\u00a0\u00bb][\/vc_column][vc_column width=\u00a0\u00bb1\/2&Prime;][vc_custom_heading text=\u00a0\u00bbCertifications\u00a0\u00bb font_container=\u00a0\u00bbtag:h4|text_align:center|color:%23000000&Prime; use_theme_fonts=\u00a0\u00bbyes\u00a0\u00bb][vc_gallery type=\u00a0\u00bbimage_grid\u00a0\u00bb images=\u00a0\u00bb137,136,138,141&Prime; img_size=\u00a0\u00bbfull\u00a0\u00bb onclick=\u00a0\u00bb\u00a0\u00bb][\/vc_column][\/vc_row]<\/p>","protected":false},"excerpt":{"rendered":"<p>[vc_row full_width=\u00a0\u00bbstretch_row_content_no_spaces\u00a0\u00bb][vc_column][rev_slider_vc alias=\u00a0\u00bbsolarwall-pvt\u00a0\u00bb][\/vc_column][\/vc_row][vc_row el_class=\u00a0\u00bbrow-spacing text-center\u00a0\u00bb][vc_column][vc_column_text el_class=\u00a0\u00bbf-size20&Prime;]Les panneaux photovolta\u00efques (PV) convertissent l\u2019\u00e9nergie solaire en \u00e9lectricit\u00e9.SolarWall exploite l&rsquo;\u00e9nergie solaire pour chauffer l&rsquo;air. Avec les nouveaux syst\u00e8mes SolarWall PV\/T, des panneaux photovolta\u00efques sont install\u00e9s sur les panneaux SolarWall,produisant de l&rsquo;\u00e9lectricit\u00e9 et de la chaleur 100% renouvelables \u00e0 partir de la m\u00eame surface. Cette technologie de cog\u00e9n\u00e9ration est \u00e9galement &hellip; <\/p>\n<p class=\"link-more\"><a href=\"https:\/\/www.solarwall.com\/fr\/technology\/pv-t\/\" class=\"more-link\">Continue reading<span class=\"screen-reader-text\"> \u00ab\u00a0PV\/T\u00a0\u00bb<\/span><\/a><\/p>\n","protected":false},"author":1,"featured_media":0,"parent":37,"menu_order":0,"comment_status":"closed","ping_status":"closed","template":"full-wdith.php","meta":{"footnotes":""},"class_list":["post-87","page","type-page","status-publish","hentry"],"yoast_head":"<!-- This site is optimized with the Yoast SEO plugin v24.8.1 - https:\/\/yoast.com\/wordpress\/plugins\/seo\/ -->\n<title>PV\/T - SolarWall<\/title>\n<meta name=\"description\" content=\"L&#039;\u00e9nergie photovolta\u00efque convertit l&#039;\u00e9nergie solaire en \u00e9lectricit\u00e9. Profitez de l&#039;\u00e9nergie solaire pour chauffer l&#039;air.La energ\u00eda fotovoltaica convierte la energ\u00eda solar en electricidad. Aprovecha la energ\u00eda solar para calentar el aire.\" \/>\n<meta name=\"robots\" content=\"index, follow, max-snippet:-1, max-image-preview:large, max-video-preview:-1\" \/>\n<link rel=\"canonical\" href=\"https:\/\/www.solarwall.com\/fr\/technology\/pv-t\/\" \/>\n<meta property=\"og:locale\" content=\"fr_FR\" \/>\n<meta property=\"og:type\" content=\"article\" \/>\n<meta property=\"og:title\" content=\"PV\/T - SolarWall\" \/>\n<meta property=\"og:description\" content=\"{:en}Photovoltaic energy converts solar energy into electricity. Take advantage of solar energy to heat the air.{:es}La energ\u00eda fotovoltaica convierte la energ\u00eda solar en electricidad. Aprovecha la energ\u00eda solar para calentar el aire.La energ\u00eda fotovoltaica convierte la energ\u00eda solar en electricidad. Aprovecha la energ\u00eda solar para calentar el aire.{:fr}L&#039;\u00e9nergie photovolta\u00efque convertit l&#039;\u00e9nergie solaire en \u00e9lectricit\u00e9. Profitez de l&#039;\u00e9nergie solaire pour chauffer l&#039;air.La energ\u00eda fotovoltaica convierte la energ\u00eda solar en electricidad. Aprovecha la energ\u00eda solar para calentar el aire.{:}\" \/>\n<meta property=\"og:url\" content=\"https:\/\/www.solarwall.com\/technology\/pv-t\/\" \/>\n<meta property=\"og:site_name\" content=\"SolarWall\" \/>\n<meta property=\"article:modified_time\" content=\"2025-04-05T15:50:16+00:00\" \/>\n<meta name=\"twitter:card\" content=\"summary_large_image\" \/>\n<meta name=\"twitter:label1\" content=\"Dur\u00e9e de lecture estim\u00e9e\" \/>\n\t<meta name=\"twitter:data1\" content=\"10 minutes\" \/>\n<script type=\"application\/ld+json\" class=\"yoast-schema-graph\">{\"@context\":\"https:\/\/schema.org\",\"@graph\":[{\"@type\":\"WebPage\",\"@id\":\"https:\/\/www.solarwall.com\/technology\/pv-t\/\",\"url\":\"https:\/\/www.solarwall.com\/technology\/pv-t\/\",\"name\":\"PV\/T - SolarWall\",\"isPartOf\":{\"@id\":\"https:\/\/www.solarwall.com\/#website\"},\"datePublished\":\"2018-07-17T07:06:14+00:00\",\"dateModified\":\"2025-04-05T15:50:16+00:00\",\"description\":\"{:en}Photovoltaic energy converts solar energy into electricity. Take advantage of solar energy to heat the air.{:es}La energ\u00eda fotovoltaica convierte la energ\u00eda solar en electricidad. Aprovecha la energ\u00eda solar para calentar el aire.La energ\u00eda fotovoltaica convierte la energ\u00eda solar en electricidad. Aprovecha la energ\u00eda solar para calentar el aire.{:fr}L'\u00e9nergie photovolta\u00efque convertit l'\u00e9nergie solaire en \u00e9lectricit\u00e9. Profitez de l'\u00e9nergie solaire pour chauffer l'air.La energ\u00eda fotovoltaica convierte la energ\u00eda solar en electricidad. Aprovecha la energ\u00eda solar para calentar el aire.{:}\",\"breadcrumb\":{\"@id\":\"https:\/\/www.solarwall.com\/technology\/pv-t\/#breadcrumb\"},\"inLanguage\":\"fr-FR\",\"potentialAction\":[{\"@type\":\"ReadAction\",\"target\":[\"https:\/\/www.solarwall.com\/technology\/pv-t\/\"]}]},{\"@type\":\"BreadcrumbList\",\"@id\":\"https:\/\/www.solarwall.com\/technology\/pv-t\/#breadcrumb\",\"itemListElement\":[{\"@type\":\"ListItem\",\"position\":1,\"name\":\"Home\",\"item\":\"https:\/\/www.solarwall.com\/\"},{\"@type\":\"ListItem\",\"position\":2,\"name\":\"Technology\",\"item\":\"https:\/\/www.solarwall.com\/technology\/\"},{\"@type\":\"ListItem\",\"position\":3,\"name\":\"PV\/T\"}]},{\"@type\":\"WebSite\",\"@id\":\"https:\/\/www.solarwall.com\/#website\",\"url\":\"https:\/\/www.solarwall.com\/\",\"name\":\"SolarWall\",\"description\":\"\",\"publisher\":{\"@id\":\"https:\/\/www.solarwall.com\/#organization\"},\"potentialAction\":[{\"@type\":\"SearchAction\",\"target\":{\"@type\":\"EntryPoint\",\"urlTemplate\":\"https:\/\/www.solarwall.com\/?s={search_term_string}\"},\"query-input\":{\"@type\":\"PropertyValueSpecification\",\"valueRequired\":true,\"valueName\":\"search_term_string\"}}],\"inLanguage\":\"fr-FR\"},{\"@type\":\"Organization\",\"@id\":\"https:\/\/www.solarwall.com\/#organization\",\"name\":\"SolarWall\",\"url\":\"https:\/\/www.solarwall.com\/\",\"logo\":{\"@type\":\"ImageObject\",\"inLanguage\":\"fr-FR\",\"@id\":\"https:\/\/www.solarwall.com\/#\/schema\/logo\/image\/\",\"url\":\"https:\/\/www.solarwall.com\/wp-content\/uploads\/2018\/07\/logo.png\",\"contentUrl\":\"https:\/\/www.solarwall.com\/wp-content\/uploads\/2018\/07\/logo.png\",\"width\":215,\"height\":105,\"caption\":\"SolarWall\"},\"image\":{\"@id\":\"https:\/\/www.solarwall.com\/#\/schema\/logo\/image\/\"}}]}<\/script>\n<!-- \/ Yoast SEO plugin. -->","yoast_head_json":{"title":"PV\/T - SolarWall","description":"L'\u00e9nergie photovolta\u00efque convertit l'\u00e9nergie solaire en \u00e9lectricit\u00e9. Profitez de l'\u00e9nergie solaire pour chauffer l'air.La energ\u00eda fotovoltaica convierte la energ\u00eda solar en electricidad. Aprovecha la energ\u00eda solar para calentar el aire.","robots":{"index":"index","follow":"follow","max-snippet":"max-snippet:-1","max-image-preview":"max-image-preview:large","max-video-preview":"max-video-preview:-1"},"canonical":"https:\/\/www.solarwall.com\/fr\/technology\/pv-t\/","og_locale":"fr_FR","og_type":"article","og_title":"PV\/T - SolarWall","og_description":"{:en}Photovoltaic energy converts solar energy into electricity. Take advantage of solar energy to heat the air.{:es}La energ\u00eda fotovoltaica convierte la energ\u00eda solar en electricidad. Aprovecha la energ\u00eda solar para calentar el aire.La energ\u00eda fotovoltaica convierte la energ\u00eda solar en electricidad. Aprovecha la energ\u00eda solar para calentar el aire.{:fr}L'\u00e9nergie photovolta\u00efque convertit l'\u00e9nergie solaire en \u00e9lectricit\u00e9. Profitez de l'\u00e9nergie solaire pour chauffer l'air.La energ\u00eda fotovoltaica convierte la energ\u00eda solar en electricidad. Aprovecha la energ\u00eda solar para calentar el aire.{:}","og_url":"https:\/\/www.solarwall.com\/technology\/pv-t\/","og_site_name":"SolarWall","article_modified_time":"2025-04-05T15:50:16+00:00","twitter_card":"summary_large_image","twitter_misc":{"Dur\u00e9e de lecture estim\u00e9e":"10 minutes"},"schema":{"@context":"https:\/\/schema.org","@graph":[{"@type":"WebPage","@id":"https:\/\/www.solarwall.com\/technology\/pv-t\/","url":"https:\/\/www.solarwall.com\/technology\/pv-t\/","name":"PV\/T - SolarWall","isPartOf":{"@id":"https:\/\/www.solarwall.com\/#website"},"datePublished":"2018-07-17T07:06:14+00:00","dateModified":"2025-04-05T15:50:16+00:00","description":"{:en}Photovoltaic energy converts solar energy into electricity. Take advantage of solar energy to heat the air.{:es}La energ\u00eda fotovoltaica convierte la energ\u00eda solar en electricidad. Aprovecha la energ\u00eda solar para calentar el aire.La energ\u00eda fotovoltaica convierte la energ\u00eda solar en electricidad. Aprovecha la energ\u00eda solar para calentar el aire.{:fr}L'\u00e9nergie photovolta\u00efque convertit l'\u00e9nergie solaire en \u00e9lectricit\u00e9. Profitez de l'\u00e9nergie solaire pour chauffer l'air.La energ\u00eda fotovoltaica convierte la energ\u00eda solar en electricidad. Aprovecha la energ\u00eda solar para calentar el aire.{:}","breadcrumb":{"@id":"https:\/\/www.solarwall.com\/technology\/pv-t\/#breadcrumb"},"inLanguage":"fr-FR","potentialAction":[{"@type":"ReadAction","target":["https:\/\/www.solarwall.com\/technology\/pv-t\/"]}]},{"@type":"BreadcrumbList","@id":"https:\/\/www.solarwall.com\/technology\/pv-t\/#breadcrumb","itemListElement":[{"@type":"ListItem","position":1,"name":"Home","item":"https:\/\/www.solarwall.com\/"},{"@type":"ListItem","position":2,"name":"Technology","item":"https:\/\/www.solarwall.com\/technology\/"},{"@type":"ListItem","position":3,"name":"PV\/T"}]},{"@type":"WebSite","@id":"https:\/\/www.solarwall.com\/#website","url":"https:\/\/www.solarwall.com\/","name":"SolarWall","description":"","publisher":{"@id":"https:\/\/www.solarwall.com\/#organization"},"potentialAction":[{"@type":"SearchAction","target":{"@type":"EntryPoint","urlTemplate":"https:\/\/www.solarwall.com\/?s={search_term_string}"},"query-input":{"@type":"PropertyValueSpecification","valueRequired":true,"valueName":"search_term_string"}}],"inLanguage":"fr-FR"},{"@type":"Organization","@id":"https:\/\/www.solarwall.com\/#organization","name":"SolarWall","url":"https:\/\/www.solarwall.com\/","logo":{"@type":"ImageObject","inLanguage":"fr-FR","@id":"https:\/\/www.solarwall.com\/#\/schema\/logo\/image\/","url":"https:\/\/www.solarwall.com\/wp-content\/uploads\/2018\/07\/logo.png","contentUrl":"https:\/\/www.solarwall.com\/wp-content\/uploads\/2018\/07\/logo.png","width":215,"height":105,"caption":"SolarWall"},"image":{"@id":"https:\/\/www.solarwall.com\/#\/schema\/logo\/image\/"}}]}},"_links":{"self":[{"href":"https:\/\/www.solarwall.com\/fr\/wp-json\/wp\/v2\/pages\/87","targetHints":{"allow":["GET"]}}],"collection":[{"href":"https:\/\/www.solarwall.com\/fr\/wp-json\/wp\/v2\/pages"}],"about":[{"href":"https:\/\/www.solarwall.com\/fr\/wp-json\/wp\/v2\/types\/page"}],"author":[{"embeddable":true,"href":"https:\/\/www.solarwall.com\/fr\/wp-json\/wp\/v2\/users\/1"}],"replies":[{"embeddable":true,"href":"https:\/\/www.solarwall.com\/fr\/wp-json\/wp\/v2\/comments?post=87"}],"version-history":[{"count":8,"href":"https:\/\/www.solarwall.com\/fr\/wp-json\/wp\/v2\/pages\/87\/revisions"}],"predecessor-version":[{"id":1980,"href":"https:\/\/www.solarwall.com\/fr\/wp-json\/wp\/v2\/pages\/87\/revisions\/1980"}],"up":[{"embeddable":true,"href":"https:\/\/www.solarwall.com\/fr\/wp-json\/wp\/v2\/pages\/37"}],"wp:attachment":[{"href":"https:\/\/www.solarwall.com\/fr\/wp-json\/wp\/v2\/media?parent=87"}],"curies":[{"name":"wp","href":"https:\/\/api.w.org\/{rel}","templated":true}]}}