{"id":89,"date":"2018-07-17T07:06:31","date_gmt":"2018-07-17T07:06:31","guid":{"rendered":"http:\/\/www.solarwall.com\/?page_id=89"},"modified":"2021-03-19T06:59:30","modified_gmt":"2021-03-19T10:59:30","slug":"nightsolar","status":"publish","type":"page","link":"https:\/\/www.solarwall.com\/fr\/technology\/nightsolar\/","title":{"rendered":"NightSolar"},"content":{"rendered":"<p>[vc_row full_width=\u00a0\u00bbstretch_row_content_no_spaces\u00a0\u00bb][vc_column][rev_slider_vc alias=\u00a0\u00bbnight-solar\u00a0\u00bb][\/vc_column][\/vc_row][vc_row el_class=\u00a0\u00bbrow-spacing\u00a0\u00bb][vc_column][vc_column_text el_class=\u00a0\u00bbtext-center f-size18&Prime;]<\/p>\n<h3>SolarWall NightSolar<\/h3>\n<p>Les syst\u00e8mes NightSolar<sup>\u00ae<\/sup> peuvent \u00eatre configur\u00e9s pour offrir une production d&rsquo;\u00e9nergie solaire et remplacer l\u2019\u00e9nergie conventionnelle jusqu&rsquo;\u00e0 24 heures par jour, toute l&rsquo;ann\u00e9e. Cela est possible car la surface du capteur SolarWall peut \u00eatre utilis\u00e9e \u00e0 la fois pour le refroidissement (pendant les mois les plus chauds) et pour le chauffage (pendant les mois les plus froids). Le r\u00e9sultat final pour le propri\u00e9taire du b\u00e2timent est une \u00e9conomie d&rsquo;\u00e9nergie substantielle r\u00e9alis\u00e9e en r\u00e9duisant les co\u00fbts de chauffage et de chauffage jusqu&rsquo;\u00e0 50%.<\/p>\n<p>Les syst\u00e8mes NightSolar<sup>\u00ae<\/sup> suppriment l&rsquo;\u00e9nergie de l&rsquo;air pour refroidir les b\u00e2timents sans utiliser de compresseurs ou de syst\u00e8mes de r\u00e9frig\u00e9ration.Cette technologie de refroidissement solaire est bas\u00e9esur le principe scientifique du refroidissement nocturne par rayonnement,qui permet de refroidir un toit jusqu&rsquo;\u00e0 10 \u00b0 C sous la temp\u00e9rature ambiante dans une nuit claire. Lorsque l&rsquo;air chaud de la nuit touche la surface plus froide du panneau NightSolar<sup>\u00ae<\/sup>, la chaleur est transf\u00e9r\u00e9e \u00e0 la surface, ce qui refroidit l&rsquo;air en irradiant la chaleur vers le ciel nocturne froid.L&rsquo;air refroidi est introduit \u00e0 travers les microperforations du panneau et entre dans l&rsquo;unit\u00e9 CVC par un cycle \u00e9conomiseur. Ce refroidissement a la capacit\u00e9 de r\u00e9duire ou m\u00eame de d\u00e9placer la climatisation classique du coucher au lever du soleil. Pendant la journ\u00e9e, le syst\u00e8me NightSolar<sup>\u00ae<\/sup> maintient le toit dans l&rsquo;obscurit\u00e9 et r\u00e9duit ainsi les gains de chaleur diurnes normalement transmis par le toit.[\/vc_column_text][\/vc_column][\/vc_row][vc_row el_class=\u00a0\u00bbrow-spacing-down\u00a0\u00bb][vc_column width=\u00a0\u00bb1\/2&Prime;][vc_custom_heading text=\u00a0\u00bbFigure 1&Prime; font_container=\u00a0\u00bbtag:h5|text_align:center|color:%23000000&Prime; use_theme_fonts=\u00a0\u00bbyes\u00a0\u00bb css=\u00a0\u00bb.vc_custom_1531891990377{padding-bottom: 30px !important;}\u00a0\u00bb][vc_single_image image=\u00a0\u00bb1075&Prime; img_size=\u00a0\u00bbfull\u00a0\u00bb alignment=\u00a0\u00bbcenter\u00a0\u00bb][\/vc_column][vc_column width=\u00a0\u00bb1\/2&Prime;][vc_custom_heading text=\u00a0\u00bbFigure 2&Prime; font_container=\u00a0\u00bbtag:h5|text_align:center|color:%23000000&Prime; use_theme_fonts=\u00a0\u00bbyes\u00a0\u00bb css=\u00a0\u00bb.vc_custom_1531891999323{padding-bottom: 30px !important;}\u00a0\u00bb][vc_single_image image=\u00a0\u00bb1138&Prime; img_size=\u00a0\u00bbfull\u00a0\u00bb alignment=\u00a0\u00bbcenter\u00a0\u00bb][\/vc_column][\/vc_row][vc_row el_class=\u00a0\u00bbrow-spacing\u00a0\u00bb][vc_column][vc_column_text el_class=\u00a0\u00bbtext-center f-size18&Prime;]Les r\u00e9centes installations NightSolar<sup>\u00ae<\/sup> surveill\u00e9es sur le terrain indiquent jusqu&rsquo;\u00e0 50% d&rsquo;\u00e9conomies globales de refroidissement sur les b\u00e2timents \u00e0 l&rsquo;aide de ventilateurs et d&rsquo;\u00e9conomiseurs existants. Et la technologie peut \u00e9galement \u00eatre utilis\u00e9e pour g\u00e9n\u00e9rer encore du chauffage diurne.<\/p>\n<p>Les syst\u00e8mes NightSolar<sup>\u00ae<\/sup> utilisent une conception de toit ventil\u00e9 (\u00e9galement appel\u00e9e ventilation au-dessus du rev\u00eatement) qui est hautement souhaitable pour tous les b\u00e2timents dot\u00e9s de toits en m\u00e9tal.Cela r\u00e9duit le refroidissement diurne par l&rsquo;ombre et la ventilation du toit,ce qui signifie que la chaleur solaire ind\u00e9sirable est naturellement ventil\u00e9e lors du s\u00e9chage de la condensation \u00e9ventuellement pr\u00e9sente sur le toit.<\/p>\n<p>Le laboratoire national Oak Ridge a d\u00e9clar\u00e9: \u00ab<em>Nous avons d\u00e9couvert par hasard la deuxi\u00e8me avanc\u00e9e majeure en mati\u00e8re de toiture pour notre si\u00e8cle: nous avons constat\u00e9 que le fait de soulever le toit de la terrasse pour induire une ventilation au-dessus du rev\u00eatement est aussi important que l\u2019augmentation de la r\u00e9flexion solaire et qu\u2019il peut \u00eatre le plus puissant pour r\u00e9duire le gain de chaleur sur le toit. La combinaison des deux permet de r\u00e9duire les gains de chaleur par le toit de 50% par rapport aux toits en bardeaux d\u2019asphalte clou\u00e9s.<\/em> \u201c[\/vc_column_text][\/vc_column][\/vc_row][vc_row el_class=\u00a0\u00bbrow-spacing\u00a0\u00bb][vc_column][vc_column_text el_class=\u00a0\u00bbtext-center\u00a0\u00bb]<\/p>\n<h3>Choix de couleurs puissant<\/h3>\n<p>[\/vc_column_text][vc_widget_sidebar sidebar_id=\u00a0\u00bbcolor-pallete-sidebar\u00a0\u00bb][\/vc_column][\/vc_row][vc_row full_width=\u00a0\u00bbstretch_row\u00a0\u00bb el_class=\u00a0\u00bbrow-spacing\u00a0\u00bb css=\u00a0\u00bb.vc_custom_1531904945590{background-color: #ebebeb !important;}\u00a0\u00bb][vc_column css=\u00a0\u00bb.vc_custom_1540529430458{border-bottom-width: 30px !important;}\u00a0\u00bb][vc_widget_sidebar sidebar_id=\u00a0\u00bbfooter_sidebar_text\u00a0\u00bb el_class=\u00a0\u00bbtext-center f-size18&Prime;][\/vc_column][\/vc_row]<\/p>","protected":false},"excerpt":{"rendered":"<p>[vc_row full_width=\u00a0\u00bbstretch_row_content_no_spaces\u00a0\u00bb][vc_column][rev_slider_vc alias=\u00a0\u00bbnight-solar\u00a0\u00bb][\/vc_column][\/vc_row][vc_row el_class=\u00a0\u00bbrow-spacing\u00a0\u00bb][vc_column][vc_column_text el_class=\u00a0\u00bbtext-center f-size18&Prime;] SolarWall NightSolar Les syst\u00e8mes NightSolar\u00ae peuvent \u00eatre configur\u00e9s pour offrir une production d&rsquo;\u00e9nergie solaire et remplacer l\u2019\u00e9nergie conventionnelle jusqu&rsquo;\u00e0 24 heures par jour, toute l&rsquo;ann\u00e9e. Cela est possible car la surface du capteur SolarWall peut \u00eatre utilis\u00e9e \u00e0 la fois pour le refroidissement (pendant les mois les plus chauds) &hellip; <\/p>\n<p class=\"link-more\"><a href=\"https:\/\/www.solarwall.com\/fr\/technology\/nightsolar\/\" class=\"more-link\">Continue reading<span class=\"screen-reader-text\"> \u00ab\u00a0NightSolar\u00a0\u00bb<\/span><\/a><\/p>\n","protected":false},"author":1,"featured_media":0,"parent":37,"menu_order":0,"comment_status":"closed","ping_status":"closed","template":"full-wdith.php","meta":{"footnotes":""},"class_list":["post-89","page","type-page","status-publish","hentry"],"yoast_head":"<!-- This site is optimized with the Yoast SEO plugin v24.8.1 - https:\/\/yoast.com\/wordpress\/plugins\/seo\/ -->\n<title>NightSolar - SolarWall<\/title>\n<meta name=\"description\" content=\"NightSolar systems can be configured to offer solar energy generation and remove energy from the air to cool buildings.\" \/>\n<meta name=\"robots\" content=\"index, follow, max-snippet:-1, max-image-preview:large, max-video-preview:-1\" \/>\n<link rel=\"canonical\" href=\"https:\/\/www.solarwall.com\/fr\/technology\/nightsolar\/\" \/>\n<meta property=\"og:locale\" content=\"fr_FR\" \/>\n<meta property=\"og:type\" content=\"article\" \/>\n<meta property=\"og:title\" content=\"NightSolar - SolarWall\" \/>\n<meta property=\"og:description\" content=\"NightSolar systems can be configured to offer solar energy generation and remove energy from the air to cool buildings.\" \/>\n<meta property=\"og:url\" content=\"https:\/\/www.solarwall.com\/technology\/nightsolar\/\" \/>\n<meta property=\"og:site_name\" content=\"SolarWall\" \/>\n<meta property=\"article:modified_time\" content=\"2021-03-19T10:59:30+00:00\" \/>\n<meta name=\"twitter:card\" content=\"summary_large_image\" \/>\n<meta name=\"twitter:label1\" content=\"Dur\u00e9e de lecture estim\u00e9e\" \/>\n\t<meta name=\"twitter:data1\" content=\"10 minutes\" \/>\n<script type=\"application\/ld+json\" class=\"yoast-schema-graph\">{\"@context\":\"https:\/\/schema.org\",\"@graph\":[{\"@type\":\"WebPage\",\"@id\":\"https:\/\/www.solarwall.com\/technology\/nightsolar\/\",\"url\":\"https:\/\/www.solarwall.com\/technology\/nightsolar\/\",\"name\":\"NightSolar - SolarWall\",\"isPartOf\":{\"@id\":\"https:\/\/www.solarwall.com\/#website\"},\"datePublished\":\"2018-07-17T07:06:31+00:00\",\"dateModified\":\"2021-03-19T10:59:30+00:00\",\"description\":\"NightSolar systems can be configured to offer solar energy generation and remove energy from the air to cool buildings.\",\"breadcrumb\":{\"@id\":\"https:\/\/www.solarwall.com\/technology\/nightsolar\/#breadcrumb\"},\"inLanguage\":\"fr-FR\",\"potentialAction\":[{\"@type\":\"ReadAction\",\"target\":[\"https:\/\/www.solarwall.com\/technology\/nightsolar\/\"]}]},{\"@type\":\"BreadcrumbList\",\"@id\":\"https:\/\/www.solarwall.com\/technology\/nightsolar\/#breadcrumb\",\"itemListElement\":[{\"@type\":\"ListItem\",\"position\":1,\"name\":\"Home\",\"item\":\"https:\/\/www.solarwall.com\/\"},{\"@type\":\"ListItem\",\"position\":2,\"name\":\"Technology\",\"item\":\"https:\/\/www.solarwall.com\/technology\/\"},{\"@type\":\"ListItem\",\"position\":3,\"name\":\"NightSolar\"}]},{\"@type\":\"WebSite\",\"@id\":\"https:\/\/www.solarwall.com\/#website\",\"url\":\"https:\/\/www.solarwall.com\/\",\"name\":\"SolarWall\",\"description\":\"\",\"publisher\":{\"@id\":\"https:\/\/www.solarwall.com\/#organization\"},\"potentialAction\":[{\"@type\":\"SearchAction\",\"target\":{\"@type\":\"EntryPoint\",\"urlTemplate\":\"https:\/\/www.solarwall.com\/?s={search_term_string}\"},\"query-input\":{\"@type\":\"PropertyValueSpecification\",\"valueRequired\":true,\"valueName\":\"search_term_string\"}}],\"inLanguage\":\"fr-FR\"},{\"@type\":\"Organization\",\"@id\":\"https:\/\/www.solarwall.com\/#organization\",\"name\":\"SolarWall\",\"url\":\"https:\/\/www.solarwall.com\/\",\"logo\":{\"@type\":\"ImageObject\",\"inLanguage\":\"fr-FR\",\"@id\":\"https:\/\/www.solarwall.com\/#\/schema\/logo\/image\/\",\"url\":\"https:\/\/www.solarwall.com\/wp-content\/uploads\/2018\/07\/logo.png\",\"contentUrl\":\"https:\/\/www.solarwall.com\/wp-content\/uploads\/2018\/07\/logo.png\",\"width\":215,\"height\":105,\"caption\":\"SolarWall\"},\"image\":{\"@id\":\"https:\/\/www.solarwall.com\/#\/schema\/logo\/image\/\"}}]}<\/script>\n<!-- \/ Yoast SEO plugin. -->","yoast_head_json":{"title":"NightSolar - SolarWall","description":"NightSolar systems can be configured to offer solar energy generation and remove energy from the air to cool buildings.","robots":{"index":"index","follow":"follow","max-snippet":"max-snippet:-1","max-image-preview":"max-image-preview:large","max-video-preview":"max-video-preview:-1"},"canonical":"https:\/\/www.solarwall.com\/fr\/technology\/nightsolar\/","og_locale":"fr_FR","og_type":"article","og_title":"NightSolar - SolarWall","og_description":"NightSolar systems can be configured to offer solar energy generation and remove energy from the air to cool buildings.","og_url":"https:\/\/www.solarwall.com\/technology\/nightsolar\/","og_site_name":"SolarWall","article_modified_time":"2021-03-19T10:59:30+00:00","twitter_card":"summary_large_image","twitter_misc":{"Dur\u00e9e de lecture estim\u00e9e":"10 minutes"},"schema":{"@context":"https:\/\/schema.org","@graph":[{"@type":"WebPage","@id":"https:\/\/www.solarwall.com\/technology\/nightsolar\/","url":"https:\/\/www.solarwall.com\/technology\/nightsolar\/","name":"NightSolar - SolarWall","isPartOf":{"@id":"https:\/\/www.solarwall.com\/#website"},"datePublished":"2018-07-17T07:06:31+00:00","dateModified":"2021-03-19T10:59:30+00:00","description":"NightSolar systems can be configured to offer solar energy generation and remove energy from the air to cool buildings.","breadcrumb":{"@id":"https:\/\/www.solarwall.com\/technology\/nightsolar\/#breadcrumb"},"inLanguage":"fr-FR","potentialAction":[{"@type":"ReadAction","target":["https:\/\/www.solarwall.com\/technology\/nightsolar\/"]}]},{"@type":"BreadcrumbList","@id":"https:\/\/www.solarwall.com\/technology\/nightsolar\/#breadcrumb","itemListElement":[{"@type":"ListItem","position":1,"name":"Home","item":"https:\/\/www.solarwall.com\/"},{"@type":"ListItem","position":2,"name":"Technology","item":"https:\/\/www.solarwall.com\/technology\/"},{"@type":"ListItem","position":3,"name":"NightSolar"}]},{"@type":"WebSite","@id":"https:\/\/www.solarwall.com\/#website","url":"https:\/\/www.solarwall.com\/","name":"SolarWall","description":"","publisher":{"@id":"https:\/\/www.solarwall.com\/#organization"},"potentialAction":[{"@type":"SearchAction","target":{"@type":"EntryPoint","urlTemplate":"https:\/\/www.solarwall.com\/?s={search_term_string}"},"query-input":{"@type":"PropertyValueSpecification","valueRequired":true,"valueName":"search_term_string"}}],"inLanguage":"fr-FR"},{"@type":"Organization","@id":"https:\/\/www.solarwall.com\/#organization","name":"SolarWall","url":"https:\/\/www.solarwall.com\/","logo":{"@type":"ImageObject","inLanguage":"fr-FR","@id":"https:\/\/www.solarwall.com\/#\/schema\/logo\/image\/","url":"https:\/\/www.solarwall.com\/wp-content\/uploads\/2018\/07\/logo.png","contentUrl":"https:\/\/www.solarwall.com\/wp-content\/uploads\/2018\/07\/logo.png","width":215,"height":105,"caption":"SolarWall"},"image":{"@id":"https:\/\/www.solarwall.com\/#\/schema\/logo\/image\/"}}]}},"_links":{"self":[{"href":"https:\/\/www.solarwall.com\/fr\/wp-json\/wp\/v2\/pages\/89","targetHints":{"allow":["GET"]}}],"collection":[{"href":"https:\/\/www.solarwall.com\/fr\/wp-json\/wp\/v2\/pages"}],"about":[{"href":"https:\/\/www.solarwall.com\/fr\/wp-json\/wp\/v2\/types\/page"}],"author":[{"embeddable":true,"href":"https:\/\/www.solarwall.com\/fr\/wp-json\/wp\/v2\/users\/1"}],"replies":[{"embeddable":true,"href":"https:\/\/www.solarwall.com\/fr\/wp-json\/wp\/v2\/comments?post=89"}],"version-history":[{"count":3,"href":"https:\/\/www.solarwall.com\/fr\/wp-json\/wp\/v2\/pages\/89\/revisions"}],"predecessor-version":[{"id":1310,"href":"https:\/\/www.solarwall.com\/fr\/wp-json\/wp\/v2\/pages\/89\/revisions\/1310"}],"up":[{"embeddable":true,"href":"https:\/\/www.solarwall.com\/fr\/wp-json\/wp\/v2\/pages\/37"}],"wp:attachment":[{"href":"https:\/\/www.solarwall.com\/fr\/wp-json\/wp\/v2\/media?parent=89"}],"curies":[{"name":"wp","href":"https:\/\/api.w.org\/{rel}","templated":true}]}}