{"id":93,"date":"2018-07-17T07:07:04","date_gmt":"2018-07-17T07:07:04","guid":{"rendered":"http:\/\/www.solarwall.com\/?page_id=93"},"modified":"2025-04-05T11:47:44","modified_gmt":"2025-04-05T15:47:44","slug":"aviation","status":"publish","type":"page","link":"https:\/\/www.solarwall.com\/fr\/industries\/aviation\/","title":{"rendered":"Aviation"},"content":{"rendered":"<p>[vc_row full_width=\u00a0\u00bbstretch_row_content_no_spaces\u00a0\u00bb][vc_column][rev_slider_vc alias=\u00a0\u00bbairports\u00a0\u00bb][\/vc_column][\/vc_row][vc_row el_class=\u00a0\u00bbrow-spacing-up\u00a0\u00bb][vc_column width=\u00a0\u00bb2\/3&Prime;][vc_column_text el_class=\u00a0\u00bbf-size18&Prime;]<\/p>\n<h3>Le ciel est la limite<\/h3>\n<p>Les syst\u00e8mes SolarWall ont \u00e9t\u00e9 int\u00e9gr\u00e9s dans une vari\u00e9t\u00e9 de styles et de configurations techniques afin de permettre des r\u00e9ductions d\u2019\u00e9nergie significatives dans le domaine de l\u2019aviation.Les syst\u00e8mes SolarWall sont syst\u00e9matiquement sp\u00e9cifi\u00e9s pour les b\u00e2timents de hangar afin de faire face aux \u00e9normes co\u00fbts de chauffage associ\u00e9s.Les syst\u00e8mes SolarWall apportent \u00e9galement deux avantages suppl\u00e9mentaires aux hangars et aux usines de montage d\u2019a\u00e9ronefs; ils aident \u00e0 la stratification de la pression n\u00e9gative et de la chaleur au plafond (ce qui est tr\u00e8s courant dans les immeubles de grande hauteur).<\/p>\n<p>Chauffer un b\u00e2timent avec de grandes exigences de ventilation dans un climat de chauffage peut \u00eatre une proposition co\u00fbteuse, surtout lorsque plusieurs changements d&rsquo;air par heure sont n\u00e9cessaires.Un syst\u00e8me SolarWall pr\u00e9chauffe l&rsquo;air de ventilation entrant entre 16 et 38 \u00b0C pour un syst\u00e8me SolarWall conventionnel et entre 20 et 55 \u00b0C pour un syst\u00e8me SolarWall \u00e0 2 \u00e9tages.Cela peut r\u00e9duire de 20 \u00e0 50% la charge calorifique du b\u00e2timent.\u00c9tant donn\u00e9 que la technologie r\u00e9chauffe l&rsquo;air frais, elle contribue \u00e9galement \u00e0 garantir un niveau \u00e9lev\u00e9 de qualit\u00e9 et \u00e0 \u00e9galiser la temp\u00e9rature de l&rsquo;air int\u00e9rieur, ce qui constitue un avantage pour les employ\u00e9s travaillant dans l&rsquo;installation.[\/vc_column_text][\/vc_column][vc_column width=\u00a0\u00bb1\/3&Prime;][vc_widget_sidebar sidebar_id=\u00a0\u00bbsidebar-ind\u00a0\u00bb][\/vc_column][\/vc_row][vc_row full_width=\u00a0\u00bbstretch_row\u00a0\u00bb el_class=\u00a0\u00bbrow-spacing review-bgcurve\u00a0\u00bb css=\u00a0\u00bb.vc_custom_1540357353585{background-image: url(https:\/\/www.solarwall.com\/wp-content\/uploads\/2018\/10\/Aviation-shutterstock_1057793813.jpg?id=1089) !important;background-position: center !important;background-repeat: no-repeat !important;background-size: cover !important;}\u00a0\u00bb][vc_column][vc_column_text el_class=\u00a0\u00bbsp-testimonial-free-wrapper\u00a0\u00bb]<span class=\"top-tag-content\">Critique importante<\/span><\/p>\n<div class=\"tfree-client-testimonial\">\n<p class=\"tfree-testimonial-content\">Improving air quality and comfort without increasing space heating costs was a real challenge, especially in our climate, but the SolarWall system did just that. And besides routine care such as oiling the fans, the system is practically maintenance free.<\/p>\n<h4 class=\"tfree-client-name\">Alois First, Plant Engineer at Boeing<\/h4>\n<\/div>\n<p>[\/vc_column_text][\/vc_column][\/vc_row][vc_row full_width=\u00a0\u00bbstretch_row\u00a0\u00bb el_class=\u00a0\u00bbrow-spacing\u00a0\u00bb css=\u00a0\u00bb.vc_custom_1532941088740{background-color: #ebebeb !important;}\u00a0\u00bb][vc_column][vc_widget_sidebar sidebar_id=\u00a0\u00bbquote-widget\u00a0\u00bb el_class=\u00a0\u00bbtext-center f-size18&Prime;][\/vc_column][\/vc_row][vc_row el_class=\u00a0\u00bbmembers-area-footer\u00a0\u00bb][vc_column width=\u00a0\u00bb1\/2&Prime;][vc_custom_heading text=\u00a0\u00bbAdh\u00e9sions\u00a0\u00bb font_container=\u00a0\u00bbtag:h4|text_align:center|color:%23000000&Prime; use_theme_fonts=\u00a0\u00bbyes\u00a0\u00bb][vc_gallery type=\u00a0\u00bbimage_grid\u00a0\u00bb images=\u00a0\u00bb135,139,140&Prime; img_size=\u00a0\u00bbfull\u00a0\u00bb onclick=\u00a0\u00bb\u00a0\u00bb][\/vc_column][vc_column width=\u00a0\u00bb1\/2&Prime;][vc_custom_heading text=\u00a0\u00bbCertifications\u00a0\u00bb font_container=\u00a0\u00bbtag:h4|text_align:center|color:%23000000&Prime; use_theme_fonts=\u00a0\u00bbyes\u00a0\u00bb][vc_gallery type=\u00a0\u00bbimage_grid\u00a0\u00bb images=\u00a0\u00bb137,136,138,141&Prime; img_size=\u00a0\u00bbfull\u00a0\u00bb onclick=\u00a0\u00bb\u00a0\u00bb][\/vc_column][\/vc_row]<\/p>","protected":false},"excerpt":{"rendered":"<p>[vc_row full_width=\u00a0\u00bbstretch_row_content_no_spaces\u00a0\u00bb][vc_column][rev_slider_vc alias=\u00a0\u00bbairports\u00a0\u00bb][\/vc_column][\/vc_row][vc_row el_class=\u00a0\u00bbrow-spacing-up\u00a0\u00bb][vc_column width=\u00a0\u00bb2\/3&Prime;][vc_column_text el_class=\u00a0\u00bbf-size18&Prime;] Le ciel est la limite Les syst\u00e8mes SolarWall ont \u00e9t\u00e9 int\u00e9gr\u00e9s dans une vari\u00e9t\u00e9 de styles et de configurations techniques afin de permettre des r\u00e9ductions d\u2019\u00e9nergie significatives dans le domaine de l\u2019aviation.Les syst\u00e8mes SolarWall sont syst\u00e9matiquement sp\u00e9cifi\u00e9s pour les b\u00e2timents de hangar afin de faire face aux \u00e9normes co\u00fbts &hellip; <\/p>\n<p class=\"link-more\"><a href=\"https:\/\/www.solarwall.com\/fr\/industries\/aviation\/\" class=\"more-link\">Continue reading<span class=\"screen-reader-text\"> \u00ab\u00a0Aviation\u00a0\u00bb<\/span><\/a><\/p>\n","protected":false},"author":1,"featured_media":0,"parent":39,"menu_order":0,"comment_status":"closed","ping_status":"closed","template":"full-wdith.php","meta":{"footnotes":""},"class_list":["post-93","page","type-page","status-publish","hentry"],"yoast_head":"<!-- This site is optimized with the Yoast SEO plugin v24.8.1 - https:\/\/yoast.com\/wordpress\/plugins\/seo\/ -->\n<title>Aviation - SolarWall<\/title>\n<meta name=\"description\" content=\"Les syst\u00e8mes SolarWall sont utilis\u00e9s dans les hangars et les a\u00e9roports et g\u00e9n\u00e8rent les meilleures \u00e9conomies pour l&#039;entreprise. Ils aident \u00e0 la pression n\u00e9gative.\" \/>\n<meta name=\"robots\" content=\"index, follow, max-snippet:-1, max-image-preview:large, max-video-preview:-1\" \/>\n<link rel=\"canonical\" href=\"https:\/\/www.solarwall.com\/fr\/industries\/aviation\/\" \/>\n<meta property=\"og:locale\" content=\"fr_FR\" \/>\n<meta property=\"og:type\" content=\"article\" \/>\n<meta property=\"og:title\" content=\"[:en]Aviation - SolarWall[:es]Aviaci\u00f3n - SolarWall[:fr]Aviation - SolarWall[:]\" \/>\n<meta property=\"og:description\" content=\"{:en}SolarWall systems are used in Hangars &amp; airports and produces the best cost savings for the company. They help with negative pressure.{:es}Los sistemas SolarWall se utilizan en hangares y aeropuertos y producen los mejores ahorros de costos para la empresa. Ayudan con la presi\u00f3n negativa.{:fr}Les syst\u00e8mes SolarWall sont utilis\u00e9s dans les hangars et les a\u00e9roports et g\u00e9n\u00e8rent les meilleures \u00e9conomies pour l&#039;entreprise. Ils aident \u00e0 la pression n\u00e9gative.{:}\" \/>\n<meta property=\"og:url\" content=\"https:\/\/www.solarwall.com\/industries\/aviation\/\" \/>\n<meta property=\"og:site_name\" content=\"SolarWall\" \/>\n<meta property=\"article:modified_time\" content=\"2025-04-05T15:47:44+00:00\" \/>\n<meta name=\"twitter:card\" content=\"summary_large_image\" \/>\n<meta name=\"twitter:label1\" content=\"Dur\u00e9e de lecture estim\u00e9e\" \/>\n\t<meta name=\"twitter:data1\" content=\"7 minutes\" \/>\n<script type=\"application\/ld+json\" class=\"yoast-schema-graph\">{\"@context\":\"https:\/\/schema.org\",\"@graph\":[{\"@type\":\"WebPage\",\"@id\":\"https:\/\/www.solarwall.com\/industries\/aviation\/\",\"url\":\"https:\/\/www.solarwall.com\/industries\/aviation\/\",\"name\":\"[:en]Aviation - SolarWall[:es]Aviaci\u00f3n - SolarWall[:fr]Aviation - SolarWall[:]\",\"isPartOf\":{\"@id\":\"https:\/\/www.solarwall.com\/#website\"},\"datePublished\":\"2018-07-17T07:07:04+00:00\",\"dateModified\":\"2025-04-05T15:47:44+00:00\",\"description\":\"{:en}SolarWall systems are used in Hangars & airports and produces the best cost savings for the company. They help with negative pressure.{:es}Los sistemas SolarWall se utilizan en hangares y aeropuertos y producen los mejores ahorros de costos para la empresa. Ayudan con la presi\u00f3n negativa.{:fr}Les syst\u00e8mes SolarWall sont utilis\u00e9s dans les hangars et les a\u00e9roports et g\u00e9n\u00e8rent les meilleures \u00e9conomies pour l'entreprise. Ils aident \u00e0 la pression n\u00e9gative.{:}\",\"breadcrumb\":{\"@id\":\"https:\/\/www.solarwall.com\/industries\/aviation\/#breadcrumb\"},\"inLanguage\":\"fr-FR\",\"potentialAction\":[{\"@type\":\"ReadAction\",\"target\":[\"https:\/\/www.solarwall.com\/industries\/aviation\/\"]}]},{\"@type\":\"BreadcrumbList\",\"@id\":\"https:\/\/www.solarwall.com\/industries\/aviation\/#breadcrumb\",\"itemListElement\":[{\"@type\":\"ListItem\",\"position\":1,\"name\":\"Home\",\"item\":\"https:\/\/www.solarwall.com\/\"},{\"@type\":\"ListItem\",\"position\":2,\"name\":\"Industries\",\"item\":\"https:\/\/www.solarwall.com\/industries\/\"},{\"@type\":\"ListItem\",\"position\":3,\"name\":\"Aviation\"}]},{\"@type\":\"WebSite\",\"@id\":\"https:\/\/www.solarwall.com\/#website\",\"url\":\"https:\/\/www.solarwall.com\/\",\"name\":\"SolarWall\",\"description\":\"\",\"publisher\":{\"@id\":\"https:\/\/www.solarwall.com\/#organization\"},\"potentialAction\":[{\"@type\":\"SearchAction\",\"target\":{\"@type\":\"EntryPoint\",\"urlTemplate\":\"https:\/\/www.solarwall.com\/?s={search_term_string}\"},\"query-input\":{\"@type\":\"PropertyValueSpecification\",\"valueRequired\":true,\"valueName\":\"search_term_string\"}}],\"inLanguage\":\"fr-FR\"},{\"@type\":\"Organization\",\"@id\":\"https:\/\/www.solarwall.com\/#organization\",\"name\":\"SolarWall\",\"url\":\"https:\/\/www.solarwall.com\/\",\"logo\":{\"@type\":\"ImageObject\",\"inLanguage\":\"fr-FR\",\"@id\":\"https:\/\/www.solarwall.com\/#\/schema\/logo\/image\/\",\"url\":\"https:\/\/www.solarwall.com\/wp-content\/uploads\/2018\/07\/logo.png\",\"contentUrl\":\"https:\/\/www.solarwall.com\/wp-content\/uploads\/2018\/07\/logo.png\",\"width\":215,\"height\":105,\"caption\":\"SolarWall\"},\"image\":{\"@id\":\"https:\/\/www.solarwall.com\/#\/schema\/logo\/image\/\"}}]}<\/script>\n<!-- \/ Yoast SEO plugin. -->","yoast_head_json":{"title":"Aviation - SolarWall","description":"Les syst\u00e8mes SolarWall sont utilis\u00e9s dans les hangars et les a\u00e9roports et g\u00e9n\u00e8rent les meilleures \u00e9conomies pour l'entreprise. Ils aident \u00e0 la pression n\u00e9gative.","robots":{"index":"index","follow":"follow","max-snippet":"max-snippet:-1","max-image-preview":"max-image-preview:large","max-video-preview":"max-video-preview:-1"},"canonical":"https:\/\/www.solarwall.com\/fr\/industries\/aviation\/","og_locale":"fr_FR","og_type":"article","og_title":"[:en]Aviation - SolarWall[:es]Aviaci\u00f3n - SolarWall[:fr]Aviation - SolarWall[:]","og_description":"{:en}SolarWall systems are used in Hangars & airports and produces the best cost savings for the company. They help with negative pressure.{:es}Los sistemas SolarWall se utilizan en hangares y aeropuertos y producen los mejores ahorros de costos para la empresa. Ayudan con la presi\u00f3n negativa.{:fr}Les syst\u00e8mes SolarWall sont utilis\u00e9s dans les hangars et les a\u00e9roports et g\u00e9n\u00e8rent les meilleures \u00e9conomies pour l'entreprise. Ils aident \u00e0 la pression n\u00e9gative.{:}","og_url":"https:\/\/www.solarwall.com\/industries\/aviation\/","og_site_name":"SolarWall","article_modified_time":"2025-04-05T15:47:44+00:00","twitter_card":"summary_large_image","twitter_misc":{"Dur\u00e9e de lecture estim\u00e9e":"7 minutes"},"schema":{"@context":"https:\/\/schema.org","@graph":[{"@type":"WebPage","@id":"https:\/\/www.solarwall.com\/industries\/aviation\/","url":"https:\/\/www.solarwall.com\/industries\/aviation\/","name":"[:en]Aviation - SolarWall[:es]Aviaci\u00f3n - SolarWall[:fr]Aviation - SolarWall[:]","isPartOf":{"@id":"https:\/\/www.solarwall.com\/#website"},"datePublished":"2018-07-17T07:07:04+00:00","dateModified":"2025-04-05T15:47:44+00:00","description":"{:en}SolarWall systems are used in Hangars & airports and produces the best cost savings for the company. They help with negative pressure.{:es}Los sistemas SolarWall se utilizan en hangares y aeropuertos y producen los mejores ahorros de costos para la empresa. Ayudan con la presi\u00f3n negativa.{:fr}Les syst\u00e8mes SolarWall sont utilis\u00e9s dans les hangars et les a\u00e9roports et g\u00e9n\u00e8rent les meilleures \u00e9conomies pour l'entreprise. Ils aident \u00e0 la pression n\u00e9gative.{:}","breadcrumb":{"@id":"https:\/\/www.solarwall.com\/industries\/aviation\/#breadcrumb"},"inLanguage":"fr-FR","potentialAction":[{"@type":"ReadAction","target":["https:\/\/www.solarwall.com\/industries\/aviation\/"]}]},{"@type":"BreadcrumbList","@id":"https:\/\/www.solarwall.com\/industries\/aviation\/#breadcrumb","itemListElement":[{"@type":"ListItem","position":1,"name":"Home","item":"https:\/\/www.solarwall.com\/"},{"@type":"ListItem","position":2,"name":"Industries","item":"https:\/\/www.solarwall.com\/industries\/"},{"@type":"ListItem","position":3,"name":"Aviation"}]},{"@type":"WebSite","@id":"https:\/\/www.solarwall.com\/#website","url":"https:\/\/www.solarwall.com\/","name":"SolarWall","description":"","publisher":{"@id":"https:\/\/www.solarwall.com\/#organization"},"potentialAction":[{"@type":"SearchAction","target":{"@type":"EntryPoint","urlTemplate":"https:\/\/www.solarwall.com\/?s={search_term_string}"},"query-input":{"@type":"PropertyValueSpecification","valueRequired":true,"valueName":"search_term_string"}}],"inLanguage":"fr-FR"},{"@type":"Organization","@id":"https:\/\/www.solarwall.com\/#organization","name":"SolarWall","url":"https:\/\/www.solarwall.com\/","logo":{"@type":"ImageObject","inLanguage":"fr-FR","@id":"https:\/\/www.solarwall.com\/#\/schema\/logo\/image\/","url":"https:\/\/www.solarwall.com\/wp-content\/uploads\/2018\/07\/logo.png","contentUrl":"https:\/\/www.solarwall.com\/wp-content\/uploads\/2018\/07\/logo.png","width":215,"height":105,"caption":"SolarWall"},"image":{"@id":"https:\/\/www.solarwall.com\/#\/schema\/logo\/image\/"}}]}},"_links":{"self":[{"href":"https:\/\/www.solarwall.com\/fr\/wp-json\/wp\/v2\/pages\/93","targetHints":{"allow":["GET"]}}],"collection":[{"href":"https:\/\/www.solarwall.com\/fr\/wp-json\/wp\/v2\/pages"}],"about":[{"href":"https:\/\/www.solarwall.com\/fr\/wp-json\/wp\/v2\/types\/page"}],"author":[{"embeddable":true,"href":"https:\/\/www.solarwall.com\/fr\/wp-json\/wp\/v2\/users\/1"}],"replies":[{"embeddable":true,"href":"https:\/\/www.solarwall.com\/fr\/wp-json\/wp\/v2\/comments?post=93"}],"version-history":[{"count":6,"href":"https:\/\/www.solarwall.com\/fr\/wp-json\/wp\/v2\/pages\/93\/revisions"}],"predecessor-version":[{"id":1973,"href":"https:\/\/www.solarwall.com\/fr\/wp-json\/wp\/v2\/pages\/93\/revisions\/1973"}],"up":[{"embeddable":true,"href":"https:\/\/www.solarwall.com\/fr\/wp-json\/wp\/v2\/pages\/39"}],"wp:attachment":[{"href":"https:\/\/www.solarwall.com\/fr\/wp-json\/wp\/v2\/media?parent=93"}],"curies":[{"name":"wp","href":"https:\/\/api.w.org\/{rel}","templated":true}]}}