{"id":95,"date":"2018-07-17T07:07:19","date_gmt":"2018-07-17T07:07:19","guid":{"rendered":"http:\/\/www.solarwall.com\/?page_id=95"},"modified":"2025-09-09T21:17:11","modified_gmt":"2025-09-10T01:17:11","slug":"commercial","status":"publish","type":"page","link":"https:\/\/www.solarwall.com\/fr\/industries\/commercial\/","title":{"rendered":"Commercial"},"content":{"rendered":"<p>[vc_row full_width=\u00a0\u00bbstretch_row_content_no_spaces\u00a0\u00bb][vc_column][rev_slider_vc alias=\u00a0\u00bboffices-retail\u00a0\u00bb][\/vc_column][\/vc_row][vc_row el_class=\u00a0\u00bbrow-spacing-up\u00a0\u00bb][vc_column width=\u00a0\u00bb2\/3&Prime;][vc_column_text el_class=\u00a0\u00bbf-size18&Prime;]<\/p>\n<h3>\u00ab\u00a0Je veux que mon immeuble soit beau!\u00a0\u00bb<\/h3>\n<p>Les syst\u00e8mes SolarWall permettent aux entreprises de mettre en \u0153uvre d&rsquo;importantes mesures de r\u00e9duction des \u00e9missions de carbone sur site tout en veillant \u00e0 la beaut\u00e9 de leurs installations.Comme les syst\u00e8mes SolarWall sont en m\u00e9tal, il y a beaucoup de flexibilit\u00e9 dans la fa\u00e7on dont ils sont incorpor\u00e9s dans le b\u00e2timent.Ils sont disponibles dans une large gamme de couleurs et peuvent \u00eatre fa\u00e7onn\u00e9s pour conserver le style architectural souhait\u00e9. Dans certains cas, peut m\u00eame devenir un point focal architectural.<\/p>\n<p>La ventilation et le chauffage des locaux peuvent repr\u00e9senter jusqu\u2019\u00e0 50% de la consommation \u00e9nerg\u00e9tique d\u2019un b\u00e2timent dans les climats froids. Il est donc essentiel de mettre en \u0153uvre des solutions de chauffage thermique propre et renouvelable pour r\u00e9duire les \u00e9missions de carbone. Les syst\u00e8mes SolarWall r\u00e9pondent \u00e0 cette demande \u00e9nerg\u00e9tique importante et constituent une solution fiable et reproductible pour r\u00e9duire les co\u00fbts et les \u00e9missions de GES. Les entreprises qui utilisent la technologie SolarWall dans le cadre de leur strat\u00e9gie en mati\u00e8re d\u2019\u00e9nergie verte profitent \u00e9galement de la r\u00e9duction de leurs co\u00fbts d\u2019exploitation pour les 30 prochaines ann\u00e9es.<\/p>\n<p>Et comme les syst\u00e8mes SolarWallchauffent de l&rsquo;air frais, les installations peuvent am\u00e9liorer la qualit\u00e9 de l&rsquo;air int\u00e9rieur, ce qui constitue un b\u00e9n\u00e9fice pour les employ\u00e9s et les clients.<\/p>\n<p>[\/vc_column_text][\/vc_column][vc_column width=\u00a0\u00bb1\/3&Prime;][vc_widget_sidebar sidebar_id=\u00a0\u00bbsidebar-ind\u00a0\u00bb][\/vc_column][\/vc_row][vc_row full_width=\u00a0\u00bbstretch_row\u00a0\u00bb el_class=\u00a0\u00bbrow-spacing review-bgcurve\u00a0\u00bb css=\u00a0\u00bb.vc_custom_1540356939437{background-image: url(https:\/\/www.solarwall.com\/wp-content\/uploads\/2018\/10\/Commercial-shutterstock_549839830.jpg?id=1077) !important;background-position: center !important;background-repeat: no-repeat !important;background-size: cover !important;}\u00a0\u00bb][vc_column][vc_column_text el_class=\u00a0\u00bbsp-testimonial-free-wrapper\u00a0\u00bb]<span class=\"top-tag-content\">Critique importante<\/span><\/p>\n<div class=\"tfree-client-testimonial\">\n<p class=\"tfree-testimonial-content\">Vous devez regarder les valeurs associ\u00e9es \u00e0 la consommation d&rsquo;\u00e9nergie. Lorsqu&rsquo;ils l&rsquo;examinent, beaucoup de gens sont surpris par l&rsquo;inefficacit\u00e9qui pourraient en r\u00e9sulter. Certains ne se donnent pas la peine d\u2019apporter des modifications, mais m\u00eame si vous devez emprunter de l\u2019argent pour effectuer ces modifications, cela en vaudra la peine plus tard. Nous avons chang\u00e9 l\u2019apparence du SolarWall dans notre magasin.La partie inf\u00e9rieure a \u00e9t\u00e9 supprim\u00e9e pour cr\u00e9er une ombre. De cette fa\u00e7on, il y a plus de caract\u00e8re dans son apparence.<\/p>\n<h4 class=\"tfree-client-name\">Don Moseley, Special Projects Engineer for Wal-Mart<\/h4>\n<\/div>\n<p>[\/vc_column_text][\/vc_column][\/vc_row][vc_row full_width=\u00a0\u00bbstretch_row\u00a0\u00bb el_class=\u00a0\u00bbrow-spacing\u00a0\u00bb css=\u00a0\u00bb.vc_custom_1531904945590{background-color: #ebebeb !important;}\u00a0\u00bb][vc_column][vc_widget_sidebar sidebar_id=\u00a0\u00bbquote-widget\u00a0\u00bb el_class=\u00a0\u00bbtext-center f-size18&Prime;][\/vc_column][\/vc_row][vc_row el_class=\u00a0\u00bbmembers-area-footer\u00a0\u00bb][vc_column width=\u00a0\u00bb1\/2&Prime;][vc_custom_heading text=\u00a0\u00bbAdh\u00e9sions\u00a0\u00bb font_container=\u00a0\u00bbtag:h4|text_align:center|color:%23000000&Prime; use_theme_fonts=\u00a0\u00bbyes\u00a0\u00bb][vc_gallery type=\u00a0\u00bbimage_grid\u00a0\u00bb images=\u00a0\u00bb135,139,140&Prime; img_size=\u00a0\u00bbfull\u00a0\u00bb onclick=\u00a0\u00bb\u00a0\u00bb][\/vc_column][vc_column width=\u00a0\u00bb1\/2&Prime;][vc_custom_heading text=\u00a0\u00bbCertifications\u00a0\u00bb font_container=\u00a0\u00bbtag:h4|text_align:center|color:%23000000&Prime; use_theme_fonts=\u00a0\u00bbyes\u00a0\u00bb][vc_gallery type=\u00a0\u00bbimage_grid\u00a0\u00bb images=\u00a0\u00bb137,136,138,141&Prime; img_size=\u00a0\u00bbfull\u00a0\u00bb onclick=\u00a0\u00bb\u00a0\u00bb][\/vc_column][\/vc_row]<\/p>","protected":false},"excerpt":{"rendered":"<p>[vc_row full_width=\u00a0\u00bbstretch_row_content_no_spaces\u00a0\u00bb][vc_column][rev_slider_vc alias=\u00a0\u00bboffices-retail\u00a0\u00bb][\/vc_column][\/vc_row][vc_row el_class=\u00a0\u00bbrow-spacing-up\u00a0\u00bb][vc_column width=\u00a0\u00bb2\/3&Prime;][vc_column_text el_class=\u00a0\u00bbf-size18&Prime;] \u00ab\u00a0Je veux que mon immeuble soit beau!\u00a0\u00bb Les syst\u00e8mes SolarWall permettent aux entreprises de mettre en \u0153uvre d&rsquo;importantes mesures de r\u00e9duction des \u00e9missions de carbone sur site tout en veillant \u00e0 la beaut\u00e9 de leurs installations.Comme les syst\u00e8mes SolarWall sont en m\u00e9tal, il y a beaucoup de flexibilit\u00e9 dans &hellip; <\/p>\n<p class=\"link-more\"><a href=\"https:\/\/www.solarwall.com\/fr\/industries\/commercial\/\" class=\"more-link\">Continue reading<span class=\"screen-reader-text\"> \u00ab\u00a0Commercial\u00a0\u00bb<\/span><\/a><\/p>\n","protected":false},"author":1,"featured_media":0,"parent":39,"menu_order":0,"comment_status":"closed","ping_status":"closed","template":"full-wdith.php","meta":{"footnotes":""},"class_list":["post-95","page","type-page","status-publish","hentry"],"yoast_head":"<!-- This site is optimized with the Yoast SEO plugin v24.8.1 - https:\/\/yoast.com\/wordpress\/plugins\/seo\/ -->\n<title>R\u00e9duire l&#039;empreinte carbone, l&#039;empreinte carbone - SolarWallR\u00e9duire l&#039;empreinte carbone, l&#039;empreinte carbone - SolarWall<\/title>\n<meta name=\"description\" content=\"Conserval Engineering vous aidera \u00e0 r\u00e9duire votre empreinte carbone avec ses syst\u00e8mes SolarWall. Partout dans le monde, nous avons install\u00e9 nos syst\u00e8mes. Tu le veux? Nous contacter.Conserval Engineering vous aidera \u00e0 r\u00e9duire votre empreinte carbone avec ses syst\u00e8mes SolarWall. Partout dans le monde, nous avons install\u00e9 nos syst\u00e8mes. Tu le veux? Nous contacter.\" \/>\n<meta name=\"robots\" content=\"index, follow, max-snippet:-1, max-image-preview:large, max-video-preview:-1\" \/>\n<link rel=\"canonical\" href=\"https:\/\/www.solarwall.com\/fr\/industries\/commercial\/\" \/>\n<meta property=\"og:locale\" content=\"fr_FR\" \/>\n<meta property=\"og:type\" content=\"article\" \/>\n<meta property=\"og:title\" content=\"[:en]Reduce Carbon Footprint, Carbon Footprint - SolarWall[:es]Reducir la huella de carbono, la huella de carbono - SolarWallReducir la huella de carbono, la huella de carbono - SolarWall[:fr]R\u00e9duire l&#039;empreinte carbone, l&#039;empreinte carbone - SolarWallR\u00e9duire l&#039;empreinte carbone, l&#039;empreinte carbone - SolarWall[:]\" \/>\n<meta property=\"og:description\" content=\"{:en}Conserval Engineering will help reduce carbon footprint with its SolarWall Systems. All over the world, we have installed our systems. Do you want it? Contact us.{:es}Conserval Engineering ayudar\u00e1 a reducir su huella de carbono con sus sistemas SolarWall. En todo el mundo, hemos instalado nuestros sistemas. \u00bfLo quieres? Cont\u00e1ctenos.Conserval Engineering ayudar\u00e1 a reducir su huella de carbono con sus sistemas SolarWall. En todo el mundo, hemos instalado nuestros sistemas. \u00bfLo quieres? Cont\u00e1ctenos.{:fr}Conserval Engineering vous aidera \u00e0 r\u00e9duire votre empreinte carbone avec ses syst\u00e8mes SolarWall. Partout dans le monde, nous avons install\u00e9 nos syst\u00e8mes. Tu le veux? Nous contacter.Conserval Engineering vous aidera \u00e0 r\u00e9duire votre empreinte carbone avec ses syst\u00e8mes SolarWall. Partout dans le monde, nous avons install\u00e9 nos syst\u00e8mes. Tu le veux? Nous contacter.{:}\" \/>\n<meta property=\"og:url\" content=\"https:\/\/www.solarwall.com\/industries\/commercial\/\" \/>\n<meta property=\"og:site_name\" content=\"SolarWall\" \/>\n<meta property=\"article:modified_time\" content=\"2025-09-10T01:17:11+00:00\" \/>\n<meta name=\"twitter:card\" content=\"summary_large_image\" \/>\n<meta name=\"twitter:label1\" content=\"Dur\u00e9e de lecture estim\u00e9e\" \/>\n\t<meta name=\"twitter:data1\" content=\"2 minutes\" \/>\n<script type=\"application\/ld+json\" class=\"yoast-schema-graph\">{\"@context\":\"https:\/\/schema.org\",\"@graph\":[{\"@type\":\"WebPage\",\"@id\":\"https:\/\/www.solarwall.com\/industries\/commercial\/\",\"url\":\"https:\/\/www.solarwall.com\/industries\/commercial\/\",\"name\":\"[:en]Reduce Carbon Footprint, Carbon Footprint - SolarWall[:es]Reducir la huella de carbono, la huella de carbono - SolarWallReducir la huella de carbono, la huella de carbono - SolarWall[:fr]R\u00e9duire l'empreinte carbone, l'empreinte carbone - SolarWallR\u00e9duire l'empreinte carbone, l'empreinte carbone - SolarWall[:]\",\"isPartOf\":{\"@id\":\"https:\/\/www.solarwall.com\/#website\"},\"datePublished\":\"2018-07-17T07:07:19+00:00\",\"dateModified\":\"2025-09-10T01:17:11+00:00\",\"description\":\"{:en}Conserval Engineering will help reduce carbon footprint with its SolarWall Systems. All over the world, we have installed our systems. Do you want it? Contact us.{:es}Conserval Engineering ayudar\u00e1 a reducir su huella de carbono con sus sistemas SolarWall. En todo el mundo, hemos instalado nuestros sistemas. \u00bfLo quieres? Cont\u00e1ctenos.Conserval Engineering ayudar\u00e1 a reducir su huella de carbono con sus sistemas SolarWall. En todo el mundo, hemos instalado nuestros sistemas. \u00bfLo quieres? Cont\u00e1ctenos.{:fr}Conserval Engineering vous aidera \u00e0 r\u00e9duire votre empreinte carbone avec ses syst\u00e8mes SolarWall. Partout dans le monde, nous avons install\u00e9 nos syst\u00e8mes. Tu le veux? Nous contacter.Conserval Engineering vous aidera \u00e0 r\u00e9duire votre empreinte carbone avec ses syst\u00e8mes SolarWall. Partout dans le monde, nous avons install\u00e9 nos syst\u00e8mes. Tu le veux? Nous contacter.{:}\",\"breadcrumb\":{\"@id\":\"https:\/\/www.solarwall.com\/industries\/commercial\/#breadcrumb\"},\"inLanguage\":\"fr-FR\",\"potentialAction\":[{\"@type\":\"ReadAction\",\"target\":[\"https:\/\/www.solarwall.com\/industries\/commercial\/\"]}]},{\"@type\":\"BreadcrumbList\",\"@id\":\"https:\/\/www.solarwall.com\/industries\/commercial\/#breadcrumb\",\"itemListElement\":[{\"@type\":\"ListItem\",\"position\":1,\"name\":\"Home\",\"item\":\"https:\/\/www.solarwall.com\/\"},{\"@type\":\"ListItem\",\"position\":2,\"name\":\"Industries\",\"item\":\"https:\/\/www.solarwall.com\/industries\/\"},{\"@type\":\"ListItem\",\"position\":3,\"name\":\"Commercial\"}]},{\"@type\":\"WebSite\",\"@id\":\"https:\/\/www.solarwall.com\/#website\",\"url\":\"https:\/\/www.solarwall.com\/\",\"name\":\"SolarWall\",\"description\":\"\",\"publisher\":{\"@id\":\"https:\/\/www.solarwall.com\/#organization\"},\"potentialAction\":[{\"@type\":\"SearchAction\",\"target\":{\"@type\":\"EntryPoint\",\"urlTemplate\":\"https:\/\/www.solarwall.com\/?s={search_term_string}\"},\"query-input\":{\"@type\":\"PropertyValueSpecification\",\"valueRequired\":true,\"valueName\":\"search_term_string\"}}],\"inLanguage\":\"fr-FR\"},{\"@type\":\"Organization\",\"@id\":\"https:\/\/www.solarwall.com\/#organization\",\"name\":\"SolarWall\",\"url\":\"https:\/\/www.solarwall.com\/\",\"logo\":{\"@type\":\"ImageObject\",\"inLanguage\":\"fr-FR\",\"@id\":\"https:\/\/www.solarwall.com\/#\/schema\/logo\/image\/\",\"url\":\"https:\/\/www.solarwall.com\/wp-content\/uploads\/2018\/07\/logo.png\",\"contentUrl\":\"https:\/\/www.solarwall.com\/wp-content\/uploads\/2018\/07\/logo.png\",\"width\":215,\"height\":105,\"caption\":\"SolarWall\"},\"image\":{\"@id\":\"https:\/\/www.solarwall.com\/#\/schema\/logo\/image\/\"}}]}<\/script>\n<!-- \/ Yoast SEO plugin. -->","yoast_head_json":{"title":"R\u00e9duire l'empreinte carbone, l'empreinte carbone - SolarWallR\u00e9duire l'empreinte carbone, l'empreinte carbone - SolarWall","description":"Conserval Engineering vous aidera \u00e0 r\u00e9duire votre empreinte carbone avec ses syst\u00e8mes SolarWall. Partout dans le monde, nous avons install\u00e9 nos syst\u00e8mes. Tu le veux? Nous contacter.Conserval Engineering vous aidera \u00e0 r\u00e9duire votre empreinte carbone avec ses syst\u00e8mes SolarWall. Partout dans le monde, nous avons install\u00e9 nos syst\u00e8mes. Tu le veux? Nous contacter.","robots":{"index":"index","follow":"follow","max-snippet":"max-snippet:-1","max-image-preview":"max-image-preview:large","max-video-preview":"max-video-preview:-1"},"canonical":"https:\/\/www.solarwall.com\/fr\/industries\/commercial\/","og_locale":"fr_FR","og_type":"article","og_title":"[:en]Reduce Carbon Footprint, Carbon Footprint - SolarWall[:es]Reducir la huella de carbono, la huella de carbono - SolarWallReducir la huella de carbono, la huella de carbono - SolarWall[:fr]R\u00e9duire l'empreinte carbone, l'empreinte carbone - SolarWallR\u00e9duire l'empreinte carbone, l'empreinte carbone - SolarWall[:]","og_description":"{:en}Conserval Engineering will help reduce carbon footprint with its SolarWall Systems. All over the world, we have installed our systems. Do you want it? Contact us.{:es}Conserval Engineering ayudar\u00e1 a reducir su huella de carbono con sus sistemas SolarWall. En todo el mundo, hemos instalado nuestros sistemas. \u00bfLo quieres? Cont\u00e1ctenos.Conserval Engineering ayudar\u00e1 a reducir su huella de carbono con sus sistemas SolarWall. En todo el mundo, hemos instalado nuestros sistemas. \u00bfLo quieres? Cont\u00e1ctenos.{:fr}Conserval Engineering vous aidera \u00e0 r\u00e9duire votre empreinte carbone avec ses syst\u00e8mes SolarWall. Partout dans le monde, nous avons install\u00e9 nos syst\u00e8mes. Tu le veux? Nous contacter.Conserval Engineering vous aidera \u00e0 r\u00e9duire votre empreinte carbone avec ses syst\u00e8mes SolarWall. Partout dans le monde, nous avons install\u00e9 nos syst\u00e8mes. Tu le veux? Nous contacter.{:}","og_url":"https:\/\/www.solarwall.com\/industries\/commercial\/","og_site_name":"SolarWall","article_modified_time":"2025-09-10T01:17:11+00:00","twitter_card":"summary_large_image","twitter_misc":{"Dur\u00e9e de lecture estim\u00e9e":"2 minutes"},"schema":{"@context":"https:\/\/schema.org","@graph":[{"@type":"WebPage","@id":"https:\/\/www.solarwall.com\/industries\/commercial\/","url":"https:\/\/www.solarwall.com\/industries\/commercial\/","name":"[:en]Reduce Carbon Footprint, Carbon Footprint - SolarWall[:es]Reducir la huella de carbono, la huella de carbono - SolarWallReducir la huella de carbono, la huella de carbono - SolarWall[:fr]R\u00e9duire l'empreinte carbone, l'empreinte carbone - SolarWallR\u00e9duire l'empreinte carbone, l'empreinte carbone - SolarWall[:]","isPartOf":{"@id":"https:\/\/www.solarwall.com\/#website"},"datePublished":"2018-07-17T07:07:19+00:00","dateModified":"2025-09-10T01:17:11+00:00","description":"{:en}Conserval Engineering will help reduce carbon footprint with its SolarWall Systems. All over the world, we have installed our systems. Do you want it? Contact us.{:es}Conserval Engineering ayudar\u00e1 a reducir su huella de carbono con sus sistemas SolarWall. En todo el mundo, hemos instalado nuestros sistemas. \u00bfLo quieres? Cont\u00e1ctenos.Conserval Engineering ayudar\u00e1 a reducir su huella de carbono con sus sistemas SolarWall. En todo el mundo, hemos instalado nuestros sistemas. \u00bfLo quieres? Cont\u00e1ctenos.{:fr}Conserval Engineering vous aidera \u00e0 r\u00e9duire votre empreinte carbone avec ses syst\u00e8mes SolarWall. Partout dans le monde, nous avons install\u00e9 nos syst\u00e8mes. Tu le veux? Nous contacter.Conserval Engineering vous aidera \u00e0 r\u00e9duire votre empreinte carbone avec ses syst\u00e8mes SolarWall. Partout dans le monde, nous avons install\u00e9 nos syst\u00e8mes. Tu le veux? Nous contacter.{:}","breadcrumb":{"@id":"https:\/\/www.solarwall.com\/industries\/commercial\/#breadcrumb"},"inLanguage":"fr-FR","potentialAction":[{"@type":"ReadAction","target":["https:\/\/www.solarwall.com\/industries\/commercial\/"]}]},{"@type":"BreadcrumbList","@id":"https:\/\/www.solarwall.com\/industries\/commercial\/#breadcrumb","itemListElement":[{"@type":"ListItem","position":1,"name":"Home","item":"https:\/\/www.solarwall.com\/"},{"@type":"ListItem","position":2,"name":"Industries","item":"https:\/\/www.solarwall.com\/industries\/"},{"@type":"ListItem","position":3,"name":"Commercial"}]},{"@type":"WebSite","@id":"https:\/\/www.solarwall.com\/#website","url":"https:\/\/www.solarwall.com\/","name":"SolarWall","description":"","publisher":{"@id":"https:\/\/www.solarwall.com\/#organization"},"potentialAction":[{"@type":"SearchAction","target":{"@type":"EntryPoint","urlTemplate":"https:\/\/www.solarwall.com\/?s={search_term_string}"},"query-input":{"@type":"PropertyValueSpecification","valueRequired":true,"valueName":"search_term_string"}}],"inLanguage":"fr-FR"},{"@type":"Organization","@id":"https:\/\/www.solarwall.com\/#organization","name":"SolarWall","url":"https:\/\/www.solarwall.com\/","logo":{"@type":"ImageObject","inLanguage":"fr-FR","@id":"https:\/\/www.solarwall.com\/#\/schema\/logo\/image\/","url":"https:\/\/www.solarwall.com\/wp-content\/uploads\/2018\/07\/logo.png","contentUrl":"https:\/\/www.solarwall.com\/wp-content\/uploads\/2018\/07\/logo.png","width":215,"height":105,"caption":"SolarWall"},"image":{"@id":"https:\/\/www.solarwall.com\/#\/schema\/logo\/image\/"}}]}},"_links":{"self":[{"href":"https:\/\/www.solarwall.com\/fr\/wp-json\/wp\/v2\/pages\/95","targetHints":{"allow":["GET"]}}],"collection":[{"href":"https:\/\/www.solarwall.com\/fr\/wp-json\/wp\/v2\/pages"}],"about":[{"href":"https:\/\/www.solarwall.com\/fr\/wp-json\/wp\/v2\/types\/page"}],"author":[{"embeddable":true,"href":"https:\/\/www.solarwall.com\/fr\/wp-json\/wp\/v2\/users\/1"}],"replies":[{"embeddable":true,"href":"https:\/\/www.solarwall.com\/fr\/wp-json\/wp\/v2\/comments?post=95"}],"version-history":[{"count":28,"href":"https:\/\/www.solarwall.com\/fr\/wp-json\/wp\/v2\/pages\/95\/revisions"}],"predecessor-version":[{"id":2013,"href":"https:\/\/www.solarwall.com\/fr\/wp-json\/wp\/v2\/pages\/95\/revisions\/2013"}],"up":[{"embeddable":true,"href":"https:\/\/www.solarwall.com\/fr\/wp-json\/wp\/v2\/pages\/39"}],"wp:attachment":[{"href":"https:\/\/www.solarwall.com\/fr\/wp-json\/wp\/v2\/media?parent=95"}],"curies":[{"name":"wp","href":"https:\/\/api.w.org\/{rel}","templated":true}]}}