{"id":99,"date":"2018-07-17T07:08:01","date_gmt":"2018-07-17T07:08:01","guid":{"rendered":"http:\/\/www.solarwall.com\/?page_id=99"},"modified":"2025-04-05T11:42:30","modified_gmt":"2025-04-05T15:42:30","slug":"industrial","status":"publish","type":"page","link":"https:\/\/www.solarwall.com\/fr\/industries\/industrial\/","title":{"rendered":"Industrial"},"content":{"rendered":"<p>[vc_row full_width=\u00a0\u00bbstretch_row_content_no_spaces\u00a0\u00bb][vc_column][rev_slider_vc alias=\u00a0\u00bbmanufacturing\u00a0\u00bb][\/vc_column][\/vc_row][vc_row el_class=\u00a0\u00bbrow-spacing-up\u00a0\u00bb][vc_column width=\u00a0\u00bb2\/3&Prime;][vc_column_text el_class=\u00a0\u00bbf-size18&Prime;]<\/p>\n<h3>\u00ab\u00a0Mieux vaut v\u00e9rifier votre compteur\u00a0\u00bb<\/h3>\n<p>La plupart des installations industrielles n\u00e9cessitent un volume d&rsquo;air int\u00e9rieur \u00e9lev\u00e9 pour r\u00e9pondre aux normes de qualit\u00e9.Pour les usines, le co\u00fbt de chauffage de cet air peut constituer leur plus grande d\u00e9pense d&rsquo;\u00e9nergie ou de fonctionnement.Les syst\u00e8mes SolarWall chauffent l&rsquo;air de ventilation de l&rsquo;ext\u00e9rieur avant qu&rsquo;il ne p\u00e9n\u00e8tre dans le b\u00e2timent, ce qui r\u00e9duit la charge sur les radiateurs traditionnels.Cela g\u00e9n\u00e8re des \u00e9conomies d&rsquo;\u00e9nergie significatives, allant g\u00e9n\u00e9ralement de 20 \u00e0 50% de la consommation de combustible de chauffage.<\/p>\n<p>\u00abNos factures de gaz et d&rsquo;\u00e9lectricit\u00e9 sont ridiculement basses par rapport \u00e0 nos autres installations.Notre fournisseur de gaz a d\u00e9clar\u00e9 que nous devions v\u00e9rifier notre compteur car il montrait que nous utilisions tr\u00e8s peu de gaz.\u00a0\u00bbDemetriusTsafaridis, pr\u00e9sident de Steelcare, se r\u00e9f\u00e9rant \u00e0l&rsquo;utilisation de la technologie SolarWall dans son usine.<\/p>\n<p>Les syst\u00e8mes SolarWall sont dimensionn\u00e9s pour r\u00e9pondre aux besoins en \u00e9nergie et en ventilation de l&rsquo;installation,avec une capacit\u00e9 de 18 m3 \/ h \u00e0 180 m3 \/ h par m\u00e8tre carr\u00e9 de collecteur.\u00c9tant donn\u00e9 que la technologie SolarWall r\u00e9chauffe l&rsquo;air frais, elle garantit un niveau \u00e9lev\u00e9 de qualit\u00e9 de l&rsquo;air int\u00e9rieur, ce qui am\u00e9liore le niveau de confort des employ\u00e9s. Les syst\u00e8mes SolarWall ne n\u00e9cessitent aucune maintenance.<\/p>\n<p>La technologie de chauffage \u00e0 air SolarWall peut \u00e9galement \u00eatre utilis\u00e9e pour les applications de chauffage industriel et dans les op\u00e9rations mini\u00e8res.Les mines ont g\u00e9n\u00e9ralement des taux de ventilation \u00e9normes et d\u00e9pendent de combustibles co\u00fbteux et \u00e0 forte intensit\u00e9 de carbone en raison de leur \u00e9loignement.La g\u00e9n\u00e9ration d&rsquo;\u00e9nergie thermique avec un syst\u00e8me SolarWall est tr\u00e8s convaincant financi\u00e8rementdans ces applications.[\/vc_column_text][\/vc_column][vc_column width=\u00a0\u00bb1\/3&Prime;][vc_widget_sidebar sidebar_id=\u00a0\u00bbsidebar-ind\u00a0\u00bb][\/vc_column][\/vc_row][vc_row full_width=\u00a0\u00bbstretch_row\u00a0\u00bb el_class=\u00a0\u00bbrow-spacing review-bgcurve\u00a0\u00bb css=\u00a0\u00bb.vc_custom_1540357135640{background-image: url(https:\/\/www.solarwall.com\/wp-content\/uploads\/2018\/10\/Industrial-shutterstock_48430492.jpg?id=1083) !important;background-position: center !important;background-repeat: no-repeat !important;background-size: cover !important;}\u00a0\u00bb][vc_column][vc_column_text el_class=\u00a0\u00bbsp-testimonial-free-wrapper\u00a0\u00bb]<span class=\"top-tag-content\">Critique importante<\/span><\/p>\n<div class=\"tfree-client-testimonial\">\n<p class=\"tfree-testimonial-content\">What this wall does it provide you with tremendous amounts of heated fresh air for free&#8230; This is a really cost effective way of improving the work place.<\/p>\n<h4 class=\"tfree-client-name\">Ken Rossi, Manager of Plant Engineering, Ford Motor Company, Oakville Assembly Plant<\/h4>\n<\/div>\n<p>[\/vc_column_text][\/vc_column][\/vc_row][vc_row full_width=\u00a0\u00bbstretch_row\u00a0\u00bb el_class=\u00a0\u00bbrow-spacing\u00a0\u00bb css=\u00a0\u00bb.vc_custom_1531904945590{background-color: #ebebeb !important;}\u00a0\u00bb][vc_column][vc_widget_sidebar sidebar_id=\u00a0\u00bbquote-widget\u00a0\u00bb el_class=\u00a0\u00bbtext-center f-size18&Prime;][\/vc_column][\/vc_row][vc_row el_class=\u00a0\u00bbmembers-area-footer\u00a0\u00bb][vc_column width=\u00a0\u00bb1\/2&Prime;][vc_custom_heading text=\u00a0\u00bbAdh\u00e9sions\u00a0\u00bb font_container=\u00a0\u00bbtag:h4|text_align:center|color:%23000000&Prime; use_theme_fonts=\u00a0\u00bbyes\u00a0\u00bb][vc_gallery type=\u00a0\u00bbimage_grid\u00a0\u00bb images=\u00a0\u00bb135,139,140&Prime; img_size=\u00a0\u00bbfull\u00a0\u00bb onclick=\u00a0\u00bb\u00a0\u00bb][\/vc_column][vc_column width=\u00a0\u00bb1\/2&Prime;][vc_custom_heading text=\u00a0\u00bbCertifications\u00a0\u00bb font_container=\u00a0\u00bbtag:h4|text_align:center|color:%23000000&Prime; use_theme_fonts=\u00a0\u00bbyes\u00a0\u00bb][vc_gallery type=\u00a0\u00bbimage_grid\u00a0\u00bb images=\u00a0\u00bb137,136,138,141&Prime; img_size=\u00a0\u00bbfull\u00a0\u00bb onclick=\u00a0\u00bb\u00a0\u00bb][\/vc_column][\/vc_row]<\/p>","protected":false},"excerpt":{"rendered":"<p>[vc_row full_width=\u00a0\u00bbstretch_row_content_no_spaces\u00a0\u00bb][vc_column][rev_slider_vc alias=\u00a0\u00bbmanufacturing\u00a0\u00bb][\/vc_column][\/vc_row][vc_row el_class=\u00a0\u00bbrow-spacing-up\u00a0\u00bb][vc_column width=\u00a0\u00bb2\/3&Prime;][vc_column_text el_class=\u00a0\u00bbf-size18&Prime;] \u00ab\u00a0Mieux vaut v\u00e9rifier votre compteur\u00a0\u00bb La plupart des installations industrielles n\u00e9cessitent un volume d&rsquo;air int\u00e9rieur \u00e9lev\u00e9 pour r\u00e9pondre aux normes de qualit\u00e9.Pour les usines, le co\u00fbt de chauffage de cet air peut constituer leur plus grande d\u00e9pense d&rsquo;\u00e9nergie ou de fonctionnement.Les syst\u00e8mes SolarWall chauffent l&rsquo;air de ventilation de l&rsquo;ext\u00e9rieur &hellip; <\/p>\n<p class=\"link-more\"><a href=\"https:\/\/www.solarwall.com\/fr\/industries\/industrial\/\" class=\"more-link\">Continue reading<span class=\"screen-reader-text\"> \u00ab\u00a0Industrial\u00a0\u00bb<\/span><\/a><\/p>\n","protected":false},"author":1,"featured_media":0,"parent":39,"menu_order":0,"comment_status":"closed","ping_status":"closed","template":"full-wdith.php","meta":{"footnotes":""},"class_list":["post-99","page","type-page","status-publish","hentry"],"yoast_head":"<!-- This site is optimized with the Yoast SEO plugin v24.8.1 - https:\/\/yoast.com\/wordpress\/plugins\/seo\/ -->\n<title>Industriel - SolarWall<\/title>\n<meta name=\"description\" content=\"La technologie SolarWall est utilis\u00e9e dans l&#039;industrie de la fabrication et de l&#039;entreposage car elle remplit de nombreuses fonctions comme la perte de chaleur et l&#039;\u00e9limination de l&#039;air chaud.\" \/>\n<meta name=\"robots\" content=\"index, follow, max-snippet:-1, max-image-preview:large, max-video-preview:-1\" \/>\n<link rel=\"canonical\" href=\"https:\/\/www.solarwall.com\/fr\/industries\/industrial\/\" \/>\n<meta property=\"og:locale\" content=\"fr_FR\" \/>\n<meta property=\"og:type\" content=\"article\" \/>\n<meta property=\"og:title\" content=\"[:en]Industrial - SolarWall[:es]Industrial - SolarWall[:fr]Industriel - SolarWall[:]\" \/>\n<meta property=\"og:description\" content=\"{:en}SolarWall technology is used in manufacturing and warehousing industry as it performs ample functions like heat loss and elimination of hot air.{:es}La tecnolog\u00eda SolarWall se utiliza en la industria de fabricaci\u00f3n y almacenamiento, ya que realiza amplias funciones como la p\u00e9rdida de calor y la eliminaci\u00f3n del aire caliente.{:fr}La technologie SolarWall est utilis\u00e9e dans l&#039;industrie de la fabrication et de l&#039;entreposage car elle remplit de nombreuses fonctions comme la perte de chaleur et l&#039;\u00e9limination de l&#039;air chaud.{:}\" \/>\n<meta property=\"og:url\" content=\"https:\/\/www.solarwall.com\/industries\/industrial\/\" \/>\n<meta property=\"og:site_name\" content=\"SolarWall\" \/>\n<meta property=\"article:modified_time\" content=\"2025-04-05T15:42:30+00:00\" \/>\n<meta name=\"twitter:card\" content=\"summary_large_image\" \/>\n<meta name=\"twitter:label1\" content=\"Dur\u00e9e de lecture estim\u00e9e\" \/>\n\t<meta name=\"twitter:data1\" content=\"7 minutes\" \/>\n<script type=\"application\/ld+json\" class=\"yoast-schema-graph\">{\"@context\":\"https:\/\/schema.org\",\"@graph\":[{\"@type\":\"WebPage\",\"@id\":\"https:\/\/www.solarwall.com\/industries\/industrial\/\",\"url\":\"https:\/\/www.solarwall.com\/industries\/industrial\/\",\"name\":\"[:en]Industrial - SolarWall[:es]Industrial - SolarWall[:fr]Industriel - SolarWall[:]\",\"isPartOf\":{\"@id\":\"https:\/\/www.solarwall.com\/#website\"},\"datePublished\":\"2018-07-17T07:08:01+00:00\",\"dateModified\":\"2025-04-05T15:42:30+00:00\",\"description\":\"{:en}SolarWall technology is used in manufacturing and warehousing industry as it performs ample functions like heat loss and elimination of hot air.{:es}La tecnolog\u00eda SolarWall se utiliza en la industria de fabricaci\u00f3n y almacenamiento, ya que realiza amplias funciones como la p\u00e9rdida de calor y la eliminaci\u00f3n del aire caliente.{:fr}La technologie SolarWall est utilis\u00e9e dans l'industrie de la fabrication et de l'entreposage car elle remplit de nombreuses fonctions comme la perte de chaleur et l'\u00e9limination de l'air chaud.{:}\",\"breadcrumb\":{\"@id\":\"https:\/\/www.solarwall.com\/industries\/industrial\/#breadcrumb\"},\"inLanguage\":\"fr-FR\",\"potentialAction\":[{\"@type\":\"ReadAction\",\"target\":[\"https:\/\/www.solarwall.com\/industries\/industrial\/\"]}]},{\"@type\":\"BreadcrumbList\",\"@id\":\"https:\/\/www.solarwall.com\/industries\/industrial\/#breadcrumb\",\"itemListElement\":[{\"@type\":\"ListItem\",\"position\":1,\"name\":\"Home\",\"item\":\"https:\/\/www.solarwall.com\/\"},{\"@type\":\"ListItem\",\"position\":2,\"name\":\"Industries\",\"item\":\"https:\/\/www.solarwall.com\/industries\/\"},{\"@type\":\"ListItem\",\"position\":3,\"name\":\"Industrial\"}]},{\"@type\":\"WebSite\",\"@id\":\"https:\/\/www.solarwall.com\/#website\",\"url\":\"https:\/\/www.solarwall.com\/\",\"name\":\"SolarWall\",\"description\":\"\",\"publisher\":{\"@id\":\"https:\/\/www.solarwall.com\/#organization\"},\"potentialAction\":[{\"@type\":\"SearchAction\",\"target\":{\"@type\":\"EntryPoint\",\"urlTemplate\":\"https:\/\/www.solarwall.com\/?s={search_term_string}\"},\"query-input\":{\"@type\":\"PropertyValueSpecification\",\"valueRequired\":true,\"valueName\":\"search_term_string\"}}],\"inLanguage\":\"fr-FR\"},{\"@type\":\"Organization\",\"@id\":\"https:\/\/www.solarwall.com\/#organization\",\"name\":\"SolarWall\",\"url\":\"https:\/\/www.solarwall.com\/\",\"logo\":{\"@type\":\"ImageObject\",\"inLanguage\":\"fr-FR\",\"@id\":\"https:\/\/www.solarwall.com\/#\/schema\/logo\/image\/\",\"url\":\"https:\/\/www.solarwall.com\/wp-content\/uploads\/2018\/07\/logo.png\",\"contentUrl\":\"https:\/\/www.solarwall.com\/wp-content\/uploads\/2018\/07\/logo.png\",\"width\":215,\"height\":105,\"caption\":\"SolarWall\"},\"image\":{\"@id\":\"https:\/\/www.solarwall.com\/#\/schema\/logo\/image\/\"}}]}<\/script>\n<!-- \/ Yoast SEO plugin. -->","yoast_head_json":{"title":"Industriel - SolarWall","description":"La technologie SolarWall est utilis\u00e9e dans l'industrie de la fabrication et de l'entreposage car elle remplit de nombreuses fonctions comme la perte de chaleur et l'\u00e9limination de l'air chaud.","robots":{"index":"index","follow":"follow","max-snippet":"max-snippet:-1","max-image-preview":"max-image-preview:large","max-video-preview":"max-video-preview:-1"},"canonical":"https:\/\/www.solarwall.com\/fr\/industries\/industrial\/","og_locale":"fr_FR","og_type":"article","og_title":"[:en]Industrial - SolarWall[:es]Industrial - SolarWall[:fr]Industriel - SolarWall[:]","og_description":"{:en}SolarWall technology is used in manufacturing and warehousing industry as it performs ample functions like heat loss and elimination of hot air.{:es}La tecnolog\u00eda SolarWall se utiliza en la industria de fabricaci\u00f3n y almacenamiento, ya que realiza amplias funciones como la p\u00e9rdida de calor y la eliminaci\u00f3n del aire caliente.{:fr}La technologie SolarWall est utilis\u00e9e dans l'industrie de la fabrication et de l'entreposage car elle remplit de nombreuses fonctions comme la perte de chaleur et l'\u00e9limination de l'air chaud.{:}","og_url":"https:\/\/www.solarwall.com\/industries\/industrial\/","og_site_name":"SolarWall","article_modified_time":"2025-04-05T15:42:30+00:00","twitter_card":"summary_large_image","twitter_misc":{"Dur\u00e9e de lecture estim\u00e9e":"7 minutes"},"schema":{"@context":"https:\/\/schema.org","@graph":[{"@type":"WebPage","@id":"https:\/\/www.solarwall.com\/industries\/industrial\/","url":"https:\/\/www.solarwall.com\/industries\/industrial\/","name":"[:en]Industrial - SolarWall[:es]Industrial - SolarWall[:fr]Industriel - SolarWall[:]","isPartOf":{"@id":"https:\/\/www.solarwall.com\/#website"},"datePublished":"2018-07-17T07:08:01+00:00","dateModified":"2025-04-05T15:42:30+00:00","description":"{:en}SolarWall technology is used in manufacturing and warehousing industry as it performs ample functions like heat loss and elimination of hot air.{:es}La tecnolog\u00eda SolarWall se utiliza en la industria de fabricaci\u00f3n y almacenamiento, ya que realiza amplias funciones como la p\u00e9rdida de calor y la eliminaci\u00f3n del aire caliente.{:fr}La technologie SolarWall est utilis\u00e9e dans l'industrie de la fabrication et de l'entreposage car elle remplit de nombreuses fonctions comme la perte de chaleur et l'\u00e9limination de l'air chaud.{:}","breadcrumb":{"@id":"https:\/\/www.solarwall.com\/industries\/industrial\/#breadcrumb"},"inLanguage":"fr-FR","potentialAction":[{"@type":"ReadAction","target":["https:\/\/www.solarwall.com\/industries\/industrial\/"]}]},{"@type":"BreadcrumbList","@id":"https:\/\/www.solarwall.com\/industries\/industrial\/#breadcrumb","itemListElement":[{"@type":"ListItem","position":1,"name":"Home","item":"https:\/\/www.solarwall.com\/"},{"@type":"ListItem","position":2,"name":"Industries","item":"https:\/\/www.solarwall.com\/industries\/"},{"@type":"ListItem","position":3,"name":"Industrial"}]},{"@type":"WebSite","@id":"https:\/\/www.solarwall.com\/#website","url":"https:\/\/www.solarwall.com\/","name":"SolarWall","description":"","publisher":{"@id":"https:\/\/www.solarwall.com\/#organization"},"potentialAction":[{"@type":"SearchAction","target":{"@type":"EntryPoint","urlTemplate":"https:\/\/www.solarwall.com\/?s={search_term_string}"},"query-input":{"@type":"PropertyValueSpecification","valueRequired":true,"valueName":"search_term_string"}}],"inLanguage":"fr-FR"},{"@type":"Organization","@id":"https:\/\/www.solarwall.com\/#organization","name":"SolarWall","url":"https:\/\/www.solarwall.com\/","logo":{"@type":"ImageObject","inLanguage":"fr-FR","@id":"https:\/\/www.solarwall.com\/#\/schema\/logo\/image\/","url":"https:\/\/www.solarwall.com\/wp-content\/uploads\/2018\/07\/logo.png","contentUrl":"https:\/\/www.solarwall.com\/wp-content\/uploads\/2018\/07\/logo.png","width":215,"height":105,"caption":"SolarWall"},"image":{"@id":"https:\/\/www.solarwall.com\/#\/schema\/logo\/image\/"}}]}},"_links":{"self":[{"href":"https:\/\/www.solarwall.com\/fr\/wp-json\/wp\/v2\/pages\/99","targetHints":{"allow":["GET"]}}],"collection":[{"href":"https:\/\/www.solarwall.com\/fr\/wp-json\/wp\/v2\/pages"}],"about":[{"href":"https:\/\/www.solarwall.com\/fr\/wp-json\/wp\/v2\/types\/page"}],"author":[{"embeddable":true,"href":"https:\/\/www.solarwall.com\/fr\/wp-json\/wp\/v2\/users\/1"}],"replies":[{"embeddable":true,"href":"https:\/\/www.solarwall.com\/fr\/wp-json\/wp\/v2\/comments?post=99"}],"version-history":[{"count":6,"href":"https:\/\/www.solarwall.com\/fr\/wp-json\/wp\/v2\/pages\/99\/revisions"}],"predecessor-version":[{"id":1966,"href":"https:\/\/www.solarwall.com\/fr\/wp-json\/wp\/v2\/pages\/99\/revisions\/1966"}],"up":[{"embeddable":true,"href":"https:\/\/www.solarwall.com\/fr\/wp-json\/wp\/v2\/pages\/39"}],"wp:attachment":[{"href":"https:\/\/www.solarwall.com\/fr\/wp-json\/wp\/v2\/media?parent=99"}],"curies":[{"name":"wp","href":"https:\/\/api.w.org\/{rel}","templated":true}]}}